{"id":20698,"date":"2025-12-30T23:38:05","date_gmt":"2025-12-30T15:38:05","guid":{"rendered":"https:\/\/agoravape.com\/?post_type=product&#038;p=20698"},"modified":"2026-01-21T21:55:17","modified_gmt":"2026-01-21T13:55:17","slug":"jnr-big-mac-shisha-80k-puffs-disposable-vape-wholesale","status":"publish","type":"product","link":"https:\/\/agoravape.com\/de\/product\/jnr-big-mac-shisha-80k-puffs-disposable-vape-wholesale\/","title":{"rendered":"JNR Big Mac Shisha 80000 Puffs Disposable Vape Wholesale | Big Capacity, Straightforward Convenience"},"content":{"rendered":"<h2 data-v-md-heading=\"what-is-special-about-jnr-big-mac-shisha-s-wholesale-of-80000-disposable-vapes\" data-v-md-line=\"3\"><img loading=\"lazy\" decoding=\"async\" class=\"aligncenter size-full wp-image-20718\" src=\"https:\/\/agoravape.com\/wp-content\/uploads\/2025\/12\/JNR-Big-Mac-Shisha-80000-Puffs-Disposable-Vape-Wholesale-Big-Capacity-Straightforward-Convenience_Agora_vape-8.webp\" alt=\"\" width=\"1600\" height=\"1600\" srcset=\"https:\/\/agoravape.com\/wp-content\/uploads\/2025\/12\/JNR-Big-Mac-Shisha-80000-Puffs-Disposable-Vape-Wholesale-Big-Capacity-Straightforward-Convenience_Agora_vape-8.webp 1600w, https:\/\/agoravape.com\/wp-content\/uploads\/2025\/12\/JNR-Big-Mac-Shisha-80000-Puffs-Disposable-Vape-Wholesale-Big-Capacity-Straightforward-Convenience_Agora_vape-8-600x600.webp 600w, https:\/\/agoravape.com\/wp-content\/uploads\/2025\/12\/JNR-Big-Mac-Shisha-80000-Puffs-Disposable-Vape-Wholesale-Big-Capacity-Straightforward-Convenience_Agora_vape-8-1200x1200.webp 1200w, https:\/\/agoravape.com\/wp-content\/uploads\/2025\/12\/JNR-Big-Mac-Shisha-80000-Puffs-Disposable-Vape-Wholesale-Big-Capacity-Straightforward-Convenience_Agora_vape-8-300x300.webp 300w, https:\/\/agoravape.com\/wp-content\/uploads\/2025\/12\/JNR-Big-Mac-Shisha-80000-Puffs-Disposable-Vape-Wholesale-Big-Capacity-Straightforward-Convenience_Agora_vape-8-1024x1024.webp 1024w, https:\/\/agoravape.com\/wp-content\/uploads\/2025\/12\/JNR-Big-Mac-Shisha-80000-Puffs-Disposable-Vape-Wholesale-Big-Capacity-Straightforward-Convenience_Agora_vape-8-150x150.webp 150w, https:\/\/agoravape.com\/wp-content\/uploads\/2025\/12\/JNR-Big-Mac-Shisha-80000-Puffs-Disposable-Vape-Wholesale-Big-Capacity-Straightforward-Convenience_Agora_vape-8-768x768.webp 768w, https:\/\/agoravape.com\/wp-content\/uploads\/2025\/12\/JNR-Big-Mac-Shisha-80000-Puffs-Disposable-Vape-Wholesale-Big-Capacity-Straightforward-Convenience_Agora_vape-8-1536x1536.webp 1536w, https:\/\/agoravape.com\/wp-content\/uploads\/2025\/12\/JNR-Big-Mac-Shisha-80000-Puffs-Disposable-Vape-Wholesale-Big-Capacity-Straightforward-Convenience_Agora_vape-8-12x12.webp 12w\" sizes=\"auto, (max-width: 1600px) 100vw, 1600px\" \/><\/h2>\n<h2 data-v-md-heading=\"what-is-special-about-jnr-big-mac-shisha-s-wholesale-of-80000-disposable-vapes\" data-v-md-line=\"3\">What is special about JNR Big Mac Shisha\u2019s wholesale of 80000 disposable vapes?<\/h2>\n<p data-v-md-line=\"4\">If you\u2019re tired of disposable vapes that run out of battery when you first start enjoying delicious food, then you must take a look at this product. JNR Big Mac Shisha has a huge 55ml e-liquid capacity, providing up to 80000 puffs of smoking experience, designed for long-term use without any tedious operations.<\/p>\n<p data-v-md-line=\"6\">It is very suitable for users who want to experience the flavor of hookah while also enjoying simple and convenient rechargeable disposable vapes. No buttons, no menu. Simply inhale easily and enjoy a consistently smooth texture.<\/p>\n<h2 data-v-md-heading=\"excellent-performance-simple-and-easy-to-use\" data-v-md-line=\"8\">Hervorragende Leistung, einfach und benutzerfreundlich<\/h2>\n<p data-v-md-line=\"9\">From start to finish, you can enjoy a pure inhalation experience and stable flavor. This device adopts inhalation activation, and you only need to pick it up to inhale. When the battery is low, simply plug in the Type-C data cable to continue using it. No need for a dedicated charger, as it uses the interface commonly used by most mobile phones.<\/p>\n<h2 data-v-md-heading=\"quick-specifications\" data-v-md-line=\"11\">Kurzspezifikationen<\/h2>\n<ul data-v-md-line=\"12\">\n<li>Smoking frequency: up to 80000 puffs<\/li>\n<li>Nikotingehalt: 2% Nikotin<\/li>\n<li>E-liquid capacity: 55ml<\/li>\n<li>Battery: 1200mAh<\/li>\n<li>Usage: Activate by inhaling<\/li>\n<li>Charging: Standard Type-C USB interface<\/li>\n<li>Status: Sofort einsatzbereit<\/li>\n<li>Packaging: 10 in inner box, 100 in outer box<\/li>\n<li>Gross weight of outer box: 17.82 kilograms<\/li>\n<li>SKU\uff1aJNR-Big-Mac-Shisha-80k<\/li>\n<\/ul>\n<h2 data-v-md-heading=\"full-range-of-flavors\" data-v-md-line=\"23\">Full range of flavors<\/h2>\n<ul data-v-md-line=\"24\">\n<li>Als<\/li>\n<li>Kaugummiartig<\/li>\n<li>Erdbeer-Panqu<\/li>\n<li>Lady Killa<\/li>\n<li>Magic Love<\/li>\n<li>Love 66<\/li>\n<li>Doppelte \u00c4pfel<\/li>\n<li>Zitrone als<\/li>\n<li>Erdbeer-Kirsche<\/li>\n<li>Menthol<\/li>\n<li>Liulan Fragrance<\/li>\n<li>Gemischte Beeren<\/li>\n<li>Mango Ananas<\/li>\n<li>Cherry Feast<\/li>\n<li>Sommerpfirsich<\/li>\n<\/ul>\n<h2 data-v-md-heading=\"suitable-for-you-and-your-business\" data-v-md-line=\"40\">Geeignet f\u00fcr Sie und Ihr Unternehmen<\/h2>\n<p data-v-md-line=\"41\">You can purchase JNR Big Mac Shisha 80000 disposable vapes separately or in bulk to stock up for your store. The wholesale packaging adopts a specification of 10 units of inner packaging and 100 units of outer box, which facilitates your procurement planning.<\/p>\n<p data-v-md-line=\"43\">We work with trusted partners such as UPS, DPD, and DHL to provide DDP (Delivered Duty Paid) services for shipping products to Europe, so tariffs are included and you don\u2019t have to worry about any unexpected situations at customs. Attention EU and UK retailers: This device has a capacity of 55 milliliters and can suck 80000 puffs, exceeding the TPD\/TRRP limit, making it suitable for non TPD markets. Please check local regulations before placing a retail order.<\/p>\n<h2 data-v-md-heading=\"reasons-why-you-will-like-it\" data-v-md-line=\"45\">Reasons why you will like it<\/h2>\n<ul data-v-md-line=\"46\">\n<li>Ultra long battery life: Long usage time, no need for frequent replacement.<\/li>\n<li>Simple nicotine selection: 2% nicotine concentration is suitable for daily use, simple and convenient.<\/li>\n<li>Rechargeable: Type-C charging interface allows you to fully utilize every drop of e-liquid.<\/li>\n<li>Consistent taste: From the first bite to the last bite, you can enjoy a stable flavor.<\/li>\n<\/ul>\n<h2 data-v-md-heading=\"reasons-for-choosing-agoravape\" data-v-md-line=\"51\">Reasons for choosing AgoraVape<\/h2>\n<p data-v-md-line=\"52\">Wir verkaufen ausschlie\u00dflich Originalprodukte und bieten einen umfassenden Kundendienst. F\u00fcr die 80.000 Einweg-E-Zigaretten von JNR Big Mac Shisha bieten wir \u00e4u\u00dferst wettbewerbsf\u00e4hige Gro\u00dfhandelspreise, zuverl\u00e4ssigen Support sowie einen schnellen und zuverl\u00e4ssigen DDP-Versand. Kontaktieren Sie unser Team \u2013 wir helfen Ihnen gerne bei der Entwicklung einer Produktlinie, die Ihre Kunden gerne wieder kaufen.<\/p>","protected":false},"excerpt":{"rendered":"<p>Was ist das Besondere am Gro\u00dfhandel von 80.000 Einweg-E-Zigaretten von JNR Big Mac Shisha? Wenn Sie genug haben von Einweg-E-Zigaretten, die<\/p>","protected":false},"featured_media":20726,"comment_status":"closed","ping_status":"closed","template":"","meta":[],"product_brand":[225],"product_cat":[124,185,189,177,174,175,152,193,191,173,186,180,190,192],"product_tag":[],"class_list":{"0":"post-20698","1":"product","2":"type-product","3":"status-publish","4":"has-post-thumbnail","6":"product_brand-jnr","7":"product_cat-vape-by-brand","8":"product_cat-10000-puffs-high-capacity","9":"product_cat-20mg-standard-nicotine-vapes","10":"product_cat-dessert-sweets","11":"product_cat-fruit-flavors","12":"product_cat-icy-mint","13":"product_cat-jnr","14":"product_cat-mesh-coil","15":"product_cat-rechargeable-disposables","16":"product_cat-vape-by-flavor-profile","17":"product_cat-vape-by-nicotine-strength","18":"product_cat-vape-by-puff-count","19":"product_cat-vape-by-feature-or-type","20":"product_cat-vapes-with-screens","22":"first","23":"instock","24":"shipping-taxable","25":"purchasable","26":"product-type-variable","27":"has-default-attributes"},"tiered_pricing_type":"percentage","tiered_pricing_fixed_rules":{"30":"29","50":"35","100":"40","200":"44","500":"47","1000":"49"},"tiered_pricing_product_settings":{"layout":"default","base_unit_name":{"singular":null,"plural":null},"default_variation":null},"tiered_pricing_minimum_quantity":10,"tiered_pricing_roles_data":[],"tiered_pricing_percentage_rules":{"30":"29","50":"35","100":"40","200":"44","500":"47","1000":"46"},"tiered_pricing_maximum_quantity":null,"tiered_pricing_quantity_step":"10","_links":{"self":[{"href":"https:\/\/agoravape.com\/de\/wp-json\/wp\/v2\/product\/20698","targetHints":{"allow":["GET"]}}],"collection":[{"href":"https:\/\/agoravape.com\/de\/wp-json\/wp\/v2\/product"}],"about":[{"href":"https:\/\/agoravape.com\/de\/wp-json\/wp\/v2\/types\/product"}],"replies":[{"embeddable":true,"href":"https:\/\/agoravape.com\/de\/wp-json\/wp\/v2\/comments?post=20698"}],"version-history":[{"count":0,"href":"https:\/\/agoravape.com\/de\/wp-json\/wp\/v2\/product\/20698\/revisions"}],"wp:featuredmedia":[{"embeddable":true,"href":"https:\/\/agoravape.com\/de\/wp-json\/wp\/v2\/media\/20726"}],"wp:attachment":[{"href":"https:\/\/agoravape.com\/de\/wp-json\/wp\/v2\/media?parent=20698"}],"wp:term":[{"taxonomy":"product_brand","embeddable":true,"href":"https:\/\/agoravape.com\/de\/wp-json\/wp\/v2\/product_brand?post=20698"},{"taxonomy":"product_cat","embeddable":true,"href":"https:\/\/agoravape.com\/de\/wp-json\/wp\/v2\/product_cat?post=20698"},{"taxonomy":"product_tag","embeddable":true,"href":"https:\/\/agoravape.com\/de\/wp-json\/wp\/v2\/product_tag?post=20698"}],"curies":[{"name":"wp","href":"https:\/\/api.w.org\/{rel}","templated":true}]}}