{"id":21121,"date":"2026-01-18T00:23:32","date_gmt":"2026-01-17T16:23:32","guid":{"rendered":"https:\/\/agoravape.com\/?post_type=product&#038;p=21121"},"modified":"2026-02-22T15:14:24","modified_gmt":"2026-02-22T14:14:24","slug":"myde-8in1-150k-150000-puffs-vape","status":"publish","type":"product","link":"https:\/\/agoravape.com\/de\/product\/myde-8in1-150k-150000-puffs-vape\/","title":{"rendered":"MYDE 8in1 150k 150000 Z\u00fcge 4 Mesh Coil Vape | Wechseln Sie die Aromen, ganz einfach"},"content":{"rendered":"<h2 data-v-md-heading=\"what-is-myde-8-in-1-150000-mouth-4-mesh-coil-electronic-cigarette-like\" data-v-md-line=\"1\"><img loading=\"lazy\" decoding=\"async\" class=\"aligncenter size-full wp-image-21134\" src=\"https:\/\/agoravape.com\/wp-content\/uploads\/2026\/01\/MYDE-8in1-150k-150000-Puffs-4-Mesh-Coil-Vape-Switch-Flavours-Keep-It-Simple_Agora_vape-2-scaled.webp\" alt=\"\" width=\"2560\" height=\"1163\" srcset=\"https:\/\/agoravape.com\/wp-content\/uploads\/2026\/01\/MYDE-8in1-150k-150000-Puffs-4-Mesh-Coil-Vape-Switch-Flavours-Keep-It-Simple_Agora_vape-2-scaled.webp 2560w, https:\/\/agoravape.com\/wp-content\/uploads\/2026\/01\/MYDE-8in1-150k-150000-Puffs-4-Mesh-Coil-Vape-Switch-Flavours-Keep-It-Simple_Agora_vape-2-scaled-1200x545.webp 1200w, https:\/\/agoravape.com\/wp-content\/uploads\/2026\/01\/MYDE-8in1-150k-150000-Puffs-4-Mesh-Coil-Vape-Switch-Flavours-Keep-It-Simple_Agora_vape-2-300x136.webp 300w, https:\/\/agoravape.com\/wp-content\/uploads\/2026\/01\/MYDE-8in1-150k-150000-Puffs-4-Mesh-Coil-Vape-Switch-Flavours-Keep-It-Simple_Agora_vape-2-1024x465.webp 1024w, https:\/\/agoravape.com\/wp-content\/uploads\/2026\/01\/MYDE-8in1-150k-150000-Puffs-4-Mesh-Coil-Vape-Switch-Flavours-Keep-It-Simple_Agora_vape-2-768x349.webp 768w, https:\/\/agoravape.com\/wp-content\/uploads\/2026\/01\/MYDE-8in1-150k-150000-Puffs-4-Mesh-Coil-Vape-Switch-Flavours-Keep-It-Simple_Agora_vape-2-1536x698.webp 1536w, https:\/\/agoravape.com\/wp-content\/uploads\/2026\/01\/MYDE-8in1-150k-150000-Puffs-4-Mesh-Coil-Vape-Switch-Flavours-Keep-It-Simple_Agora_vape-2-2048x930.webp 2048w, https:\/\/agoravape.com\/wp-content\/uploads\/2026\/01\/MYDE-8in1-150k-150000-Puffs-4-Mesh-Coil-Vape-Switch-Flavours-Keep-It-Simple_Agora_vape-2-18x8.webp 18w\" sizes=\"auto, (max-width: 2560px) 100vw, 2560px\" \/><\/h2>\n<h2 data-v-md-heading=\"what-is-myde-8-in-1-150000-mouth-4-mesh-coil-electronic-cigarette-like\" data-v-md-line=\"1\">Wie ist die MYDE 8-in-1 150000 Mundst\u00fcck 4-Mesh-Spule elektronische Zigarette?<\/h2>\n<p data-v-md-line=\"3\">Sind Sie es leid, dass Einweg-E-Zigaretten nur einen Tag halten und dann den Geist aufgeben? Dann wird Sie die MYDE 8-in-1 E-Zigarette garantiert zufriedenstellen. Sie ist f\u00fcr den Langzeitgebrauch (bis zu 150.000 Z\u00fcge) ausgelegt und bietet eine 8-in-1-Funktion zum Wechseln der Geschmacksrichtungen. So k\u00f6nnen Sie ganz einfach die Aromen wechseln, ohne zwei oder drei E-Zigaretten mit sich f\u00fchren zu m\u00fcssen.<\/p>\n<p data-v-md-line=\"5\">E-Zigaretten mit hoher Dampfmenge m\u00f6gen Ihnen in der Hosentasche wie Ziegelsteine \u200b\u200bvorkommen, doch ihre Tragbarkeit ist \u00fcberraschend gut. Das Geh\u00e4use f\u00fchlt sich sehr robust an, der Saugwiderstand ist gleichm\u00e4\u00dfig, und die Anwendung ist denkbar einfach: Geschmack ausw\u00e4hlen, inhalieren und genie\u00dfen.<\/p>\n<p data-v-md-line=\"5\"><img loading=\"lazy\" decoding=\"async\" class=\"size-full wp-image-21133 alignright\" src=\"https:\/\/agoravape.com\/wp-content\/uploads\/2026\/01\/MYDE-8in1-150k-150000-Puffs-4-Mesh-Coil-Vape-Switch-Flavours-Keep-It-Simple_Agora_vape-1-scaled.webp\" alt=\"\" width=\"1829\" height=\"2560\" srcset=\"https:\/\/agoravape.com\/wp-content\/uploads\/2026\/01\/MYDE-8in1-150k-150000-Puffs-4-Mesh-Coil-Vape-Switch-Flavours-Keep-It-Simple_Agora_vape-1-scaled.webp 1829w, https:\/\/agoravape.com\/wp-content\/uploads\/2026\/01\/MYDE-8in1-150k-150000-Puffs-4-Mesh-Coil-Vape-Switch-Flavours-Keep-It-Simple_Agora_vape-1-scaled-1200x1680.webp 1200w, https:\/\/agoravape.com\/wp-content\/uploads\/2026\/01\/MYDE-8in1-150k-150000-Puffs-4-Mesh-Coil-Vape-Switch-Flavours-Keep-It-Simple_Agora_vape-1-214x300.webp 214w, https:\/\/agoravape.com\/wp-content\/uploads\/2026\/01\/MYDE-8in1-150k-150000-Puffs-4-Mesh-Coil-Vape-Switch-Flavours-Keep-It-Simple_Agora_vape-1-731x1024.webp 731w, https:\/\/agoravape.com\/wp-content\/uploads\/2026\/01\/MYDE-8in1-150k-150000-Puffs-4-Mesh-Coil-Vape-Switch-Flavours-Keep-It-Simple_Agora_vape-1-768x1075.webp 768w, https:\/\/agoravape.com\/wp-content\/uploads\/2026\/01\/MYDE-8in1-150k-150000-Puffs-4-Mesh-Coil-Vape-Switch-Flavours-Keep-It-Simple_Agora_vape-1-1097x1536.webp 1097w, https:\/\/agoravape.com\/wp-content\/uploads\/2026\/01\/MYDE-8in1-150k-150000-Puffs-4-Mesh-Coil-Vape-Switch-Flavours-Keep-It-Simple_Agora_vape-1-1463x2048.webp 1463w, https:\/\/agoravape.com\/wp-content\/uploads\/2026\/01\/MYDE-8in1-150k-150000-Puffs-4-Mesh-Coil-Vape-Switch-Flavours-Keep-It-Simple_Agora_vape-1-9x12.webp 9w\" sizes=\"auto, (max-width: 1829px) 100vw, 1829px\" \/><\/p>\n<h2 data-v-md-heading=\"excellent-performance-and-easy-operation\" data-v-md-line=\"7\">Hervorragende Leistung und einfache Bedienung<\/h2>\n<p data-v-md-line=\"9\">Diese E-Zigarette ist mit vier 1,2-\u03a9-Mesh-Verdampferk\u00f6pfen ausgestattet, die f\u00fcr ein intensives Dampferlebnis sorgen. Kurz gesagt: Diese Verdampferk\u00f6pfe gew\u00e4hrleisten einen gleichbleibenden Geschmack und verhindern, dass dieser mittendrin nachl\u00e4sst. Zus\u00e4tzlich verf\u00fcgt sie \u00fcber einen 850-mAh-Akku mit USB-Typ-C-Ladefunktion. Selbst wenn der Akku leer ist, bevor das Liquid aufgebraucht ist, m\u00fcssen Sie sich keine Sorgen machen, dass die E-Zigarette unbrauchbar wird. Ein LED-Display zeigt Ihnen den aktuellen Status jederzeit \u00fcbersichtlich an.<\/p>\n<h2 data-v-md-heading=\"quick-specifications\" data-v-md-line=\"11\">Kurzspezifikationen<\/h2>\n<ul data-v-md-line=\"13\">\n<li>\n<p data-v-md-line=\"13\">Rauchh\u00e4ufigkeit: bis zu 150.000 Z\u00fcge<\/p>\n<\/li>\n<li>\n<p data-v-md-line=\"15\">E-Liquid-Kapazit\u00e4t: 58 Milliliter<\/p>\n<\/li>\n<li>\n<p data-v-md-line=\"17\">Atomisierungskern: 4-Mesh-Atomisierungskerne, 1,2 \u03a9<\/p>\n<\/li>\n<li>\n<p data-v-md-line=\"19\">Akku: Wiederaufladbarer 850-mAh-Akku<\/p>\n<\/li>\n<li>\n<p data-v-md-line=\"21\">Nikotinkonzentration: 0%\/2%\/3%\/5%<\/p>\n<\/li>\n<li>\n<p data-v-md-line=\"23\">Anwendung: Zum Aktivieren einatmen.<\/p>\n<\/li>\n<li>\n<p data-v-md-line=\"25\">Ladeverfahren: USB-Typ-C-Schnittstelle<\/p>\n<\/li>\n<li>\n<p data-v-md-line=\"27\">Anzeige: LED-Anzeige<\/p>\n<\/li>\n<li>\n<p data-v-md-line=\"29\">Gr\u00f6\u00dfe\/Gewicht: 39 \u00d7 39 \u00d7 118 Millimeter, 130 Gramm (Einzelger\u00e4t)<\/p>\n<\/li>\n<li>\n<p data-v-md-line=\"31\">Status: Sofort einsatzbereit<\/p>\n<\/li>\n<\/ul>\n<h2 data-v-md-heading=\"rich-flavor-options\" data-v-md-line=\"33\">Reichhaltige Geschmacksoptionen<\/h2>\n<p data-v-md-line=\"35\">Jede Konfiguration bietet 4 Geschmackskombinationen (Sie k\u00f6nnen jederzeit wechseln):<\/p>\n<ul data-v-md-line=\"36\">\n<li>Erdbeereis + Wassermeloneneis + Pfirsicheis + Passionsfruchteis<\/li>\n<li>Erdbeereis + Blaubeereis + Traubeneis + Gr\u00fcner-Apfel-Eis<\/li>\n<li>Erdbeereis + Mango + Ananas + Eiscreme<\/li>\n<li>Blaubeereis + Himbeer-Zitroneneis + Wassermelonen-Kaugummi + Pfefferminz<\/li>\n<li>Wassermelone + Himbeere + Kirsche + Cola<\/li>\n<li>Traubeneis + Mango-Pfirsich + Wassermeloneneis + Blaubeereis<\/li>\n<li>Erdbeere-Kiwi + Blaubeere-Kokosnuss + gemischte Pflaume + Mango<\/li>\n<li>Bananeneis + Erdbeereis + Wassermeloneneis + Zitroneneis<\/li>\n<li>Erdbeereis + Ananas-Kokos-Eis + Mango-Eis + Passionsfrucht-Eis<\/li>\n<li>Ananas-Kokosnuss + Zitroneneis + Blaubeereis + Energy-Drink<\/li>\n<\/ul>\n<h2 data-v-md-heading=\"for-you-and-your-business\" data-v-md-line=\"47\">For you and your business<\/h2>\n<p data-v-md-line=\"49\">Sie k\u00f6nnen MYDE, eine 8-in-1-E-Zigarette f\u00fcr den pers\u00f6nlichen Gebrauch, in Anspruch nehmen. Wenn Sie eine Einweg-E-Zigarette suchen, die f\u00fcr ein intensives Dampferlebnis sorgt und Ihnen nicht schon nach zwei Tagen langweilig wird, ist sie die ideale Wahl. Auch f\u00fcr den Einzelhandel ist dieses Produkt ein hervorragender Verkaufsartikel, denn Kunden erkennen sofort den Vorteil: \u201eEin Ger\u00e4t, verschiedene Geschmacksrichtungen, wiederaufladbar\u201c.<\/p>\n<p data-v-md-line=\"51\">Im Gro\u00dfhandel wird dieses Produkt in Kartons mit 150 St\u00fcck versendet. Wir arbeiten eng mit zuverl\u00e4ssigen Logistikpartnern in der EU zusammen und k\u00f6nnen Ihnen nach M\u00f6glichkeit eine zollfreie (DDP) Lieferung anbieten, wodurch Sie Zollprobleme und unerwartete Geb\u00fchren vermeiden.<\/p>\n<h2 data-v-md-heading=\"reasons-why-you-will-like-it\" data-v-md-line=\"53\">Reasons why you will like it<\/h2>\n<ul data-v-md-line=\"55\">\n<li>\n<p data-v-md-line=\"55\">Extrem lange Saugkraft: Langlebig und robust, wodurch die Austauschh\u00e4ufigkeit reduziert wird.<\/p>\n<\/li>\n<li>\n<p data-v-md-line=\"56\">Geschmacksumstellung (8-in-1): Wenn ein Geschmack eint\u00f6nig wird, kann er f\u00fcr ein Gef\u00fchl der Frische sorgen.<\/p>\n<\/li>\n<li>\n<p data-v-md-line=\"57\">Wiederaufladbarer Akku: Hilft Ihnen, das von Ihnen gekaufte E-Liquid optimal zu nutzen.<\/p>\n<\/li>\n<li>\n<p data-v-md-line=\"59\">4-Mesh-Spulenstruktur: Gew\u00e4hrleistet gleichm\u00e4\u00dfigen Saugwiderstand und Geschmack.<\/p>\n<\/li>\n<li>\n<p data-v-md-line=\"60\">LED-Display: Sie m\u00fcssen nicht mehr raten, wann es aufgeladen werden muss.<\/p>\n<\/li>\n<\/ul>\n<h2 data-v-md-heading=\"why-choose-to-collaborate-with-agoravape\" data-v-md-line=\"62\">Warum sollten Sie sich f\u00fcr eine Zusammenarbeit mit AgoraVape entscheiden?<\/h2>\n<p data-v-md-line=\"64\">Wir verkaufen niemals Ware unbekannter Herkunft. AgoraVape garantiert 100% Originalprodukte, zuverl\u00e4ssige Logistik und bietet sowohl Endkunden als auch H\u00e4ndlern kompetente und effektive Unterst\u00fctzung. Wenn Sie MYDE 8-in-1 150k 150000 Mundst\u00fcck-E-Zigaretten mit 4-Mesh-Coil zu Gro\u00dfhandelspreisen und mit zuverl\u00e4ssigen EU-Lieferl\u00f6sungen erwerben m\u00f6chten, kontaktieren Sie uns bitte. Wir helfen Ihnen gerne bei der Abwicklung der Bestellungen f\u00fcr Ihre Kunden.<\/p>\n<p><script src=\"chrome-extension:\/\/fpelahbljekknahkcaegamhcndkfpfnc\/iFrame.js\" type=\"text\/javascript\"><\/script><\/p>","protected":false},"excerpt":{"rendered":"<p>&nbsp;<\/p>\n<p><script src=\"chrome-extension:\/\/fpelahbljekknahkcaegamhcndkfpfnc\/iFrame.js\" type=\"text\/javascript\"><\/script><\/p>\n<p><script src=\"chrome-extension:\/\/fpelahbljekknahkcaegamhcndkfpfnc\/iFrame.js\" type=\"text\/javascript\"><\/script><\/p>\n<p><script src=\"chrome-extension:\/\/fpelahbljekknahkcaegamhcndkfpfnc\/iFrame.js\" type=\"text\/javascript\"><\/script><\/p>\n<p><script src=\"chrome-extension:\/\/fpelahbljekknahkcaegamhcndkfpfnc\/iFrame.js\" type=\"text\/javascript\"><\/script><\/p>\n<p><script src=\"chrome-extension:\/\/fpelahbljekknahkcaegamhcndkfpfnc\/iFrame.js\" type=\"text\/javascript\"><\/script><\/p>\n<p><script src=\"chrome-extension:\/\/fpelahbljekknahkcaegamhcndkfpfnc\/iFrame.js\" type=\"text\/javascript\"><\/script><\/p>\n<p><script src=\"chrome-extension:\/\/fpelahbljekknahkcaegamhcndkfpfnc\/iFrame.js\" type=\"text\/javascript\"><\/script><\/p>\n<p><script src=\"chrome-extension:\/\/fpelahbljekknahkcaegamhcndkfpfnc\/iFrame.js\" type=\"text\/javascript\"><\/script><\/p>\n<p><script src=\"chrome-extension:\/\/fpelahbljekknahkcaegamhcndkfpfnc\/iFrame.js\" type=\"text\/javascript\"><\/script><\/p>\n<p><script src=\"chrome-extension:\/\/fpelahbljekknahkcaegamhcndkfpfnc\/iFrame.js\" type=\"text\/javascript\"><\/script><\/p>\n<p><script src=\"chrome-extension:\/\/fpelahbljekknahkcaegamhcndkfpfnc\/iFrame.js\" type=\"text\/javascript\"><\/script><\/p>","protected":false},"featured_media":21144,"comment_status":"open","ping_status":"closed","template":"","meta":[],"product_brand":[221],"product_cat":[124,185,176,177,1674,174,175,193,148,191,173,186,180,190],"product_tag":[],"class_list":{"0":"post-21121","1":"product","2":"type-product","3":"status-publish","4":"has-post-thumbnail","6":"product_brand-myde","7":"product_cat-vape-by-brand","8":"product_cat-10000-puffs-high-capacity","9":"product_cat-beverage","10":"product_cat-dessert-sweets","11":"product_cat-eu-warehouse","12":"product_cat-fruit-flavors","13":"product_cat-icy-mint","14":"product_cat-mesh-coil","15":"product_cat-myde","16":"product_cat-rechargeable-disposables","17":"product_cat-vape-by-flavor-profile","18":"product_cat-vape-by-nicotine-strength","19":"product_cat-vape-by-puff-count","20":"product_cat-vape-by-feature-or-type","22":"first","23":"instock","24":"shipping-taxable","25":"purchasable","26":"product-type-variable","27":"has-default-attributes"},"tiered_pricing_type":"percentage","tiered_pricing_fixed_rules":[],"tiered_pricing_product_settings":{"layout":"default","base_unit_name":{"singular":null,"plural":null},"default_variation":null},"tiered_pricing_minimum_quantity":10,"tiered_pricing_roles_data":[],"tiered_pricing_percentage_rules":{"30":"29","50":"35","100":"40","200":"44","500":"47","1000":"49"},"tiered_pricing_maximum_quantity":null,"tiered_pricing_quantity_step":"10","_links":{"self":[{"href":"https:\/\/agoravape.com\/de\/wp-json\/wp\/v2\/product\/21121","targetHints":{"allow":["GET"]}}],"collection":[{"href":"https:\/\/agoravape.com\/de\/wp-json\/wp\/v2\/product"}],"about":[{"href":"https:\/\/agoravape.com\/de\/wp-json\/wp\/v2\/types\/product"}],"replies":[{"embeddable":true,"href":"https:\/\/agoravape.com\/de\/wp-json\/wp\/v2\/comments?post=21121"}],"version-history":[{"count":0,"href":"https:\/\/agoravape.com\/de\/wp-json\/wp\/v2\/product\/21121\/revisions"}],"wp:featuredmedia":[{"embeddable":true,"href":"https:\/\/agoravape.com\/de\/wp-json\/wp\/v2\/media\/21144"}],"wp:attachment":[{"href":"https:\/\/agoravape.com\/de\/wp-json\/wp\/v2\/media?parent=21121"}],"wp:term":[{"taxonomy":"product_brand","embeddable":true,"href":"https:\/\/agoravape.com\/de\/wp-json\/wp\/v2\/product_brand?post=21121"},{"taxonomy":"product_cat","embeddable":true,"href":"https:\/\/agoravape.com\/de\/wp-json\/wp\/v2\/product_cat?post=21121"},{"taxonomy":"product_tag","embeddable":true,"href":"https:\/\/agoravape.com\/de\/wp-json\/wp\/v2\/product_tag?post=21121"}],"curies":[{"name":"wp","href":"https:\/\/api.w.org\/{rel}","templated":true}]}}