{"id":21146,"date":"2026-01-18T00:53:54","date_gmt":"2026-01-17T16:53:54","guid":{"rendered":"https:\/\/agoravape.com\/?post_type=product&#038;p=21146"},"modified":"2026-03-26T13:22:26","modified_gmt":"2026-03-26T12:22:26","slug":"myde-ak80000-80000-puffs-dtl-vape","status":"publish","type":"product","link":"https:\/\/agoravape.com\/de\/product\/myde-ak80000-80000-puffs-dtl-vape\/","title":{"rendered":"MYDE AK80000 \u2013 80000 Z\u00fcge \u2013 Hochleistungs-DTL-Vape | Gro\u00dfe Dampfwolken, weniger Aufwand"},"content":{"rendered":"<h2 data-v-md-heading=\"what-is-myde-ak80000-80000-high-power-dtl-electronic-cigarette-like\" data-v-md-line=\"1\"><\/h2>\n<p><img loading=\"lazy\" decoding=\"async\" class=\"size-full wp-image-21205 alignright\" src=\"https:\/\/agoravape.com\/wp-content\/uploads\/2026\/01\/MYDE-AK80000-80000-Puffs-High-Power-DTL-Vape_Agora_vape-2.webp\" alt=\"\" width=\"1280\" height=\"1659\" srcset=\"https:\/\/agoravape.com\/wp-content\/uploads\/2026\/01\/MYDE-AK80000-80000-Puffs-High-Power-DTL-Vape_Agora_vape-2.webp 1280w, https:\/\/agoravape.com\/wp-content\/uploads\/2026\/01\/MYDE-AK80000-80000-Puffs-High-Power-DTL-Vape_Agora_vape-2-1200x1555.webp 1200w, https:\/\/agoravape.com\/wp-content\/uploads\/2026\/01\/MYDE-AK80000-80000-Puffs-High-Power-DTL-Vape_Agora_vape-2-231x300.webp 231w, https:\/\/agoravape.com\/wp-content\/uploads\/2026\/01\/MYDE-AK80000-80000-Puffs-High-Power-DTL-Vape_Agora_vape-2-790x1024.webp 790w, https:\/\/agoravape.com\/wp-content\/uploads\/2026\/01\/MYDE-AK80000-80000-Puffs-High-Power-DTL-Vape_Agora_vape-2-768x995.webp 768w, https:\/\/agoravape.com\/wp-content\/uploads\/2026\/01\/MYDE-AK80000-80000-Puffs-High-Power-DTL-Vape_Agora_vape-2-1185x1536.webp 1185w, https:\/\/agoravape.com\/wp-content\/uploads\/2026\/01\/MYDE-AK80000-80000-Puffs-High-Power-DTL-Vape_Agora_vape-2-9x12.webp 9w\" sizes=\"auto, (max-width: 1280px) 100vw, 1280px\" \/> <img loading=\"lazy\" decoding=\"async\" class=\"size-full wp-image-21206 alignright\" src=\"https:\/\/agoravape.com\/wp-content\/uploads\/2026\/01\/MYDE-AK80000-80000-Puffs-High-Power-DTL-Vape_Agora_vape-3-scaled.webp\" alt=\"\" width=\"765\" height=\"2560\" srcset=\"https:\/\/agoravape.com\/wp-content\/uploads\/2026\/01\/MYDE-AK80000-80000-Puffs-High-Power-DTL-Vape_Agora_vape-3-scaled.webp 765w, https:\/\/agoravape.com\/wp-content\/uploads\/2026\/01\/MYDE-AK80000-80000-Puffs-High-Power-DTL-Vape_Agora_vape-3-90x300.webp 90w, https:\/\/agoravape.com\/wp-content\/uploads\/2026\/01\/MYDE-AK80000-80000-Puffs-High-Power-DTL-Vape_Agora_vape-3-306x1024.webp 306w, https:\/\/agoravape.com\/wp-content\/uploads\/2026\/01\/MYDE-AK80000-80000-Puffs-High-Power-DTL-Vape_Agora_vape-3-768x2570.webp 768w, https:\/\/agoravape.com\/wp-content\/uploads\/2026\/01\/MYDE-AK80000-80000-Puffs-High-Power-DTL-Vape_Agora_vape-3-459x1536.webp 459w, https:\/\/agoravape.com\/wp-content\/uploads\/2026\/01\/MYDE-AK80000-80000-Puffs-High-Power-DTL-Vape_Agora_vape-3-612x2048.webp 612w, https:\/\/agoravape.com\/wp-content\/uploads\/2026\/01\/MYDE-AK80000-80000-Puffs-High-Power-DTL-Vape_Agora_vape-3-4x12.webp 4w, https:\/\/agoravape.com\/wp-content\/uploads\/2026\/01\/MYDE-AK80000-80000-Puffs-High-Power-DTL-Vape_Agora_vape-3-1200x4015.webp 1200w\" sizes=\"auto, (max-width: 765px) 100vw, 765px\" \/><\/p>\n<h2 data-v-md-heading=\"what-is-myde-ak80000-80000-high-power-dtl-electronic-cigarette-like\" data-v-md-line=\"1\">Wie ist die MYDE AK80000 80000 High-Power-DTL-E-Zigarette?<\/h2>\n<p data-v-md-line=\"3\">Sind Sie es leid, dass sich Einweg-E-Zigaretten schon nach kurzer Zeit leer anf\u00fchlen? Dann ist die MYDE AK80000 die ideale Wahl. Diese leistungsstarke DTL-Einweg-E-Zigarette (Direct Lung Suction) wurde speziell f\u00fcr Nutzer entwickelt, die einen sanfteren Widerstand und dichteren Dampf bevorzugen \u2013 im Gegensatz zum festen Widerstand herk\u00f6mmlicher Zigaretten.<\/p>\n<p data-v-md-line=\"5\">Und noch etwas Unerwartetes: Man k\u00f6nnte meinen, ein Ger\u00e4t mit 80.000 Anschl\u00fcssen sei so schwer wie ein Ziegelstein, aber tats\u00e4chlich liegt es sehr gut in der Hand. Wenn Sie Wert auf starken Dampf, gleichbleibenden Geschmack und seltenes Nachladen legen, ist diese E-Zigarette die beste Wahl.<\/p>\n<h2 data-v-md-heading=\"excellent-performance-simple-and-easy-to-use\" data-v-md-line=\"7\">Hervorragende Leistung, einfach und benutzerfreundlich<\/h2>\n<p data-v-md-line=\"9\">MYDE setzt in wichtigen Bereichen auf Einfachheit. Die 0,4-\u03a9-Mesh-Spule sorgt f\u00fcr einen gleichbleibenden Geschmack und einen vollen, nicht d\u00fcnnen Dampf. Mit einer Ausgangsleistung von 30 W eignet sie sich hervorragend f\u00fcr das direkte Inhalieren in die Lunge (DTL).<\/p>\n<p data-v-md-line=\"11\">Bei niedrigem Akkustand ist kein separates Ladeger\u00e4t erforderlich. Schlie\u00dfen Sie Ihr Ger\u00e4t einfach \u00fcber die USB-Typ-C-Schnittstelle an (m\u00f6glicherweise verwenden Sie dasselbe USB-Kabel bereits zum Laden Ihres Telefons) und Sie k\u00f6nnen es weiter nutzen.<\/p>\n<h2 data-v-md-heading=\"quick-specifications\" data-v-md-line=\"13\">Kurzspezifikationen<\/h2>\n<ul data-v-md-line=\"14\">\n<li>Smoking frequency: up to 80000 puffs<\/li>\n<li>E-Liquid-Kapazit\u00e4t: 45 ml<\/li>\n<li>Nikotingehalt: 5 mg<\/li>\n<li>Ausgangsleistung: 30 W<\/li>\n<li>Zerst\u00e4ubungskern: 0,4 \u03a9 Maschenzerst\u00e4ubungskern<\/li>\n<li>Akkukapazit\u00e4t: 1300 mAh (wiederaufladbar)<\/li>\n<li>Anwendung: Zum Aktivieren einatmen.<\/li>\n<li>Ladeverfahren: Standard-USB-Typ-C-Schnittstelle<\/li>\n<li>Material: Legierung + PCTG<\/li>\n<li>Gr\u00f6\u00dfe\/Gewicht: 157 \u00d7 36,3 \u00d7 36,3 mm, 135 g<\/li>\n<li>Status: Sofort einsatzbereit<\/li>\n<\/ul>\n<h2 data-v-md-heading=\"complete-flavor-lineup\" data-v-md-line=\"26\">Vollst\u00e4ndiges Geschmackssortiment<\/h2>\n<ul data-v-md-line=\"27\">\n<li>Lady Killer<\/li>\n<li>Grape Ice<\/li>\n<li>Minzspeer<\/li>\n<li>Zitrone und Limette<\/li>\n<li>Watermelon Ice<\/li>\n<li>Kirsch-Cola-Limonade<\/li>\n<li>Strawberry kiwi fruit<\/li>\n<li>Melonenkanone<\/li>\n<li>Strawberry watermelon<\/li>\n<li>Wassermelonen-Seifenblasenpistole<\/li>\n<\/ul>\n<h2 data-v-md-heading=\"suitable-for-you-and-your-business\" data-v-md-line=\"38\">Geeignet f\u00fcr Sie und Ihr Unternehmen<\/h2>\n<p data-v-md-line=\"40\">Diese Produkte sind f\u00fcr den pers\u00f6nlichen Gebrauch erh\u00e4ltlich. F\u00fcr Einzelh\u00e4ndler eignen sie sich jedoch hervorragend als leistungsstarke Direktsaugoption f\u00fcr Ihr Sortiment. Jede Packung enth\u00e4lt 100 St\u00fcck, sodass Sie einfach bestellen und die Menge kontrollieren k\u00f6nnen.<\/p>\n<p data-v-md-line=\"42\">Im Bereich Logistik verstehen wir die Bedenken von EU-K\u00e4ufern: Verz\u00f6gerungen, umst\u00e4ndliche Verfahren und unerwartete Kosten. Deshalb setzen wir auf die Zusammenarbeit mit renommierten Transportunternehmen, die Auswahl zuverl\u00e4ssiger Transportrouten, die reibungslose Lieferung Ihrer Waren und die Vermeidung von Problemen bei der Zollabfertigung.<\/p>\n<h2 data-v-md-heading=\"the-reason-why-you-will-like-it\" data-v-md-line=\"44\">Warum es Ihnen gefallen wird<\/h2>\n<ul data-v-md-line=\"45\">\n<li>\n<p data-v-md-line=\"45\">Langlebig und robust: Dank der l\u00e4ngeren Lebensdauer m\u00fcssen die Ger\u00e4te nicht h\u00e4ufig ausgetauscht werden.<\/p>\n<\/li>\n<li>\n<p data-v-md-line=\"47\">DTL Starke Leistung f\u00fcr ein optimales Saugerlebnis: Die Ausgangsleistung von 30 W sorgt f\u00fcr ein besonders sanftes und zufriedenstellendes Sauggef\u00fchl.<\/p>\n<\/li>\n<li>\n<p data-v-md-line=\"48\">Wiederaufladbarer Akku: Sie k\u00f6nnen die Akkukapazit\u00e4t voll ausnutzen, ohne sie vorher zu entsorgen.<\/p>\n<\/li>\n<li>\n<p data-v-md-line=\"49\">Mesh-Verdampferkern: sorgt f\u00fcr gleichbleibenden Geschmack und stabile Rauchentwicklung.<\/p>\n<\/li>\n<\/ul>\n<h2 data-v-md-heading=\"why-choose-to-collaborate-with-agoravape\" data-v-md-line=\"51\">Warum sollten Sie sich f\u00fcr eine Zusammenarbeit mit AgoraVape entscheiden?<\/h2>\n<p data-v-md-line=\"53\">AgoraVape h\u00e4lt sich stets an ein Prinzip: Wir verkaufen ausschlie\u00dflich Originalprodukte. Bei Ger\u00e4ten mit hoher Kapazit\u00e4t wie diesem ist dies besonders wichtig, da der Markt mit F\u00e4lschungen \u00fcberschwemmt ist. Als Firmenkunde profitieren Sie bei uns von attraktiven Gro\u00dfhandelsmengen, zuverl\u00e4ssigem Support und schnellem Versand f\u00fcr die MYDE AK80000 80000 High-Power-DTL-E-Zigarette. Wenn Sie ein Produkt f\u00fcr Ihre DTL-Kunden reservieren m\u00f6chten, das diese sp\u00e4ter wieder kaufen werden, kontaktieren Sie uns bitte.<\/p>","protected":false},"excerpt":{"rendered":"<p>Was ist MYDE AK80000 80000 hohe Leistung DTL elektronische Zigarette wie? Wenn Sie genug haben von elektronischen Einwegzigaretten, die<\/p>","protected":false},"featured_media":21212,"comment_status":"open","ping_status":"closed","template":"","meta":[],"product_brand":[221],"product_cat":[124,185,194,176,177,174,175,148,191,173,186,180,190],"product_tag":[],"class_list":{"0":"post-21146","1":"product","2":"type-product","3":"status-publish","4":"has-post-thumbnail","6":"product_brand-myde","7":"product_cat-vape-by-brand","8":"product_cat-10000-puffs-high-capacity","9":"product_cat-adjustable-airflow","10":"product_cat-beverage","11":"product_cat-dessert-sweets","12":"product_cat-fruit-flavors","13":"product_cat-icy-mint","14":"product_cat-myde","15":"product_cat-rechargeable-disposables","16":"product_cat-vape-by-flavor-profile","17":"product_cat-vape-by-nicotine-strength","18":"product_cat-vape-by-puff-count","19":"product_cat-vape-by-feature-or-type","21":"first","22":"instock","23":"shipping-taxable","24":"purchasable","25":"product-type-variable","26":"has-default-attributes"},"tiered_pricing_type":"percentage","tiered_pricing_fixed_rules":[],"tiered_pricing_product_settings":{"layout":"default","base_unit_name":{"singular":null,"plural":null},"default_variation":null},"tiered_pricing_minimum_quantity":10,"tiered_pricing_roles_data":[],"tiered_pricing_percentage_rules":{"30":"29","50":"35","100":"40","200":"44","500":"47","1000":"49"},"tiered_pricing_maximum_quantity":null,"tiered_pricing_quantity_step":"10","_links":{"self":[{"href":"https:\/\/agoravape.com\/de\/wp-json\/wp\/v2\/product\/21146","targetHints":{"allow":["GET"]}}],"collection":[{"href":"https:\/\/agoravape.com\/de\/wp-json\/wp\/v2\/product"}],"about":[{"href":"https:\/\/agoravape.com\/de\/wp-json\/wp\/v2\/types\/product"}],"replies":[{"embeddable":true,"href":"https:\/\/agoravape.com\/de\/wp-json\/wp\/v2\/comments?post=21146"}],"version-history":[{"count":0,"href":"https:\/\/agoravape.com\/de\/wp-json\/wp\/v2\/product\/21146\/revisions"}],"wp:featuredmedia":[{"embeddable":true,"href":"https:\/\/agoravape.com\/de\/wp-json\/wp\/v2\/media\/21212"}],"wp:attachment":[{"href":"https:\/\/agoravape.com\/de\/wp-json\/wp\/v2\/media?parent=21146"}],"wp:term":[{"taxonomy":"product_brand","embeddable":true,"href":"https:\/\/agoravape.com\/de\/wp-json\/wp\/v2\/product_brand?post=21146"},{"taxonomy":"product_cat","embeddable":true,"href":"https:\/\/agoravape.com\/de\/wp-json\/wp\/v2\/product_cat?post=21146"},{"taxonomy":"product_tag","embeddable":true,"href":"https:\/\/agoravape.com\/de\/wp-json\/wp\/v2\/product_tag?post=21146"}],"curies":[{"name":"wp","href":"https:\/\/api.w.org\/{rel}","templated":true}]}}