{"id":21412,"date":"2026-01-18T16:11:02","date_gmt":"2026-01-18T08:11:02","guid":{"rendered":"https:\/\/agoravape.com\/?post_type=product&#038;p=21412"},"modified":"2026-03-19T11:37:04","modified_gmt":"2026-03-19T10:37:04","slug":"saimeo-tequila-30k-30000-puffs-vape","status":"publish","type":"product","link":"https:\/\/agoravape.com\/de\/product\/saimeo-tequila-30k-30000-puffs-vape\/","title":{"rendered":"Saimeo Tequila 30k \u2013 30.000 Z\u00fcge \u2013 Einzigartige Flasche zum Verdampfen | Lange Laufzeiten, einfache Anwendung"},"content":{"rendered":"<h2 data-v-md-heading=\"what-s-special-about-saimeo-tequila-flavored-30k-30000-unique-bottled-vapes\" data-v-md-line=\"3\"><img loading=\"lazy\" decoding=\"async\" class=\"size-full wp-image-21435 alignright\" src=\"https:\/\/agoravape.com\/wp-content\/uploads\/2026\/01\/Saimeo-Tequila-30k-30000-Puffs-Unique-Bottle-Vape-Long-Runs-Simple-Use_Agora_vape-12-scaled.webp\" alt=\"\" width=\"795\" height=\"2560\" srcset=\"https:\/\/agoravape.com\/wp-content\/uploads\/2026\/01\/Saimeo-Tequila-30k-30000-Puffs-Unique-Bottle-Vape-Long-Runs-Simple-Use_Agora_vape-12-scaled.webp 795w, https:\/\/agoravape.com\/wp-content\/uploads\/2026\/01\/Saimeo-Tequila-30k-30000-Puffs-Unique-Bottle-Vape-Long-Runs-Simple-Use_Agora_vape-12-93x300.webp 93w, https:\/\/agoravape.com\/wp-content\/uploads\/2026\/01\/Saimeo-Tequila-30k-30000-Puffs-Unique-Bottle-Vape-Long-Runs-Simple-Use_Agora_vape-12-318x1024.webp 318w, https:\/\/agoravape.com\/wp-content\/uploads\/2026\/01\/Saimeo-Tequila-30k-30000-Puffs-Unique-Bottle-Vape-Long-Runs-Simple-Use_Agora_vape-12-768x2472.webp 768w, https:\/\/agoravape.com\/wp-content\/uploads\/2026\/01\/Saimeo-Tequila-30k-30000-Puffs-Unique-Bottle-Vape-Long-Runs-Simple-Use_Agora_vape-12-477x1536.webp 477w, https:\/\/agoravape.com\/wp-content\/uploads\/2026\/01\/Saimeo-Tequila-30k-30000-Puffs-Unique-Bottle-Vape-Long-Runs-Simple-Use_Agora_vape-12-636x2048.webp 636w, https:\/\/agoravape.com\/wp-content\/uploads\/2026\/01\/Saimeo-Tequila-30k-30000-Puffs-Unique-Bottle-Vape-Long-Runs-Simple-Use_Agora_vape-12-4x12.webp 4w, https:\/\/agoravape.com\/wp-content\/uploads\/2026\/01\/Saimeo-Tequila-30k-30000-Puffs-Unique-Bottle-Vape-Long-Runs-Simple-Use_Agora_vape-12-1200x3862.webp 1200w\" sizes=\"auto, (max-width: 795px) 100vw, 795px\" \/><\/h2>\n<h2 data-v-md-heading=\"what-s-special-about-saimeo-tequila-flavored-30k-30000-unique-bottled-vapes\" data-v-md-line=\"3\">Was ist das Besondere an den 30.000 einzigartigen, in Flaschen abgef\u00fcllten E-Zigaretten mit Tequila-Geschmack von Saimeo?<\/h2>\n<p data-v-md-line=\"5\">Sind Sie es leid, dass Einweg-E-Zigaretten schnell leer sind? Dann ist dieses Produkt genau das Richtige f\u00fcr Sie \u2013 f\u00fcr langanhaltenden Genuss. Saimeo Tequila Flavor Don Leon 1942 (\u201eUnique Bottle\u201c) wurde f\u00fcr Nutzer entwickelt, die Wert auf hohe Dampfmengen, einfache Handhabung im Alltag und ein etwas anderes Griffgef\u00fchl legen.<\/p>\n<p data-v-md-line=\"7\">Das 30000er Mundst\u00fcck mag sich in der Hand wie ein Ziegelstein anf\u00fchlen, doch dank seiner flaschenf\u00f6rmigen Gestalt liegt es angenehm in der Hand. Sie k\u00f6nnen diese E-Zigarette bedenkenlos unterwegs dabei haben, denn sie ist absolut zuverl\u00e4ssig und langlebig.<\/p>\n<h2 data-v-md-heading=\"excellent-performance-and-easy-operation\" data-v-md-line=\"9\">Hervorragende Leistung und einfache Bedienung<\/h2>\n<p data-v-md-line=\"11\">Dies ist eine Einweg-E-Zigarette mit Inhalationsaktivierung, die keine Kn\u00f6pfe oder Einstellungen ben\u00f6tigt. Einfach inhalieren und losdampfen. Wenn Sie ein unkompliziertes und benutzerfreundliches Produkt suchen, ist dies die ideale Wahl.<\/p>\n<p data-v-md-line=\"13\">Es enth\u00e4lt 2 % Nikotinsalz, hat einen milden Geschmack und kann die Bed\u00fcrfnisse der meisten t\u00e4glichen Konsumenten erf\u00fcllen.<\/p>\n<h2 data-v-md-heading=\"quick-specifications\" data-v-md-line=\"15\">Kurzspezifikationen<\/h2>\n<ul data-v-md-line=\"16\">\n<li>Rauchh\u00e4ufigkeit: bis zu 30000 Z\u00fcge<\/li>\n<li>Nikotingehalt: 2 % Nikotinsalz<\/li>\n<li>Anwendung: Einfach einatmen, um zu aktivieren<\/li>\n<li>Status: Sofort einsatzbereit<\/li>\n<li>Ger\u00e4tegr\u00f6\u00dfe: 37 * 40 * 160 Millimeter<\/li>\n<li>Verpackungsspezifikationen: 10 St\u00fcck pro Packung<\/li>\n<li>Verpackungsspezifikationen: 200 St\u00fcck pro Karton<\/li>\n<li>Au\u00dfenkartongr\u00f6\u00dfe: 427 \u00d7 395 \u00d7 353 Millimeter, Bruttogewicht: 21 Kilogramm<\/li>\n<\/ul>\n<h2 data-v-md-heading=\"complete-flavor-lineup\" data-v-md-line=\"25\">Vollst\u00e4ndiges Geschmackssortiment<\/h2>\n<ul data-v-md-line=\"26\">\n<li>Watermelon Ice<\/li>\n<li>Strawberry kiwi fruit<\/li>\n<li>Saftiger Pfirsich<\/li>\n<li>Strawberry watermelon<\/li>\n<li>Champagner mit rotem Pfirsichgeschmack<\/li>\n<li>Blaubeeren und Himbeeren<\/li>\n<li>Blue Rink Ice<\/li>\n<li>Gemischte Beeren<\/li>\n<li>Passionsfrucht-Mango<\/li>\n<li>Kirsch-Drachenfrucht<\/li>\n<\/ul>\n<h2 data-v-md-heading=\"suitable-for-you-and-your-business\" data-v-md-line=\"37\">Geeignet f\u00fcr Sie und Ihr Unternehmen<\/h2>\n<p data-v-md-line=\"39\">Diese Produkte eignen sich f\u00fcr den pers\u00f6nlichen Gebrauch. Wenn Sie jedoch f\u00fcr Ihr Gesch\u00e4ft einkaufen oder regelm\u00e4\u00dfig gr\u00f6\u00dfere Mengen nachbestellen m\u00fcssen, ist diese Verpackung ideal f\u00fcr die Lagerverwaltung. 10 St\u00fcck pro Packung, 200 St\u00fcck pro Karton \u2013 so m\u00fcssen Sie nicht so oft nachbestellen.<\/p>\n<p data-v-md-line=\"41\">AgoraVape konzentriert sich auf zuverl\u00e4ssige Versanddienstleistungen innerhalb der EU. Wir arbeiten mit vertrauensw\u00fcrdigen Versanddienstleistern wie UPS, DPD und DHL zusammen und bieten \u2013 wo m\u00f6glich \u2013 die Option \u201eVerzollte Lieferung\u201c (DDP) an. Dies bedeutet einen reibungsloseren Importprozess und weniger Sorgen um den Status Ihres Pakets.<\/p>\n<h2 data-v-md-heading=\"the-reason-why-you-will-like-it\" data-v-md-line=\"43\">Warum es Ihnen gefallen wird<\/h2>\n<ul data-v-md-line=\"44\">\n<li>\n<p data-v-md-line=\"44\">Langlebig und robust: Langlebig und robust, ohne dass ein h\u00e4ufiger Austausch erforderlich ist.<\/p>\n<\/li>\n<li>\n<p data-v-md-line=\"46\">2% Nikotinsalz: Geeignet f\u00fcr die gewohnte Nikotinkonzentration der meisten t\u00e4glichen Konsumenten.<\/p>\n<\/li>\n<li>\n<p data-v-md-line=\"48\">Aktivierung durch Einatmen: Keine Kn\u00f6pfe erforderlich, kein Einarbeiten n\u00f6tig. Einfach in die Hand nehmen und loslegen.<\/p>\n<\/li>\n<li>\n<p data-v-md-line=\"50\">Flaschenk\u00f6rperdesign: Komfortabler Griff, schlicht und unaufdringlich.<\/p>\n<\/li>\n<\/ul>\n<h2 data-v-md-heading=\"why-choose-to-collaborate-with-agoravape\" data-v-md-line=\"52\">Warum sollten Sie sich f\u00fcr eine Zusammenarbeit mit AgoraVape entscheiden?<\/h2>\n<p data-v-md-line=\"54\">Wir verkaufen ausschlie\u00dflich 100% Original-Vape-Produkte, denn niemand m\u00f6chte unter schwankender Qualit\u00e4t leiden. Als Firmenkunde profitieren Sie zudem von attraktiven Gro\u00dfhandelsoptionen, kompetentem technischen Support und zuverl\u00e4ssigem, schnellem Versand. M\u00f6chten Sie die einzigartigen Saimeo Tequila 30k Vapes in Flaschen kaufen? Kontaktieren Sie uns \u2013 wir helfen Ihnen gerne, die passende Geschmacksrichtung und Menge f\u00fcr Ihre Kunden auszuw\u00e4hlen.<\/p>","protected":false},"excerpt":{"rendered":"<p>Was ist das Besondere an Saimeo Tequila aromatisierten 30k 30000 einzigartigen Vapes in Flaschen? Wenn Sie genug von Wegwerfdampfern haben, die auslaufen<\/p>","protected":false},"featured_media":21433,"comment_status":"open","ping_status":"closed","template":"","meta":[],"product_brand":[1663],"product_cat":[124,185,1637,177,1674,174,191,1666,179,173,186,180,190],"product_tag":[],"class_list":{"0":"post-21412","1":"product","2":"type-product","3":"status-publish","4":"has-post-thumbnail","6":"product_brand-saimeo","7":"product_cat-vape-by-brand","8":"product_cat-10000-puffs-high-capacity","9":"product_cat-30000-puffs","10":"product_cat-dessert-sweets","11":"product_cat-eu-warehouse","12":"product_cat-fruit-flavors","13":"product_cat-rechargeable-disposables","14":"product_cat-saimeo","15":"product_cat-unique-blends","16":"product_cat-vape-by-flavor-profile","17":"product_cat-vape-by-nicotine-strength","18":"product_cat-vape-by-puff-count","19":"product_cat-vape-by-feature-or-type","21":"first","22":"instock","23":"shipping-taxable","24":"purchasable","25":"product-type-variable","26":"has-default-attributes"},"tiered_pricing_type":"percentage","tiered_pricing_fixed_rules":[],"tiered_pricing_product_settings":{"layout":"default","base_unit_name":{"singular":null,"plural":null},"default_variation":null},"tiered_pricing_minimum_quantity":10,"tiered_pricing_roles_data":[],"tiered_pricing_percentage_rules":{"30":"12.41","50":"27","100":"33","200":"35","500":"39","1000":"42"},"tiered_pricing_maximum_quantity":null,"tiered_pricing_quantity_step":"10","_links":{"self":[{"href":"https:\/\/agoravape.com\/de\/wp-json\/wp\/v2\/product\/21412","targetHints":{"allow":["GET"]}}],"collection":[{"href":"https:\/\/agoravape.com\/de\/wp-json\/wp\/v2\/product"}],"about":[{"href":"https:\/\/agoravape.com\/de\/wp-json\/wp\/v2\/types\/product"}],"replies":[{"embeddable":true,"href":"https:\/\/agoravape.com\/de\/wp-json\/wp\/v2\/comments?post=21412"}],"version-history":[{"count":0,"href":"https:\/\/agoravape.com\/de\/wp-json\/wp\/v2\/product\/21412\/revisions"}],"wp:featuredmedia":[{"embeddable":true,"href":"https:\/\/agoravape.com\/de\/wp-json\/wp\/v2\/media\/21433"}],"wp:attachment":[{"href":"https:\/\/agoravape.com\/de\/wp-json\/wp\/v2\/media?parent=21412"}],"wp:term":[{"taxonomy":"product_brand","embeddable":true,"href":"https:\/\/agoravape.com\/de\/wp-json\/wp\/v2\/product_brand?post=21412"},{"taxonomy":"product_cat","embeddable":true,"href":"https:\/\/agoravape.com\/de\/wp-json\/wp\/v2\/product_cat?post=21412"},{"taxonomy":"product_tag","embeddable":true,"href":"https:\/\/agoravape.com\/de\/wp-json\/wp\/v2\/product_tag?post=21412"}],"curies":[{"name":"wp","href":"https:\/\/api.w.org\/{rel}","templated":true}]}}