{"id":21870,"date":"2026-01-18T22:03:21","date_gmt":"2026-01-18T14:03:21","guid":{"rendered":"https:\/\/agoravape.com\/?post_type=product&#038;p=21870"},"modified":"2026-04-12T10:39:07","modified_gmt":"2026-04-12T08:39:07","slug":"saimeo-humo-azul-24k-24000-hauch","status":"publish","type":"product","link":"https:\/\/agoravape.com\/de\/product\/saimeo-humo-azul-24k-24000-puffs\/","title":{"rendered":"Saimeo Humo AZUL 24k 24000 Z\u00fcge Mesh Coil Vape | Langanhaltender Geschmack, weniger Aufwand"},"content":{"rendered":"<h2 data-v-md-heading=\"what-is-saimeo-humo-azul-24k-24000-mouth-mesh-atomizer-core-vape\" data-v-md-line=\"3\"><\/h2>\n<h2 data-v-md-heading=\"what-is-saimeo-humo-azul-24k-24000-mouth-mesh-atomizer-core-vape\" data-v-md-line=\"3\">Was ist der Saimeo Humo AZUL 24k 24000 Mundst\u00fcck-Mesh-Verdampferkern?<\/h2>\n<p data-v-md-line=\"5\">Wenn Sie genug von Einweg-E-Zigaretten haben, die sich schon nach wenigen Tagen nicht mehr gut anf\u00fchlen, ist dieses Produkt genau das Richtige f\u00fcr Sie. Die Saimeo Humo AZUL 24k ist f\u00fcr den Langzeitgebrauch konzipiert, bietet eine Saugleistung von bis zu 24.000 Z\u00fcgen und ist wiederaufladbar, sodass Sie sie nicht gleich wegwerfen m\u00fcssen, nur weil der Akku leer ist.<\/p>\n<p data-v-md-line=\"7\">Man k\u00f6nnte meinen, ein Ger\u00e4t mit 24.000 kcal Kapazit\u00e4t sei ein klobiger Ziegelstein. Doch in der Hand ist es \u00fcberraschend leicht. F\u00fcr alle, die ein zuverl\u00e4ssiges und stabiles Ger\u00e4t f\u00fcr den t\u00e4glichen Gebrauch suchen, ohne sich Gedanken \u00fcber den Austausch von Kartusche, Verdampferkopf oder Liquidflasche machen zu m\u00fcssen, ist dieses Produkt die ideale Wahl.<\/p>\n<h2 data-v-md-heading=\"excellent-performance-and-easy-operation\" data-v-md-line=\"9\">Hervorragende Leistung und einfache Bedienung<\/h2>\n<p data-v-md-line=\"11\">Saimeo verwendet Mesh-Coils, wodurch der Geschmack gleichm\u00e4\u00dfiger verteilt wird. In der Praxis bedeutet dies einen weniger faden und einen gleichbleibend milden Geschmack w\u00e4hrend des gesamten Gebrauchs.<\/p>\n<p data-v-md-line=\"13\">Wenn der Akku schwach ist, laden Sie ihn einfach auf. Simpel und praktisch. Die Produktinformationen best\u00e4tigen, dass er wiederaufladbar ist, geben aber den genauen Schnittstellentyp (z. B. USB-C) nicht an, daher kann ich es nicht erraten. Kurz gesagt: Wichtig ist, dass er nach dem Aufladen weiterverwendet werden kann.<\/p>\n<h2 data-v-md-heading=\"quick-specifications\" data-v-md-line=\"15\">Kurzspezifikationen<\/h2>\n<ul data-v-md-line=\"16\">\n<li>Rauchh\u00e4ufigkeit: bis zu 24000<\/li>\n<li>Nikotingehalt: 2 % Nikotinsalz<\/li>\n<li>Anwendung: Aktivierung durch Inhalation<\/li>\n<li>Ladeverfahren: Wiederaufladbar (Ladeschnittstellentyp nicht spezifiziert)<\/li>\n<li>Status: Sofort einsatzbereit<\/li>\n<li>Ger\u00e4tegr\u00f6\u00dfe: 135 41,5 41,5 Millimeter<\/li>\n<li>Version: Standardversion und Pinke Version<\/li>\n<\/ul>\n<h2 data-v-md-heading=\"complete-flavor-lineup\" data-v-md-line=\"24\">Vollst\u00e4ndiges Geschmackssortiment<\/h2>\n<ul data-v-md-line=\"25\">\n<li>Pfirsicheis<\/li>\n<li>Blue Rink Ice<\/li>\n<li>Grape Ice<\/li>\n<li>Honigmeloneneis<\/li>\n<li>Erdbeere, Wassermelone, Traube<\/li>\n<li>Brombeere Drachenfrucht<\/li>\n<li>Blaubeere Drachenfrucht<\/li>\n<li>Blueberry and Raspberry Ice<\/li>\n<li>Zitrone und Limette<\/li>\n<li>Watermelon Ice<\/li>\n<li>Erdbeer-, Cranberry- und Kirschgeschmack<\/li>\n<li>Traubenbeerengeschmack<\/li>\n<li>Geschmacksrichtungen: Passionsfrucht, Kiwi und Guave<\/li>\n<\/ul>\n<h2 data-v-md-heading=\"suitable-for-you-and-your-business\" data-v-md-line=\"39\">Geeignet f\u00fcr Sie und Ihr Unternehmen<\/h2>\n<p data-v-md-line=\"41\">Saimeo Humo AZUL 24k kann direkt als Einzelhandelsprodukt erworben werden und eignet sich auch f\u00fcr Gesch\u00e4fte, die ihren Kunden Produkte mit hoher Retourenquote anbieten m\u00f6chten.<\/p>\n<p data-v-md-line=\"43\">F\u00fcr den Gro\u00dfhandel ist die Verpackung einfach und benutzerfreundlich: 10 St\u00fcck pro Packung, 200 St\u00fcck pro Karton. Wenn Sie f\u00fcr den Wiederverkauf einkaufen, ist diese Verpackungsgr\u00f6\u00dfe praktisch f\u00fcr die Lagerung und erleichtert die Z\u00e4hlung beim Ein- und Auspacken.<\/p>\n<h2 data-v-md-heading=\"the-reason-why-you-will-like-it\" data-v-md-line=\"45\">Warum es Ihnen gefallen wird<\/h2>\n<ul data-v-md-line=\"46\">\n<li>Lange Batterielebensdauer: Langlebig und robust, kein h\u00e4ufiger Batteriewechsel erforderlich.<\/li>\n<li>2% Nikotinsalz: Geeignet f\u00fcr die \u00fcblicherweise verwendete Konzentration der meisten t\u00e4glichen Dampfer.<\/li>\n<li>Wiederaufladbar: Erm\u00f6glicht die vollst\u00e4ndige Nutzung des Ger\u00e4ts, anstatt es vorzeitig zu entsorgen. Mesh-Spule: Sorgt f\u00fcr gleichbleibenden Geschmack von Anfang bis Ende.<\/li>\n<\/ul>\n<h2 data-v-md-heading=\"why-choose-to-collaborate-with-agoravape\" data-v-md-line=\"50\">Warum sollten Sie sich f\u00fcr eine Zusammenarbeit mit AgoraVape entscheiden?<\/h2>\n<p data-v-md-line=\"52\">AgoraVape folgt einem einfachen Prinzip: Wir verkaufen ausschlie\u00dflich Originalprodukte. Dies ist besonders wichtig im Bereich der E-Zigaretten mit gro\u00dfem Mundst\u00fcck, wo st\u00e4ndig gef\u00e4lschte Produkte auftauchen. Wenn Sie f\u00fcr Kunden einkaufen, ben\u00f6tigen Sie vertrauensw\u00fcrdige Produkte.<\/p>\n<p data-v-md-line=\"54\">F\u00fcr Gesch\u00e4ftskunden bieten wir attraktive Gro\u00dfhandelsoptionen, reaktionsschnellen technischen Support und reibungslose Logistiklieferungen in ganz Europa. M\u00f6chten Sie Saimeo Humo AZUL 24k 24000 Mesh-Coil-E-Zigaretten kaufen? Kontaktieren Sie uns, und wir besprechen die Bestellmenge und den Lieferplan mit Ihnen.<\/p>","protected":false},"excerpt":{"rendered":"<p>Was ist Saimeo Humo AZUL 24k 24000 Mund Mesh Zerst\u00e4uber Kern vape? Wenn Sie m\u00fcde von Einweg-Vapes sind, die<\/p>","protected":false},"featured_media":0,"comment_status":"open","ping_status":"closed","template":"","meta":[],"product_brand":[1663],"product_cat":[124,185,189,174,191,1666,179,173,186,180,190],"product_tag":[],"class_list":{"0":"post-21870","1":"product","2":"type-product","3":"status-publish","5":"product_brand-saimeo","6":"product_cat-vape-by-brand","7":"product_cat-10000-puffs-high-capacity","8":"product_cat-20mg-standard-nicotine-vapes","9":"product_cat-fruit-flavors","10":"product_cat-rechargeable-disposables","11":"product_cat-saimeo","12":"product_cat-unique-blends","13":"product_cat-vape-by-flavor-profile","14":"product_cat-vape-by-nicotine-strength","15":"product_cat-vape-by-puff-count","16":"product_cat-vape-by-feature-or-type","18":"first","19":"outofstock","20":"shipping-taxable","21":"purchasable","22":"product-type-variable","23":"has-default-attributes"},"tiered_pricing_type":"percentage","tiered_pricing_fixed_rules":[],"tiered_pricing_product_settings":{"layout":"default","base_unit_name":{"singular":null,"plural":null},"default_variation":null},"tiered_pricing_minimum_quantity":10,"tiered_pricing_roles_data":[],"tiered_pricing_percentage_rules":{"30":"29","50":"35","100":"40","200":"44","500":"47","1000":"49"},"tiered_pricing_maximum_quantity":null,"tiered_pricing_quantity_step":"10","_links":{"self":[{"href":"https:\/\/agoravape.com\/de\/wp-json\/wp\/v2\/product\/21870","targetHints":{"allow":["GET"]}}],"collection":[{"href":"https:\/\/agoravape.com\/de\/wp-json\/wp\/v2\/product"}],"about":[{"href":"https:\/\/agoravape.com\/de\/wp-json\/wp\/v2\/types\/product"}],"replies":[{"embeddable":true,"href":"https:\/\/agoravape.com\/de\/wp-json\/wp\/v2\/comments?post=21870"}],"version-history":[{"count":1,"href":"https:\/\/agoravape.com\/de\/wp-json\/wp\/v2\/product\/21870\/revisions"}],"predecessor-version":[{"id":29865,"href":"https:\/\/agoravape.com\/de\/wp-json\/wp\/v2\/product\/21870\/revisions\/29865"}],"wp:attachment":[{"href":"https:\/\/agoravape.com\/de\/wp-json\/wp\/v2\/media?parent=21870"}],"wp:term":[{"taxonomy":"product_brand","embeddable":true,"href":"https:\/\/agoravape.com\/de\/wp-json\/wp\/v2\/product_brand?post=21870"},{"taxonomy":"product_cat","embeddable":true,"href":"https:\/\/agoravape.com\/de\/wp-json\/wp\/v2\/product_cat?post=21870"},{"taxonomy":"product_tag","embeddable":true,"href":"https:\/\/agoravape.com\/de\/wp-json\/wp\/v2\/product_tag?post=21870"}],"curies":[{"name":"wp","href":"https:\/\/api.w.org\/{rel}","templated":true}]}}