{"id":21948,"date":"2026-01-18T22:32:15","date_gmt":"2026-01-18T14:32:15","guid":{"rendered":"https:\/\/agoravape.com\/?post_type=product&#038;p=21948"},"modified":"2026-03-10T07:11:12","modified_gmt":"2026-03-10T06:11:12","slug":"saimeo-humo-azul-limited-15k-15000-puffs","status":"publish","type":"product","link":"https:\/\/agoravape.com\/de\/product\/saimeo-humo-azul-limited-15k-15000-puffs\/","title":{"rendered":"Saimeo Humo AZUL Limited 15k 15000 Z\u00fcge Vape | Langanhaltender Geschmack, schlicht und einfach"},"content":{"rendered":"<h2 data-v-md-heading=\"what-is-saimeo-humo-azul-limited-s-15k-15000-pack-vape\" data-v-md-line=\"3\"><\/h2>\n<h2 data-v-md-heading=\"what-is-saimeo-humo-azul-limited-s-15k-15000-pack-vape\" data-v-md-line=\"3\"><\/h2>\n<h2 data-v-md-heading=\"what-is-saimeo-humo-azul-limited-s-15k-15000-pack-vape\" data-v-md-line=\"3\"><\/h2>\n<h2 data-v-md-heading=\"what-is-saimeo-humo-azul-limited-s-15k-15000-pack-vape\" data-v-md-line=\"3\">Was ist das 15k 15000 Pack Vape von Saimeo Humo AZUL Limited?<\/h2>\n<p data-v-md-line=\"5\">Sind Sie es leid, dass Einweg-E-Zigaretten schon nach kurzer Zeit den Geist aufgeben? Dann ist die Saimeo Humo AZUL Limited 15k genau die richtige Wahl f\u00fcr Sie. Mit einer Akkulaufzeit von bis zu 15.000 Einheiten m\u00fcssen Sie nicht mehr st\u00e4ndig das Ger\u00e4t wechseln oder unter der Woche neue E-Zigaretten kaufen.<\/p>\n<p data-v-md-line=\"7\">Dies ist ein wirklich sofort einsatzbereiter Vaporizer. Keine Kn\u00f6pfe, keine Einstellungen, keine umst\u00e4ndliche Bedienung. Einfach inhalieren und ein gleichm\u00e4\u00dfiges und vertrautes Inhalationserlebnis genie\u00dfen \u2013 perfekt f\u00fcr den t\u00e4glichen Gebrauch.<\/p>\n<h2 data-v-md-heading=\"excellent-performance-and-easy-operation\" data-v-md-line=\"9\">Hervorragende Leistung und einfache Bedienung<\/h2>\n<p data-v-md-line=\"11\">Saimeos Designphilosophie ist einfach und klar: Es handelt sich um eine inhalationsaktivierte Einweg-E-Zigarette, die f\u00fcr eine gleichbleibende Leistung sorgt und sich besonders f\u00fcr den Dauergebrauch eignet. Obwohl man meinen k\u00f6nnte, das 15.000 Dollar teure Ger\u00e4t sei in der Hosentasche so schwer wie ein Ziegelstein, liegt es dank des ergonomischen Designs von AZUL Limited angenehm in der Hand und wirkt nicht klobig.<\/p>\n<h2 data-v-md-heading=\"quick-specifications\" data-v-md-line=\"13\">Kurzspezifikationen<\/h2>\n<ul data-v-md-line=\"14\">\n<li>Rauchh\u00e4ufigkeit: bis zu 15000 Z\u00fcge<\/li>\n<li>Nikotingehalt: 2 % Nikotinsalz<\/li>\n<li>Anwendung: Einfach einatmen, um zu aktivieren<\/li>\n<li>Ladeverfahren: Nicht angegeben (Bitte beachten Sie die Produktdetails\/Bilder oder kontaktieren Sie unser Team zur Best\u00e4tigung)<\/li>\n<li>Produktstatus: Sofort nach dem Auspacken einsatzbereit<\/li>\n<li>Ger\u00e4tegr\u00f6\u00dfe: 135 41,5 41,5 Millimeter<\/li>\n<li>Verpackungsspezifikationen: 10 St\u00fcck pro Packung<\/li>\n<li>Verpackungsspezifikationen: 200 St\u00fcck pro Karton<\/li>\n<\/ul>\n<h2 data-v-md-heading=\"complete-flavor-lineup\" data-v-md-line=\"23\">Vollst\u00e4ndiges Geschmackssortiment<\/h2>\n<ul data-v-md-line=\"24\">\n<li>Blaubeeren und Zitronen<\/li>\n<li>Grape Ice<\/li>\n<li>Honigpfirsich<\/li>\n<li>Attent\u00e4terin<\/li>\n<li>Liebe \u2013 Honigmelone Beere<\/li>\n<li>Gemischte Beeren<\/li>\n<li>Passionsfrucht und Kiwi<\/li>\n<li>Regenbogenbonbons<\/li>\n<li>Absoluter Nullpunkt<\/li>\n<li>Hawaii<\/li>\n<li>Zitrone und Limette<\/li>\n<li>Peach berry<\/li>\n<li>Wei\u00dfer Pfirsich Himbeere<\/li>\n<\/ul>\n<h2 data-v-md-heading=\"tailored-for-you-and-your-business\" data-v-md-line=\"38\">Tailored for you and your business<\/h2>\n<p data-v-md-line=\"40\">Wenn Sie langlebige Produkte suchen, sind diese f\u00fcr den pers\u00f6nlichen Gebrauch geeignet. F\u00fcr den Wiederverkauf bietet Saimeo eine komfortablere Lagerverwaltung: 10 St\u00fcck pro Packung, 200 St\u00fcck pro Karton. Diese Verpackungsart ist ideal f\u00fcr die Regalplanung und erm\u00f6glicht den schnellen Verkauf verschiedener Geschmacksrichtungen.<\/p>\n<p data-v-md-line=\"42\">AgoraVape legt Wert auf reibungslose Logistiklieferungen in ganz Europa. Wir arbeiten mit zuverl\u00e4ssigen Logistikpartnern wie UPS, DPD und DHL zusammen und bieten einen wirklich effektiven Kundenservice. Wenn Sie Unterst\u00fctzung bei der Abstimmung von Geschmack und Marktnachfrage ben\u00f6tigen, beraten wir Sie ehrlich.<\/p>\n<h2 data-v-md-heading=\"reasons-why-you-will-like-it\" data-v-md-line=\"44\">Reasons why you will like it<\/h2>\n<ul data-v-md-line=\"45\">\n<li>Extra langer Sauganschluss: Erm\u00f6glicht eine kontinuierliche Nutzung \u00fcber einen l\u00e4ngeren Zeitraum und reduziert so die H\u00e4ufigkeit des Ger\u00e4tewechsels.<\/li>\n<li>2% Nikotinsalz: Wenn Sie eine moderate Nikotinkonzentration bevorzugen, ist dies eine klare und einfache Wahl.<\/li>\n<li>Aktivierung durch Einatmen: Kein Knopfdruck erforderlich. Einfach aufnehmen und saugen.<\/li>\n<li>Reichhaltige Geschmacksauswahl: Finden Sie ganz einfach mehrere beliebte Geschmacksrichtungen f\u00fcr einen unkomplizierten Wechsel oder den Weiterverkauf.<\/li>\n<\/ul>\n<h2 data-v-md-heading=\"why-choose-to-collaborate-with-agoravape\" data-v-md-line=\"50\">Warum sollten Sie sich f\u00fcr eine Zusammenarbeit mit AgoraVape entscheiden?<\/h2>\n<p data-v-md-line=\"52\">Wir verkaufen ausschlie\u00dflich 100% Originalware. Als Firmenkunde profitieren Sie von attraktiven Gro\u00dfhandelskonditionen, schnellem technischen Support und zuverl\u00e4ssigen Lieferdiensten innerhalb der EU f\u00fcr Saimeo Humo AZUL Limited 15k 15000 Vapes. Sie m\u00f6chten bewusst einkaufen? Kontaktieren Sie uns \u2013 wir beraten Sie gerne bei der Auswahl beliebter Geschmacksrichtungen.<\/p>","protected":false},"excerpt":{"rendered":"<p>Was ist das Saimeo Humo AZUL Limited's 15k 15000 Pack Vape? Wenn Sie genug von Wegwerfdampfern haben, die auslaufen<\/p>","protected":false},"featured_media":0,"comment_status":"open","ping_status":"closed","template":"","meta":[],"product_brand":[1663],"product_cat":[124,185,1635,189,174,191,1666,179,173,186,180,190],"product_tag":[],"class_list":{"0":"post-21948","1":"product","2":"type-product","3":"status-publish","5":"product_brand-saimeo","6":"product_cat-vape-by-brand","7":"product_cat-10000-puffs-high-capacity","8":"product_cat-15000-puffs","9":"product_cat-20mg-standard-nicotine-vapes","10":"product_cat-fruit-flavors","11":"product_cat-rechargeable-disposables","12":"product_cat-saimeo","13":"product_cat-unique-blends","14":"product_cat-vape-by-flavor-profile","15":"product_cat-vape-by-nicotine-strength","16":"product_cat-vape-by-puff-count","17":"product_cat-vape-by-feature-or-type","19":"first","20":"outofstock","21":"shipping-taxable","22":"purchasable","23":"product-type-variable","24":"has-default-attributes"},"tiered_pricing_type":"percentage","tiered_pricing_fixed_rules":[],"tiered_pricing_product_settings":{"layout":"default","base_unit_name":{"singular":null,"plural":null},"default_variation":null},"tiered_pricing_minimum_quantity":10,"tiered_pricing_roles_data":[],"tiered_pricing_percentage_rules":{"30":"29","50":"35","100":"40","200":"44","500":"47","1000":"49"},"tiered_pricing_maximum_quantity":null,"tiered_pricing_quantity_step":"10","_links":{"self":[{"href":"https:\/\/agoravape.com\/de\/wp-json\/wp\/v2\/product\/21948","targetHints":{"allow":["GET"]}}],"collection":[{"href":"https:\/\/agoravape.com\/de\/wp-json\/wp\/v2\/product"}],"about":[{"href":"https:\/\/agoravape.com\/de\/wp-json\/wp\/v2\/types\/product"}],"replies":[{"embeddable":true,"href":"https:\/\/agoravape.com\/de\/wp-json\/wp\/v2\/comments?post=21948"}],"version-history":[{"count":0,"href":"https:\/\/agoravape.com\/de\/wp-json\/wp\/v2\/product\/21948\/revisions"}],"wp:attachment":[{"href":"https:\/\/agoravape.com\/de\/wp-json\/wp\/v2\/media?parent=21948"}],"wp:term":[{"taxonomy":"product_brand","embeddable":true,"href":"https:\/\/agoravape.com\/de\/wp-json\/wp\/v2\/product_brand?post=21948"},{"taxonomy":"product_cat","embeddable":true,"href":"https:\/\/agoravape.com\/de\/wp-json\/wp\/v2\/product_cat?post=21948"},{"taxonomy":"product_tag","embeddable":true,"href":"https:\/\/agoravape.com\/de\/wp-json\/wp\/v2\/product_tag?post=21948"}],"curies":[{"name":"wp","href":"https:\/\/api.w.org\/{rel}","templated":true}]}}