{"id":21993,"date":"2026-01-18T22:45:15","date_gmt":"2026-01-18T14:45:15","guid":{"rendered":"https:\/\/agoravape.com\/?post_type=product&#038;p=21993"},"modified":"2026-03-26T13:22:25","modified_gmt":"2026-03-26T12:22:25","slug":"saimeo-humo-fall-iphone-16-pro-30000","status":"publish","type":"product","link":"https:\/\/agoravape.com\/de\/product\/saimeo-humo-case-iphone-16-pro-30000\/","title":{"rendered":"Saimeo Humo H\u00fclle f\u00fcr iPhone 16 Pro (30.000 Z\u00fcge) | Hohe Zugzahl, einfache Anwendung im Alltag"},"content":{"rendered":"<h2 data-v-md-heading=\"what-is-the-special-feature-of-saimeo-humo-case-iphone-16-pro-30k-30000-port\" data-v-md-line=\"3\"><img loading=\"lazy\" decoding=\"async\" class=\"size-full wp-image-22100 alignright\" src=\"https:\/\/agoravape.com\/wp-content\/uploads\/2026\/01\/Saimeo-Humo-Case-30k-30000-Puffs-iPhone-Series-Vape-Big-Puff-Convenience-in-a-Pocketable-Shape_Agora_vape-15.webp\" alt=\"\" width=\"446\" height=\"2048\" srcset=\"https:\/\/agoravape.com\/wp-content\/uploads\/2026\/01\/Saimeo-Humo-Case-30k-30000-Puffs-iPhone-Series-Vape-Big-Puff-Convenience-in-a-Pocketable-Shape_Agora_vape-15.webp 446w, https:\/\/agoravape.com\/wp-content\/uploads\/2026\/01\/Saimeo-Humo-Case-30k-30000-Puffs-iPhone-Series-Vape-Big-Puff-Convenience-in-a-Pocketable-Shape_Agora_vape-15-223x1024.webp 223w\" sizes=\"auto, (max-width: 446px) 100vw, 446px\" \/><\/h2>\n<h2 data-v-md-heading=\"what-is-the-special-feature-of-saimeo-humo-case-iphone-16-pro-30k-30000-port\" data-v-md-line=\"3\">Was ist das Besondere an der Saimeo Humo H\u00fclle f\u00fcr das iPhone 16 Pro mit 30.000-kW-Anschluss?<\/h2>\n<p data-v-md-line=\"5\">Sind Sie es leid, dass Einweg-E-Zigaretten sich schon nach kurzer Zeit leer anf\u00fchlen? Dann sollten Sie sich diese E-Zigarette mit langer Laufzeit nicht entgehen lassen. Die Saimeo Humo H\u00fclle f\u00fcr das iPhone 16 Pro mit 30.000 Akkuladungen bietet eine Akkulaufzeit von bis zu 30.000 Anwendungen und liegt dank ihres ergonomischen Designs angenehm in der Hand.<\/p>\n<p data-v-md-line=\"7\">Sie denken vielleicht, dass E-Zigaretten mit hoher Ausdauer klobig und unhandlich sind. Diese E-Zigarette hingegen hat ein Design \u00e4hnlich einem Mobiltelefon, liegt gut in der Hand und l\u00e4sst sich problemlos in der Tasche verstauen, ohne zu st\u00f6ren.<\/p>\n<h2 data-v-md-heading=\"excellent-performance-and-easy-operation\" data-v-md-line=\"9\">Hervorragende Leistung und einfache Bedienung<\/h2>\n<p data-v-md-line=\"11\">Saimeo setzt auf Einfachheit: Einfach einen Schluck nehmen und genie\u00dfen. Die integrierte Mesh-Spule sorgt f\u00fcr gleichbleibenden Geschmack und verhindert einen pl\u00f6tzlichen Geschmacksverlust nach ein bis zwei Tagen. Bei niedrigem Akkustand kann das Ger\u00e4t \u00fcber den USB-C-Anschluss aufgeladen werden \u2013 ein Ladekabel, das in den meisten Haushalten Standard ist.<\/p>\n<h2 data-v-md-heading=\"quick-specifications\" data-v-md-line=\"13\">Kurzspezifikationen<\/h2>\n<ul data-v-md-line=\"14\">\n<li>Anzahl der Ports: bis zu 30000 Ports<\/li>\n<li>E-Liquid-Kapazit\u00e4t: 13 Milliliter<\/li>\n<li>Akku: 680 mAh (wiederaufladbar)<\/li>\n<li>Nikotingehalt: 5 %<\/li>\n<li>Anwendung: Zum Aktivieren einatmen.<\/li>\n<li>Ladeschnittstelle: Typ-C-Schnittstelle<\/li>\n<li>Status: Sofort einsatzbereit<\/li>\n<li>Ger\u00e4tegr\u00f6\u00dfe: 75,8 \u00d7 21,92 \u00d7 166,66 Millimeter<\/li>\n<li>Fallfestigkeit: Getestet durch einen Falltest aus 10 Stockwerken<\/li>\n<\/ul>\n<h2 data-v-md-heading=\"complete-flavor-lineup\" data-v-md-line=\"24\">Vollst\u00e4ndiges Geschmackssortiment<\/h2>\n<ul data-v-md-line=\"25\">\n<li>Watermelon Ice<\/li>\n<li>Blaubeereis<\/li>\n<li>Miami Mint<\/li>\n<li>Saures Apfeleis<\/li>\n<li>Dreifachbeerenfrucht<\/li>\n<\/ul>\n<h2 data-v-md-heading=\"tailored-for-you-and-your-business\" data-v-md-line=\"31\">Tailored for you and your business<\/h2>\n<p data-v-md-line=\"33\">F\u00fcr den privaten Gebrauch k\u00f6nnen Sie die Saimeo Humo iPhone 16 Pro 30k Handyh\u00fclle separat erwerben. F\u00fcr Gro\u00dfhandelskunden bieten wir au\u00dferdem attraktive Gro\u00dfhandelsverpackungen an: 5 St\u00fcck pro Karton oder 100 St\u00fcck pro Karton.<\/p>\n<p data-v-md-line=\"35\">F\u00fcr unsere europ\u00e4ischen Kunden legen wir gro\u00dfen Wert auf reibungslose Lieferbedingungen. Wir arbeiten mit zuverl\u00e4ssigen Partnern wie DHL, DPD und UPS zusammen, um sicherzustellen, dass Ihre Bestellung schnell und zuverl\u00e4ssig bei Ihnen ankommt.<\/p>\n<h2 data-v-md-heading=\"reasons-why-you-will-like-it\" data-v-md-line=\"37\">Reasons why you will like it<\/h2>\n<ul data-v-md-line=\"38\">\n<li>Langlebig und robust: Die Batterie hat eine l\u00e4ngere Lebensdauer und muss nicht h\u00e4ufig ausgetauscht werden.<\/li>\n<li>Wiederaufladbarer Akku: Erm\u00f6glicht die vollst\u00e4ndige Nutzung des gekauften E-Liquids und vermeidet vorzeitige Verschwendung.<\/li>\n<li>Mesh-Verdampferkern: Vom ersten Zug an sorgt er stets f\u00fcr einen vollen und milden Geschmack.<\/li>\n<li>Aktivierung durch Einatmen: Kein Men\u00fc erforderlich, keine komplizierte Bedienung \u2013 einfach in die Hand nehmen und loslegen.<\/li>\n<\/ul>\n<h2 data-v-md-heading=\"why-choose-to-collaborate-with-agoravape\" data-v-md-line=\"43\">Warum sollten Sie sich f\u00fcr eine Zusammenarbeit mit AgoraVape entscheiden?<\/h2>\n<p data-v-md-line=\"45\">AgoraVape bietet ausschlie\u00dflich 100 % Originalware \u2013 keine Ware aus unbekannten Quellen und keine minderwertigen Imitationen. H\u00e4ndlern und Distributoren bieten wir leistungsstarke Gro\u00dfhandelsl\u00f6sungen, schnellen technischen Support und zuverl\u00e4ssige Lieferungen innerhalb Europas, z. B. f\u00fcr die Saimeo Humo iPhone 16 Pro Schutzh\u00fclle (30.000 mAh Kapazit\u00e4t, 30.000 Ports). Sie m\u00f6chten Produkte kaufen? Kontaktieren Sie uns, und wir finden die optimale Beschaffungsl\u00f6sung f\u00fcr Ihre Bed\u00fcrfnisse.<\/p>","protected":false},"excerpt":{"rendered":"<p>Was ist die Besonderheit von Saimeo Humo Case iPhone 16 Pro 30k 30000 port? Wenn Sie genug von Wegwerfprodukten haben<\/p>","protected":false},"featured_media":22103,"comment_status":"open","ping_status":"closed","template":"","meta":[],"product_brand":[1663],"product_cat":[124,185,189,1637,174,191,1666,179,173,186,180,190],"product_tag":[],"class_list":{"0":"post-21993","1":"product","2":"type-product","3":"status-publish","4":"has-post-thumbnail","6":"product_brand-saimeo","7":"product_cat-vape-by-brand","8":"product_cat-10000-puffs-high-capacity","9":"product_cat-20mg-standard-nicotine-vapes","10":"product_cat-30000-puffs","11":"product_cat-fruit-flavors","12":"product_cat-rechargeable-disposables","13":"product_cat-saimeo","14":"product_cat-unique-blends","15":"product_cat-vape-by-flavor-profile","16":"product_cat-vape-by-nicotine-strength","17":"product_cat-vape-by-puff-count","18":"product_cat-vape-by-feature-or-type","20":"first","21":"instock","22":"shipping-taxable","23":"purchasable","24":"product-type-variable","25":"has-default-attributes"},"tiered_pricing_type":"percentage","tiered_pricing_fixed_rules":[],"tiered_pricing_product_settings":{"layout":"default","base_unit_name":{"singular":null,"plural":null},"default_variation":null},"tiered_pricing_minimum_quantity":10,"tiered_pricing_roles_data":[],"tiered_pricing_percentage_rules":{"30":"29","50":"35","100":"40","200":"44","500":"47","1000":"49"},"tiered_pricing_maximum_quantity":null,"tiered_pricing_quantity_step":"10","_links":{"self":[{"href":"https:\/\/agoravape.com\/de\/wp-json\/wp\/v2\/product\/21993","targetHints":{"allow":["GET"]}}],"collection":[{"href":"https:\/\/agoravape.com\/de\/wp-json\/wp\/v2\/product"}],"about":[{"href":"https:\/\/agoravape.com\/de\/wp-json\/wp\/v2\/types\/product"}],"replies":[{"embeddable":true,"href":"https:\/\/agoravape.com\/de\/wp-json\/wp\/v2\/comments?post=21993"}],"version-history":[{"count":0,"href":"https:\/\/agoravape.com\/de\/wp-json\/wp\/v2\/product\/21993\/revisions"}],"wp:featuredmedia":[{"embeddable":true,"href":"https:\/\/agoravape.com\/de\/wp-json\/wp\/v2\/media\/22103"}],"wp:attachment":[{"href":"https:\/\/agoravape.com\/de\/wp-json\/wp\/v2\/media?parent=21993"}],"wp:term":[{"taxonomy":"product_brand","embeddable":true,"href":"https:\/\/agoravape.com\/de\/wp-json\/wp\/v2\/product_brand?post=21993"},{"taxonomy":"product_cat","embeddable":true,"href":"https:\/\/agoravape.com\/de\/wp-json\/wp\/v2\/product_cat?post=21993"},{"taxonomy":"product_tag","embeddable":true,"href":"https:\/\/agoravape.com\/de\/wp-json\/wp\/v2\/product_tag?post=21993"}],"curies":[{"name":"wp","href":"https:\/\/api.w.org\/{rel}","templated":true}]}}