{"id":23780,"date":"2026-01-25T14:06:41","date_gmt":"2026-01-25T06:06:41","guid":{"rendered":"https:\/\/agoravape.com\/?post_type=product&#038;p=23780"},"modified":"2026-03-26T13:22:25","modified_gmt":"2026-03-26T12:22:25","slug":"saimeo-humo-etui-iphone-16-30000-puffs","status":"publish","type":"product","link":"https:\/\/agoravape.com\/de\/product\/saimeo-humo-case-iphone-16-30000-puffs\/","title":{"rendered":"Saimeo Humo H\u00fclle f\u00fcr iPhone 16 30k (30.000 Z\u00fcge) Vape | Hohe Zugzahl, handliches Design"},"content":{"rendered":"<h2 data-v-md-heading=\"what-is-the-special-feature-of-saimeo-humo-case-iphone-16-30k-30000-pack-vape\" data-v-md-line=\"3\">Was ist das Besondere an der Saimeo Humo H\u00fclle f\u00fcr das iPhone 16 30k 30000 Packung Vape?<\/h2>\n<p data-v-md-line=\"5\">Wenn Sie genug von Einweg-E-Zigaretten haben, die beim ersten Gebrauch keinen Dampf erzeugen, ist dieses Produkt genau das Richtige f\u00fcr Sie. Die Saimeo Humo H\u00fclle f\u00fcr das iPhone 16 (30.000 kcal) ist f\u00fcr den Langzeitgebrauch konzipiert, bietet eine Akkulaufzeit von bis zu 30.000 Ladezyklen und ist mit einem wiederaufladbaren Akku ausgestattet, sodass Sie die verbleibende Menge E-Liquid voll ausnutzen k\u00f6nnen.<\/p>\n<p data-v-md-line=\"7\">Man k\u00f6nnte meinen, eine E-Zigarette mit so langer Akkulaufzeit w\u00e4re klobig wie ein Ziegelstein, aber sie sieht aus wie eine d\u00fcnne Handyh\u00fclle. F\u00fcr alle, die eine zuverl\u00e4ssige, tragbare und benutzerfreundliche E-Zigarette suchen, ist dies eine einfache und angenehme Wahl.<\/p>\n<h2 data-v-md-heading=\"excellent-performance-and-easy-operation\" data-v-md-line=\"9\">Hervorragende Leistung und einfache Bedienung<\/h2>\n<p data-v-md-line=\"11\">Saimeos Designphilosophie ist denkbar einfach: Zum Aktivieren gen\u00fcgt ein Atemzug. Ist der Akku leer, kann er \u00fcber die USB-C-Schnittstelle aufgeladen werden, sodass Sie Ihr vorhandenes Ladekabel verwenden k\u00f6nnen.<\/p>\n<p data-v-md-line=\"13\">Es verf\u00fcgt au\u00dferdem \u00fcber einen Absturzschutz (getestet auf St\u00fcrze aus bis zu 10 Stockwerken). Das Leben h\u00e4lt unweigerlich unerwartete Situationen bereit, und genau daf\u00fcr wurde dieses Produkt entwickelt.<\/p>\n<h2 data-v-md-heading=\"quick-specifications\" data-v-md-line=\"15\">Kurzspezifikationen<\/h2>\n<ul data-v-md-line=\"16\">\n<li>Rauchh\u00e4ufigkeit: bis zu 30000 Z\u00fcge<\/li>\n<li>E-Liquid-Kapazit\u00e4t: 13 Milliliter<\/li>\n<li>Akkukapazit\u00e4t: 680 mAh (wiederaufladbar)<\/li>\n<li>Nikotingehalt: 5 %<\/li>\n<li>Anwendung: Zum Aktivieren einatmen.<\/li>\n<li>Ladeschnittstelle: Typ-C<\/li>\n<li>Gr\u00f6\u00dfe: 75,8 \u00d7 21,92 \u00d7 166,66 Millimeter<\/li>\n<li>Status: Sofort einsatzbereit<\/li>\n<\/ul>\n<h2 data-v-md-heading=\"complete-flavor-lineup\" data-v-md-line=\"25\">Vollst\u00e4ndiges Geschmackssortiment<\/h2>\n<ul data-v-md-line=\"26\">\n<li>Watermelon Ice<\/li>\n<li>Blaubeereis<\/li>\n<li>Miami Mint<\/li>\n<li>Saures Apfeleis<\/li>\n<li>Dreifachbeere<\/li>\n<\/ul>\n<h2 data-v-md-heading=\"tailored-for-you-and-your-business\" data-v-md-line=\"32\">Tailored for you and your business<\/h2>\n<p data-v-md-line=\"34\">Die Saimeo Humo iPhone 16 H\u00fclle ist f\u00fcr 30.000 Yuan pro St\u00fcck erh\u00e4ltlich. Die Verpackung eignet sich auch f\u00fcr den Gro\u00dfhandel: 5 oder 100 St\u00fcck pro Karton.<\/p>\n<p data-v-md-line=\"36\">Wir arbeiten eng mit zuverl\u00e4ssigen Logistikpartnern zusammen, um unseren europ\u00e4ischen Kunden reibungslose Lieferdienste zu bieten und Ihnen die Sorgen um die Sendungsverfolgung zu ersparen. F\u00fcr Gesch\u00e4ftskunden ermitteln wir die optimale Transportl\u00f6sung f\u00fcr Ihr Land\/Ihre Region im Bestellprozess oder \u00fcber unser Vertriebsteam.<\/p>\n<h2 data-v-md-heading=\"reasons-why-you-will-like-it\" data-v-md-line=\"38\">Reasons why you will like it<\/h2>\n<ul data-v-md-line=\"39\">\n<li>Langlebig und robust: Reduziert die Anzahl der Ersatzteile, minimiert den Aufwand und sorgt f\u00fcr ein stabileres Nutzungserlebnis \u2013 jeden Tag.<\/li>\n<li>Wiederaufladbarer Akku: Hilft Ihnen, das E-Liquid optimal zu nutzen und eine vorzeitige Entsorgung zu vermeiden.<\/li>\n<li>Einfache Saugkraft: Keine Kn\u00f6pfe n\u00f6tig, kein Lernen erforderlich, kinderleicht zu bedienen.<\/li>\n<li>Fallsicheres Design: Es eignet sich besser zum Verstauen in Taschen oder Beuteln und ist somit jederzeit und \u00fcberall bequem zu verwenden.<\/li>\n<\/ul>\n<h2 data-v-md-heading=\"why-choose-to-collaborate-with-agoravape\" data-v-md-line=\"44\">Warum sollten Sie sich f\u00fcr eine Zusammenarbeit mit AgoraVape entscheiden?<\/h2>\n<p data-v-md-line=\"46\">AgoraVape garantiert 100% Originalware und einen transparenten Beschaffungsprozess mit umfassender Unterst\u00fctzung. Als Gesch\u00e4ftskunde profitieren Sie von unseren wettbewerbsf\u00e4higen Gro\u00dfhandelsl\u00f6sungen, zuverl\u00e4ssigen Kommunikationskan\u00e4len und Logistikdienstleistungen, die speziell auf europ\u00e4ische K\u00e4ufer zugeschnitten sind, die Wert auf Schnelligkeit und Planbarkeit legen. M\u00f6chten Sie eine Saimeo Humo iPhone 16 H\u00fclle (30.000) kaufen? Kontaktieren Sie uns, und wir finden die passende Menge und den passenden Lieferplan f\u00fcr Sie.<\/p>","protected":false},"excerpt":{"rendered":"<p>Was ist die Besonderheit von Saimeo Humo Case iPhone 16 30k 30000 pack vape? Wenn Sie m\u00fcde von Einweg sind<\/p>","protected":false},"featured_media":22104,"comment_status":"open","ping_status":"closed","template":"","meta":[],"product_brand":[1663],"product_cat":[124,185,189,1637,174,191,1666,179,173,186,180,190],"product_tag":[],"class_list":{"0":"post-23780","1":"product","2":"type-product","3":"status-publish","4":"has-post-thumbnail","6":"product_brand-saimeo","7":"product_cat-vape-by-brand","8":"product_cat-10000-puffs-high-capacity","9":"product_cat-20mg-standard-nicotine-vapes","10":"product_cat-30000-puffs","11":"product_cat-fruit-flavors","12":"product_cat-rechargeable-disposables","13":"product_cat-saimeo","14":"product_cat-unique-blends","15":"product_cat-vape-by-flavor-profile","16":"product_cat-vape-by-nicotine-strength","17":"product_cat-vape-by-puff-count","18":"product_cat-vape-by-feature-or-type","20":"first","21":"instock","22":"shipping-taxable","23":"purchasable","24":"product-type-variable","25":"has-default-attributes"},"tiered_pricing_type":"percentage","tiered_pricing_fixed_rules":[],"tiered_pricing_product_settings":{"layout":"default","base_unit_name":{"singular":null,"plural":null},"default_variation":null},"tiered_pricing_minimum_quantity":10,"tiered_pricing_roles_data":[],"tiered_pricing_percentage_rules":{"30":"29","50":"35","100":"40","200":"44","500":"47","1000":"49"},"tiered_pricing_maximum_quantity":null,"tiered_pricing_quantity_step":"10","_links":{"self":[{"href":"https:\/\/agoravape.com\/de\/wp-json\/wp\/v2\/product\/23780","targetHints":{"allow":["GET"]}}],"collection":[{"href":"https:\/\/agoravape.com\/de\/wp-json\/wp\/v2\/product"}],"about":[{"href":"https:\/\/agoravape.com\/de\/wp-json\/wp\/v2\/types\/product"}],"replies":[{"embeddable":true,"href":"https:\/\/agoravape.com\/de\/wp-json\/wp\/v2\/comments?post=23780"}],"version-history":[{"count":0,"href":"https:\/\/agoravape.com\/de\/wp-json\/wp\/v2\/product\/23780\/revisions"}],"wp:featuredmedia":[{"embeddable":true,"href":"https:\/\/agoravape.com\/de\/wp-json\/wp\/v2\/media\/22104"}],"wp:attachment":[{"href":"https:\/\/agoravape.com\/de\/wp-json\/wp\/v2\/media?parent=23780"}],"wp:term":[{"taxonomy":"product_brand","embeddable":true,"href":"https:\/\/agoravape.com\/de\/wp-json\/wp\/v2\/product_brand?post=23780"},{"taxonomy":"product_cat","embeddable":true,"href":"https:\/\/agoravape.com\/de\/wp-json\/wp\/v2\/product_cat?post=23780"},{"taxonomy":"product_tag","embeddable":true,"href":"https:\/\/agoravape.com\/de\/wp-json\/wp\/v2\/product_tag?post=23780"}],"curies":[{"name":"wp","href":"https:\/\/api.w.org\/{rel}","templated":true}]}}