{"id":23813,"date":"2026-01-25T14:23:09","date_gmt":"2026-01-25T06:23:09","guid":{"rendered":"https:\/\/agoravape.com\/?post_type=product&#038;p=23813"},"modified":"2026-03-21T12:43:57","modified_gmt":"2026-03-21T11:43:57","slug":"saimeo-humo-etui-iphone-15-30000-puffs","status":"publish","type":"product","link":"https:\/\/agoravape.com\/de\/product\/saimeo-humo-case-iphone-15-30000-puffs\/","title":{"rendered":"Saimeo Humo H\u00fclle f\u00fcr iPhone 15 (30.000 Z\u00fcge) | Big Puff Life, Handy-\u00e4hnlicher Griff"},"content":{"rendered":"<h2 data-v-md-heading=\"what-is-the-special-feature-of-saimeo-humo-case-iphone-15-30k-30000-pack-vape\" data-v-md-line=\"3\">Was ist das Besondere an der Saimeo Humo H\u00fclle f\u00fcr das iPhone 15 30k 30000 Packung Vape?<\/h2>\n<p data-v-md-line=\"5\">Wenn Sie genug von Einweg-E-Zigaretten haben, deren Akku schon nach kurzer Zeit leer ist, sollten Sie dieses Produkt unbedingt in Betracht ziehen. Die Saimeo Humo H\u00fclle f\u00fcr das iPhone 15 ist f\u00fcr den Langzeitgebrauch (bis zu 30.000 Anwendungen) ausgelegt und sieht aus wie eine Handyh\u00fclle. Sie liegt angenehm in der Hand und l\u00e4sst sich problemlos in der Tasche verstauen.<\/p>\n<p data-v-md-line=\"7\">Man k\u00f6nnte meinen, ein Produkt mit der Bezeichnung \u201e30k\u201c sei so schwer wie ein Ziegelstein. Doch das stimmt nicht. Es ist schlank und elegant und hat ein Design, das an eine iPhone-H\u00fclle erinnert und die t\u00e4gliche Nutzung besonders einfach macht.<\/p>\n<h2 data-v-md-heading=\"excellent-performance-and-easy-operation\" data-v-md-line=\"9\">Hervorragende Leistung und einfache Bedienung<\/h2>\n<p data-v-md-line=\"11\">Saimeos Designphilosophie ist denkbar einfach: Zum Aktivieren gen\u00fcgt ein Zug \u2013 ganz ohne Kn\u00f6pfe oder umst\u00e4ndliche Bedienung. Der integrierte 680-mAh-Akku wird \u00fcber USB-C geladen, sodass Sie bei niedrigem Akkustand die meisten g\u00e4ngigen Ladekabel verwenden k\u00f6nnen. Genau das unterscheidet Saimeo von Einweg-E-Zigaretten.<\/p>\n<h2 data-v-md-heading=\"quick-specifications\" data-v-md-line=\"13\">Kurzspezifikationen<\/h2>\n<ul data-v-md-line=\"14\">\n<li>Anzahl der Ports: bis zu 30000 Ports<\/li>\n<li>E-Liquid-Kapazit\u00e4t: 13 Milliliter<\/li>\n<li>Akku: 680 mAh (wiederaufladbar)<\/li>\n<li>Nikotingehalt: 2 % oder 5 % (je nach Geschmacksrichtung)<\/li>\n<li>Anwendung: Aktivierung durch Inhalation<\/li>\n<li>Ladeschnittstelle: Typ-C<\/li>\n<li>Fallfestigkeit: Getestet auf Sto\u00dffestigkeit aus 10 Stockwerken<\/li>\n<li>Gr\u00f6\u00dfe: 75,8 \u00d7 21,92 \u00d7 166,66 Millimeter<\/li>\n<li>Status: Sofort einsatzbereit nach dem Auspacken<\/li>\n<li>Kompatibel mit iPhone 13; iPhone 12 &amp; 12 Pro; iPhone 14;<\/li>\n<\/ul>\n<h2 data-v-md-heading=\"complete-flavor-lineup\" data-v-md-line=\"24\">Vollst\u00e4ndiges Geschmackssortiment<\/h2>\n<ul data-v-md-line=\"25\">\n<li>Frauenheld (2%)<\/li>\n<li>Hawaii (2%)<\/li>\n<li>Passionsfrucht-Kiwi (2%)<\/li>\n<li>Liebe 66 (2%)<\/li>\n<li>Blaubeeren und Zitronen (2 %)<\/li>\n<li>Wassermeloneneis (5%)<\/li>\n<li>Blaubeereis (5%)<\/li>\n<li>Miami Mint (5%)<\/li>\n<li>Saures Apfeleis (5%)<\/li>\n<li>Dreifachbeere (5%)<\/li>\n<\/ul>\n<h2 data-v-md-heading=\"tailored-for-you-and-your-business\" data-v-md-line=\"36\">Tailored for you and your business<\/h2>\n<p data-v-md-line=\"38\">Die Saimeo Humo Case iPhone 15 30k ist eine einfache und benutzerfreundliche Einweg-E-Zigarette f\u00fcr den pers\u00f6nlichen Gebrauch. Sie eignet sich auch ideal f\u00fcr den Gro\u00dfeinkauf im station\u00e4ren Handel oder Online-Shop. Die Verpackung umfasst 5 oder 100 St\u00fcck pro Karton.<\/p>\n<p data-v-md-line=\"40\">Wir wissen auch, dass neben dem Geschmack andere Aspekte ebenso wichtig sind. Deshalb bietet AgoraVape bequeme Lieferdienste in ganz Europa und arbeitet mit zuverl\u00e4ssigen Kurierpartnern wie UPS, DPD und DHL zusammen, um Ihnen Zollprobleme zu ersparen und eine planbare Lieferung zu gew\u00e4hrleisten.<\/p>\n<h2 data-v-md-heading=\"reasons-why-you-will-like-it\" data-v-md-line=\"42\">Reasons why you will like it<\/h2>\n<ul data-v-md-line=\"43\">\n<li>Extrem lange Akkulaufzeit: L\u00e4ngere Nutzungsdauer, Ger\u00e4te m\u00fcssen nicht h\u00e4ufig ausgetauscht werden.<\/li>\n<li>Zwei Nikotinkonzentrationsoptionen: 2 % Nikotinkonzentration, geeignet f\u00fcr Anwender, die einen leichten Geschmack bevorzugen;<\/li>\n<li>5% Nikotinkonzentration, geeignet f\u00fcr Konsumenten, die intensive Aromen (mit besserem Geschmack) sch\u00e4tzen.<\/li>\n<li>Wiederaufladbar: Stellen Sie sicher, dass Sie das gekaufte E-Liquid auch wirklich aufbrauchen k\u00f6nnen.<\/li>\n<li>Design der Handyh\u00fclle: Komfortabler Griff, rutscht nicht leicht ab.<\/li>\n<li>Falltest: Langlebiger, selbst bei versehentlichem Herunterfallen besteht kein Grund zur Sorge.<\/li>\n<\/ul>\n<h2 data-v-md-heading=\"why-choose-agoravape\" data-v-md-line=\"50\">Why choose AgoraVape?<\/h2>\n<p data-v-md-line=\"52\">AgoraVape folgt einem einzigen Prinzip: Wir verwenden niemals minderwertige Produkte und arbeiten nicht mit unbekannten Lieferanten zusammen. Wir bieten eine 100%ige Produktgarantie, g\u00fcnstige Preise und professionellen Support \u2013 ideal f\u00fcr Unternehmen. Wenn Sie die Saimeo Humo H\u00fclle f\u00fcr das iPhone 15 (30.000 Z\u00fcge) kaufen m\u00f6chten, kontaktieren Sie uns. Wir helfen Ihnen gerne, die passende Geschmacksrichtung und Nikotinst\u00e4rke f\u00fcr Ihre Kunden zu finden.<\/p>","protected":false},"excerpt":{"rendered":"<p>Was ist die Besonderheit von Saimeo Humo Case iPhone 15 30k 30000 pack vape? Wenn Sie m\u00fcde von Einweg sind<\/p>","protected":false},"featured_media":22096,"comment_status":"open","ping_status":"closed","template":"","meta":[],"product_brand":[1663],"product_cat":[124,185,189,1637,174,191,1666,179,173,186,180,190],"product_tag":[],"class_list":{"0":"post-23813","1":"product","2":"type-product","3":"status-publish","4":"has-post-thumbnail","6":"product_brand-saimeo","7":"product_cat-vape-by-brand","8":"product_cat-10000-puffs-high-capacity","9":"product_cat-20mg-standard-nicotine-vapes","10":"product_cat-30000-puffs","11":"product_cat-fruit-flavors","12":"product_cat-rechargeable-disposables","13":"product_cat-saimeo","14":"product_cat-unique-blends","15":"product_cat-vape-by-flavor-profile","16":"product_cat-vape-by-nicotine-strength","17":"product_cat-vape-by-puff-count","18":"product_cat-vape-by-feature-or-type","20":"first","21":"instock","22":"shipping-taxable","23":"purchasable","24":"product-type-variable","25":"has-default-attributes"},"tiered_pricing_type":"percentage","tiered_pricing_fixed_rules":[],"tiered_pricing_product_settings":{"layout":"default","base_unit_name":{"singular":null,"plural":null},"default_variation":null},"tiered_pricing_minimum_quantity":10,"tiered_pricing_roles_data":[],"tiered_pricing_percentage_rules":{"30":"29","50":"35","100":"40","200":"44","500":"47","1000":"49"},"tiered_pricing_maximum_quantity":null,"tiered_pricing_quantity_step":"10","_links":{"self":[{"href":"https:\/\/agoravape.com\/de\/wp-json\/wp\/v2\/product\/23813","targetHints":{"allow":["GET"]}}],"collection":[{"href":"https:\/\/agoravape.com\/de\/wp-json\/wp\/v2\/product"}],"about":[{"href":"https:\/\/agoravape.com\/de\/wp-json\/wp\/v2\/types\/product"}],"replies":[{"embeddable":true,"href":"https:\/\/agoravape.com\/de\/wp-json\/wp\/v2\/comments?post=23813"}],"version-history":[{"count":0,"href":"https:\/\/agoravape.com\/de\/wp-json\/wp\/v2\/product\/23813\/revisions"}],"wp:featuredmedia":[{"embeddable":true,"href":"https:\/\/agoravape.com\/de\/wp-json\/wp\/v2\/media\/22096"}],"wp:attachment":[{"href":"https:\/\/agoravape.com\/de\/wp-json\/wp\/v2\/media?parent=23813"}],"wp:term":[{"taxonomy":"product_brand","embeddable":true,"href":"https:\/\/agoravape.com\/de\/wp-json\/wp\/v2\/product_brand?post=23813"},{"taxonomy":"product_cat","embeddable":true,"href":"https:\/\/agoravape.com\/de\/wp-json\/wp\/v2\/product_cat?post=23813"},{"taxonomy":"product_tag","embeddable":true,"href":"https:\/\/agoravape.com\/de\/wp-json\/wp\/v2\/product_tag?post=23813"}],"curies":[{"name":"wp","href":"https:\/\/api.w.org\/{rel}","templated":true}]}}