{"id":23840,"date":"2026-01-25T14:47:58","date_gmt":"2026-01-25T06:47:58","guid":{"rendered":"https:\/\/agoravape.com\/?post_type=product&#038;p=23840"},"modified":"2026-03-26T13:22:25","modified_gmt":"2026-03-26T12:22:25","slug":"saimeo-humo-etui-iphone-14-30000-puffs","status":"publish","type":"product","link":"https:\/\/agoravape.com\/de\/product\/saimeo-humo-case-iphone-14-30000-puffs\/","title":{"rendered":"Saimeo Humo H\u00fclle f\u00fcr iPhone 14 Pro 30k (30.000 Z\u00fcge) | Handyschutz + wiederaufladbare E-Zigarette \u2013 einfach und praktisch"},"content":{"rendered":"<h2 data-v-md-heading=\"what-s-special-about-the-saimeo-humo-iphone-14-pro-case-30k-30000-ports\" data-v-md-line=\"3\">Was ist das Besondere an der Saimeo Humo iPhone 14 Pro H\u00fclle mit 30.000 Anschl\u00fcssen?<\/h2>\n<p data-v-md-line=\"5\">Sind Sie es leid, Ihr Handy und Ihre E-Zigarette in zwei separaten Taschen aufzubewahren? Dann ist die Saimeo Humo Handyh\u00fclle genau das Richtige f\u00fcr Sie. Es handelt sich um eine iPhone 14 Pro H\u00fclle mit integrierter Einweg-E-Zigarette. Die Bedienung ist genauso einfach wie bei einer normalen Handyh\u00fclle: Einfach auf das Handy klemmen und direkt inhalieren, wann immer Sie m\u00f6chten. Keine Kn\u00f6pfe, keine komplizierten Einstellungen n\u00f6tig.<\/p>\n<p data-v-md-line=\"7\">Man k\u00f6nnte meinen, dass eine Handyh\u00fclle mit einer Kapazit\u00e4t von bis zu 30.000 Anschl\u00fcssen schwer sein m\u00fcsste, doch das Designkonzept dieser H\u00fclle ist ganz klar auf Benutzerfreundlichkeit ausgelegt. Sie wurde speziell f\u00fcr Nutzer entwickelt, die Wert auf Einfachheit und einfache Handhabung legen und nicht st\u00e4ndig neue Ger\u00e4te kaufen m\u00f6chten.<\/p>\n<h2 data-v-md-heading=\"excellent-performance-and-easy-operation\" data-v-md-line=\"9\">Hervorragende Leistung und einfache Bedienung<\/h2>\n<p data-v-md-line=\"11\">Das Designkonzept von Saimeo ist denkbar einfach: Inhalieren aktiviert die Verdampferfunktion sofort. Bei niedrigem Akkustand l\u00e4sst sich das Ger\u00e4t \u00fcber den USB-C-Anschluss aufladen, sodass Sie Ihr gekauftes E-Liquid weiter nutzen und Verschwendung vermeiden k\u00f6nnen. Dar\u00fcber hinaus ist Saimeo robust und mit professionellen Handyh\u00fcllen vergleichbar. Es hat einen Falltest aus zehn Stockwerken H\u00f6he bestanden und ist weit mehr als nur ein Gimmick, das man an die R\u00fcckseite eines iPhones klebt.<\/p>\n<h2 data-v-md-heading=\"quick-specifications\" data-v-md-line=\"13\">Kurzspezifikationen<\/h2>\n<ul data-v-md-line=\"14\">\n<li>Anzahl der Ports: bis zu 30000 Ports<\/li>\n<li>E-Liquid-Kapazit\u00e4t: 13 Milliliter<\/li>\n<li>Akkukapazit\u00e4t: 680 mAh<\/li>\n<li>Nikotingehalt: 5 %<\/li>\n<li>Anwendung: Zum Aktivieren einatmen.<\/li>\n<li>Ladeschnittstelle: Typ-C-Schnittstelle<\/li>\n<li>Ger\u00e4tegr\u00f6\u00dfe: 75,8 \u00d7 21,92 \u00d7 166,66 Millimeter<\/li>\n<li>Fallfestigkeit: Getestet auf Sto\u00dffestigkeit aus einer H\u00f6he von 10 Stockwerken<\/li>\n<li>Sofort einsatzbereit:<\/li>\n<\/ul>\n<h2 data-v-md-heading=\"complete-flavor-lineup\" data-v-md-line=\"24\">Vollst\u00e4ndiges Geschmackssortiment<\/h2>\n<ul data-v-md-line=\"25\">\n<li>Watermelon Ice<\/li>\n<li>Blaubeereis<\/li>\n<li>Miami Mint<\/li>\n<li>Saures Apfeleis<\/li>\n<li>Trio Berry<\/li>\n<\/ul>\n<h2 data-v-md-heading=\"suitable-for-you-and-your-business\" data-v-md-line=\"31\">Geeignet f\u00fcr Sie und Ihr Unternehmen<\/h2>\n<p data-v-md-line=\"33\">Wenn Sie eine Handyh\u00fclle suchen, die sowohl praktisch als auch stylisch ist, ist die Saimeo Humo iPhone 14 Pro 30k die ideale Wahl. Auch f\u00fcr H\u00e4ndler ist diese Handyh\u00fclle praktisch: Sie ist zu 5 St\u00fcck pro Karton verpackt, der insgesamt 100 St\u00fcck fasst (Kartongr\u00f6\u00dfe: 47,8 \u00d7 32,4 \u00d7 41,5 cm, Kartongewicht: 15,59 kg).<\/p>\n<p data-v-md-line=\"35\">Wenn Sie in Europa einkaufen, ist eine zuverl\u00e4ssige Lieferung entscheidend. Deshalb arbeiten wir eng mit vertrauensw\u00fcrdigen Versanddienstleistern zusammen, um Ihnen transparente Lieferoptionen anzubieten und sicherzustellen, dass Sie keine unerwarteten Probleme erleben.<\/p>\n<h2 data-v-md-heading=\"the-reason-why-you-will-like-it\" data-v-md-line=\"37\">Warum es Ihnen gefallen wird<\/h2>\n<ul data-v-md-line=\"38\">\n<li>Langlebig und robust: Langlebig und robust, ohne dass ein h\u00e4ufiger Austausch erforderlich ist.<\/li>\n<li>Wiederaufladbar: Dank des Typ-C-Ladeanschlusses l\u00e4sst sich das E-Liquid problemlos aufbrauchen.<\/li>\n<li>Aktivierung durch Einatmen: Keine Kn\u00f6pfe, kein Einarbeiten erforderlich, einfach und bequem.<\/li>\n<li>Echte Schutzh\u00fclle: Speziell entwickelt, um Ihr Handy zu sch\u00fctzen, nicht nur um E-Zigaretten aufzubewahren.<\/li>\n<li>Reichhaltige Geschmacksauswahl: Einfache und vertraute Geschmacksrichtungen, leicht zu verkaufen und zu kaufen.<\/li>\n<\/ul>\n<h2 data-v-md-heading=\"why-choose-to-collaborate-with-agoravape\" data-v-md-line=\"44\">Warum sollten Sie sich f\u00fcr eine Zusammenarbeit mit AgoraVape entscheiden?<\/h2>\n<p data-v-md-line=\"46\">Bei AgoraVape halten wir uns stets an die wichtigsten Prinzipien: 100 % Originalprodukte, ehrliche Antworten auf Ihre Fragen und zuverl\u00e4ssige Liefergarantien f\u00fcr unsere europ\u00e4ischen Kunden. F\u00fcr Gesch\u00e4ftskunden bedeutet dies wettbewerbsf\u00e4hige Gro\u00dfhandelsl\u00f6sungen, einen reaktionsschnellen Kundenservice und flexible Versandoptionen, die Ihnen eine flexible Planung erm\u00f6glichen. M\u00f6chten Sie Saimeo Humo Handyh\u00fcllen f\u00fcr das iPhone 14 Pro mit 30.000 Anschl\u00fcssen kaufen? Kontaktieren Sie uns, und wir finden die optimale L\u00f6sung f\u00fcr Sie.<\/p>","protected":false},"excerpt":{"rendered":"<p>Was ist das Besondere an der Saimeo Humo iPhone 14 Pro H\u00fclle, 30k\/30000 Ports? Wenn Sie es leid sind, dass Ihr Telefon und<\/p>","protected":false},"featured_media":22105,"comment_status":"open","ping_status":"closed","template":"","meta":[],"product_brand":[1663],"product_cat":[124,185,189,1637,174,191,1666,179,173,186,180,190],"product_tag":[],"class_list":{"0":"post-23840","1":"product","2":"type-product","3":"status-publish","4":"has-post-thumbnail","6":"product_brand-saimeo","7":"product_cat-vape-by-brand","8":"product_cat-10000-puffs-high-capacity","9":"product_cat-20mg-standard-nicotine-vapes","10":"product_cat-30000-puffs","11":"product_cat-fruit-flavors","12":"product_cat-rechargeable-disposables","13":"product_cat-saimeo","14":"product_cat-unique-blends","15":"product_cat-vape-by-flavor-profile","16":"product_cat-vape-by-nicotine-strength","17":"product_cat-vape-by-puff-count","18":"product_cat-vape-by-feature-or-type","20":"first","21":"instock","22":"shipping-taxable","23":"purchasable","24":"product-type-variable","25":"has-default-attributes"},"tiered_pricing_type":"percentage","tiered_pricing_fixed_rules":[],"tiered_pricing_product_settings":{"layout":"default","base_unit_name":{"singular":null,"plural":null},"default_variation":null},"tiered_pricing_minimum_quantity":10,"tiered_pricing_roles_data":[],"tiered_pricing_percentage_rules":{"30":"29","50":"35","100":"40","200":"44","500":"47","1000":"49"},"tiered_pricing_maximum_quantity":null,"tiered_pricing_quantity_step":"10","_links":{"self":[{"href":"https:\/\/agoravape.com\/de\/wp-json\/wp\/v2\/product\/23840","targetHints":{"allow":["GET"]}}],"collection":[{"href":"https:\/\/agoravape.com\/de\/wp-json\/wp\/v2\/product"}],"about":[{"href":"https:\/\/agoravape.com\/de\/wp-json\/wp\/v2\/types\/product"}],"replies":[{"embeddable":true,"href":"https:\/\/agoravape.com\/de\/wp-json\/wp\/v2\/comments?post=23840"}],"version-history":[{"count":0,"href":"https:\/\/agoravape.com\/de\/wp-json\/wp\/v2\/product\/23840\/revisions"}],"wp:featuredmedia":[{"embeddable":true,"href":"https:\/\/agoravape.com\/de\/wp-json\/wp\/v2\/media\/22105"}],"wp:attachment":[{"href":"https:\/\/agoravape.com\/de\/wp-json\/wp\/v2\/media?parent=23840"}],"wp:term":[{"taxonomy":"product_brand","embeddable":true,"href":"https:\/\/agoravape.com\/de\/wp-json\/wp\/v2\/product_brand?post=23840"},{"taxonomy":"product_cat","embeddable":true,"href":"https:\/\/agoravape.com\/de\/wp-json\/wp\/v2\/product_cat?post=23840"},{"taxonomy":"product_tag","embeddable":true,"href":"https:\/\/agoravape.com\/de\/wp-json\/wp\/v2\/product_tag?post=23840"}],"curies":[{"name":"wp","href":"https:\/\/api.w.org\/{rel}","templated":true}]}}