{"id":23885,"date":"2026-01-25T19:18:23","date_gmt":"2026-01-25T11:18:23","guid":{"rendered":"https:\/\/agoravape.com\/?post_type=product&#038;p=23885"},"modified":"2026-03-26T13:22:39","modified_gmt":"2026-03-26T12:22:39","slug":"knallfrosch-60k-60000-puffs","status":"publish","type":"product","link":"https:\/\/agoravape.com\/de\/product\/bang-blaze-60k-60000-puffs\/","title":{"rendered":"Bang Blaze 60k \u2013 60.000 Z\u00fcge \u2013 4-in-1-E-Zigarette | Vier Geschmacksrichtungen in einem Ger\u00e4t mit langer Laufzeit"},"content":{"rendered":"<h2 data-v-md-heading=\"what-is-the-special-feature-of-bang-blaze-60k-60000-mouth-4-in-1-flavor-vape\" data-v-md-line=\"3\"><img loading=\"lazy\" decoding=\"async\" class=\"aligncenter size-full wp-image-23904\" src=\"https:\/\/agoravape.com\/wp-content\/uploads\/2026\/01\/Bang-Blaze-60k-60000-Puffs-4in1-Flavor-Vape-Four-Flavours-On-Tap-One-Device-That-Lasts_Agora_vape-13-scaled.webp\" alt=\"\" width=\"2560\" height=\"1280\" srcset=\"https:\/\/agoravape.com\/wp-content\/uploads\/2026\/01\/Bang-Blaze-60k-60000-Puffs-4in1-Flavor-Vape-Four-Flavours-On-Tap-One-Device-That-Lasts_Agora_vape-13-scaled.webp 2560w, https:\/\/agoravape.com\/wp-content\/uploads\/2026\/01\/Bang-Blaze-60k-60000-Puffs-4in1-Flavor-Vape-Four-Flavours-On-Tap-One-Device-That-Lasts_Agora_vape-13-scaled-1200x600.webp 1200w, https:\/\/agoravape.com\/wp-content\/uploads\/2026\/01\/Bang-Blaze-60k-60000-Puffs-4in1-Flavor-Vape-Four-Flavours-On-Tap-One-Device-That-Lasts_Agora_vape-13-300x150.webp 300w, https:\/\/agoravape.com\/wp-content\/uploads\/2026\/01\/Bang-Blaze-60k-60000-Puffs-4in1-Flavor-Vape-Four-Flavours-On-Tap-One-Device-That-Lasts_Agora_vape-13-1024x512.webp 1024w, https:\/\/agoravape.com\/wp-content\/uploads\/2026\/01\/Bang-Blaze-60k-60000-Puffs-4in1-Flavor-Vape-Four-Flavours-On-Tap-One-Device-That-Lasts_Agora_vape-13-768x384.webp 768w, https:\/\/agoravape.com\/wp-content\/uploads\/2026\/01\/Bang-Blaze-60k-60000-Puffs-4in1-Flavor-Vape-Four-Flavours-On-Tap-One-Device-That-Lasts_Agora_vape-13-1536x768.webp 1536w, https:\/\/agoravape.com\/wp-content\/uploads\/2026\/01\/Bang-Blaze-60k-60000-Puffs-4in1-Flavor-Vape-Four-Flavours-On-Tap-One-Device-That-Lasts_Agora_vape-13-2048x1024.webp 2048w, https:\/\/agoravape.com\/wp-content\/uploads\/2026\/01\/Bang-Blaze-60k-60000-Puffs-4in1-Flavor-Vape-Four-Flavours-On-Tap-One-Device-That-Lasts_Agora_vape-13-18x9.webp 18w\" sizes=\"auto, (max-width: 2560px) 100vw, 2560px\" \/><\/h2>\n<h2 data-v-md-heading=\"what-is-the-special-feature-of-bang-blaze-60k-60000-mouth-4-in-1-flavor-vape\" data-v-md-line=\"3\">Was ist das Besondere am Bang Blaze 60K 60000 Mundst\u00fcck 4-in-1 Geschmacks-Vape?<\/h2>\n<p data-v-md-line=\"5\">Sind Sie es leid, dass Einweg-E-Zigaretten nur einen Tag halten und danach schnell an Geschmack verlieren? Dann ist dieses Produkt genau das Richtige f\u00fcr Sie. Die Bang Blaze 60K bietet bis zu 60.000 Ladezyklen und (Achtung, Ironie!) ein Ger\u00e4t enth\u00e4lt vier Geschmacksrichtungen, sodass Sie jederzeit wechseln k\u00f6nnen, wenn Sie mal etwas anderes m\u00f6chten.<\/p>\n<p data-v-md-line=\"7\">Man k\u00f6nnte meinen, so viele Z\u00fcge von einer E-Zigarette w\u00e4ren so schwer wie ein Ziegelstein, aber sie ist viel leichter als gedacht. Sie wurde f\u00fcr Nutzer entwickelt, die lange und unkompliziert leckeres Dampfen genie\u00dfen m\u00f6chten. Einfach in die Hand nehmen, einen Zug nehmen und weitermachen.<\/p>\n<h2 data-v-md-heading=\"excellent-performance-and-easy-operation\" data-v-md-line=\"9\">Hervorragende Leistung und einfache Bedienung<\/h2>\n<p data-v-md-line=\"11\">Bang verwendet 1,0-\u03a9-Mesh-Coils f\u00fcr einen stabileren Geschmack und verhindert Geschmacksverluste. Der 650-mAh-Akku unterst\u00fctzt USB-C-Laden. Bei niedrigem Akkustand laden Sie ihn einfach mit demselben Datenkabel auf, mit dem Sie auch Ihr Smartphone laden. Kein umst\u00e4ndliches Laden oder die Suche nach einem separaten Ladeger\u00e4t n\u00f6tig.<\/p>\n<h2 data-v-md-heading=\"quick-specifications\" data-v-md-line=\"13\">Kurzspezifikationen<\/h2>\n<ul data-v-md-line=\"14\">\n<li>Rauchh\u00e4ufigkeit: bis zu 60000<\/li>\n<li>E-Liquid-Kapazit\u00e4t: 56 Milliliter<\/li>\n<li>Akku: 650 mAh (wiederaufladbar)<\/li>\n<li>Zerst\u00e4ubungskern: 1,0 \u03a9 Maschenzerst\u00e4ubungskern<\/li>\n<li>Anwendung: Zum Aktivieren einatmen.<\/li>\n<li>Ladeverfahren: USB-Typ-C-Schnittstelle<\/li>\n<li>Status: Sofort einsatzbereit<\/li>\n<li>In jedem Ger\u00e4t enthaltene Geschmacksrichtungen: 4-in-1-Geschmackskombination<\/li>\n<\/ul>\n<h2 data-v-md-heading=\"complete-flavor-lineup\" data-v-md-line=\"23\">Vollst\u00e4ndiges Geschmackssortiment<\/h2>\n<p data-v-md-line=\"25\">Jedes Ger\u00e4t enth\u00e4lt 4 Geschmackskombinationen. Folgende Geschmacksrichtungen sind optional:<\/p>\n<ul data-v-md-line=\"26\">\n<li>Wassermeloneneis\/Blaubeerminze\/Fuji-Eis\/Limettenromantik<\/li>\n<li>Wassermeloneneis\/Blaubeer-Kirsche\/Sommerzeit\/Saure Mango-Ananas<\/li>\n<li>Blaubeereis\/Pfirsicheis\/Regenbogenzucker\/Zitronenorange<\/li>\n<li>Blaubeereis\/Pfirsich-Mango-Wassermelone\/Leidenschaftlicher Kuss\/Honigmelonenapfel<\/li>\n<li>Blaubeeren, Himbeeren, gemischte Beeren, kalifornische Kirschen, Passionsfrucht-Mangos<\/li>\n<li>Blaubeeren, Himbeeren, Traubeneis, Beereneis, Aloe Vera, Mango, Honigmelone<\/li>\n<li>Energiedrinks\/Erdbeeren, Bananen, Mangos, Pfirsiche, Aprikosen, Maracuja, Kiwi, Limette<\/li>\n<li>Energydrink\/Blaubeere-Wassermelone\/Saurer Apfel-Himbeere\/Teddyb\u00e4r-Gummib\u00e4rchen<\/li>\n<li>Erdbeer-Mango\/Wassermelonen-Kaugummi\/Roter Mojito\/Love66<\/li>\n<li>Erdbeer-Mango\/Erdbeer-Kiwi\/Apfel-Traube\/Wassermelone-Drachenfrucht<\/li>\n<li>Erdbeer-Wassermelone\/Schwarzes Eis\/Dreizehn Melonen\/Cranberry-Trauben<\/li>\n<li>Erdbeer-Wassermelone\/Kiwi-Passionsfrucht-Guave\/Mango-Eis\/Wassermelonen-Saure-Pfirsich<\/li>\n<\/ul>\n<h2 data-v-md-heading=\"suitable-for-you-and-your-business\" data-v-md-line=\"39\">Geeignet f\u00fcr Sie und Ihr Unternehmen<\/h2>\n<ul data-v-md-line=\"40\">\n<li>Bang Blaze 60k 4-in-1 ist eine einfache und benutzerfreundliche Einweg-E-Zigarette. Sie eignet sich ideal f\u00fcr den Einkauf im station\u00e4ren Handel oder Online-Shop und ist besonders f\u00fcr Kunden geeignet, die ein intensives Dampferlebnis w\u00fcnschen, aber nicht mehrere Wochen hintereinander denselben Geschmack verwenden m\u00f6chten.<\/li>\n<\/ul>\n<p data-v-md-line=\"42\">Ben\u00f6tigen Sie eine reibungslose Lieferung innerhalb Europas? Wir helfen Ihnen gerne bei der Auswahl eines geeigneten Transportplans, um einen reibungslosen Ablauf zu gew\u00e4hrleisten und Zollprobleme sowie unerwartete Kosten zu vermeiden.<\/p>\n<h2 data-v-md-heading=\"the-reason-why-you-will-like-it\" data-v-md-line=\"44\">Warum es Ihnen gefallen wird<\/h2>\n<ul data-v-md-line=\"45\">\n<li>Extrem lange Akkulaufzeit: Langlebig und robust, wodurch die Anzahl der Batteriewechsel reduziert und Zeit und Aufwand gespart werden.<\/li>\n<li>Vier Geschmacksrichtungen in einer: Wechseln Sie die Geschmacksrichtungen nach Belieben, ohne vier Ger\u00e4te kaufen zu m\u00fcssen.<\/li>\n<li>Typ-C-Ladeanschluss: Hilft Ihnen, das Beste aus dem von Ihnen gekauften E-Liquid herauszuholen.<\/li>\n<li>Mesh-Verdampferkern: Sorgt f\u00fcr gleichbleibenden Geschmack vom ersten bis zum letzten Bissen.<\/li>\n<\/ul>\n<h2 data-v-md-heading=\"why-choose-to-collaborate-with-agoravape\" data-v-md-line=\"50\">Warum sollten Sie sich f\u00fcr eine Zusammenarbeit mit AgoraVape entscheiden?<\/h2>\n<p data-v-md-line=\"52\">AgoraVape setzt auf authentische Produkte und klare, praxisnahe Produktinformationen statt auf irref\u00fchrende Werbung. F\u00fcr Gesch\u00e4ftskunden bedeutet das zuverl\u00e4ssige Versorgung, kompetenten Kundenservice und schnelle Lieferung der Bang Blaze 60k 60000 Vier-in-Eins-Vapes. M\u00f6chten Sie mehr \u00fcber unsere Gro\u00dfhandelskonditionen und den aktuellen Lagerbestand erfahren? Kontaktieren Sie uns \u2013 wir beraten Sie gerne.<\/p>\n<p><script src=\"chrome-extension:\/\/fpelahbljekknahkcaegamhcndkfpfnc\/iFrame.js\" type=\"text\/javascript\"><\/script><\/p>","protected":false},"excerpt":{"rendered":"<p>&nbsp;<\/p>\n<p><script src=\"chrome-extension:\/\/fpelahbljekknahkcaegamhcndkfpfnc\/iFrame.js\" type=\"text\/javascript\"><\/script><\/p>","protected":false},"featured_media":23903,"comment_status":"open","ping_status":"closed","template":"","meta":[],"product_brand":[197],"product_cat":[124,187,188,189,1642,123,1674,174,193,191,179,173,186,180,190,192],"product_tag":[],"class_list":{"0":"post-23885","1":"product","2":"type-product","3":"status-publish","4":"has-post-thumbnail","6":"product_brand-bang","7":"product_cat-vape-by-brand","8":"product_cat-0mg-nicotine-free-vapes","9":"product_cat-10mg-low-nicotine-vapes","10":"product_cat-20mg-standard-nicotine-vapes","11":"product_cat-60000-puffs","12":"product_cat-bang","13":"product_cat-eu-warehouse","14":"product_cat-fruit-flavors","15":"product_cat-mesh-coil","16":"product_cat-rechargeable-disposables","17":"product_cat-unique-blends","18":"product_cat-vape-by-flavor-profile","19":"product_cat-vape-by-nicotine-strength","20":"product_cat-vape-by-puff-count","21":"product_cat-vape-by-feature-or-type","22":"product_cat-vapes-with-screens","24":"first","25":"instock","26":"shipping-taxable","27":"purchasable","28":"product-type-variable","29":"has-default-attributes"},"tiered_pricing_type":"percentage","tiered_pricing_fixed_rules":[],"tiered_pricing_product_settings":{"layout":"default","base_unit_name":{"singular":null,"plural":null},"default_variation":null},"tiered_pricing_minimum_quantity":10,"tiered_pricing_roles_data":[],"tiered_pricing_percentage_rules":{"30":"10","50":"18","100":"26","200":"33","500":"38","1000":"44"},"tiered_pricing_maximum_quantity":null,"tiered_pricing_quantity_step":"10","_links":{"self":[{"href":"https:\/\/agoravape.com\/de\/wp-json\/wp\/v2\/product\/23885","targetHints":{"allow":["GET"]}}],"collection":[{"href":"https:\/\/agoravape.com\/de\/wp-json\/wp\/v2\/product"}],"about":[{"href":"https:\/\/agoravape.com\/de\/wp-json\/wp\/v2\/types\/product"}],"replies":[{"embeddable":true,"href":"https:\/\/agoravape.com\/de\/wp-json\/wp\/v2\/comments?post=23885"}],"version-history":[{"count":0,"href":"https:\/\/agoravape.com\/de\/wp-json\/wp\/v2\/product\/23885\/revisions"}],"wp:featuredmedia":[{"embeddable":true,"href":"https:\/\/agoravape.com\/de\/wp-json\/wp\/v2\/media\/23903"}],"wp:attachment":[{"href":"https:\/\/agoravape.com\/de\/wp-json\/wp\/v2\/media?parent=23885"}],"wp:term":[{"taxonomy":"product_brand","embeddable":true,"href":"https:\/\/agoravape.com\/de\/wp-json\/wp\/v2\/product_brand?post=23885"},{"taxonomy":"product_cat","embeddable":true,"href":"https:\/\/agoravape.com\/de\/wp-json\/wp\/v2\/product_cat?post=23885"},{"taxonomy":"product_tag","embeddable":true,"href":"https:\/\/agoravape.com\/de\/wp-json\/wp\/v2\/product_tag?post=23885"}],"curies":[{"name":"wp","href":"https:\/\/api.w.org\/{rel}","templated":true}]}}