{"id":23919,"date":"2026-01-25T22:09:54","date_gmt":"2026-01-25T14:09:54","guid":{"rendered":"https:\/\/agoravape.com\/?post_type=product&#038;p=23919"},"modified":"2026-01-27T00:39:22","modified_gmt":"2026-01-26T16:39:22","slug":"bang-blaze-60k-dsk051-60000-puffs","status":"publish","type":"product","link":"https:\/\/agoravape.com\/de\/product\/bang-blaze-60k-dsk051-60000-puffs\/","title":{"rendered":"Bang Blaze 60k \u2013 Hochleistungs-E-Zigarette f\u00fcr 60.000 Z\u00fcge | Hohe Zugzahl, einfache Anwendung im Alltag"},"content":{"rendered":"<h2 data-v-md-heading=\"what-are-the-special-features-of-bang-blaze-60k-60000-mouth-dsk051-high-power-vape\" data-v-md-line=\"3\"><img loading=\"lazy\" decoding=\"async\" class=\"size-full wp-image-23943 alignright\" src=\"https:\/\/agoravape.com\/wp-content\/uploads\/2026\/01\/Bang-Blaze-60k-60000-Puffs-High-Power-Vape-Big-Puff-Count-Simple-Daily-Use_Agora_vape-11-scaled.webp\" alt=\"\" width=\"1280\" height=\"2560\" srcset=\"https:\/\/agoravape.com\/wp-content\/uploads\/2026\/01\/Bang-Blaze-60k-60000-Puffs-High-Power-Vape-Big-Puff-Count-Simple-Daily-Use_Agora_vape-11-scaled.webp 1280w, https:\/\/agoravape.com\/wp-content\/uploads\/2026\/01\/Bang-Blaze-60k-60000-Puffs-High-Power-Vape-Big-Puff-Count-Simple-Daily-Use_Agora_vape-11-scaled-1200x2400.webp 1200w, https:\/\/agoravape.com\/wp-content\/uploads\/2026\/01\/Bang-Blaze-60k-60000-Puffs-High-Power-Vape-Big-Puff-Count-Simple-Daily-Use_Agora_vape-11-150x300.webp 150w, https:\/\/agoravape.com\/wp-content\/uploads\/2026\/01\/Bang-Blaze-60k-60000-Puffs-High-Power-Vape-Big-Puff-Count-Simple-Daily-Use_Agora_vape-11-512x1024.webp 512w, https:\/\/agoravape.com\/wp-content\/uploads\/2026\/01\/Bang-Blaze-60k-60000-Puffs-High-Power-Vape-Big-Puff-Count-Simple-Daily-Use_Agora_vape-11-768x1536.webp 768w, https:\/\/agoravape.com\/wp-content\/uploads\/2026\/01\/Bang-Blaze-60k-60000-Puffs-High-Power-Vape-Big-Puff-Count-Simple-Daily-Use_Agora_vape-11-1024x2048.webp 1024w, https:\/\/agoravape.com\/wp-content\/uploads\/2026\/01\/Bang-Blaze-60k-60000-Puffs-High-Power-Vape-Big-Puff-Count-Simple-Daily-Use_Agora_vape-11-6x12.webp 6w\" sizes=\"auto, (max-width: 1280px) 100vw, 1280px\" \/><\/h2>\n<h2 data-v-md-heading=\"what-are-the-special-features-of-bang-blaze-60k-60000-mouth-dsk051-high-power-vape\" data-v-md-line=\"3\">Was sind die besonderen Merkmale des Bang Blaze 60k 60000 Mundst\u00fccks (DSK051) Hochleistungs-Vapes?<\/h2>\n<p data-v-md-line=\"5\">Sind Sie es leid, dass Einweg-E-Zigaretten zwar anfangs viel Power haben, aber schnell an Leistung verlieren? Dann bietet Ihnen die Bang Blaze 60k ein v\u00f6llig neues Dampferlebnis. Diese wiederaufladbare Einweg-E-Zigarette mit gro\u00dfem Speicher wurde f\u00fcr Nutzer entwickelt, die einen lang anhaltenden und gleichm\u00e4\u00dfigen Geschmack w\u00fcnschen, ohne das Dampfen zu einem reinen Hobby zu machen.<\/p>\n<p data-v-md-line=\"7\">Sie denken vielleicht, dass eine E-Zigarette mit einer Kapazit\u00e4t von 60.000 Z\u00fcgen in Ihrer Hosentasche so schwer wie ein Ziegelstein ist. H\u00e4lt man sie jedoch in der Hand, ist sie viel leichter als erwartet. Und wenn Sie nicht alle paar Tage die Kartusche wechseln m\u00f6chten, ist diese E-Zigarette genau die richtige Wahl f\u00fcr Sie.<\/p>\n<h2 data-v-md-heading=\"excellent-performance-and-easy-operation\" data-v-md-line=\"9\">Hervorragende Leistung und einfache Bedienung<\/h2>\n<p data-v-md-line=\"11\">Diese E-Zigarette ist mit einer 0,6-\u03a9-Mesh-Spule ausgestattet, die f\u00fcr eine gleichm\u00e4\u00dfige Erhitzung sorgt. Das bedeutet in der Praxis, dass der Geschmack vom ersten bis zum n\u00e4chsten Zug gleichbleibend ist \u2013 ohne verbrannten oder faden Beigeschmack, wie er bei manchen gro\u00dfen Einweg-E-Zigaretten auftritt. Bei niedrigem Akkustand kann die E-Zigarette \u00fcber den USB-C-Anschluss aufgeladen werden, sodass Sie Ihr vorhandenes Datenkabel zum Laden der meisten modernen Smartphones verwenden k\u00f6nnen.<\/p>\n<h2 data-v-md-heading=\"quick-specifications\" data-v-md-line=\"13\">Kurzspezifikationen<\/h2>\n<ul data-v-md-line=\"14\">\n<li>Rauchh\u00e4ufigkeit: bis zu 60000<\/li>\n<li>E-Liquid-Kapazit\u00e4t: 40 ml<\/li>\n<li>Akku: 1000 mAh (wiederaufladbar)<\/li>\n<li>Zerst\u00e4ubungskern: 0,6 \u03a9 Maschenzerst\u00e4ubungskern<\/li>\n<li>Anwendung: Zum Aktivieren einatmen.<\/li>\n<li>Ladeschnittstelle: Typ-C-Schnittstelle<\/li>\n<li>Sofort einsatzbereit:<\/li>\n<li>OEM\/ODM: Unterst\u00fctzung (gilt f\u00fcr kommerzielle\/kundenspezifische Bestellungen)<\/li>\n<\/ul>\n<h2 data-v-md-heading=\"complete-flavor-lineup\" data-v-md-line=\"23\">Vollst\u00e4ndiges Geschmackssortiment<\/h2>\n<ul data-v-md-line=\"24\">\n<li>K\u00fchle Minze<\/li>\n<li>Braunes Ale<\/li>\n<li>Doppelapfel<\/li>\n<li>Kirschminze<\/li>\n<li>Strawberry kiwi fruit<\/li>\n<li>Wassermelonenmann<\/li>\n<li>Wassermelone, Erdbeere, Melone<\/li>\n<li>Blaubeeren und Himbeeren<\/li>\n<li>Gemischte Beeren<\/li>\n<li>Passionsfrucht<\/li>\n<li>Britischer Red Bull<\/li>\n<li>Bloody Mary<\/li>\n<li>Strawberry watermelon<\/li>\n<li>Watermelon<\/li>\n<\/ul>\n<h2 data-v-md-heading=\"tailored-for-you-and-your-business\" data-v-md-line=\"39\">Tailored for you and your business<\/h2>\n<p data-v-md-line=\"41\">Sie k\u00f6nnen den Bang Blaze 60k direkt kaufen \u2013 ein einfaches und benutzerfreundliches Produkt, das sofort einsatzbereit ist. Auch f\u00fcr Einzelh\u00e4ndler und Gro\u00dfabnehmer ist er ideal, da Stammkunden die Vorteile der starken Saugkraft und des Akkus sofort zu sch\u00e4tzen wissen.<\/p>\n<p data-v-md-line=\"43\">F\u00fcr B2B-Bestellungen verwenden wir Verpackungen mit 100 Einheiten pro Karton (entspricht dem Gewicht von 10 Einheiten), um Ihre Lagerplanung zu vereinfachen. Wir arbeiten mit zuverl\u00e4ssigen Logistikpartnern wie UPS, DPD und DHL zusammen und bieten Ihnen nach M\u00f6glichkeit bequeme DDP-Versandoptionen nach Steuerzahlung an, sodass Sie sich keine Sorgen um Zollangelegenheiten machen m\u00fcssen.<\/p>\n<h2 data-v-md-heading=\"the-reason-why-you-will-like-it\" data-v-md-line=\"45\">Warum es Ihnen gefallen wird<\/h2>\n<ul data-v-md-line=\"46\">\n<li>Extrem hohe Saugkraft: L\u00e4ngere Akkulaufzeit, kein h\u00e4ufiger Akkuwechsel erforderlich.<\/li>\n<li>Wiederaufladbarer Akku: Erm\u00f6glicht die vollst\u00e4ndige Aufbrauchung des gekauften E-Liquids.<\/li>\n<li>Mesh-Spule: Sorgt f\u00fcr gleichbleibenden Geschmack und vermeidet das Gef\u00fchl eines \u201everminderten Geschmacks\u201c.<\/li>\n<li>Einfaches Inhalieren: Keine Kn\u00f6pfe, keine Einstellungen, sofort genie\u00dfen.<\/li>\n<\/ul>\n<h2 data-v-md-heading=\"why-choose-to-collaborate-with-agoravape\" data-v-md-line=\"51\">Warum sollten Sie sich f\u00fcr eine Zusammenarbeit mit AgoraVape entscheiden?<\/h2>\n<p data-v-md-line=\"53\">AgoraVape konzentriert sich auf die wirklich wichtigen Aspekte: Originalprodukte, klare Spezifikationen und zuverl\u00e4ssige Logistik in ganz Europa. F\u00fcr Gesch\u00e4ftskunden bieten wir zuverl\u00e4ssige Gro\u00dfhandelsl\u00f6sungen, reaktionsschnellen technischen Support und schnelle Lieferung f\u00fcr die Bang Blaze 60k 60000 (DSK051) Hochleistungs-E-Zigarette \u2013 dieses Produkt verkauft sich gut, weil es ein einfaches Problem l\u00f6st: Langlebigkeit.<\/p>\n<p><script src=\"chrome-extension:\/\/fpelahbljekknahkcaegamhcndkfpfnc\/iFrame.js\" type=\"text\/javascript\"><\/script><\/p>\n<p><script src=\"chrome-extension:\/\/fpelahbljekknahkcaegamhcndkfpfnc\/iFrame.js\" type=\"text\/javascript\"><\/script><\/p>","protected":false},"excerpt":{"rendered":"<p>&nbsp;<\/p>\n<p><script src=\"chrome-extension:\/\/fpelahbljekknahkcaegamhcndkfpfnc\/iFrame.js\" type=\"text\/javascript\"><\/script><\/p>\n<p><script src=\"chrome-extension:\/\/fpelahbljekknahkcaegamhcndkfpfnc\/iFrame.js\" type=\"text\/javascript\"><\/script><\/p>","protected":false},"featured_media":23942,"comment_status":"open","ping_status":"closed","template":"","meta":[],"product_brand":[197],"product_cat":[124,187,188,189,1642,123,174,193,191,179,173,186,180,190,192],"product_tag":[],"class_list":{"0":"post-23919","1":"product","2":"type-product","3":"status-publish","4":"has-post-thumbnail","6":"product_brand-bang","7":"product_cat-vape-by-brand","8":"product_cat-0mg-nicotine-free-vapes","9":"product_cat-10mg-low-nicotine-vapes","10":"product_cat-20mg-standard-nicotine-vapes","11":"product_cat-60000-puffs","12":"product_cat-bang","13":"product_cat-fruit-flavors","14":"product_cat-mesh-coil","15":"product_cat-rechargeable-disposables","16":"product_cat-unique-blends","17":"product_cat-vape-by-flavor-profile","18":"product_cat-vape-by-nicotine-strength","19":"product_cat-vape-by-puff-count","20":"product_cat-vape-by-feature-or-type","21":"product_cat-vapes-with-screens","23":"first","24":"instock","25":"shipping-taxable","26":"purchasable","27":"product-type-variable","28":"has-default-attributes"},"tiered_pricing_type":"percentage","tiered_pricing_fixed_rules":[],"tiered_pricing_product_settings":{"layout":"default","base_unit_name":{"singular":null,"plural":null},"default_variation":null},"tiered_pricing_minimum_quantity":10,"tiered_pricing_roles_data":[],"tiered_pricing_percentage_rules":{"30":"11","50":"18","100":"25","200":"30","500":"34","1000":"44"},"tiered_pricing_maximum_quantity":null,"tiered_pricing_quantity_step":"10","_links":{"self":[{"href":"https:\/\/agoravape.com\/de\/wp-json\/wp\/v2\/product\/23919","targetHints":{"allow":["GET"]}}],"collection":[{"href":"https:\/\/agoravape.com\/de\/wp-json\/wp\/v2\/product"}],"about":[{"href":"https:\/\/agoravape.com\/de\/wp-json\/wp\/v2\/types\/product"}],"replies":[{"embeddable":true,"href":"https:\/\/agoravape.com\/de\/wp-json\/wp\/v2\/comments?post=23919"}],"version-history":[{"count":0,"href":"https:\/\/agoravape.com\/de\/wp-json\/wp\/v2\/product\/23919\/revisions"}],"wp:featuredmedia":[{"embeddable":true,"href":"https:\/\/agoravape.com\/de\/wp-json\/wp\/v2\/media\/23942"}],"wp:attachment":[{"href":"https:\/\/agoravape.com\/de\/wp-json\/wp\/v2\/media?parent=23919"}],"wp:term":[{"taxonomy":"product_brand","embeddable":true,"href":"https:\/\/agoravape.com\/de\/wp-json\/wp\/v2\/product_brand?post=23919"},{"taxonomy":"product_cat","embeddable":true,"href":"https:\/\/agoravape.com\/de\/wp-json\/wp\/v2\/product_cat?post=23919"},{"taxonomy":"product_tag","embeddable":true,"href":"https:\/\/agoravape.com\/de\/wp-json\/wp\/v2\/product_tag?post=23919"}],"curies":[{"name":"wp","href":"https:\/\/api.w.org\/{rel}","templated":true}]}}