{"id":24338,"date":"2026-01-26T23:10:46","date_gmt":"2026-01-26T15:10:46","guid":{"rendered":"https:\/\/agoravape.com\/?post_type=product&#038;p=24338"},"modified":"2026-02-22T15:14:05","modified_gmt":"2026-02-22T14:14:05","slug":"bang-leader-85k-3in1-85000-puffs","status":"publish","type":"product","link":"https:\/\/agoravape.com\/de\/product\/bang-leader-85k-3in1-85000-puffs\/","title":{"rendered":"Bang Leader 85k E-Zigarette mit drei Geschmacksrichtungen f\u00fcr 85.000 Z\u00fcge | Drei Geschmacksrichtungen, ein Ger\u00e4t, weniger Aufwand"},"content":{"rendered":"<h2 data-v-md-heading=\"what-is-the-special-feature-of-bang-leader-85k-85000-three-flavored-vapes\" data-v-md-line=\"3\"><img loading=\"lazy\" decoding=\"async\" class=\"aligncenter size-full wp-image-24356\" src=\"https:\/\/agoravape.com\/wp-content\/uploads\/2026\/01\/Bang-Leader-85k-85000-Puffs-Triple-Flavor-Vape-Three-Flavours-One-Device-Less-Hassle_Agora_vape-5.webp\" alt=\"\" width=\"2277\" height=\"1280\" srcset=\"https:\/\/agoravape.com\/wp-content\/uploads\/2026\/01\/Bang-Leader-85k-85000-Puffs-Triple-Flavor-Vape-Three-Flavours-One-Device-Less-Hassle_Agora_vape-5.webp 2277w, https:\/\/agoravape.com\/wp-content\/uploads\/2026\/01\/Bang-Leader-85k-85000-Puffs-Triple-Flavor-Vape-Three-Flavours-One-Device-Less-Hassle_Agora_vape-5-1200x675.webp 1200w, https:\/\/agoravape.com\/wp-content\/uploads\/2026\/01\/Bang-Leader-85k-85000-Puffs-Triple-Flavor-Vape-Three-Flavours-One-Device-Less-Hassle_Agora_vape-5-300x169.webp 300w, https:\/\/agoravape.com\/wp-content\/uploads\/2026\/01\/Bang-Leader-85k-85000-Puffs-Triple-Flavor-Vape-Three-Flavours-One-Device-Less-Hassle_Agora_vape-5-1024x576.webp 1024w, https:\/\/agoravape.com\/wp-content\/uploads\/2026\/01\/Bang-Leader-85k-85000-Puffs-Triple-Flavor-Vape-Three-Flavours-One-Device-Less-Hassle_Agora_vape-5-768x432.webp 768w, https:\/\/agoravape.com\/wp-content\/uploads\/2026\/01\/Bang-Leader-85k-85000-Puffs-Triple-Flavor-Vape-Three-Flavours-One-Device-Less-Hassle_Agora_vape-5-1536x863.webp 1536w, https:\/\/agoravape.com\/wp-content\/uploads\/2026\/01\/Bang-Leader-85k-85000-Puffs-Triple-Flavor-Vape-Three-Flavours-One-Device-Less-Hassle_Agora_vape-5-2048x1151.webp 2048w, https:\/\/agoravape.com\/wp-content\/uploads\/2026\/01\/Bang-Leader-85k-85000-Puffs-Triple-Flavor-Vape-Three-Flavours-One-Device-Less-Hassle_Agora_vape-5-18x10.webp 18w\" sizes=\"auto, (max-width: 2277px) 100vw, 2277px\" \/><\/h2>\n<h2 data-v-md-heading=\"what-is-the-special-feature-of-bang-leader-85k-85000-three-flavored-vapes\" data-v-md-line=\"3\"><img loading=\"lazy\" decoding=\"async\" class=\"size-full wp-image-24367 aligncenter\" src=\"https:\/\/agoravape.com\/wp-content\/uploads\/2026\/01\/Bang-Leader-85k-85000-Puffs-Triple-Flavor-Vape-Three-Flavours-One-Device-Less-Hassle_Agora_vape-16.webp\" alt=\"\" width=\"1280\" height=\"2491\" srcset=\"https:\/\/agoravape.com\/wp-content\/uploads\/2026\/01\/Bang-Leader-85k-85000-Puffs-Triple-Flavor-Vape-Three-Flavours-One-Device-Less-Hassle_Agora_vape-16.webp 1280w, https:\/\/agoravape.com\/wp-content\/uploads\/2026\/01\/Bang-Leader-85k-85000-Puffs-Triple-Flavor-Vape-Three-Flavours-One-Device-Less-Hassle_Agora_vape-16-1200x2335.webp 1200w, https:\/\/agoravape.com\/wp-content\/uploads\/2026\/01\/Bang-Leader-85k-85000-Puffs-Triple-Flavor-Vape-Three-Flavours-One-Device-Less-Hassle_Agora_vape-16-154x300.webp 154w, https:\/\/agoravape.com\/wp-content\/uploads\/2026\/01\/Bang-Leader-85k-85000-Puffs-Triple-Flavor-Vape-Three-Flavours-One-Device-Less-Hassle_Agora_vape-16-526x1024.webp 526w, https:\/\/agoravape.com\/wp-content\/uploads\/2026\/01\/Bang-Leader-85k-85000-Puffs-Triple-Flavor-Vape-Three-Flavours-One-Device-Less-Hassle_Agora_vape-16-768x1495.webp 768w, https:\/\/agoravape.com\/wp-content\/uploads\/2026\/01\/Bang-Leader-85k-85000-Puffs-Triple-Flavor-Vape-Three-Flavours-One-Device-Less-Hassle_Agora_vape-16-789x1536.webp 789w, https:\/\/agoravape.com\/wp-content\/uploads\/2026\/01\/Bang-Leader-85k-85000-Puffs-Triple-Flavor-Vape-Three-Flavours-One-Device-Less-Hassle_Agora_vape-16-1052x2048.webp 1052w, https:\/\/agoravape.com\/wp-content\/uploads\/2026\/01\/Bang-Leader-85k-85000-Puffs-Triple-Flavor-Vape-Three-Flavours-One-Device-Less-Hassle_Agora_vape-16-6x12.webp 6w\" sizes=\"auto, (max-width: 1280px) 100vw, 1280px\" \/><\/h2>\n<h2 data-v-md-heading=\"what-is-the-special-feature-of-bang-leader-85k-85000-three-flavored-vapes\" data-v-md-line=\"3\">Was ist das Besondere an den drei Geschmacksrichtungen der Bang Leader 85k 85000 E-Zigaretten?<\/h2>\n<p data-v-md-line=\"5\">Sind Sie es leid, alle paar Tage eine neue Einweg-E-Zigarette zu kaufen? Dann ist die Bang Leader 85k genau das Richtige f\u00fcr Sie. Diese Einweg-E-Zigarette mit hoher Dampfkapazit\u00e4t ist robust und langlebig. Ein Ger\u00e4t enth\u00e4lt drei Geschmacksrichtungen f\u00fcr noch mehr Dampfgenuss.<\/p>\n<p data-v-md-line=\"7\">Das ist es, was den Leuten wirklich wichtig ist. Sie m\u00fcssen sich nicht auf eine einzige Geschmacksrichtung beschr\u00e4nken. Lust auf fruchtigen Geschmack jetzt und Bubble Tea sp\u00e4ter? Wechseln Sie jederzeit, ohne drei E-Zigaretten mit sich herumtragen zu m\u00fcssen. Sie denken vielleicht, ein Ger\u00e4t mit 85.000 kcal sei schwer wie ein Ziegelstein in Ihrer Hosentasche, aber angesichts seiner Kapazit\u00e4t ist das Gewicht durchaus angemessen.<\/p>\n<h2 data-v-md-heading=\"excellent-performance-and-easy-operation\" data-v-md-line=\"9\">Hervorragende Leistung und einfache Bedienung<\/h2>\n<p data-v-md-line=\"11\">Bangs Designphilosophie ist Einfachheit: Die Aktivierung erfolgt durch Inhalation, ohne Kn\u00f6pfe oder umst\u00e4ndliche Men\u00fcf\u00fchrung. Der integrierte 1,0-\u03a9-Mesh-Verdampferkern sorgt f\u00fcr einen stabileren Geschmack, der nicht wie bei anderen Produkten nach ein bis zwei Tagen abrupt nachl\u00e4sst.<\/p>\n<p data-v-md-line=\"13\">Da gr\u00f6\u00dfere Ger\u00e4te geladen werden m\u00fcssen, ist es mit einem USB-C-Anschluss ausgestattet. Bei niedrigem Akkustand verwenden Sie einfach dasselbe Datenkabel, mit dem Sie normalerweise Ihr Smartphone laden. Ganz einfach.<\/p>\n<h2 data-v-md-heading=\"quick-specifications\" data-v-md-line=\"15\">Kurzspezifikationen<\/h2>\n<ul data-v-md-line=\"16\">\n<li>Rauchfrequenz: bis zu 85000 Z\u00fcge<\/li>\n<li>Akkukapazit\u00e4t: 850 mAh (17350-Akku)<\/li>\n<li>Zerst\u00e4ubungskern: 1,0 \u03a9 Maschenzerst\u00e4ubungskern<\/li>\n<li>Anwendung: Zum Aktivieren einatmen.<\/li>\n<li>Ladeschnittstelle: Typ-C<\/li>\n<li>Status: Sofort einsatzbereit<\/li>\n<li>Sonstiges: Unterst\u00fctzt OEM\/ODM-Anpassungen (gilt f\u00fcr gro\u00dfe Gro\u00dfh\u00e4ndler)<\/li>\n<\/ul>\n<h2 data-v-md-heading=\"complete-flavor-lineup\" data-v-md-line=\"24\">Vollst\u00e4ndiges Geschmackssortiment<\/h2>\n<p data-v-md-line=\"26\">Jede der folgenden Geschmacksrichtungen ist eine Dreierkombination (ein Ger\u00e4t enth\u00e4lt drei Geschmacksrichtungen):<\/p>\n<ul data-v-md-line=\"27\">\n<li>Traubeneis \/ Erdbeer-Kiwi \/ Passionsfrucht-Guave<\/li>\n<li>Erdbeereis \/ Zitronen-Orange \/ Wassermelonen-Kaugummi<\/li>\n<li>Wassermeloneneis \/ Mango-Pfirsich \/ Orangenlimonade<\/li>\n<li>Ananas-Eis \/ Erdbeer-Red Bull \/ Gemischte Beeren<\/li>\n<li>Red Bull \/ Blaubeer-Wassermelonen-Eiscreme \/ Erdbeereis<\/li>\n<li>Cola-Eis \/ Apfel-Pfirsich \/ Rosa Limonade<\/li>\n<li>Bananeneis \/ Erdbeer-Wassermelone \/ B\u00e4rengummib\u00e4rchen<\/li>\n<li>Blaubeereis \/ Blaue Himbeere \/ Duftbirne<\/li>\n<li>Gemischte Fr\u00fcchte \/ Mojito-Pfirsich \/ Blaubeere-Himbeere<\/li>\n<li>Black Dragon Ice \/ Marshmallow \/ Summer Dream<\/li>\n<li>Erdbeer-Himbeere \/ Schwarze Johannisbeere \/ Erdbeer-Banane<\/li>\n<li>Erdbeer-Wassermelone \/ Kirschcola \/ Erdbeersahne<\/li>\n<li>Eis mit rotem Apfel \/ Himbeer-Wassermelone \/ Aloe-Traube<\/li>\n<li>Kirsch-Cranberry \/ Pfirsich-Mango \/ Ananas<\/li>\n<li>Love 666 \/ Blaubeere Himbeere \/ Vimto<\/li>\n<\/ul>\n<h2 data-v-md-heading=\"for-you-and-your-business\" data-v-md-line=\"43\">For you and your business<\/h2>\n<p data-v-md-line=\"45\">Sie k\u00f6nnen den Bang Leader 85k f\u00fcr den pers\u00f6nlichen Gebrauch erwerben, er ist aber auch ein sehr praktisches Produkt mit hohem Umschlag f\u00fcr Gesch\u00e4fte. Kunden sch\u00e4tzen Vielfalt, und die Sorte \u201eTriple Flavor\u201c ist an der Theke besonders beliebt, da sie ein praktisches Problem l\u00f6st: Langeweile beim Konsum kommt schnell auf.<\/p>\n<p data-v-md-line=\"47\">F\u00fcr den Gro\u00dfhandel werden diese Produkte in Kartons mit 200 St\u00fcck verpackt (Kartongr\u00f6\u00dfe: 51,5 x 51,5 x 30,5 cm, Gesamtgewicht: 29 kg). Wenn Sie gr\u00f6\u00dfere Mengen verkaufen m\u00f6chten, erleichtern Ihnen diese Verpackungsinformationen die Planung von Lagerung und Transport.<\/p>\n<h2 data-v-md-heading=\"the-reason-why-you-will-like-it\" data-v-md-line=\"49\">Warum es Ihnen gefallen wird<\/h2>\n<ul data-v-md-line=\"50\">\n<li>Extrem lange Akkulaufzeit: L\u00e4ngere Nutzungsdauer, kein h\u00e4ufiger Austausch erforderlich.<\/li>\n<li>Dreifache Geschmackskombination: Kein zus\u00e4tzlicher Kauf erforderlich, um die Frische zu erhalten<\/li>\n<li>Wiederaufladbar (Typ-C): Nutzen Sie Ihre Ressourcen optimal.<\/li>\n<li>Mesh-Verdampferkern: Sorgt f\u00fcr einen stabilen Geschmack und l\u00e4sst sich nicht so leicht abschw\u00e4chen.<\/li>\n<\/ul>\n<h2 data-v-md-heading=\"why-choose-to-collaborate-with-agoravape\" data-v-md-line=\"55\">Warum sollten Sie sich f\u00fcr eine Zusammenarbeit mit AgoraVape entscheiden?<\/h2>\n<p data-v-md-line=\"57\">Bei AgoraVape verkaufen wir ausschlie\u00dflich Originalprodukte und greifen niemals zu Betrug. Wenn Sie f\u00fcr Ihr Gesch\u00e4ft einkaufen, bieten wir Ihnen direkte Antworten, \u00e4u\u00dferst wettbewerbsf\u00e4hige Gro\u00dfhandelspreise und einen zuverl\u00e4ssigen Lieferservice, einschlie\u00dflich der Bang Leader 85k 85000 E-Zigaretten mit dreifachem Geschmack.<\/p>\n<p><script src=\"chrome-extension:\/\/fpelahbljekknahkcaegamhcndkfpfnc\/iFrame.js\" type=\"text\/javascript\"><\/script><\/p>","protected":false},"excerpt":{"rendered":"<p>&nbsp;<\/p>\n<p><script src=\"chrome-extension:\/\/fpelahbljekknahkcaegamhcndkfpfnc\/iFrame.js\" type=\"text\/javascript\"><\/script><\/p>\n<p><script src=\"chrome-extension:\/\/fpelahbljekknahkcaegamhcndkfpfnc\/iFrame.js\" type=\"text\/javascript\"><\/script><\/p>\n<p><script src=\"chrome-extension:\/\/fpelahbljekknahkcaegamhcndkfpfnc\/iFrame.js\" type=\"text\/javascript\"><\/script><\/p>\n<p><script src=\"chrome-extension:\/\/fpelahbljekknahkcaegamhcndkfpfnc\/iFrame.js\" type=\"text\/javascript\"><\/script><\/p>","protected":false},"featured_media":24368,"comment_status":"open","ping_status":"closed","template":"","meta":[],"product_brand":[197],"product_cat":[124,187,185,188,189,123,174,175,193,191,179,173,186,180,190,192],"product_tag":[],"class_list":{"0":"post-24338","1":"product","2":"type-product","3":"status-publish","4":"has-post-thumbnail","6":"product_brand-bang","7":"product_cat-vape-by-brand","8":"product_cat-0mg-nicotine-free-vapes","9":"product_cat-10000-puffs-high-capacity","10":"product_cat-10mg-low-nicotine-vapes","11":"product_cat-20mg-standard-nicotine-vapes","12":"product_cat-bang","13":"product_cat-fruit-flavors","14":"product_cat-icy-mint","15":"product_cat-mesh-coil","16":"product_cat-rechargeable-disposables","17":"product_cat-unique-blends","18":"product_cat-vape-by-flavor-profile","19":"product_cat-vape-by-nicotine-strength","20":"product_cat-vape-by-puff-count","21":"product_cat-vape-by-feature-or-type","22":"product_cat-vapes-with-screens","24":"first","25":"instock","26":"shipping-taxable","27":"purchasable","28":"product-type-variable","29":"has-default-attributes"},"tiered_pricing_type":"percentage","tiered_pricing_fixed_rules":[],"tiered_pricing_product_settings":{"layout":"default","base_unit_name":{"singular":null,"plural":null},"default_variation":null},"tiered_pricing_minimum_quantity":10,"tiered_pricing_roles_data":[],"tiered_pricing_percentage_rules":{"30":"9","50":"17","100":"23","200":"26","500":"29","1000":"38"},"tiered_pricing_maximum_quantity":null,"tiered_pricing_quantity_step":"10","_links":{"self":[{"href":"https:\/\/agoravape.com\/de\/wp-json\/wp\/v2\/product\/24338","targetHints":{"allow":["GET"]}}],"collection":[{"href":"https:\/\/agoravape.com\/de\/wp-json\/wp\/v2\/product"}],"about":[{"href":"https:\/\/agoravape.com\/de\/wp-json\/wp\/v2\/types\/product"}],"replies":[{"embeddable":true,"href":"https:\/\/agoravape.com\/de\/wp-json\/wp\/v2\/comments?post=24338"}],"version-history":[{"count":0,"href":"https:\/\/agoravape.com\/de\/wp-json\/wp\/v2\/product\/24338\/revisions"}],"wp:featuredmedia":[{"embeddable":true,"href":"https:\/\/agoravape.com\/de\/wp-json\/wp\/v2\/media\/24368"}],"wp:attachment":[{"href":"https:\/\/agoravape.com\/de\/wp-json\/wp\/v2\/media?parent=24338"}],"wp:term":[{"taxonomy":"product_brand","embeddable":true,"href":"https:\/\/agoravape.com\/de\/wp-json\/wp\/v2\/product_brand?post=24338"},{"taxonomy":"product_cat","embeddable":true,"href":"https:\/\/agoravape.com\/de\/wp-json\/wp\/v2\/product_cat?post=24338"},{"taxonomy":"product_tag","embeddable":true,"href":"https:\/\/agoravape.com\/de\/wp-json\/wp\/v2\/product_tag?post=24338"}],"curies":[{"name":"wp","href":"https:\/\/api.w.org\/{rel}","templated":true}]}}