{"id":24403,"date":"2026-01-26T23:35:02","date_gmt":"2026-01-26T15:35:02","guid":{"rendered":"https:\/\/agoravape.com\/?post_type=product&#038;p=24403"},"modified":"2026-03-14T16:22:20","modified_gmt":"2026-03-14T15:22:20","slug":"bang-leader-110k-110000-puffs","status":"publish","type":"product","link":"https:\/\/agoravape.com\/de\/product\/bang-leader-110k-110000-puffs\/","title":{"rendered":"Bang Leader 110k \u2013 E-Zigarette mit hoher Kapazit\u00e4t f\u00fcr 110.000 Z\u00fcge | Langanhaltender Geschmack, weniger Nachf\u00fcllungen"},"content":{"rendered":"<h2 data-v-md-heading=\"what-is-the-special-feature-of-bang-leader-s-110k-110000-large-capacity-vape\" data-v-md-line=\"3\"><img loading=\"lazy\" decoding=\"async\" class=\"aligncenter size-full wp-image-24418\" src=\"https:\/\/agoravape.com\/wp-content\/uploads\/2026\/01\/Bang-Leader-110k-110000-Puffs-High-Capacity-Vape-Long-Run-Flavour-Fewer-Replacements_Agora_vape-4-scaled.webp\" alt=\"\" width=\"1223\" height=\"2560\" srcset=\"https:\/\/agoravape.com\/wp-content\/uploads\/2026\/01\/Bang-Leader-110k-110000-Puffs-High-Capacity-Vape-Long-Run-Flavour-Fewer-Replacements_Agora_vape-4-scaled.webp 1223w, https:\/\/agoravape.com\/wp-content\/uploads\/2026\/01\/Bang-Leader-110k-110000-Puffs-High-Capacity-Vape-Long-Run-Flavour-Fewer-Replacements_Agora_vape-4-scaled-1200x2512.webp 1200w, https:\/\/agoravape.com\/wp-content\/uploads\/2026\/01\/Bang-Leader-110k-110000-Puffs-High-Capacity-Vape-Long-Run-Flavour-Fewer-Replacements_Agora_vape-4-143x300.webp 143w, https:\/\/agoravape.com\/wp-content\/uploads\/2026\/01\/Bang-Leader-110k-110000-Puffs-High-Capacity-Vape-Long-Run-Flavour-Fewer-Replacements_Agora_vape-4-489x1024.webp 489w, https:\/\/agoravape.com\/wp-content\/uploads\/2026\/01\/Bang-Leader-110k-110000-Puffs-High-Capacity-Vape-Long-Run-Flavour-Fewer-Replacements_Agora_vape-4-768x1607.webp 768w, https:\/\/agoravape.com\/wp-content\/uploads\/2026\/01\/Bang-Leader-110k-110000-Puffs-High-Capacity-Vape-Long-Run-Flavour-Fewer-Replacements_Agora_vape-4-734x1536.webp 734w, https:\/\/agoravape.com\/wp-content\/uploads\/2026\/01\/Bang-Leader-110k-110000-Puffs-High-Capacity-Vape-Long-Run-Flavour-Fewer-Replacements_Agora_vape-4-979x2048.webp 979w, https:\/\/agoravape.com\/wp-content\/uploads\/2026\/01\/Bang-Leader-110k-110000-Puffs-High-Capacity-Vape-Long-Run-Flavour-Fewer-Replacements_Agora_vape-4-6x12.webp 6w\" sizes=\"auto, (max-width: 1223px) 100vw, 1223px\" \/><\/h2>\n<h2 data-v-md-heading=\"what-is-the-special-feature-of-bang-leader-s-110k-110000-large-capacity-vape\" data-v-md-line=\"3\">Was ist das Besondere an der Bang Leader 110k 110000 E-Zigarette mit gro\u00dfem Fassungsverm\u00f6gen?<\/h2>\n<p data-v-md-line=\"5\">Wenn Sie genug von E-Zigaretten haben, die nicht sofort nach dem ersten Zug dampfen, ist die Bang Leader 110K genau die richtige Wahl. Sie wurde speziell f\u00fcr Nutzer entwickelt, die eine leistungsstarke, zuverl\u00e4ssige E-Zigarette suchen, die ohne h\u00e4ufiges Austauschen dauerhaft genutzt werden kann.<\/p>\n<p data-v-md-line=\"7\">Und das Unerwartetste ist, dass man meinen k\u00f6nnte, ein so leistungsstarkes Ger\u00e4t halte einen Ziegelstein in der Hand. Doch es liegt \u00fcberraschend leicht und stabil in der Hand (ca. 140 Gramm) und vermittelt keineswegs das Gef\u00fchl einer billigen Einweg-E-Zigarette.<\/p>\n<h2 data-v-md-heading=\"excellent-performance-and-easy-operation\" data-v-md-line=\"9\">Hervorragende Leistung und einfache Bedienung<\/h2>\n<p data-v-md-line=\"11\">Das Design des Bang ist schlicht und \u00fcbersichtlich. Er verf\u00fcgt \u00fcber eine integrierte 1,0-\u03a9-Mesh-Spule, was f\u00fcr einen stabileren Geschmack sorgt und verhindert, dass er wie bei anderen Produkten nach kurzer Zeit an Intensit\u00e4t verliert. Bei niedrigem Akkustand sind keine speziellen Kabel n\u00f6tig. Dank USB-C-Anschluss kann das Ger\u00e4t mit demselben Ladekabel wie gewohnt aufgeladen werden.<\/p>\n<h2 data-v-md-heading=\"quick-specifications\" data-v-md-line=\"13\">Kurzspezifikationen<\/h2>\n<ul data-v-md-line=\"14\">\n<li>Rauchh\u00e4ufigkeit: bis zu 110000 Zigaretten<\/li>\n<li>Akku: 850 mAh (17350-Akku)<\/li>\n<li>Zerst\u00e4ubungskern: 1,0 \u03a9 Maschenzerst\u00e4ubungskern<\/li>\n<li>Anwendung: Zum Aktivieren einatmen.<\/li>\n<li>Ladeschnittstelle: Typ-C-Schnittstelle<\/li>\n<li>Status: Sofort einsatzbereit<\/li>\n<li>Gewicht pro Einheit: 140 Gramm<\/li>\n<\/ul>\n<h2 data-v-md-heading=\"rich-flavor-options\" data-v-md-line=\"22\">Reichhaltige Geschmacksoptionen<\/h2>\n<p data-v-md-line=\"24\">Der Bang Leader 110K bietet drei Geschmacksrichtungen in einer Kombination (ein Ger\u00e4t enth\u00e4lt drei Geschmacksrichtungen). Folgende Geschmacksrichtungen sind optional:<\/p>\n<ul data-v-md-line=\"25\">\n<li>Wassermeloneneis \/ Erdbeer-Mamba \/ Erdbeer-Wassermelone<\/li>\n<li>Fuji Ice \/ Apfel Traube \/ Kirsche Granatapfel<\/li>\n<li>Blaubeereis \/ Himbeer-Zitrone \/ Wassermelonen-Kaugummi<\/li>\n<li>Blaubeeren, Himbeeren \/ Saure Ananas, Orangen \/ Himbeeren, Wassermelonen<\/li>\n<li>Traubeneis \/ Mango-Pfirsich \/ Blaubeer-Wassermelone<\/li>\n<li>Erdbeereis \/ Pfirsich-Zitrone \/ Kiwi-Passionsfrucht-Guave<\/li>\n<li>Ananas-Kokosnuss \/ Blaubeer-Red Bull \/ Wassermelonen-Eis<\/li>\n<li>Erdbeer-Kiwi \/ Blaubeer-Kokosnuss \/ Gemischte Beeren<\/li>\n<li>Lemon Romance \/ Blueberry Raspberry \/ Peach Menthol<\/li>\n<li>Pfirsicheis \/ Schwarze Johannisbeere-Ananas-Eis \/ Gr\u00fcner Apfel-Kiwi<\/li>\n<\/ul>\n<h2 data-v-md-heading=\"suitable-for-you-and-your-business\" data-v-md-line=\"36\">Geeignet f\u00fcr Sie und Ihr Unternehmen<\/h2>\n<p data-v-md-line=\"38\">Den Bang Leader 110K k\u00f6nnen Sie ganz einfach f\u00fcr den pers\u00f6nlichen Gebrauch erwerben. F\u00fcr H\u00e4ndler und Vertriebspartner bieten wir auch Gro\u00dfpackungen an: 200 St\u00fcck pro Karton (Kartongr\u00f6\u00dfe: 51,5 \u00d7 51,5 \u00d7 30,5 cm, Gesamtgewicht des Kartons: 28 kg).<\/p>\n<p data-v-md-line=\"40\">AgoraVape legt gro\u00dfen Wert auf reibungslose Lieferdienste in Europa. Das bedeutet zuverl\u00e4ssige DDP-Versandoptionen nach Steuerzahlung. Wir arbeiten mit etablierten Logistikpartnern wie DHL, DPD und UPS zusammen, sodass Sie sich keine Sorgen um zus\u00e4tzliche Zollgeb\u00fchren machen m\u00fcssen.<\/p>\n<h2 data-v-md-heading=\"the-reason-why-you-will-like-it\" data-v-md-line=\"42\">Warum es Ihnen gefallen wird<\/h2>\n<ul data-v-md-line=\"43\">\n<li>Langlebig und robust: Reduziert die H\u00e4ufigkeit des Ger\u00e4teaustauschs und erleichtert so das Leben.<\/li>\n<li>Laden \u00fcber Typ-C: Wenn der Akku fast leer ist, k\u00f6nnen Sie das Ger\u00e4t weiter benutzen, um die verbleibende Energie nicht zu verschwenden.<\/li>\n<li>Stabilit\u00e4t der Mesh-Spulen: Gleichbleibender Geschmack.<\/li>\n<li>Drei Geschmackskombinationen: Genie\u00dfen Sie verschiedene Geschmacksrichtungen, ohne mehrere E-Zigaretten mit sich f\u00fchren zu m\u00fcssen.<\/li>\n<\/ul>\n<h2 data-v-md-heading=\"why-choose-to-collaborate-with-agoravape\" data-v-md-line=\"48\">Warum sollten Sie sich f\u00fcr eine Zusammenarbeit mit AgoraVape entscheiden?<\/h2>\n<p data-v-md-line=\"50\">Wir gehen bei der Echtheit unserer Produkte keine Kompromisse ein. AgoraVape bietet ausschlie\u00dflich Originalware und verf\u00fcgt \u00fcber zuverl\u00e4ssige Lieferanten sowie H\u00e4ndlersupport auf h\u00f6chstem Niveau. Als Firmenkunde profitieren Sie von \u00e4u\u00dferst wettbewerbsf\u00e4higen Gro\u00dfhandelspreisen, zuverl\u00e4ssigem Bestandsmanagement und speziell auf Europa zugeschnittenen Transportl\u00f6sungen. M\u00f6chten Sie Bang Leader 110k 110000 Hochleistungs-E-Zigaretten kaufen? Kontaktieren Sie uns \u2013 wir ermitteln die ben\u00f6tigte Menge, Lieferzeit und die optimale Versandroute f\u00fcr Ihr Land\/Ihre Region.<\/p>\n<p><script src=\"chrome-extension:\/\/fpelahbljekknahkcaegamhcndkfpfnc\/iFrame.js\" type=\"text\/javascript\"><\/script><\/p>","protected":false},"excerpt":{"rendered":"<p>&nbsp;<\/p>\n<p><script src=\"chrome-extension:\/\/fpelahbljekknahkcaegamhcndkfpfnc\/iFrame.js\" type=\"text\/javascript\"><\/script><\/p>\n<p><script src=\"chrome-extension:\/\/fpelahbljekknahkcaegamhcndkfpfnc\/iFrame.js\" type=\"text\/javascript\"><\/script><\/p>\n<p><script src=\"chrome-extension:\/\/fpelahbljekknahkcaegamhcndkfpfnc\/iFrame.js\" type=\"text\/javascript\"><\/script><\/p>\n<p><script src=\"chrome-extension:\/\/fpelahbljekknahkcaegamhcndkfpfnc\/iFrame.js\" type=\"text\/javascript\"><\/script><\/p>\n<p><script src=\"chrome-extension:\/\/fpelahbljekknahkcaegamhcndkfpfnc\/iFrame.js\" type=\"text\/javascript\"><\/script><\/p>\n<p><script src=\"chrome-extension:\/\/fpelahbljekknahkcaegamhcndkfpfnc\/iFrame.js\" type=\"text\/javascript\"><\/script><\/p>","protected":false},"featured_media":24427,"comment_status":"open","ping_status":"closed","template":"","meta":[],"product_brand":[197],"product_cat":[124,187,185,188,189,123,1674,174,175,193,191,179,173,186,180,190,192],"product_tag":[],"class_list":{"0":"post-24403","1":"product","2":"type-product","3":"status-publish","4":"has-post-thumbnail","6":"product_brand-bang","7":"product_cat-vape-by-brand","8":"product_cat-0mg-nicotine-free-vapes","9":"product_cat-10000-puffs-high-capacity","10":"product_cat-10mg-low-nicotine-vapes","11":"product_cat-20mg-standard-nicotine-vapes","12":"product_cat-bang","13":"product_cat-eu-warehouse","14":"product_cat-fruit-flavors","15":"product_cat-icy-mint","16":"product_cat-mesh-coil","17":"product_cat-rechargeable-disposables","18":"product_cat-unique-blends","19":"product_cat-vape-by-flavor-profile","20":"product_cat-vape-by-nicotine-strength","21":"product_cat-vape-by-puff-count","22":"product_cat-vape-by-feature-or-type","23":"product_cat-vapes-with-screens","25":"first","26":"instock","27":"shipping-taxable","28":"purchasable","29":"product-type-variable","30":"has-default-attributes"},"tiered_pricing_type":"percentage","tiered_pricing_fixed_rules":[],"tiered_pricing_product_settings":{"layout":"default","base_unit_name":{"singular":null,"plural":null},"default_variation":null},"tiered_pricing_minimum_quantity":10,"tiered_pricing_roles_data":[],"tiered_pricing_percentage_rules":{"30":"9","50":"17","100":"23","200":"25","500":"28","1000":"32"},"tiered_pricing_maximum_quantity":null,"tiered_pricing_quantity_step":"10","_links":{"self":[{"href":"https:\/\/agoravape.com\/de\/wp-json\/wp\/v2\/product\/24403","targetHints":{"allow":["GET"]}}],"collection":[{"href":"https:\/\/agoravape.com\/de\/wp-json\/wp\/v2\/product"}],"about":[{"href":"https:\/\/agoravape.com\/de\/wp-json\/wp\/v2\/types\/product"}],"replies":[{"embeddable":true,"href":"https:\/\/agoravape.com\/de\/wp-json\/wp\/v2\/comments?post=24403"}],"version-history":[{"count":0,"href":"https:\/\/agoravape.com\/de\/wp-json\/wp\/v2\/product\/24403\/revisions"}],"wp:featuredmedia":[{"embeddable":true,"href":"https:\/\/agoravape.com\/de\/wp-json\/wp\/v2\/media\/24427"}],"wp:attachment":[{"href":"https:\/\/agoravape.com\/de\/wp-json\/wp\/v2\/media?parent=24403"}],"wp:term":[{"taxonomy":"product_brand","embeddable":true,"href":"https:\/\/agoravape.com\/de\/wp-json\/wp\/v2\/product_brand?post=24403"},{"taxonomy":"product_cat","embeddable":true,"href":"https:\/\/agoravape.com\/de\/wp-json\/wp\/v2\/product_cat?post=24403"},{"taxonomy":"product_tag","embeddable":true,"href":"https:\/\/agoravape.com\/de\/wp-json\/wp\/v2\/product_tag?post=24403"}],"curies":[{"name":"wp","href":"https:\/\/api.w.org\/{rel}","templated":true}]}}