{"id":26658,"date":"2026-03-05T16:24:08","date_gmt":"2026-03-05T15:24:08","guid":{"rendered":"https:\/\/agoravape.com\/?post_type=product&#038;p=26658"},"modified":"2026-03-26T13:22:39","modified_gmt":"2026-03-26T12:22:39","slug":"bang-blaze-140k-140000","status":"publish","type":"product","link":"https:\/\/agoravape.com\/de\/product\/bang-blaze-140k-140000\/","title":{"rendered":"BANG Blaze 140K | Beispiellose Z\u00fcge, unvergleichlicher Geschmack"},"content":{"rendered":"<h2 data-v-md-heading=\"what-are-the-special-features-of-bang-blaze-140k-140000-disposable-vapes-with-mesh-coils\" data-v-md-line=\"3\">Was sind die besonderen Merkmale der BANG Blaze 140K 140000 Einweg-E-Zigaretten mit Mesh-Coils?<\/h2>\n<p data-v-md-line=\"5\">Sind Sie es leid, st\u00e4ndig neue E-Zigaretten mit kurzer Laufzeit kaufen zu m\u00fcssen? Dann erleben Sie jetzt die wirklich langlebige und robuste BANG Blaze 140K Einweg-E-Zigarette. Diese leistungsstarke E-Zigarette wurde f\u00fcr anspruchsvolle Nutzer entwickelt, die h\u00f6chste Leistung und unvergleichlichen Geschmack suchen. Kurz gesagt: Wenn Sie eine E-Zigarette suchen, die so ausdauernd ist wie ein Marathonl\u00e4ufer, dann sind Sie hier genau richtig.<\/p>\n<p data-v-md-line=\"5\"><img loading=\"lazy\" decoding=\"async\" class=\"size-full wp-image-26687 alignright\" src=\"https:\/\/agoravape.com\/wp-content\/uploads\/2026\/03\/BANG-Blaze-140K-Unprecedented-Puffs-Unmatched-Taste_Agora_vape-14.webp\" alt=\"\" width=\"247\" height=\"247\" srcset=\"https:\/\/agoravape.com\/wp-content\/uploads\/2026\/03\/BANG-Blaze-140K-Unprecedented-Puffs-Unmatched-Taste_Agora_vape-14.webp 247w, https:\/\/agoravape.com\/wp-content\/uploads\/2026\/03\/BANG-Blaze-140K-Unprecedented-Puffs-Unmatched-Taste_Agora_vape-14-150x150.webp 150w, https:\/\/agoravape.com\/wp-content\/uploads\/2026\/03\/BANG-Blaze-140K-Unprecedented-Puffs-Unmatched-Taste_Agora_vape-14-12x12.webp 12w\" sizes=\"auto, (max-width: 247px) 100vw, 247px\" \/><\/p>\n<h2 data-v-md-heading=\"excellent-performance-simple-and-easy-to-use\" data-v-md-line=\"7\">Hervorragende Leistung, einfach und benutzerfreundlich<\/h2>\n<p data-v-md-line=\"9\">Der BANG Blaze 140K verwendet eine 1,0 \u03a9 Mesh-Spule f\u00fcr gleichbleibend vollen Geschmack bei jedem Zug und bietet Ihnen ein unvergleichliches Geschmackserlebnis. Sollte der Akku schwach werden, brauchen Sie sich keine Sorgen zu machen. Laden Sie ihn einfach \u00fcber den USB-C-Anschluss auf \u2013 wahrscheinlich denselben, den Sie auch f\u00fcr Ihr Smartphone verwenden. Alles lief reibungslos und der intensive Geschmack blieb erhalten.<\/p>\n<h2 data-v-md-heading=\"quick-specifications\" data-v-md-line=\"11\">Kurzspezifikationen<\/h2>\n<ul data-v-md-line=\"12\">\n<li>Rauchh\u00e4ufigkeit: bis zu 140000 Z\u00fcge<\/li>\n<li>Nikotingehalt: Spannende Auswahlm\u00f6glichkeiten, noch nicht vollst\u00e4ndig offengelegt<\/li>\n<li>Anwendung: Einfach einatmen, um zu aktivieren<\/li>\n<li>Ladeverfahren: Komfortable USB-Typ-C-Schnittstelle<\/li>\n<li>Status: Sofort einsatzbereit<\/li>\n<\/ul>\n<h2 data-v-md-heading=\"complete-flavor-lineup\" data-v-md-line=\"18\">Vollst\u00e4ndiges Geschmackssortiment<\/h2>\n<ol data-v-md-line=\"19\">\n<li>Wassermeloneneis \/ Erdbeer-Litschi \/ Gummib\u00e4rchen<\/li>\n<li>Pfirsicheis \/ Blaubeer-Wassermeloneneis \/ Erdbeer-Zitroneneis<\/li>\n<li>Traubeneis \/ Erdbeer-Mango \/ Gemischte Beeren<\/li>\n<li>Blaubeereis \/ Pfirsich-Mango-Wassermelone \/ Love66<\/li>\n<li>Blaubeere-Himbeere \/ Kiwi-Passionsfrucht-Guave \/ Ananas-Kokosnuss<\/li>\n<li>Erdbeer-Wassermelone \/ Blaubeere-Pfirsich \/ Schwarze Johannisbeere-Ananas-Eis<\/li>\n<li>Erdbeer-Kiwi \/ Wassermelonen-Kaugummi \/ Blaubeer-Kirsche<\/li>\n<li>Black Dragon Ice \/ Strawberry Mamba \/ Raspberry Grape<\/li>\n<li>Mango-Pfirsich \/ Blaubeer-Red-Bull \/ Apfel-Traube<\/li>\n<li>Dreifach Mango \/ Himbeere Zitrone \/ Blaubeere Traube<\/li>\n<li>Zitrone-Limette \/ Aloe Mango Melone \/ Wassermelone Drachenfrucht<\/li>\n<li>Bananeneis \/ Erdbeereis \/ Wassermelonen-Beeren<\/li>\n<\/ol>\n<h2 data-v-md-heading=\"tailored-for-you-and-your-business\" data-v-md-line=\"32\">Tailored for you and your business<\/h2>\n<p data-v-md-line=\"34\">Ob f\u00fcr den Eigenbedarf oder zur Ausstattung Ihres Vape-Shops \u2013 die BANG Blaze 140K erf\u00fcllt alle Ihre Bed\u00fcrfnisse. Dieses Ger\u00e4t ist einzeln oder im Gro\u00dfhandel erh\u00e4ltlich, und die verf\u00fcgbaren Mengen sind ausreichend, um den Erfolg Ihres Unternehmens zu sichern. Dar\u00fcber hinaus bieten wir zuverl\u00e4ssige, verzollte (DDP) Versanddienste und arbeiten mit vertrauensw\u00fcrdigen Kurierdiensten wie UPS, DPD und DHL zusammen. Sie brauchen sich keine Sorgen um Zollprobleme zu machen \u2013 alles verl\u00e4uft reibungslos.<\/p>\n<h2 data-v-md-heading=\"the-reason-why-you-will-like-it\" data-v-md-line=\"36\">Warum es Ihnen gefallen wird<\/h2>\n<ul data-v-md-line=\"37\">\n<li>Langlebig: Robust und langlebig, sodass Sie nicht st\u00e4ndig Vape-Shops aufsuchen m\u00fcssen.<\/li>\n<li>Nikotinauswahl: Sorgf\u00e4ltig ausgew\u00e4hlte Nikotinkonzentrationen, um den unterschiedlichen Bed\u00fcrfnissen von Anf\u00e4ngern bis hin zu erfahrenen Dampfern gerecht zu werden.<\/li>\n<li>Wiederaufladbar: So erhalten Sie garantiert etwas f\u00fcr Ihr Geld \u2013 jeder Bissen ist es wert. Ist das nicht ein hervorragendes Angebot?<\/li>\n<li>Mesh-Zerst\u00e4uberkern: Jeder Zug bietet ein gleichbleibend volles und verlockendes Geschmackserlebnis. Nur wer es selbst probiert hat, kann seine K\u00f6stlichkeit wirklich erfassen.<\/li>\n<\/ul>\n<h2 data-v-md-heading=\"why-choose-to-collaborate-with-agoravape\" data-v-md-line=\"42\">Warum sollten Sie sich f\u00fcr eine Zusammenarbeit mit AgoraVape entscheiden?<\/h2>\n<p data-v-md-line=\"44\">AgoraVape ist bekannt f\u00fcr seine Echtheitsgarantie. Durch die Zusammenarbeit mit uns k\u00f6nnen Sie sich darauf verlassen, dass alle unsere Produkte zu 100 % original sind. Wir bieten Ihnen \u00e4u\u00dferst wettbewerbsf\u00e4hige Gro\u00dfhandelspreise, professionellen Kundenservice und eine schnelle, zuverl\u00e4ssige Logistik \u2013 und \u00fcbertreffen damit stets Ihre Erwartungen. Mit dem BANG Blaze 140K 140000 Mundst\u00fcck-Mesh-Verdampferkern entscheiden Sie sich nicht nur f\u00fcr den Verkauf eines Produkts, sondern auch f\u00fcr eine vertrauensw\u00fcrdige und zuverl\u00e4ssige Wahl. Ihre Kunden werden begeistert sein. Kontaktieren Sie uns noch heute und starten Sie Ihre Erfolgsgeschichte!<\/p>\n<p><script src=\"chrome-extension:\/\/fpelahbljekknahkcaegamhcndkfpfnc\/iFrame.js\" type=\"text\/javascript\"><\/script><\/p>\n<p><script src=\"chrome-extension:\/\/fpelahbljekknahkcaegamhcndkfpfnc\/iFrame.js\" type=\"text\/javascript\"><\/script><\/p>\n<p><script src=\"chrome-extension:\/\/fpelahbljekknahkcaegamhcndkfpfnc\/iFrame.js\" type=\"text\/javascript\"><\/script><\/p>\n<p><script src=\"chrome-extension:\/\/fpelahbljekknahkcaegamhcndkfpfnc\/iFrame.js\" type=\"text\/javascript\"><\/script><\/p>\n<p><script src=\"chrome-extension:\/\/fpelahbljekknahkcaegamhcndkfpfnc\/iFrame.js\" type=\"text\/javascript\"><\/script><\/p>\n<p><script src=\"chrome-extension:\/\/fpelahbljekknahkcaegamhcndkfpfnc\/iFrame.js\" type=\"text\/javascript\"><\/script><\/p>\n<p><script src=\"chrome-extension:\/\/fpelahbljekknahkcaegamhcndkfpfnc\/iFrame.js\" type=\"text\/javascript\"><\/script><\/p>","protected":false},"excerpt":{"rendered":"<p>&nbsp;<\/p>\n<p><script src=\"chrome-extension:\/\/fpelahbljekknahkcaegamhcndkfpfnc\/iFrame.js\" type=\"text\/javascript\"><\/script><\/p>\n<p><script src=\"chrome-extension:\/\/fpelahbljekknahkcaegamhcndkfpfnc\/iFrame.js\" type=\"text\/javascript\"><\/script><\/p>\n<p><script src=\"chrome-extension:\/\/fpelahbljekknahkcaegamhcndkfpfnc\/iFrame.js\" type=\"text\/javascript\"><\/script><\/p>\n<p><script src=\"chrome-extension:\/\/fpelahbljekknahkcaegamhcndkfpfnc\/iFrame.js\" type=\"text\/javascript\"><\/script><\/p>\n<p><script src=\"chrome-extension:\/\/fpelahbljekknahkcaegamhcndkfpfnc\/iFrame.js\" type=\"text\/javascript\"><\/script><\/p>\n<p><script src=\"chrome-extension:\/\/fpelahbljekknahkcaegamhcndkfpfnc\/iFrame.js\" type=\"text\/javascript\"><\/script><\/p>\n<p><script src=\"chrome-extension:\/\/fpelahbljekknahkcaegamhcndkfpfnc\/iFrame.js\" type=\"text\/javascript\"><\/script><\/p>\n<p><script src=\"chrome-extension:\/\/fpelahbljekknahkcaegamhcndkfpfnc\/iFrame.js\" type=\"text\/javascript\"><\/script><\/p>\n<p><script src=\"chrome-extension:\/\/fpelahbljekknahkcaegamhcndkfpfnc\/iFrame.js\" type=\"text\/javascript\"><\/script><\/p>\n<p><script src=\"chrome-extension:\/\/fpelahbljekknahkcaegamhcndkfpfnc\/iFrame.js\" type=\"text\/javascript\"><\/script><\/p>\n<p><script src=\"chrome-extension:\/\/fpelahbljekknahkcaegamhcndkfpfnc\/iFrame.js\" type=\"text\/javascript\"><\/script><\/p>\n<p><script src=\"chrome-extension:\/\/fpelahbljekknahkcaegamhcndkfpfnc\/iFrame.js\" type=\"text\/javascript\"><\/script><\/p>\n<p><script src=\"chrome-extension:\/\/fpelahbljekknahkcaegamhcndkfpfnc\/iFrame.js\" type=\"text\/javascript\"><\/script><\/p>\n<p><script src=\"chrome-extension:\/\/fpelahbljekknahkcaegamhcndkfpfnc\/iFrame.js\" type=\"text\/javascript\"><\/script><\/p>\n<p><script src=\"chrome-extension:\/\/fpelahbljekknahkcaegamhcndkfpfnc\/iFrame.js\" type=\"text\/javascript\"><\/script><\/p>\n<p><script src=\"chrome-extension:\/\/fpelahbljekknahkcaegamhcndkfpfnc\/iFrame.js\" type=\"text\/javascript\"><\/script><\/p>\n<p><script src=\"chrome-extension:\/\/fpelahbljekknahkcaegamhcndkfpfnc\/iFrame.js\" type=\"text\/javascript\"><\/script><\/p>\n<p><script src=\"chrome-extension:\/\/fpelahbljekknahkcaegamhcndkfpfnc\/iFrame.js\" type=\"text\/javascript\"><\/script><\/p>\n<p><script src=\"chrome-extension:\/\/fpelahbljekknahkcaegamhcndkfpfnc\/iFrame.js\" type=\"text\/javascript\"><\/script><\/p>\n<p><script src=\"chrome-extension:\/\/fpelahbljekknahkcaegamhcndkfpfnc\/iFrame.js\" type=\"text\/javascript\"><\/script><\/p>\n<p><script src=\"chrome-extension:\/\/fpelahbljekknahkcaegamhcndkfpfnc\/iFrame.js\" type=\"text\/javascript\"><\/script><\/p>\n<p><script src=\"chrome-extension:\/\/fpelahbljekknahkcaegamhcndkfpfnc\/iFrame.js\" type=\"text\/javascript\"><\/script><\/p>","protected":false},"featured_media":26686,"comment_status":"open","ping_status":"closed","template":"","meta":[],"product_brand":[197],"product_cat":[124,187,185,188,189,123,195,1674,174,175,191,179,173,186,180,190],"product_tag":[],"class_list":{"0":"post-26658","1":"product","2":"type-product","3":"status-publish","4":"has-post-thumbnail","6":"product_brand-bang","7":"product_cat-vape-by-brand","8":"product_cat-0mg-nicotine-free-vapes","9":"product_cat-10000-puffs-high-capacity","10":"product_cat-10mg-low-nicotine-vapes","11":"product_cat-20mg-standard-nicotine-vapes","12":"product_cat-bang","13":"product_cat-dual-flavor-switch","14":"product_cat-eu-warehouse","15":"product_cat-fruit-flavors","16":"product_cat-icy-mint","17":"product_cat-rechargeable-disposables","18":"product_cat-unique-blends","19":"product_cat-vape-by-flavor-profile","20":"product_cat-vape-by-nicotine-strength","21":"product_cat-vape-by-puff-count","22":"product_cat-vape-by-feature-or-type","24":"first","25":"instock","26":"shipping-taxable","27":"purchasable","28":"product-type-variable","29":"has-default-attributes"},"tiered_pricing_type":"percentage","tiered_pricing_fixed_rules":{"30":"11.55","60":"9.84","100":"8.13","200":"7.27","1000":"6.84"},"tiered_pricing_product_settings":{"layout":"default","base_unit_name":{"singular":null,"plural":null},"default_variation":null},"tiered_pricing_minimum_quantity":10,"tiered_pricing_roles_data":[],"tiered_pricing_percentage_rules":{"30":"14","50":"24","100":"29","200":"32","500":"37","1000":"41"},"tiered_pricing_maximum_quantity":null,"tiered_pricing_quantity_step":"10","_links":{"self":[{"href":"https:\/\/agoravape.com\/de\/wp-json\/wp\/v2\/product\/26658","targetHints":{"allow":["GET"]}}],"collection":[{"href":"https:\/\/agoravape.com\/de\/wp-json\/wp\/v2\/product"}],"about":[{"href":"https:\/\/agoravape.com\/de\/wp-json\/wp\/v2\/types\/product"}],"replies":[{"embeddable":true,"href":"https:\/\/agoravape.com\/de\/wp-json\/wp\/v2\/comments?post=26658"}],"version-history":[{"count":0,"href":"https:\/\/agoravape.com\/de\/wp-json\/wp\/v2\/product\/26658\/revisions"}],"wp:featuredmedia":[{"embeddable":true,"href":"https:\/\/agoravape.com\/de\/wp-json\/wp\/v2\/media\/26686"}],"wp:attachment":[{"href":"https:\/\/agoravape.com\/de\/wp-json\/wp\/v2\/media?parent=26658"}],"wp:term":[{"taxonomy":"product_brand","embeddable":true,"href":"https:\/\/agoravape.com\/de\/wp-json\/wp\/v2\/product_brand?post=26658"},{"taxonomy":"product_cat","embeddable":true,"href":"https:\/\/agoravape.com\/de\/wp-json\/wp\/v2\/product_cat?post=26658"},{"taxonomy":"product_tag","embeddable":true,"href":"https:\/\/agoravape.com\/de\/wp-json\/wp\/v2\/product_tag?post=26658"}],"curies":[{"name":"wp","href":"https:\/\/api.w.org\/{rel}","templated":true}]}}