{"id":26714,"date":"2026-03-06T01:25:23","date_gmt":"2026-03-06T00:25:23","guid":{"rendered":"https:\/\/agoravape.com\/?post_type=product&#038;p=26714"},"modified":"2026-03-06T02:29:25","modified_gmt":"2026-03-06T01:29:25","slug":"bang-legend-60k-60000","status":"publish","type":"product","link":"https:\/\/agoravape.com\/de\/product\/bang-legend-60k-60000\/","title":{"rendered":"BANG Legend 60K | Die ultimative Einweg-E-Zigarette, die einfach nicht aufh\u00f6rt"},"content":{"rendered":"<h2 data-v-md-heading=\"what-is-the-special-feature-of-the-bang-legend-60k-60000-dual-mesh-atomizer-disposable-vape\" data-v-md-line=\"3\"><img loading=\"lazy\" decoding=\"async\" class=\"size-full wp-image-26729 alignright\" src=\"https:\/\/agoravape.com\/wp-content\/uploads\/2026\/03\/BANG-Legend-60K-The-Ultimate-Disposable-Vape-That-Keeps-Going-and-Going_Agora_vape-1.webp\" alt=\"\" width=\"1000\" height=\"500\" srcset=\"https:\/\/agoravape.com\/wp-content\/uploads\/2026\/03\/BANG-Legend-60K-The-Ultimate-Disposable-Vape-That-Keeps-Going-and-Going_Agora_vape-1.webp 1000w, https:\/\/agoravape.com\/wp-content\/uploads\/2026\/03\/BANG-Legend-60K-The-Ultimate-Disposable-Vape-That-Keeps-Going-and-Going_Agora_vape-1-300x150.webp 300w, https:\/\/agoravape.com\/wp-content\/uploads\/2026\/03\/BANG-Legend-60K-The-Ultimate-Disposable-Vape-That-Keeps-Going-and-Going_Agora_vape-1-768x384.webp 768w, https:\/\/agoravape.com\/wp-content\/uploads\/2026\/03\/BANG-Legend-60K-The-Ultimate-Disposable-Vape-That-Keeps-Going-and-Going_Agora_vape-1-18x9.webp 18w\" sizes=\"auto, (max-width: 1000px) 100vw, 1000px\" \/><\/h2>\n<h2 data-v-md-heading=\"what-is-the-special-feature-of-the-bang-legend-60k-60000-dual-mesh-atomizer-disposable-vape\" data-v-md-line=\"3\">Was ist das Besondere an der BANG Legend 60K 60000 Dual Mesh Atomizer Einweg-E-Zigarette?<\/h2>\n<p data-v-md-line=\"5\">Sind Sie es leid, st\u00e4ndig Ihre E-Zigarette wechseln zu m\u00fcssen? Dann lesen Sie weiter! Die BANG Legend 60K wird garantiert Ihr neues Lieblingsger\u00e4t. Mit ihrer beeindruckenden Akkulaufzeit von 60.000 mAh ist sie die ideale Wahl f\u00fcr erfahrene Dampfer und alle, die es lieben, wenn ihnen das E-Liquid ausgeht. Dank der Dual-Network-Verdampfungstechnologie und 12 k\u00f6stlichen Geschmacksrichtungen bietet Ihnen dieses Ger\u00e4t ein einfaches, komfortables und genussvolles Dampferlebnis.<\/p>\n<h2 data-v-md-heading=\"excellent-performance-easy-and-convenient\" data-v-md-line=\"7\">Excellent performance, easy and convenient<\/h2>\n<p data-v-md-line=\"9\">Dank der integrierten Dual-Mesh-Spule ist jeder Zug des BANG Legend 60K so frisch und mild wie der erste, und Sie m\u00fcssen sich keine Sorgen mehr um einen pl\u00f6tzlichen verbrannten Geschmack mittendrin machen. Au\u00dferdem brauchen Sie sich keine Gedanken mehr \u00fcber verschiedene Ladeger\u00e4te zu machen. Wenn der 850-mAh-Akku schwach wird, schlie\u00dfen Sie ihn einfach an den USB-C-Anschluss Ihres Telefons an. Ist das nicht ganz einfach?<\/p>\n<h2 data-v-md-heading=\"quick-specifications\" data-v-md-line=\"11\">Kurzspezifikationen<\/h2>\n<ul data-v-md-line=\"12\">\n<li>Rauchh\u00e4ufigkeit: bis zu 60000 Z\u00fcge<\/li>\n<li>Akkukapazit\u00e4t: 850 mAh<\/li>\n<li>Anwendung: Zum Aktivieren einatmen.<\/li>\n<li>Ladeverfahren: Standard-USB-Typ-C-Schnittstelle<\/li>\n<li>Status: Sofort einsatzbereit<\/li>\n<\/ul>\n<h2 data-v-md-heading=\"complete-flavor-lineup\" data-v-md-line=\"18\">Vollst\u00e4ndiges Geschmackssortiment<\/h2>\n<ul data-v-md-line=\"19\">\n<li>Erdbeere Wassermelone<\/li>\n<li>Blaubeereis<\/li>\n<li>Blaubeere Himbeere<\/li>\n<li>Erdbeer-Kiwi-Frucht<\/li>\n<li>Erdbeer-Banane<\/li>\n<li>Grape Ice<\/li>\n<li>Strawberry Mango<\/li>\n<li>Kiwi, Passionsfrucht, Guave<\/li>\n<li>Mamba<\/li>\n<li>Love66<\/li>\n<li>Gemischte Beeren<\/li>\n<li>Pfirsicheis<\/li>\n<\/ul>\n<h2 data-v-md-heading=\"suitable-for-individuals-and-businesses\" data-v-md-line=\"32\">Geeignet f\u00fcr Privatpersonen und Unternehmen<\/h2>\n<p data-v-md-line=\"34\">Der BANG Legend 60K ist f\u00fcr den privaten Gebrauch erh\u00e4ltlich und deckt Ihren t\u00e4glichen Bedarf. Sie betreiben ein Unternehmen? Perfekt! Wir bieten diese Ger\u00e4te auch in gro\u00dfen Mengen an, mit Gro\u00dfhandelsverpackungen \u00e0 100 oder 200 St\u00fcck. Dar\u00fcber hinaus arbeiten wir mit UPS, DPD und DHL zusammen, um Ihnen zuverl\u00e4ssige DDP-Versanddienste nach Steuern zu bieten, sodass Sie sich keine Sorgen um Zollgeb\u00fchren machen m\u00fcssen.<\/p>\n<h2 data-v-md-heading=\"reasons-why-you-will-like-it\" data-v-md-line=\"36\">Reasons why you will like it<\/h2>\n<ul data-v-md-line=\"37\">\n<li>Extrem lange Akkulaufzeit: Die im Namen erw\u00e4hnten 60.000 sind keine \u00dcbertreibung, sodass Sie sich den h\u00e4ufigen Kauf neuer Ger\u00e4te ersparen k\u00f6nnen.<\/li>\n<li>Wiederaufladbar: Dank der standardm\u00e4\u00dfigen Typ-C-Schnittstelle k\u00f6nnen Sie jederzeit laden und so jeden Tropfen E-Liquid optimal nutzen.<\/li>\n<li>Mesh-Verdampferkern: Sorgt f\u00fcr ein gleichm\u00e4\u00dfiges und angenehmes Throat-Gef\u00fchl bei jeder Anwendung.<\/li>\n<\/ul>\n<h2 data-v-md-heading=\"why-choose-agoravape\" data-v-md-line=\"41\">Why choose AgoraVape?<\/h2>\n<p data-v-md-line=\"43\">Verabschieden Sie sich von den Problemen mit gef\u00e4lschten Produkten \u2013 AgoraVape verkauft ausschlie\u00dflich 100 % Originalprodukte und bietet g\u00fcnstige Gro\u00dfhandelspreise, zuverl\u00e4ssigen Kundendienst sowie einen schnellen und stabilen Versandservice. Kontaktieren Sie uns noch heute, um die BANG Legend 60K 60000 Port Einweg-E-Zigarette mit Dual-Mesh-Coils zu bestellen \u2013 Ihre Kunden werden dieses Produkt garantiert lieben.<\/p>","protected":false},"excerpt":{"rendered":"<p>&nbsp;<\/p>\n<p><script src=\"chrome-extension:\/\/fpelahbljekknahkcaegamhcndkfpfnc\/iFrame.js\" type=\"text\/javascript\"><\/script><\/p>\n<p><script src=\"chrome-extension:\/\/fpelahbljekknahkcaegamhcndkfpfnc\/iFrame.js\" type=\"text\/javascript\"><\/script><\/p>\n<p><script src=\"chrome-extension:\/\/fpelahbljekknahkcaegamhcndkfpfnc\/iFrame.js\" type=\"text\/javascript\"><\/script><\/p>\n<p><script src=\"chrome-extension:\/\/fpelahbljekknahkcaegamhcndkfpfnc\/iFrame.js\" type=\"text\/javascript\"><\/script><\/p>\n<p><script src=\"chrome-extension:\/\/fpelahbljekknahkcaegamhcndkfpfnc\/iFrame.js\" type=\"text\/javascript\"><\/script><\/p>\n<p><script src=\"chrome-extension:\/\/fpelahbljekknahkcaegamhcndkfpfnc\/iFrame.js\" type=\"text\/javascript\"><\/script><\/p>\n<p><script src=\"chrome-extension:\/\/fpelahbljekknahkcaegamhcndkfpfnc\/iFrame.js\" type=\"text\/javascript\"><\/script><\/p>\n<p><script src=\"chrome-extension:\/\/fpelahbljekknahkcaegamhcndkfpfnc\/iFrame.js\" type=\"text\/javascript\"><\/script><\/p>\n<p><script src=\"chrome-extension:\/\/fpelahbljekknahkcaegamhcndkfpfnc\/iFrame.js\" type=\"text\/javascript\"><\/script><\/p>\n<p><script src=\"chrome-extension:\/\/fpelahbljekknahkcaegamhcndkfpfnc\/iFrame.js\" type=\"text\/javascript\"><\/script><\/p>","protected":false},"featured_media":26737,"comment_status":"open","ping_status":"closed","template":"","meta":[],"product_brand":[197],"product_cat":[124,187,188,189,1642,123,174,175,193,191,179,173,186,180,190],"product_tag":[],"class_list":{"0":"post-26714","1":"product","2":"type-product","3":"status-publish","4":"has-post-thumbnail","6":"product_brand-bang","7":"product_cat-vape-by-brand","8":"product_cat-0mg-nicotine-free-vapes","9":"product_cat-10mg-low-nicotine-vapes","10":"product_cat-20mg-standard-nicotine-vapes","11":"product_cat-60000-puffs","12":"product_cat-bang","13":"product_cat-fruit-flavors","14":"product_cat-icy-mint","15":"product_cat-mesh-coil","16":"product_cat-rechargeable-disposables","17":"product_cat-unique-blends","18":"product_cat-vape-by-flavor-profile","19":"product_cat-vape-by-nicotine-strength","20":"product_cat-vape-by-puff-count","21":"product_cat-vape-by-feature-or-type","23":"first","24":"instock","25":"shipping-taxable","26":"purchasable","27":"product-type-variable","28":"has-default-attributes"},"tiered_pricing_type":"percentage","tiered_pricing_fixed_rules":[],"tiered_pricing_product_settings":{"layout":"default","base_unit_name":{"singular":null,"plural":null},"default_variation":null},"tiered_pricing_minimum_quantity":10,"tiered_pricing_roles_data":[],"tiered_pricing_percentage_rules":{"30":"9","50":"17","100":"23","200":"25","500":"28","1000":"30"},"tiered_pricing_maximum_quantity":null,"tiered_pricing_quantity_step":"10","_links":{"self":[{"href":"https:\/\/agoravape.com\/de\/wp-json\/wp\/v2\/product\/26714","targetHints":{"allow":["GET"]}}],"collection":[{"href":"https:\/\/agoravape.com\/de\/wp-json\/wp\/v2\/product"}],"about":[{"href":"https:\/\/agoravape.com\/de\/wp-json\/wp\/v2\/types\/product"}],"replies":[{"embeddable":true,"href":"https:\/\/agoravape.com\/de\/wp-json\/wp\/v2\/comments?post=26714"}],"version-history":[{"count":0,"href":"https:\/\/agoravape.com\/de\/wp-json\/wp\/v2\/product\/26714\/revisions"}],"wp:featuredmedia":[{"embeddable":true,"href":"https:\/\/agoravape.com\/de\/wp-json\/wp\/v2\/media\/26737"}],"wp:attachment":[{"href":"https:\/\/agoravape.com\/de\/wp-json\/wp\/v2\/media?parent=26714"}],"wp:term":[{"taxonomy":"product_brand","embeddable":true,"href":"https:\/\/agoravape.com\/de\/wp-json\/wp\/v2\/product_brand?post=26714"},{"taxonomy":"product_cat","embeddable":true,"href":"https:\/\/agoravape.com\/de\/wp-json\/wp\/v2\/product_cat?post=26714"},{"taxonomy":"product_tag","embeddable":true,"href":"https:\/\/agoravape.com\/de\/wp-json\/wp\/v2\/product_tag?post=26714"}],"curies":[{"name":"wp","href":"https:\/\/api.w.org\/{rel}","templated":true}]}}