{"id":26740,"date":"2026-03-06T02:34:11","date_gmt":"2026-03-06T01:34:11","guid":{"rendered":"https:\/\/agoravape.com\/?post_type=product&#038;p=26740"},"modified":"2026-03-21T12:44:21","modified_gmt":"2026-03-21T11:44:21","slug":"bang-blaze-200k-6in1-200000","status":"publish","type":"product","link":"https:\/\/agoravape.com\/de\/product\/bang-blaze-200k-6in1-200000\/","title":{"rendered":"BANG Blaze 200K | Ein wahres Kraftpaket an Geschmack und Langlebigkeit"},"content":{"rendered":"<h2 data-v-md-heading=\"what-is-a-disposable-vape-with-bang-blaze-200k-200000-mouthed-6-in-1-mesh-coil\" data-v-md-line=\"3\"><img loading=\"lazy\" decoding=\"async\" class=\"size-full wp-image-26759 aligncenter\" src=\"https:\/\/agoravape.com\/wp-content\/uploads\/2026\/03\/BANG-Blaze-200K-A-Powerhouse-of-Flavor-and-Longevity_Agora_vape-6-scaled.webp\" alt=\"\" width=\"1129\" height=\"2560\" srcset=\"https:\/\/agoravape.com\/wp-content\/uploads\/2026\/03\/BANG-Blaze-200K-A-Powerhouse-of-Flavor-and-Longevity_Agora_vape-6-scaled.webp 1129w, https:\/\/agoravape.com\/wp-content\/uploads\/2026\/03\/BANG-Blaze-200K-A-Powerhouse-of-Flavor-and-Longevity_Agora_vape-6-132x300.webp 132w, https:\/\/agoravape.com\/wp-content\/uploads\/2026\/03\/BANG-Blaze-200K-A-Powerhouse-of-Flavor-and-Longevity_Agora_vape-6-452x1024.webp 452w, https:\/\/agoravape.com\/wp-content\/uploads\/2026\/03\/BANG-Blaze-200K-A-Powerhouse-of-Flavor-and-Longevity_Agora_vape-6-768x1741.webp 768w, https:\/\/agoravape.com\/wp-content\/uploads\/2026\/03\/BANG-Blaze-200K-A-Powerhouse-of-Flavor-and-Longevity_Agora_vape-6-678x1536.webp 678w, https:\/\/agoravape.com\/wp-content\/uploads\/2026\/03\/BANG-Blaze-200K-A-Powerhouse-of-Flavor-and-Longevity_Agora_vape-6-903x2048.webp 903w, https:\/\/agoravape.com\/wp-content\/uploads\/2026\/03\/BANG-Blaze-200K-A-Powerhouse-of-Flavor-and-Longevity_Agora_vape-6-5x12.webp 5w, https:\/\/agoravape.com\/wp-content\/uploads\/2026\/03\/BANG-Blaze-200K-A-Powerhouse-of-Flavor-and-Longevity_Agora_vape-6-1200x2721.webp 1200w\" sizes=\"auto, (max-width: 1129px) 100vw, 1129px\" \/><\/h2>\n<h2 data-v-md-heading=\"what-is-a-disposable-vape-with-bang-blaze-200k-200000-mouthed-6-in-1-mesh-coil\" data-v-md-line=\"3\">Was ist eine Einweg-E-Zigarette mit BANG Blaze 200K, 200000 Watt und 6-in-1 Mesh-Coil?<\/h2>\n<p data-v-md-line=\"5\">Haben Sie sich jemals hilflos gef\u00fchlt, als der Akku Ihrer E-Zigarette pl\u00f6tzlich leer war? Dann ist die BANG Blaze 200K die ideale L\u00f6sung. Mit ihrer beeindruckenden Akkuleistung von 200.000 Ladezyklen garantiert sie Langlebigkeit und macht das st\u00e4ndige Suchen nach einer neuen Steckdose oder das Wechseln der Kartuschen \u00fcberfl\u00fcssig. F\u00fcr alle, die Wert auf Zuverl\u00e4ssigkeit, intensiven Geschmack und einfache Bedienung legen, ist dieses Produkt die perfekte Wahl. Und das Beste: Sie bietet eine gro\u00dfe Auswahl an Geschmacksrichtungen!<\/p>\n<h2 data-v-md-heading=\"powerful-performance-easy-and-convenient\" data-v-md-line=\"7\">Leistungsstark, einfach und bequem<\/h2>\n<p data-v-md-line=\"9\">Die BANG Blaze 200K besticht durch ihr unauff\u00e4lliges Design, steckt aber voller leistungsstarker Technologie. Dank ihrer 1,2 \u03a9 \u00d7 6 Mesh-Coil bietet jeder Zug ein gleichbleibend intensives Geschmackserlebnis und ein zufriedenstellendes Dampfvolumen \u2013 selbst der 200.000ste Zug schmeckt noch genauso gut wie der erste. Doch damit nicht genug: Die E-Zigarette ist mit einem USB-C-Anschluss ausgestattet, der das Aufladen kinderleicht macht. Sie ben\u00f6tigen kein zus\u00e4tzliches Ladekabel, sondern k\u00f6nnen einfach Ihr Smartphone-Ladekabel verwenden. So einfach und unkompliziert ist Dampfen.<\/p>\n<h2 data-v-md-heading=\"important-parameters\" data-v-md-line=\"11\">Wichtige Parameter<\/h2>\n<ul data-v-md-line=\"12\">\n<li>Rauchh\u00e4ufigkeit: bis zu 200.000 Zigaretten<\/li>\n<li>Akkukapazit\u00e4t: 600 mAh<\/li>\n<li>Ladeverfahren: Standard-USB-Typ-C-Schnittstelle<\/li>\n<li>Anwendung: Einatmen und sofort genie\u00dfen!<\/li>\n<li>Status: Vorgeladen, mit \u00d6l vorgef\u00fcllt. Sofort einsatzbereit.<\/li>\n<\/ul>\n<h2 data-v-md-heading=\"taste-feast\" data-v-md-line=\"18\">Geschmacksfest<\/h2>\n<p data-v-md-line=\"20\">M\u00f6chten Sie verschiedene Geschmacksrichtungen probieren? BANG Blaze 200K bietet eine Vielzahl an Geschmackskombinationen f\u00fcr jeden Geschmack. Jedes Set enth\u00e4lt 6 einzigartige Geschmacksrichtungen. Hier sind einige Beispiele:<\/p>\n<ul data-v-md-line=\"22\">\n<li>Pfirsicheis \/ Zitrone-Limette \/ Erdbeer-Wassermelone \/ Himbeer-Traube \/ Erdbeer-Mamba \/ Kirsch-Granatapfel<\/li>\n<li>Wassermeloneneis \/ Apfel-Traube \/ Blaubeere-Himbeere \/ Mango-Pfirsich \/ Ananas-Orange \/ Blaubeere-Pfirsich<\/li>\n<li>Traubeneis \/ Himbeer-Zitrone \/ Blaubeer-Red Bull \/ Ananas-Kokosnuss \/ Erdbeer-Litschi \/ Black Dragon Eis<\/li>\n<li>Blaubeereis \/ Himbeer-Wassermelone \/ Aloe-Vera-Traube \/ Erdbeer-Banane \/ Love 66 \/ Blaubeer-Kirsche<\/li>\n<li>Apfeleis \/ Gemischte Beeren \/ Wassermelonen-Kaugummi \/ Blaubeer-Wassermelone \/ Erdbeer-Mango \/ Aloe-Mango-Cantaloupe<\/li>\n<li>Ananas-Eis \/ Kiwi-Passionsfrucht-Guave \/ B\u00e4renf\u00f6rmige Gummib\u00e4rchen \/ Wassermelone-Drachenfrucht \/ Pfirsich-Mango-Wassermelone \/ Blaubeere-Cranberry-Kirsche<\/li>\n<li>Erdbeere \/ Schwarze Johannisbeere-Ananas-Eis \/ Tropische Fr\u00fcchte \/ Trauben-Kaugummi \/ Blaubeere-Traube \/ Mango-Passionsfrucht<\/li>\n<li>Dreifach-Mango \/ Trauben-Pfirsich \/ Erdbeereis \/ Erdbeer-Kiwi \/ Trauben-Energy \/ Rote Cola<\/li>\n<li>Bananeneis \/ Aloe-Vera-Apfel \/ Passionsfrucht-Grapefruit \/ Erdbeer-Kokosnuss \/ Erdbeer-Wassermelonen-Kaugummi \/ Wassermelonen-Limetten-Eis<\/li>\n<li>Kirscheis \/ Rosa Zitrone \/ Blaubeer-Minze \/ Bananeneis \/ Passionsfrucht-Ananas-Eis \/ Pfirsicheis \/ Gr\u00fcner Apfel-Kiwi<\/li>\n<li>Regenbogenbonbons \/ Pfirsich-Birnen-Eis \/ Cappuccino \/ Frischer Minz-Mojito \/ Erdbeer-Mango-Johannisbeere \/ Marshmallow<\/li>\n<li>Schwarze Johannisbeere \/ Dreifachmelone \/ Erdbeer-Himbeere \/ Superbeere \/ Blaubeere-Brombeere-Erdbeere \/ Pfirsich-Zitronenwasser<\/li>\n<\/ul>\n<h2 data-v-md-heading=\"bang-blaze-200k-meet-your-and-your-company-s-needs\" data-v-md-line=\"35\">BANG Blaze 200K \u2013 Erf\u00fcllt Ihre und die Bed\u00fcrfnisse Ihres Unternehmens<\/h2>\n<p data-v-md-line=\"37\">Ob Sie nun privat dampfen oder ein Unternehmen f\u00fchren \u2013 wir haben das Richtige f\u00fcr Sie. Die BANG Blaze 200K 200.000er-Packung mit 6-in-1-Mesh-Coil-Einweg-E-Zigaretten ist einzeln oder im Gro\u00dfhandel (200 St\u00fcck pro Box) erh\u00e4ltlich. Wir bieten zuverl\u00e4ssige Versanddienstleistungen inklusive Mehrwertsteuer mit vertrauensw\u00fcrdigen Partnern wie UPS, DPD und DHL. So m\u00fcssen Sie sich keine Gedanken \u00fcber zus\u00e4tzliche Zollgeb\u00fchren machen und genie\u00dfen ein reibungsloses und bequemes Liefererlebnis.<\/p>\n<h2 data-v-md-heading=\"reasons-why-you-will-fall-in-love-with-it\" data-v-md-line=\"39\">Gr\u00fcnde, warum Sie sich darin verlieben werden<\/h2>\n<ul data-v-md-line=\"40\">\n<li>Extrem lange Akkulaufzeit: Die Kartusche muss nicht h\u00e4ufig ausgetauscht werden.<\/li>\n<li>Reichhaltige und vielf\u00e4ltige Aromen: Erfrischen Sie Ihren Gaumen jederzeit.<\/li>\n<li>Wiederaufladbar: So k\u00f6nnen Sie das wunderbare Erlebnis jedes einzelnen Tropfens E-Liquid voll auskosten.<\/li>\n<li>Langlebige Mesh-Spule: Sorgt f\u00fcr gleichbleibenden Geschmack und volles Aroma bei jedem Bissen.<\/li>\n<\/ul>\n<h2 data-v-md-heading=\"why-choose-agoravape\" data-v-md-line=\"45\">Why choose AgoraVape?<\/h2>\n<p data-v-md-line=\"47\">Als vertrauensw\u00fcrdiger Vape-Distributor in Europa bietet AgoraVape ausschlie\u00dflich 100% Originalprodukte an. Wir bieten wettbewerbsf\u00e4hige Gro\u00dfhandelspreise, exzellenten Kundenservice sowie schnelle und zuverl\u00e4ssige Lieferdienste f\u00fcr Gesch\u00e4ftskunden, insbesondere f\u00fcr die BANG Blaze 200K 200000er-Packung mit 6-in-1-Mesh-Coil-Einweg-E-Zigaretten. Kontaktieren Sie uns noch heute, um Ihren Kunden das Dampferlebnis zu bieten, das sie lieben und sch\u00e4tzen.<\/p>\n<p><script src=\"chrome-extension:\/\/fpelahbljekknahkcaegamhcndkfpfnc\/iFrame.js\" type=\"text\/javascript\"><\/script><\/p>\n<p><script src=\"chrome-extension:\/\/fpelahbljekknahkcaegamhcndkfpfnc\/iFrame.js\" type=\"text\/javascript\"><\/script><\/p>","protected":false},"excerpt":{"rendered":"<p>&nbsp;<\/p>\n<p><script src=\"chrome-extension:\/\/fpelahbljekknahkcaegamhcndkfpfnc\/iFrame.js\" type=\"text\/javascript\"><\/script><\/p>\n<p><script src=\"chrome-extension:\/\/fpelahbljekknahkcaegamhcndkfpfnc\/iFrame.js\" type=\"text\/javascript\"><\/script><\/p>\n<p><script src=\"chrome-extension:\/\/fpelahbljekknahkcaegamhcndkfpfnc\/iFrame.js\" type=\"text\/javascript\"><\/script><\/p>\n<p><script src=\"chrome-extension:\/\/fpelahbljekknahkcaegamhcndkfpfnc\/iFrame.js\" type=\"text\/javascript\"><\/script><\/p>\n<p><script src=\"chrome-extension:\/\/fpelahbljekknahkcaegamhcndkfpfnc\/iFrame.js\" type=\"text\/javascript\"><\/script><\/p>\n<p><script src=\"chrome-extension:\/\/fpelahbljekknahkcaegamhcndkfpfnc\/iFrame.js\" type=\"text\/javascript\"><\/script><\/p>\n<p><script src=\"chrome-extension:\/\/fpelahbljekknahkcaegamhcndkfpfnc\/iFrame.js\" type=\"text\/javascript\"><\/script><\/p>\n<p><script src=\"chrome-extension:\/\/fpelahbljekknahkcaegamhcndkfpfnc\/iFrame.js\" type=\"text\/javascript\"><\/script><\/p>\n<p><script src=\"chrome-extension:\/\/fpelahbljekknahkcaegamhcndkfpfnc\/iFrame.js\" type=\"text\/javascript\"><\/script><\/p>\n<p><script src=\"chrome-extension:\/\/fpelahbljekknahkcaegamhcndkfpfnc\/iFrame.js\" type=\"text\/javascript\"><\/script><\/p>\n<p><script src=\"chrome-extension:\/\/fpelahbljekknahkcaegamhcndkfpfnc\/iFrame.js\" type=\"text\/javascript\"><\/script><\/p>\n<p><script src=\"chrome-extension:\/\/fpelahbljekknahkcaegamhcndkfpfnc\/iFrame.js\" type=\"text\/javascript\"><\/script><\/p>\n<p><script src=\"chrome-extension:\/\/fpelahbljekknahkcaegamhcndkfpfnc\/iFrame.js\" type=\"text\/javascript\"><\/script><\/p>","protected":false},"featured_media":26765,"comment_status":"open","ping_status":"closed","template":"","meta":[],"product_brand":[197],"product_cat":[124,187,185,188,189,123,195,174,175,193,191,179,173,186,180,190],"product_tag":[],"class_list":{"0":"post-26740","1":"product","2":"type-product","3":"status-publish","4":"has-post-thumbnail","6":"product_brand-bang","7":"product_cat-vape-by-brand","8":"product_cat-0mg-nicotine-free-vapes","9":"product_cat-10000-puffs-high-capacity","10":"product_cat-10mg-low-nicotine-vapes","11":"product_cat-20mg-standard-nicotine-vapes","12":"product_cat-bang","13":"product_cat-dual-flavor-switch","14":"product_cat-fruit-flavors","15":"product_cat-icy-mint","16":"product_cat-mesh-coil","17":"product_cat-rechargeable-disposables","18":"product_cat-unique-blends","19":"product_cat-vape-by-flavor-profile","20":"product_cat-vape-by-nicotine-strength","21":"product_cat-vape-by-puff-count","22":"product_cat-vape-by-feature-or-type","24":"first","25":"instock","26":"shipping-taxable","27":"purchasable","28":"product-type-variable","29":"has-default-attributes"},"tiered_pricing_type":"percentage","tiered_pricing_fixed_rules":[],"tiered_pricing_product_settings":{"layout":"default","base_unit_name":{"singular":null,"plural":null},"default_variation":null},"tiered_pricing_minimum_quantity":10,"tiered_pricing_roles_data":[],"tiered_pricing_percentage_rules":{"30":"29","50":"34","100":"37","200":"40","500":"44","1000":"47"},"tiered_pricing_maximum_quantity":null,"tiered_pricing_quantity_step":"10","_links":{"self":[{"href":"https:\/\/agoravape.com\/de\/wp-json\/wp\/v2\/product\/26740","targetHints":{"allow":["GET"]}}],"collection":[{"href":"https:\/\/agoravape.com\/de\/wp-json\/wp\/v2\/product"}],"about":[{"href":"https:\/\/agoravape.com\/de\/wp-json\/wp\/v2\/types\/product"}],"replies":[{"embeddable":true,"href":"https:\/\/agoravape.com\/de\/wp-json\/wp\/v2\/comments?post=26740"}],"version-history":[{"count":0,"href":"https:\/\/agoravape.com\/de\/wp-json\/wp\/v2\/product\/26740\/revisions"}],"wp:featuredmedia":[{"embeddable":true,"href":"https:\/\/agoravape.com\/de\/wp-json\/wp\/v2\/media\/26765"}],"wp:attachment":[{"href":"https:\/\/agoravape.com\/de\/wp-json\/wp\/v2\/media?parent=26740"}],"wp:term":[{"taxonomy":"product_brand","embeddable":true,"href":"https:\/\/agoravape.com\/de\/wp-json\/wp\/v2\/product_brand?post=26740"},{"taxonomy":"product_cat","embeddable":true,"href":"https:\/\/agoravape.com\/de\/wp-json\/wp\/v2\/product_cat?post=26740"},{"taxonomy":"product_tag","embeddable":true,"href":"https:\/\/agoravape.com\/de\/wp-json\/wp\/v2\/product_tag?post=26740"}],"curies":[{"name":"wp","href":"https:\/\/api.w.org\/{rel}","templated":true}]}}