{"id":27251,"date":"2026-03-08T06:52:24","date_gmt":"2026-03-08T05:52:24","guid":{"rendered":"https:\/\/agoravape.com\/?post_type=product&#038;p=27251"},"modified":"2026-03-26T13:22:39","modified_gmt":"2026-03-26T12:22:39","slug":"bang-king-250k-250000","status":"publish","type":"product","link":"https:\/\/agoravape.com\/de\/product\/bang-king-250k-250000\/","title":{"rendered":"BANG King 250K \u2013 250.000 Z\u00fcge \u2013 4-in-1 Mesh-Coil-Einweg-E-Zigarette | Vier Geschmacksrichtungen, ein Ger\u00e4t mit langer Laufzeit"},"content":{"rendered":"<h2 data-v-md-heading=\"what-is-the-special-feature-of-bang-king-250k-250000-mouth-4-in-1-mesh-coil-disposable-vape\" data-v-md-line=\"3\"><img loading=\"lazy\" decoding=\"async\" class=\"size-full wp-image-27275 alignright\" src=\"https:\/\/agoravape.com\/wp-content\/uploads\/2026\/03\/BANG-King-250K-250000-Puffs-4in1-Mesh-Coil-Disposable-Vape-Four-Flavours-One-Device-That-Actually-Lasts_Agora_vape-11-scaled.webp\" alt=\"\" width=\"1032\" height=\"2560\" srcset=\"https:\/\/agoravape.com\/wp-content\/uploads\/2026\/03\/BANG-King-250K-250000-Puffs-4in1-Mesh-Coil-Disposable-Vape-Four-Flavours-One-Device-That-Actually-Lasts_Agora_vape-11-scaled.webp 1032w, https:\/\/agoravape.com\/wp-content\/uploads\/2026\/03\/BANG-King-250K-250000-Puffs-4in1-Mesh-Coil-Disposable-Vape-Four-Flavours-One-Device-That-Actually-Lasts_Agora_vape-11-121x300.webp 121w, https:\/\/agoravape.com\/wp-content\/uploads\/2026\/03\/BANG-King-250K-250000-Puffs-4in1-Mesh-Coil-Disposable-Vape-Four-Flavours-One-Device-That-Actually-Lasts_Agora_vape-11-413x1024.webp 413w, https:\/\/agoravape.com\/wp-content\/uploads\/2026\/03\/BANG-King-250K-250000-Puffs-4in1-Mesh-Coil-Disposable-Vape-Four-Flavours-One-Device-That-Actually-Lasts_Agora_vape-11-768x1904.webp 768w, https:\/\/agoravape.com\/wp-content\/uploads\/2026\/03\/BANG-King-250K-250000-Puffs-4in1-Mesh-Coil-Disposable-Vape-Four-Flavours-One-Device-That-Actually-Lasts_Agora_vape-11-619x1536.webp 619w, https:\/\/agoravape.com\/wp-content\/uploads\/2026\/03\/BANG-King-250K-250000-Puffs-4in1-Mesh-Coil-Disposable-Vape-Four-Flavours-One-Device-That-Actually-Lasts_Agora_vape-11-826x2048.webp 826w, https:\/\/agoravape.com\/wp-content\/uploads\/2026\/03\/BANG-King-250K-250000-Puffs-4in1-Mesh-Coil-Disposable-Vape-Four-Flavours-One-Device-That-Actually-Lasts_Agora_vape-11-5x12.webp 5w, https:\/\/agoravape.com\/wp-content\/uploads\/2026\/03\/BANG-King-250K-250000-Puffs-4in1-Mesh-Coil-Disposable-Vape-Four-Flavours-One-Device-That-Actually-Lasts_Agora_vape-11-1200x2976.webp 1200w\" sizes=\"auto, (max-width: 1032px) 100vw, 1032px\" \/><\/h2>\n<h2 data-v-md-heading=\"what-is-the-special-feature-of-bang-king-250k-250000-mouth-4-in-1-mesh-coil-disposable-vape\" data-v-md-line=\"3\">Was ist das Besondere an der BANG King 250K 250000 Mundst\u00fcck 4-in-1 Mesh-Coil Einweg-E-Zigarette?<\/h2>\n<p data-v-md-line=\"5\">Sind Sie es leid, dass Ihre E-Zigarette schnell leer ist? Dann sollten Sie sich dieses Modell unbedingt ansehen. Die BANG King 250K ist keine gew\u00f6hnliche Einweg-E-Zigarette, die viel verspricht, aber nichts h\u00e4lt. Sie wurde speziell f\u00fcr Nutzer entwickelt, die Wert auf Zuverl\u00e4ssigkeit legen, nicht st\u00e4ndig neue Akkus ben\u00f6tigen und die beeindruckende Akkulaufzeit von 250.000 Z\u00fcgen voll aussch\u00f6pfen k\u00f6nnen.<\/p>\n<p data-v-md-line=\"7\">Sie denken vielleicht, das sei unm\u00f6glich. Und damit haben Sie Recht. Der Clou ist jedoch, dass dieses Ger\u00e4t mit vier unabh\u00e4ngigen 15-ml-E-Liquid-Kammern ausgestattet ist, jede mit ihrer eigenen Mesh-Coil. Insgesamt 60 Milliliter E-Liquid \u2013 daher die gro\u00dfe Kapazit\u00e4t. Egal, ob Sie ein Vielnutzer sind oder als Zweitnutzer Wert auf lange Akkulaufzeit legen: Dieses Produkt ist perfekt f\u00fcr alle, die unkompliziert und genussvoll dampfen m\u00f6chten.<\/p>\n<h2 data-v-md-heading=\"excellent-performance-and-easy-operation\" data-v-md-line=\"9\">Hervorragende Leistung und einfache Bedienung<\/h2>\n<p data-v-md-line=\"11\">Das Geheimnis dieses Produkts liegt in seinem Mesh-Verdampferkern. Alle vier Verdampferkammern sind mit unabh\u00e4ngigen 1,0-\u03a9-Mesh-Verdampferkernen ausgestattet, was bedeutet, dass jeder Zug so k\u00f6stlich ist wie der erste. Es gibt keinen verbrannten Geschmack und auch kein Nachlassen des Aromas. Sie k\u00f6nnen jederzeit zwischen vier verschiedenen Geschmacksrichtungen wechseln, und das Ger\u00e4t arbeitet reibungslos. Wenn der 650-mAh-Akku schwach ist, k\u00f6nnen Sie ihn einfach mit dem USB-C-Kabel aufladen, das Sie m\u00f6glicherweise auch f\u00fcr Ihr Smartphone verwenden. Sehr praktisch.<\/p>\n<p data-v-md-line=\"13\">Man k\u00f6nnte meinen, so viele Vapes w\u00e4ren sperrig und unpraktisch zum Mitnehmen. Doch Sie werden von ihrem geringen Gewicht \u00fcberrascht sein. Mit nur 130 Gramm passt sie problemlos in Ihre Tasche, ohne zu st\u00f6ren. Genau darin liegt ihre St\u00e4rke.<\/p>\n<h2 data-v-md-heading=\"quick-specifications\" data-v-md-line=\"15\">Kurzspezifikationen<\/h2>\n<ul data-v-md-line=\"16\">\n<li>Anzahl der Ports: bis zu 250000 Ports<\/li>\n<li>E-Liquid-Kapazit\u00e4t: Gesamtkapazit\u00e4t 60 ml (4 E-Liquid-F\u00e4cher \u00e0 15 ml)<\/li>\n<li>Spulensystem: 4 1,0 \u03a9 Maschenspulen<\/li>\n<li>Akku: Wiederaufladbarer 650-mAh-Akku<\/li>\n<li>Ladeverfahren: USB-Typ-C-Schnittstelle<\/li>\n<li>Gewicht: 130 g<\/li>\n<li>Aktivierungsmethode: Aktivierung durch Inhalation (einfach einatmen)<\/li>\n<li>Status: Sofort einsatzbereit<\/li>\n<\/ul>\n<h2 data-v-md-heading=\"complete-flavor-lineup\" data-v-md-line=\"25\">Vollst\u00e4ndiges Geschmackssortiment<\/h2>\n<p data-v-md-line=\"27\">Sie k\u00f6nnen aus 10 verschiedenen Geschmackskombinationen w\u00e4hlen, die jeweils vier verschiedene Aromen in einem Ger\u00e4t enthalten:<\/p>\n<ul data-v-md-line=\"28\">\n<li>Zitrone-Limette \/ Wassermelonen-Eis \/ Schwarzes Eis Drachenfrucht-Erdbeere \/ Love66<\/li>\n<li>Zitronen-Limette \/ Erdbeereis \/ Himbeer-Wassermelone \/ Sprudelnde Kirsche<\/li>\n<li>Vanille-Cola \/ Zitronen-Pfirsich \/ Erdbeer-Himbeer-Kirsch-Eis \/ Traubeneis<\/li>\n<li>Pinke Limonade \/ Kiwi-Passionsfrucht-Guave \/ Pfirsich-Beere \/ Erdbeer-Banane<\/li>\n<li>Trauben-Explosion \/ Litschi-Eis \/ Pfirsich-Beere \/ Kiwi-Passionsfrucht-Guave<\/li>\n<li>Erdbeer-Mango \/ Blaue Himbeerlimonade \/ Vanilleeis \/ Saure Dreifachbeere<\/li>\n<li>Wassermeloneneis \/ Erdbeer-Mango-Eis \/ Blaubeereis \/ Sprudelnde Kirsche<\/li>\n<li>Gemischte Beeren \/ Kirsch-Zitrone \/ Erdbeer-Kiwi \/ Erdbeer-Wassermelonen-Kaugummi<\/li>\n<li>Erdbeer-Wassermelone \/ Kirsch-Cola \/ Pfirsich-Eis \/ Grapefruit-Erfrischung<\/li>\n<li>Mojito \/ Monster Mango \/ Lady Killer \/ Pink Lemonade<\/li>\n<\/ul>\n<h2 data-v-md-heading=\"tailored-for-you-and-your-business\" data-v-md-line=\"39\">Tailored for you and your business<\/h2>\n<p data-v-md-line=\"41\">Wir bieten Ihnen den Artikel BANG King 250K einzeln zum Kauf an. Gesch\u00e4ftsinhaber k\u00f6nnen auch gr\u00f6\u00dfere Mengen erwerben. Die Artikel werden in Gro\u00dfhandelsverpackungen mit 200 St\u00fcck pro Karton verkauft und eignen sich daher ideal f\u00fcr Gesch\u00e4fte, die Spezialprodukte anbieten m\u00f6chten.<\/p>\n<p data-v-md-line=\"43\">F\u00fcr europ\u00e4ische K\u00e4ufer sind folgende Punkte besonders wichtig: Wir arbeiten mit vertrauensw\u00fcrdigen Partnern wie UPS, DPD und DHL zusammen, um Ihnen einen Versand ohne Mehrwertsteuer anzubieten. Sie m\u00fcssen sich keine Sorgen um zus\u00e4tzliche Zollgeb\u00fchren machen und es entstehen keine unerwarteten Kosten. Ihre Bestellung wird innerhalb von 10\u201315 Tagen geliefert und kann jederzeit nachverfolgt werden. Wir verkaufen ausschlie\u00dflich 100 % Originalprodukte, die sorgf\u00e4ltig gepr\u00fcft wurden. Dieses beruhigende Gef\u00fchl ist deutlich wertvoller als der Kauf von Produkten zu etwas niedrigeren Preisen \u00fcber inoffizielle Kan\u00e4le.<\/p>\n<h2 data-v-md-heading=\"reasons-why-you-will-like-it\" data-v-md-line=\"45\">Reasons why you will like it<\/h2>\n<ul data-v-md-line=\"46\">\n<li>Extrem lange Akkulaufzeit: L\u00e4ngere Akkulaufzeit als bei herk\u00f6mmlichen Einweg-E-Zigaretten, kein h\u00e4ufiger Kauf von Ersatzteilen n\u00f6tig \u2013 Vier Geschmacksrichtungen in einem: Sie ben\u00f6tigen keine mehreren Ger\u00e4te, sondern k\u00f6nnen die Geschmacksrichtung jederzeit wechseln<\/li>\n<li>Wiederaufladbarer Akku: 650 mAh Akkukapazit\u00e4t, damit Sie die gesamten 60 ml E-Liquid aufbrauchen k\u00f6nnen.<\/li>\n<li>Mesh-Coil-Technologie: Sorgt f\u00fcr einen gleichbleibend vollen und milden Geschmack vom ersten bis zum letzten Bissen.<\/li>\n<li>Tragbares Design: Leichter und tragbarer als Ihre \u00fcblichen Ger\u00e4te mit hoher Kapazit\u00e4t.<\/li>\n<li>Einfache Bedienung: Keine Kn\u00f6pfe, keine Einstellungen erforderlich, einfach inhalieren und genie\u00dfen.<\/li>\n<\/ul>\n<h2 data-v-md-heading=\"why-choose-agoravape\" data-v-md-line=\"52\">Why choose AgoraVape?<\/h2>\n<p data-v-md-line=\"54\">Als einer der vertrauensw\u00fcrdigsten Vape-Distributoren in Europa verkaufen wir ausschlie\u00dflich 100% Originalprodukte. Wir f\u00fchren weder gef\u00e4lschte noch minderwertige Produkte und bieten auch keine Grauimporte an, die beschlagnahmt werden k\u00f6nnten. F\u00fcr unsere Gesch\u00e4ftskunden bedeutet dies, dass die BANG King 250K 250000 Port 4-in-1 Mesh Coil Einweg-E-Zigarette \u00e4u\u00dferst wettbewerbsf\u00e4hige Gro\u00dfhandelspreise, zuverl\u00e4ssigen Kundenservice und schnelle sowie zuverl\u00e4ssige Lieferungen bietet.<\/p>\n<p data-v-md-line=\"56\">Wir bieten Ihnen umfassende Dokumentation, l\u00fcckenlose Sendungsverfolgung und ein Team, das jederzeit f\u00fcr Sie da ist \u2013 damit Sie sich entspannt zur\u00fccklehnen k\u00f6nnen. Kontaktieren Sie uns noch heute, um dieses Produkt zu erwerben, das Ihre Kunden begeistern wird. Denn letztendlich k\u00f6nnen wir uns nur durch den Verkauf wirklich effektiver Produkte einen langfristigen Ruf erarbeiten.<\/p>","protected":false},"excerpt":{"rendered":"<p>&nbsp;<\/p>\n<p><script src=\"chrome-extension:\/\/fpelahbljekknahkcaegamhcndkfpfnc\/iFrame.js\" type=\"text\/javascript\"><\/script><\/p>\n<p><script src=\"chrome-extension:\/\/fpelahbljekknahkcaegamhcndkfpfnc\/iFrame.js\" type=\"text\/javascript\"><\/script><\/p>\n<p><script src=\"chrome-extension:\/\/fpelahbljekknahkcaegamhcndkfpfnc\/iFrame.js\" type=\"text\/javascript\"><\/script><\/p>\n<p><script src=\"chrome-extension:\/\/fpelahbljekknahkcaegamhcndkfpfnc\/iFrame.js\" type=\"text\/javascript\"><\/script><\/p>\n<p><script src=\"chrome-extension:\/\/fpelahbljekknahkcaegamhcndkfpfnc\/iFrame.js\" type=\"text\/javascript\"><\/script><\/p>\n<p><script src=\"chrome-extension:\/\/fpelahbljekknahkcaegamhcndkfpfnc\/iFrame.js\" type=\"text\/javascript\"><\/script><\/p>\n<p><script src=\"chrome-extension:\/\/fpelahbljekknahkcaegamhcndkfpfnc\/iFrame.js\" type=\"text\/javascript\"><\/script><\/p>\n<p><script src=\"chrome-extension:\/\/fpelahbljekknahkcaegamhcndkfpfnc\/iFrame.js\" type=\"text\/javascript\"><\/script><\/p>\n<p><script src=\"chrome-extension:\/\/fpelahbljekknahkcaegamhcndkfpfnc\/iFrame.js\" type=\"text\/javascript\"><\/script><\/p>\n<p><script src=\"chrome-extension:\/\/fpelahbljekknahkcaegamhcndkfpfnc\/iFrame.js\" type=\"text\/javascript\"><\/script><\/p>\n<p><script src=\"chrome-extension:\/\/fpelahbljekknahkcaegamhcndkfpfnc\/iFrame.js\" type=\"text\/javascript\"><\/script><\/p>\n<p><script src=\"chrome-extension:\/\/fpelahbljekknahkcaegamhcndkfpfnc\/iFrame.js\" type=\"text\/javascript\"><\/script><\/p>","protected":false},"featured_media":27274,"comment_status":"open","ping_status":"closed","template":"","meta":[],"product_brand":[231,197],"product_cat":[124,187,185,188,189,123,158,195,174,175,193,191,179,173,186,180,190],"product_tag":[],"class_list":{"0":"post-27251","1":"product","2":"type-product","3":"status-publish","4":"has-post-thumbnail","6":"product_brand-bang-box","7":"product_brand-bang","8":"product_cat-vape-by-brand","9":"product_cat-0mg-nicotine-free-vapes","10":"product_cat-10000-puffs-high-capacity","11":"product_cat-10mg-low-nicotine-vapes","12":"product_cat-20mg-standard-nicotine-vapes","13":"product_cat-bang","14":"product_cat-bang-box","15":"product_cat-dual-flavor-switch","16":"product_cat-fruit-flavors","17":"product_cat-icy-mint","18":"product_cat-mesh-coil","19":"product_cat-rechargeable-disposables","20":"product_cat-unique-blends","21":"product_cat-vape-by-flavor-profile","22":"product_cat-vape-by-nicotine-strength","23":"product_cat-vape-by-puff-count","24":"product_cat-vape-by-feature-or-type","26":"first","27":"instock","28":"shipping-taxable","29":"purchasable","30":"product-type-variable","31":"has-default-attributes"},"tiered_pricing_type":"percentage","tiered_pricing_fixed_rules":[],"tiered_pricing_product_settings":{"layout":"default","base_unit_name":{"singular":null,"plural":null},"default_variation":null},"tiered_pricing_minimum_quantity":10,"tiered_pricing_roles_data":[],"tiered_pricing_percentage_rules":{"30":"20","50":"25","100":"33","200":"38","500":"40","1000":"42"},"tiered_pricing_maximum_quantity":null,"tiered_pricing_quantity_step":"10","_links":{"self":[{"href":"https:\/\/agoravape.com\/de\/wp-json\/wp\/v2\/product\/27251","targetHints":{"allow":["GET"]}}],"collection":[{"href":"https:\/\/agoravape.com\/de\/wp-json\/wp\/v2\/product"}],"about":[{"href":"https:\/\/agoravape.com\/de\/wp-json\/wp\/v2\/types\/product"}],"replies":[{"embeddable":true,"href":"https:\/\/agoravape.com\/de\/wp-json\/wp\/v2\/comments?post=27251"}],"version-history":[{"count":0,"href":"https:\/\/agoravape.com\/de\/wp-json\/wp\/v2\/product\/27251\/revisions"}],"wp:featuredmedia":[{"embeddable":true,"href":"https:\/\/agoravape.com\/de\/wp-json\/wp\/v2\/media\/27274"}],"wp:attachment":[{"href":"https:\/\/agoravape.com\/de\/wp-json\/wp\/v2\/media?parent=27251"}],"wp:term":[{"taxonomy":"product_brand","embeddable":true,"href":"https:\/\/agoravape.com\/de\/wp-json\/wp\/v2\/product_brand?post=27251"},{"taxonomy":"product_cat","embeddable":true,"href":"https:\/\/agoravape.com\/de\/wp-json\/wp\/v2\/product_cat?post=27251"},{"taxonomy":"product_tag","embeddable":true,"href":"https:\/\/agoravape.com\/de\/wp-json\/wp\/v2\/product_tag?post=27251"}],"curies":[{"name":"wp","href":"https:\/\/api.w.org\/{rel}","templated":true}]}}