{"id":27404,"date":"2026-03-08T08:04:44","date_gmt":"2026-03-08T07:04:44","guid":{"rendered":"https:\/\/agoravape.com\/?post_type=product&#038;p=27404"},"modified":"2026-03-26T13:22:39","modified_gmt":"2026-03-26T12:22:39","slug":"bang-box-160000-puffs","status":"publish","type":"product","link":"https:\/\/agoravape.com\/de\/product\/bang-box-160000-puffs\/","title":{"rendered":"BANG BOX Einweg-E-Zigarette mit 160.000 Z\u00fcgen, 4-in-1-Display und vier Geschmacksrichtungen in einem Ger\u00e4t f\u00fcr unterwegs"},"content":{"rendered":"<h2 data-v-md-heading=\"what-are-the-special-features-of-bang-box-160000-four-in-one-screen-display-disposable-vapes\" data-v-md-line=\"3\"><img loading=\"lazy\" decoding=\"async\" class=\"aligncenter size-full wp-image-27425\" src=\"https:\/\/agoravape.com\/wp-content\/uploads\/2026\/03\/BANG-BOX-160000-Puffs-4in1-Screen-Display-Disposable-Vape-Four-Flavours-in-One-Pocket-Device_Agora_vape-2-scaled.webp\" alt=\"\" width=\"2560\" height=\"1440\" srcset=\"https:\/\/agoravape.com\/wp-content\/uploads\/2026\/03\/BANG-BOX-160000-Puffs-4in1-Screen-Display-Disposable-Vape-Four-Flavours-in-One-Pocket-Device_Agora_vape-2-scaled.webp 2560w, https:\/\/agoravape.com\/wp-content\/uploads\/2026\/03\/BANG-BOX-160000-Puffs-4in1-Screen-Display-Disposable-Vape-Four-Flavours-in-One-Pocket-Device_Agora_vape-2-300x169.webp 300w, https:\/\/agoravape.com\/wp-content\/uploads\/2026\/03\/BANG-BOX-160000-Puffs-4in1-Screen-Display-Disposable-Vape-Four-Flavours-in-One-Pocket-Device_Agora_vape-2-1024x576.webp 1024w, https:\/\/agoravape.com\/wp-content\/uploads\/2026\/03\/BANG-BOX-160000-Puffs-4in1-Screen-Display-Disposable-Vape-Four-Flavours-in-One-Pocket-Device_Agora_vape-2-768x432.webp 768w, https:\/\/agoravape.com\/wp-content\/uploads\/2026\/03\/BANG-BOX-160000-Puffs-4in1-Screen-Display-Disposable-Vape-Four-Flavours-in-One-Pocket-Device_Agora_vape-2-1536x864.webp 1536w, https:\/\/agoravape.com\/wp-content\/uploads\/2026\/03\/BANG-BOX-160000-Puffs-4in1-Screen-Display-Disposable-Vape-Four-Flavours-in-One-Pocket-Device_Agora_vape-2-2048x1152.webp 2048w, https:\/\/agoravape.com\/wp-content\/uploads\/2026\/03\/BANG-BOX-160000-Puffs-4in1-Screen-Display-Disposable-Vape-Four-Flavours-in-One-Pocket-Device_Agora_vape-2-18x10.webp 18w, https:\/\/agoravape.com\/wp-content\/uploads\/2026\/03\/BANG-BOX-160000-Puffs-4in1-Screen-Display-Disposable-Vape-Four-Flavours-in-One-Pocket-Device_Agora_vape-2-1200x675.webp 1200w\" sizes=\"auto, (max-width: 2560px) 100vw, 2560px\" \/> <img loading=\"lazy\" decoding=\"async\" class=\"aligncenter size-full wp-image-27424\" src=\"https:\/\/agoravape.com\/wp-content\/uploads\/2026\/03\/BANG-BOX-160000-Puffs-4in1-Screen-Display-Disposable-Vape-Four-Flavours-in-One-Pocket-Device_Agora_vape-1.webp\" alt=\"\" width=\"11112\" height=\"11112\" \/><\/h2>\n<h2 data-v-md-heading=\"what-are-the-special-features-of-bang-box-160000-four-in-one-screen-display-disposable-vapes\" data-v-md-line=\"3\">Was sind die besonderen Merkmale der BANG BOX 160000 Einweg-E-Zigarette mit Vier-in-Eins-Display?<\/h2>\n<p data-v-md-line=\"5\">Sind Sie es leid, t\u00e4glich drei verschiedene E-Zigaretten mit sich herumzutragen? Dann wird dieses Ger\u00e4t Ihr Leben ver\u00e4ndern. Es vereint vier unabh\u00e4ngige E-Liquid-F\u00e4cher in einem schlanken Geh\u00e4use, sodass Sie jederzeit und \u00fcberall die Geschmacksrichtung wechseln k\u00f6nnen. F\u00fcr alle, die abwechslungsreiche Aromen genie\u00dfen m\u00f6chten, ohne sperrige Ger\u00e4te mit sich herumzutragen oder st\u00e4ndig Kartuschen zu wechseln, ist es die ideale Wahl. Sie fragen sich vielleicht, wie so eine kleine E-Zigarette so viel E-Liquid fassen kann? Dank des cleveren Designs fasst jedes Fach 20 Milliliter E-Liquid, ohne dass Sie das Gef\u00fchl haben, einen schweren Klotz in der Tasche zu tragen.<\/p>\n<h2 data-v-md-heading=\"excellent-performance-and-easy-operation\" data-v-md-line=\"7\">Hervorragende Leistung und einfache Bedienung<\/h2>\n<p data-v-md-line=\"9\">Sie m\u00fcssen kein Technikexperte sein, um diese E-Zigarette problemlos zu bedienen. Die vier Mesh-Coils heizen schnell auf und sorgen bei jedem Zug f\u00fcr ein gleichm\u00e4\u00dfiges und angenehmes Dampferlebnis. Das Display ist mehr als nur eine Tabelle: Es zeigt den Akku- und Liquidstand in Echtzeit an. So wissen Sie immer genau, wann Sie laden oder das Liquid nachf\u00fcllen m\u00fcssen und verhindern, dass der Duft verloren geht. Auch das Laden ist kinderleicht: Dank des Standard-USB-C-Anschlusses k\u00f6nnen Sie die Ladekabel verwenden, die Sie vielleicht schon besitzen.<\/p>\n<h2 data-v-md-heading=\"quick-specifications\" data-v-md-line=\"11\">Kurzspezifikationen<\/h2>\n<ul data-v-md-line=\"12\">\n<li>Anzahl der Ports: bis zu 160000 Ports<\/li>\n<li>Nikotinkonzentration: Mehrere Konzentrationen zur Auswahl (siehe jeweilige Artikelnummer).<\/li>\n<li>Anwendung: Zum Aktivieren einatmen, zwischen vier Geschmacksrichtungen wechseln.<\/li>\n<li>Ladeverfahren: Standard-USB-Typ-C-Schnittstelle<\/li>\n<li>Status: Sofort einsatzbereit<\/li>\n<li>Akku: Wiederaufladbarer 600-mAh-Akku<\/li>\n<li>E-Liquid-Kapazit\u00e4t: 4 x 20 ml E-Liquid-Aufbewahrungsf\u00e4cher<\/li>\n<\/ul>\n<h2 data-v-md-heading=\"complete-flavor-lineup\" data-v-md-line=\"20\">Vollst\u00e4ndiges Geschmackssortiment<\/h2>\n<ul data-v-md-line=\"21\">\n<li>Zitrone-Limette \/ Wassermelonen-Eis \/ Schwarzes Eis Drachenfrucht-Erdbeere \/ Love66<\/li>\n<li>Vanille-Cola \/ Zitronen-Pfirsich \/ Erdbeer-Himbeer-Kirsch-Eis \/ Traubeneis<\/li>\n<li>Traubeneis \/ Litschi-Eis \/ Pfirsich-Beere \/ Kiwi-Passionsfrucht-Guave<\/li>\n<li>Wassermeloneneis \/ Erdbeer-Mango-Eis \/ Blaubeereis \/ Sprudelnde Kirsche<\/li>\n<li>Erdbeer-Wassermelone \/ Red Bull \/ Saftiges Pfirsicheis \/ Grapefruit-Erfrischung<\/li>\n<li>Zitrone-Limette \/ Erdbeereis \/ Himbeer-Wassermelone \/ Mango-Pfirsich<\/li>\n<li>Saure Mango-Ananas \/ Zitronen-Cola \/ Pfirsich-Beere \/ Erdbeer-Banane<\/li>\n<li>Erdbeer-Mango \/ Erdbeer-Vanille-Cola \/ Blue Razz Ice \/ Erdbeer-Kiwi<\/li>\n<li>Kirsch-Cranberry \/ Dreifachbeere \/ Erdbeer-Pitaya \/ Wassermelonen-Kaugummi<\/li>\n<li>Erdbeer-Wassermelone \/ Rosa Limonade \/ Dreifache Honigmelone \/ Schwarzes Dracheneis<\/li>\n<\/ul>\n<h2 data-v-md-heading=\"for-you-and-your-business\" data-v-md-line=\"32\">For you and your business<\/h2>\n<p data-v-md-line=\"34\">Wir haben die BANG BOX 160000, eine Einweg-E-Zigarette mit Vier-in-Ein-Display, auf den Markt gebracht. Sie ist sowohl f\u00fcr Privatkunden als auch f\u00fcr H\u00e4ndler leicht erh\u00e4ltlich und erm\u00f6glicht eine unkomplizierte Nachbestellung. Das Produkt wird im Gro\u00dfhandel in 10er-Packs angeboten, was die Lagerverwaltung vereinfacht und Regalfl\u00e4che spart. Wir versenden mit zuverl\u00e4ssigen Partnern wie UPS, DPD und DHL per DDP (Delivered Duty Paid). Das bedeutet, dass Ihre Bestellung direkt an Ihre Haust\u00fcr in Deutschland, Frankreich oder Spanien geliefert wird \u2013 ohne Zollabwicklung oder zus\u00e4tzliche Geb\u00fchren.<\/p>\n<h2 data-v-md-heading=\"reasons-why-you-will-like-it\" data-v-md-line=\"36\">Reasons why you will like it<\/h2>\n<ul data-v-md-line=\"37\">\n<li>Langlebig: Langlebig, der Kauf neuer Kartuschen ist nicht h\u00e4ufig n\u00f6tig.<\/li>\n<li>Auswahl der Nikotinkonzentration: Sie k\u00f6nnen die f\u00fcr Sie passende Nikotinkonzentration ausw\u00e4hlen.<\/li>\n<li>Wiederaufladbar: Erm\u00f6glicht es Ihnen, die gesamte gekaufte E-Fl\u00fcssigkeit aufzubrauchen.<\/li>\n<li>Mesh-Zerst\u00e4uberkern: Sorgt jedes Mal f\u00fcr einen gleichbleibenden und vollmundigen Geschmack.<\/li>\n<li>Intelligentes Display: Zeigt den Akkustand und den verbleibenden E-Liquid-F\u00fcllstand an, sodass Sie sich keine Sorgen mehr machen m\u00fcssen, dass Ihnen das E-Liquid ausgeht.<\/li>\n<li>Vier Geschmacksrichtungen: Einfacher Wechsel zwischen den Geschmacksrichtungen, ohne mehrere Ger\u00e4te mitf\u00fchren zu m\u00fcssen.<\/li>\n<\/ul>\n<h2 data-v-md-heading=\"why-choose-agoravape\" data-v-md-line=\"44\">Why choose AgoraVape?<\/h2>\n<p data-v-md-line=\"46\">Als einer der vertrauensw\u00fcrdigsten Vape-Distributoren Europas verkaufen wir ausschlie\u00dflich 100 % Originalprodukte. F\u00fcr unsere Gesch\u00e4ftskunden bedeutet das: Die BANG BOX 160000 4-in-1-Einweg-E-Zigarette mit Display bietet Ihnen \u00e4u\u00dferst wettbewerbsf\u00e4hige Gro\u00dfhandelspreise, zuverl\u00e4ssigen Kundenservice und schnelle Lieferung. Kontaktieren Sie uns noch heute und bestellen Sie dieses Produkt. Ihre Kunden werden es Ihnen danken.<\/p>","protected":false},"excerpt":{"rendered":"<p>&nbsp;<\/p>\n<p><script src=\"chrome-extension:\/\/fpelahbljekknahkcaegamhcndkfpfnc\/iFrame.js\" type=\"text\/javascript\"><\/script><\/p>\n<p><script src=\"chrome-extension:\/\/fpelahbljekknahkcaegamhcndkfpfnc\/iFrame.js\" type=\"text\/javascript\"><\/script><\/p>\n<p><script src=\"chrome-extension:\/\/fpelahbljekknahkcaegamhcndkfpfnc\/iFrame.js\" type=\"text\/javascript\"><\/script><\/p>\n<p><script src=\"chrome-extension:\/\/fpelahbljekknahkcaegamhcndkfpfnc\/iFrame.js\" type=\"text\/javascript\"><\/script><\/p>\n<p><script src=\"chrome-extension:\/\/fpelahbljekknahkcaegamhcndkfpfnc\/iFrame.js\" type=\"text\/javascript\"><\/script><\/p>\n<p><script src=\"chrome-extension:\/\/fpelahbljekknahkcaegamhcndkfpfnc\/iFrame.js\" type=\"text\/javascript\"><\/script><\/p>\n<p><script src=\"chrome-extension:\/\/fpelahbljekknahkcaegamhcndkfpfnc\/iFrame.js\" type=\"text\/javascript\"><\/script><\/p>\n<p><script src=\"chrome-extension:\/\/fpelahbljekknahkcaegamhcndkfpfnc\/iFrame.js\" type=\"text\/javascript\"><\/script><\/p>\n<p><script src=\"chrome-extension:\/\/fpelahbljekknahkcaegamhcndkfpfnc\/iFrame.js\" type=\"text\/javascript\"><\/script><\/p>\n<p><script src=\"chrome-extension:\/\/fpelahbljekknahkcaegamhcndkfpfnc\/iFrame.js\" type=\"text\/javascript\"><\/script><\/p>\n<p><script src=\"chrome-extension:\/\/fpelahbljekknahkcaegamhcndkfpfnc\/iFrame.js\" type=\"text\/javascript\"><\/script><\/p>\n<p><script src=\"chrome-extension:\/\/fpelahbljekknahkcaegamhcndkfpfnc\/iFrame.js\" type=\"text\/javascript\"><\/script><\/p>","protected":false},"featured_media":27427,"comment_status":"open","ping_status":"closed","template":"","meta":[],"product_brand":[231,197],"product_cat":[124,187,185,188,189,123,158,195,174,175,193,191,179,173,186,180,190,192],"product_tag":[],"class_list":{"0":"post-27404","1":"product","2":"type-product","3":"status-publish","4":"has-post-thumbnail","6":"product_brand-bang-box","7":"product_brand-bang","8":"product_cat-vape-by-brand","9":"product_cat-0mg-nicotine-free-vapes","10":"product_cat-10000-puffs-high-capacity","11":"product_cat-10mg-low-nicotine-vapes","12":"product_cat-20mg-standard-nicotine-vapes","13":"product_cat-bang","14":"product_cat-bang-box","15":"product_cat-dual-flavor-switch","16":"product_cat-fruit-flavors","17":"product_cat-icy-mint","18":"product_cat-mesh-coil","19":"product_cat-rechargeable-disposables","20":"product_cat-unique-blends","21":"product_cat-vape-by-flavor-profile","22":"product_cat-vape-by-nicotine-strength","23":"product_cat-vape-by-puff-count","24":"product_cat-vape-by-feature-or-type","25":"product_cat-vapes-with-screens","27":"first","28":"instock","29":"shipping-taxable","30":"purchasable","31":"product-type-variable","32":"has-default-attributes"},"tiered_pricing_type":"percentage","tiered_pricing_fixed_rules":[],"tiered_pricing_product_settings":{"layout":"default","base_unit_name":{"singular":null,"plural":null},"default_variation":null},"tiered_pricing_minimum_quantity":10,"tiered_pricing_roles_data":[],"tiered_pricing_percentage_rules":{"30":"29","50":"34","100":"37","200":"40","500":"44","1000":"47"},"tiered_pricing_maximum_quantity":null,"tiered_pricing_quantity_step":"10","_links":{"self":[{"href":"https:\/\/agoravape.com\/de\/wp-json\/wp\/v2\/product\/27404","targetHints":{"allow":["GET"]}}],"collection":[{"href":"https:\/\/agoravape.com\/de\/wp-json\/wp\/v2\/product"}],"about":[{"href":"https:\/\/agoravape.com\/de\/wp-json\/wp\/v2\/types\/product"}],"replies":[{"embeddable":true,"href":"https:\/\/agoravape.com\/de\/wp-json\/wp\/v2\/comments?post=27404"}],"version-history":[{"count":0,"href":"https:\/\/agoravape.com\/de\/wp-json\/wp\/v2\/product\/27404\/revisions"}],"wp:featuredmedia":[{"embeddable":true,"href":"https:\/\/agoravape.com\/de\/wp-json\/wp\/v2\/media\/27427"}],"wp:attachment":[{"href":"https:\/\/agoravape.com\/de\/wp-json\/wp\/v2\/media?parent=27404"}],"wp:term":[{"taxonomy":"product_brand","embeddable":true,"href":"https:\/\/agoravape.com\/de\/wp-json\/wp\/v2\/product_brand?post=27404"},{"taxonomy":"product_cat","embeddable":true,"href":"https:\/\/agoravape.com\/de\/wp-json\/wp\/v2\/product_cat?post=27404"},{"taxonomy":"product_tag","embeddable":true,"href":"https:\/\/agoravape.com\/de\/wp-json\/wp\/v2\/product_tag?post=27404"}],"curies":[{"name":"wp","href":"https:\/\/api.w.org\/{rel}","templated":true}]}}