{"id":10788,"date":"2025-09-22T18:22:48","date_gmt":"2025-09-22T10:22:48","guid":{"rendered":"https:\/\/green-grasshopper-921422.hostingersite.com\/?page_id=10788"},"modified":"2025-09-22T18:35:39","modified_gmt":"2025-09-22T10:35:39","slug":"politica-de-envios","status":"publish","type":"page","link":"https:\/\/agoravape.com\/es\/shipping-policy\/","title":{"rendered":"Pol\u00edtica de env\u00edos de AgoraVape"},"content":{"rendered":"<h1 class=\"wp-block-heading has-text-align-center\"><strong>Pol\u00edtica de env\u00edos de AgoraVape<\/strong><\/h1>\n\n\n\n<p>1. Los pedidos se procesan y env\u00edan en un plazo de 1 a 3 d\u00edas laborables. El plazo de entrega suele ser de 7 a 15 d\u00edas laborables. Tenga en cuenta que no realizamos env\u00edos los fines de semana.<\/p>\n\n\n\n<p>2. Tras el env\u00edo, recibir\u00e1 informaci\u00f3n de seguimiento por correo electr\u00f3nico. Consulte su paquete en:<br>https:\/\/www.17track.net\/en<br>Las actualizaciones de seguimiento solo se publican en l\u00ednea despu\u00e9s de 1 o 2 d\u00edas.<\/p>\n\n\n\n<p>3. Las cancelaciones o cambios de direcci\u00f3n SOLO se pueden realizar si el pedido a\u00fan no se ha enviado. Despu\u00e9s del env\u00edo, NO se aceptan reembolsos ni cambios de direcci\u00f3n.<\/p>\n\n\n\n<p>4. Pa\u00edses a los que podemos realizar env\u00edos&nbsp;<strong>DDP<\/strong>&nbsp;(<strong>Entrega con derechos pagados<\/strong>) M\u00e9todo, no requiere que usted haga ning\u00fan despacho de aduana y no hay aranceles para usted.<\/p>\n\n\n\n<ul class=\"wp-block-list\">\n<li>EE. UU. \u2013 UPS Express (excepto Alaska y Haw\u00e1i)<\/li>\n\n\n\n<li>Reino Unido \u2013 DPD Express local<\/li>\n\n\n\n<li>Europa \u2013 UPS Express\/ DPD Express\/ DHL Express<\/li>\n<\/ul>\n\n\n\n<p>Listas de pa\u00edses de Europa M\u00e9todo DDP: Alemania, B\u00e9lgica, Luxemburgo, Pa\u00edses Bajos, Rep\u00fablica Checa, Polonia, Croacia, Eslovaquia, Eslovenia, Finlandia, Dinamarca, Suecia, Austria, Francia, Italia, Hungr\u00eda, Bulgaria, Lituania, Estonia, Letonia, Grecia, Irlanda, Portugal, Espa\u00f1a.<\/p>\n\n\n\n<p><strong>Gracias por elegirnos\u00a0<a href=\"https:\/\/agoravape.com\/es\/\">AgoraVape<\/a>\u00a0\u00a1Para tus necesidades de vapeo!<\/strong><br><br><\/p>\n\n\n\n<div class=\"wp-block-columns is-layout-flex wp-container-core-columns-is-layout-9d6595d7 wp-block-columns-is-layout-flex\">\n<div class=\"wp-block-column is-layout-flow wp-block-column-is-layout-flow\">\n<figure class=\"wp-block-image size-full\"><img loading=\"lazy\" decoding=\"async\" width=\"2000\" height=\"2000\" src=\"https:\/\/agoravape.com\/wp-content\/uploads\/2025\/09\/agora-Shipping-Policy_final.webp\" alt=\"\" class=\"wp-image-10789\" srcset=\"https:\/\/agoravape.com\/wp-content\/uploads\/2025\/09\/agora-Shipping-Policy_final.webp 2000w, https:\/\/agoravape.com\/wp-content\/uploads\/2025\/09\/agora-Shipping-Policy_final-600x600.webp 600w, https:\/\/agoravape.com\/wp-content\/uploads\/2025\/09\/agora-Shipping-Policy_final-1200x1200.webp 1200w, https:\/\/agoravape.com\/wp-content\/uploads\/2025\/09\/agora-Shipping-Policy_final-300x300.webp 300w, https:\/\/agoravape.com\/wp-content\/uploads\/2025\/09\/agora-Shipping-Policy_final-1024x1024.webp 1024w, https:\/\/agoravape.com\/wp-content\/uploads\/2025\/09\/agora-Shipping-Policy_final-150x150.webp 150w, https:\/\/agoravape.com\/wp-content\/uploads\/2025\/09\/agora-Shipping-Policy_final-768x768.webp 768w, https:\/\/agoravape.com\/wp-content\/uploads\/2025\/09\/agora-Shipping-Policy_final-1536x1536.webp 1536w\" sizes=\"auto, (max-width: 2000px) 100vw, 2000px\" \/><\/figure>\n<\/div>\n\n\n\n<div class=\"wp-block-column is-layout-flow wp-block-column-is-layout-flow\">\n<h2 class=\"wp-block-heading\"><strong>Tiempos de env\u00edo para pa\u00edses espec\u00edficos:<\/strong><\/h2>\n\n\n\n<div class=\"wp-block-columns is-layout-flex wp-container-core-columns-is-layout-9d6595d7 wp-block-columns-is-layout-flex\">\n<div class=\"wp-block-column is-layout-flow wp-block-column-is-layout-flow\" style=\"flex-basis:100%\">\n<table id=\"tablepress-1\" class=\"tablepress tablepress-id-1\">\n<thead>\n<tr class=\"row-1\">\n\t<th class=\"column-1\">PA\u00cdS<\/th><th class=\"column-2\">M\u00c9TODO DE ENV\u00cdO<\/th><th class=\"column-3\">TIEMPO DE ENV\u00cdO<\/th>\n<\/tr>\n<\/thead>\n<tbody class=\"row-striping row-hover\">\n<tr class=\"row-2\">\n\t<td class=\"column-1\">ciervo<\/td><td class=\"column-2\">UPS local terrestre<\/td><td class=\"column-3\">10-15 d\u00edas<\/td>\n<\/tr>\n<tr class=\"row-3\">\n\t<td class=\"column-1\">Reino Unido<\/td><td class=\"column-2\">Expreso local de DPD<\/td><td class=\"column-3\">7-12 d\u00edas<\/td>\n<\/tr>\n<tr class=\"row-4\">\n\t<td class=\"column-1\">Alemania<\/td><td class=\"column-2\">UPS\/DPD\/DHL Alemania<\/td><td class=\"column-3\">8-13 d\u00edas<\/td>\n<\/tr>\n<tr class=\"row-5\">\n\t<td class=\"column-1\">Francia<\/td><td class=\"column-2\">UPS\/DPD\/DHL Alemania<\/td><td class=\"column-3\">8-13 d\u00edas<\/td>\n<\/tr>\n<tr class=\"row-6\">\n\t<td class=\"column-1\">B\u00e9lgica<\/td><td class=\"column-2\">UPS\/DPD\/DHL Alemania<\/td><td class=\"column-3\">8-13 d\u00edas<\/td>\n<\/tr>\n<tr class=\"row-7\">\n\t<td class=\"column-1\">Luxemburgo<\/td><td class=\"column-2\">UPS\/DPD\/DHL Alemania<\/td><td class=\"column-3\">8-13 d\u00edas<\/td>\n<\/tr>\n<tr class=\"row-8\">\n\t<td class=\"column-1\">Pa\u00edses Bajos<\/td><td class=\"column-2\">UPS\/DPD\/DHL Alemania<\/td><td class=\"column-3\">8-13 d\u00edas<\/td>\n<\/tr>\n<tr class=\"row-9\">\n\t<td class=\"column-1\">Rep\u00fablica Checa<\/td><td class=\"column-2\">UPS\/DPD\/DHL Alemania<\/td><td class=\"column-3\">8-13 d\u00edas<\/td>\n<\/tr>\n<tr class=\"row-10\">\n\t<td class=\"column-1\">Polonia<\/td><td class=\"column-2\">UPS\/DPD\/DHL Alemania<\/td><td class=\"column-3\">8-13 d\u00edas<\/td>\n<\/tr>\n<tr class=\"row-11\">\n\t<td class=\"column-1\">Croacia<\/td><td class=\"column-2\">UPS\/DPD\/DHL Alemania<\/td><td class=\"column-3\">8-13 d\u00edas<\/td>\n<\/tr>\n<tr class=\"row-12\">\n\t<td class=\"column-1\">Eslovaquia<\/td><td class=\"column-2\">UPS\/DPD\/DHL Alemania<\/td><td class=\"column-3\">8-13 d\u00edas<\/td>\n<\/tr>\n<tr class=\"row-13\">\n\t<td class=\"column-1\">Eslovenia<\/td><td class=\"column-2\">UPS\/DPD\/DHL Alemania<\/td><td class=\"column-3\">8-13 d\u00edas<\/td>\n<\/tr>\n<tr class=\"row-14\">\n\t<td class=\"column-1\">Finlandia<\/td><td class=\"column-2\">UPS\/DPD\/DHL Alemania<\/td><td class=\"column-3\">8-13 d\u00edas<\/td>\n<\/tr>\n<tr class=\"row-15\">\n\t<td class=\"column-1\">Dinamarca<\/td><td class=\"column-2\">UPS\/DPD\/DHL Alemania<\/td><td class=\"column-3\">8-13 d\u00edas<\/td>\n<\/tr>\n<tr class=\"row-16\">\n\t<td class=\"column-1\">Suecia<\/td><td class=\"column-2\">UPS\/DPD\/DHL Alemania<\/td><td class=\"column-3\">8-13 d\u00edas<\/td>\n<\/tr>\n<tr class=\"row-17\">\n\t<td class=\"column-1\">Austria<\/td><td class=\"column-2\">UPS\/DPD\/DHL Alemania<\/td><td class=\"column-3\">8-13 d\u00edas<\/td>\n<\/tr>\n<tr class=\"row-18\">\n\t<td class=\"column-1\">Italia<\/td><td class=\"column-2\">UPS\/DPD\/DHL Alemania<\/td><td class=\"column-3\">8-13 d\u00edas<\/td>\n<\/tr>\n<tr class=\"row-19\">\n\t<td class=\"column-1\">Hungr\u00eda<\/td><td class=\"column-2\">UPS\/DPD\/DHL Alemania<\/td><td class=\"column-3\">8-13 d\u00edas<\/td>\n<\/tr>\n<tr class=\"row-20\">\n\t<td class=\"column-1\">Lituania<\/td><td class=\"column-2\">UPS\/DPD\/DHL Alemania<\/td><td class=\"column-3\">8-13 d\u00edas<\/td>\n<\/tr>\n<tr class=\"row-21\">\n\t<td class=\"column-1\">Estonia<\/td><td class=\"column-2\">UPS\/DPD\/DHL Alemania<\/td><td class=\"column-3\">8-13 d\u00edas<\/td>\n<\/tr>\n<tr class=\"row-22\">\n\t<td class=\"column-1\">Letonia<\/td><td class=\"column-2\">UPS\/DPD\/DHL Alemania<\/td><td class=\"column-3\">8-13 d\u00edas<\/td>\n<\/tr>\n<tr class=\"row-23\">\n\t<td class=\"column-1\">Grecia<\/td><td class=\"column-2\">UPS\/DPD\/DHL Alemania<\/td><td class=\"column-3\">8-13 d\u00edas<\/td>\n<\/tr>\n<tr class=\"row-24\">\n\t<td class=\"column-1\">Irlanda<\/td><td class=\"column-2\">UPS\/DPD\/DHL Alemania<\/td><td class=\"column-3\">8-13 d\u00edas<\/td>\n<\/tr>\n<tr class=\"row-25\">\n\t<td class=\"column-1\">Portugal<\/td><td class=\"column-2\">UPS\/DPD\/DHL Alemania<\/td><td class=\"column-3\">8-13 d\u00edas<\/td>\n<\/tr>\n<tr class=\"row-26\">\n\t<td class=\"column-1\">Espa\u00f1a<\/td><td class=\"column-2\">UPS\/DPD\/DHL Alemania<\/td><td class=\"column-3\">8-13 d\u00edas<\/td>\n<\/tr>\n<tr class=\"row-27\">\n\t<td class=\"column-1\">Emiratos \u00c1rabes Unidos (Dub\u00e1i)<\/td><td class=\"column-2\">L\u00ednea dedicada de Dub\u00e1i<\/td><td class=\"column-3\">12-18 d\u00edas<\/td>\n<\/tr>\n<tr class=\"row-28\">\n\t<td class=\"column-1\">Sud\u00e1frica<\/td><td class=\"column-2\">L\u00ednea dedicada de Sud\u00e1frica<\/td><td class=\"column-3\">15-25 d\u00edas<\/td>\n<\/tr>\n<tr class=\"row-29\">\n\t<td class=\"column-1\">Vietnam<\/td><td class=\"column-2\">L\u00ednea dedicada de Vietnam<\/td><td class=\"column-3\">3-5 d\u00edas<\/td>\n<\/tr>\n<tr class=\"row-30\">\n\t<td class=\"column-1\">Malasia Occidental<\/td><td class=\"column-2\">L\u00ednea dedicada de Malasia<\/td><td class=\"column-3\">4-8 d\u00edas<\/td>\n<\/tr>\n<\/tbody>\n<\/table>\n<!-- #tablepress-1 from cache -->\n\n\n\n<p><\/p>\n<\/div>\n<\/div>\n<\/div>\n<\/div>\n\n\n\n<p><\/p>","protected":false},"excerpt":{"rendered":"<p>Pol\u00edtica de env\u00edos de AgoraVape 1. Los pedidos se procesan y env\u00edan en un plazo de 1 a 3 d\u00edas laborables. El plazo de entrega suele ser de 7 a 15 d\u00edas laborables.<\/p>","protected":false},"author":2,"featured_media":10789,"parent":0,"menu_order":0,"comment_status":"closed","ping_status":"closed","template":"elementor_header_footer","meta":{"footnotes":""},"class_list":["post-10788","page","type-page","status-publish","has-post-thumbnail","hentry"],"_links":{"self":[{"href":"https:\/\/agoravape.com\/es\/wp-json\/wp\/v2\/pages\/10788","targetHints":{"allow":["GET"]}}],"collection":[{"href":"https:\/\/agoravape.com\/es\/wp-json\/wp\/v2\/pages"}],"about":[{"href":"https:\/\/agoravape.com\/es\/wp-json\/wp\/v2\/types\/page"}],"author":[{"embeddable":true,"href":"https:\/\/agoravape.com\/es\/wp-json\/wp\/v2\/users\/2"}],"replies":[{"embeddable":true,"href":"https:\/\/agoravape.com\/es\/wp-json\/wp\/v2\/comments?post=10788"}],"version-history":[{"count":0,"href":"https:\/\/agoravape.com\/es\/wp-json\/wp\/v2\/pages\/10788\/revisions"}],"wp:featuredmedia":[{"embeddable":true,"href":"https:\/\/agoravape.com\/es\/wp-json\/wp\/v2\/media\/10789"}],"wp:attachment":[{"href":"https:\/\/agoravape.com\/es\/wp-json\/wp\/v2\/media?parent=10788"}],"curies":[{"name":"wp","href":"https:\/\/api.w.org\/{rel}","templated":true}]}}