{"id":10808,"date":"2025-09-22T22:44:30","date_gmt":"2025-09-22T14:44:30","guid":{"rendered":"https:\/\/green-grasshopper-921422.hostingersite.com\/?page_id=10808"},"modified":"2025-09-22T22:49:20","modified_gmt":"2025-09-22T14:49:20","slug":"politica-de-edad-de-agoravape","status":"publish","type":"page","link":"https:\/\/agoravape.com\/es\/agoravape-age-policy\/","title":{"rendered":"Pol\u00edtica de edad de AgoraVape"},"content":{"rendered":"<h1 class=\"wp-block-heading has-text-align-center\">Pol\u00edtica de edad de AgoraVape<\/h1>\n\n\n\n<p><strong>Verificaci\u00f3n de edad de AgoraVape.<\/strong><\/p>\n\n\n\n<p><strong>Edad legal para fumar: <\/strong>Debes tener al menos 21 a\u00f1os para comprar productos de vapeo en EE. UU. Esta es la ley.<\/p>\n\n\n\n<p>Declarar falsamente la edad est\u00e1 penado por ley: Mentir sobre la edad para comprar algo puede causar problemas legales.<\/p>\n\n\n\n<p>No est\u00e1 permitido comprar a menores de edad: es ilegal comprar equipos de vapeo a j\u00f3venes menores de 21 a\u00f1os. Esto tambi\u00e9n puede convertirse en un castigo.<\/p>\n\n\n\n<p><strong>Proceso de verificaci\u00f3n de edad: <\/strong>Verificamos su edad minuciosamente. Debe proporcionar su nombre, direcci\u00f3n, fecha de nacimiento y los \u00faltimos 4 d\u00edgitos de su n\u00famero de seguro social (BSN). Comparamos esta informaci\u00f3n con los registros p\u00fablicos.<\/p>\n\n\n\n<p>\u00bfNo funciona o no tienes un BSN? Sube una foto de tu documento de identidad (pasaporte o licencia de conducir).<\/p>\n\n\n\n<p><strong>Podremos rechazar pedidos:<\/strong> Si no puede mostrar una identificaci\u00f3n, podr\u00edamos cancelar su pedido. Sin discusi\u00f3n.<\/p>\n\n\n\n<p><strong>Prevenci\u00f3n de las ventas a j\u00f3venes:<\/strong> Hacemos todo lo posible para asegurarnos de que los menores de 21 a\u00f1os no nos compren nada. Por eso, lo revisamos con tanto rigor.<\/p>\n\n\n\n<p><strong>Rechazar o limitar el servicio: <\/strong>A veces rechazamos los pedidos en l\u00ednea. \u00bfTe parece injusto? Contacta con nuestro servicio de atenci\u00f3n al cliente.<\/p>\n\n\n\n<p><strong>Advertencia del sitio:<\/strong> Hay una advertencia clara en nuestro sitio sobre el vapeo y la regla 21+ en los EE. UU.<\/p>\n\n\n\n<p>En AgoraVape, la seguridad es fundamental para nosotros. Nuestros controles de edad son estrictos, pero necesarios. As\u00ed es como vendemos productos de vapeo de forma responsable. Juntos, mantenemos la comunidad del vapeo segura y legal. Elige la fiabilidad, elige... <strong><a href=\"https:\/\/agoravape.com\/es\/\">AgoraVape<\/a><\/strong>.<\/p>\n\n\n\n<p><strong>Nuestra misi\u00f3n:<\/strong> Atendemos solo a clientes mayores de 21 a\u00f1os. Es la ley y la cumplimos. Sin concesiones. Nuestro sistema de verificaci\u00f3n utiliza tu informaci\u00f3n personal y verifica tu identidad. \u00bfMientes sobre tu edad? Acciones legales inmediatas. Incluso si compras para un menor.<\/p>\n\n\n\n<p>\u00bfNo tienes BSN? Sube tu identificaci\u00f3n. \u00bfDudas? El pedido no se procesa. Punto.<\/p>\n\n\n\n<p>\u00bfTiene alguna queja sobre pedidos rechazados? Env\u00edenos un correo electr\u00f3nico. Siempre escuchamos.<\/p>\n\n\n\n<p><\/p>","protected":false},"excerpt":{"rendered":"<p>Pol\u00edtica de edad de AgoraVape Verificaci\u00f3n de edad de AgoraVape. Edad legal para fumar: Debes tener al menos 21 a\u00f1os para comprar<\/p>","protected":false},"author":2,"featured_media":0,"parent":0,"menu_order":0,"comment_status":"closed","ping_status":"closed","template":"elementor_header_footer","meta":{"footnotes":""},"class_list":["post-10808","page","type-page","status-publish","hentry"],"_links":{"self":[{"href":"https:\/\/agoravape.com\/es\/wp-json\/wp\/v2\/pages\/10808","targetHints":{"allow":["GET"]}}],"collection":[{"href":"https:\/\/agoravape.com\/es\/wp-json\/wp\/v2\/pages"}],"about":[{"href":"https:\/\/agoravape.com\/es\/wp-json\/wp\/v2\/types\/page"}],"author":[{"embeddable":true,"href":"https:\/\/agoravape.com\/es\/wp-json\/wp\/v2\/users\/2"}],"replies":[{"embeddable":true,"href":"https:\/\/agoravape.com\/es\/wp-json\/wp\/v2\/comments?post=10808"}],"version-history":[{"count":0,"href":"https:\/\/agoravape.com\/es\/wp-json\/wp\/v2\/pages\/10808\/revisions"}],"wp:attachment":[{"href":"https:\/\/agoravape.com\/es\/wp-json\/wp\/v2\/media?parent=10808"}],"curies":[{"name":"wp","href":"https:\/\/api.w.org\/{rel}","templated":true}]}}