{"id":10812,"date":"2025-09-22T22:53:02","date_gmt":"2025-09-22T14:53:02","guid":{"rendered":"https:\/\/green-grasshopper-921422.hostingersite.com\/?page_id=10812"},"modified":"2025-09-22T22:53:04","modified_gmt":"2025-09-22T14:53:04","slug":"politica-de-privacidad-de-agoravape","status":"publish","type":"page","link":"https:\/\/agoravape.com\/es\/agoravape-privacy-policy\/","title":{"rendered":"Pol\u00edtica de privacidad de AgoraVape"},"content":{"rendered":"<h1 class=\"wp-block-heading has-text-align-center\">Pol\u00edtica de privacidad de AgoraVape<\/h1>\n\n\n\n<p>En AgoraVape, nos esforzamos por proteger su informaci\u00f3n personal. Esta Pol\u00edtica de Privacidad explica c\u00f3mo recopilamos, usamos y protegemos la informaci\u00f3n en agoravape.com.<\/p>\n\n\n\n<h2 class=\"wp-block-heading\">Informaci\u00f3n que recopilamos<\/h2>\n\n\n\n<p>Cuando visite nuestro sitio, podremos almacenarlo:<\/p>\n\n\n\n<ul class=\"wp-block-list\">\n<li>Informaci\u00f3n personal como nombre, correo electr\u00f3nico y n\u00famero de tel\u00e9fono (si compra algo o se comunica con nosotros).<\/li>\n\n\n\n<li>Informaci\u00f3n sobre tus h\u00e1bitos de navegaci\u00f3n y dispositivo (a trav\u00e9s de cookies y similares).<\/li>\n\n\n\n<li>Otras cosas que compartes t\u00fa mismo.<\/li>\n<\/ul>\n\n\n\n<h2 class=\"wp-block-heading\">\u00bfPor qu\u00e9 usamos esto?<\/h2>\n\n\n\n<p>Sus datos ser\u00e1n utilizados para:<\/p>\n\n\n\n<ul class=\"wp-block-list\">\n<li>Actualizaciones de pedidos: cuando pides algo, enviamos correos electr\u00f3nicos sobre tu pedido (confirmaci\u00f3n, env\u00edo, etc.).<\/li>\n\n\n\n<li>Correos electr\u00f3nicos de marketing: Al realizar un pedido, acepta recibir nuestros correos electr\u00f3nicos promocionales sobre nuevos productos, ofertas y eventos. Puede cancelar su suscripci\u00f3n en cualquier momento mediante el enlace incluido en el correo electr\u00f3nico.<\/li>\n\n\n\n<li>Cont\u00e1ctanos para preguntas\/pedidos.<\/li>\n\n\n\n<li>Mejorar el sitio web en funci\u00f3n de los comentarios.<\/li>\n\n\n\n<li>Prevenci\u00f3n del fraude.<\/li>\n<\/ul>\n\n\n\n<h2 class=\"wp-block-heading\">Compartir con otros<\/h2>\n\n\n\n<p>No vendemos sus datos a terceros. Solo si es necesario (por ejemplo, para env\u00edos o por ley).<\/p>\n\n\n\n<h2 class=\"wp-block-heading\">Seguridad<\/h2>\n\n\n\n<p>Utilizamos encriptaci\u00f3n, tecnolog\u00eda SSL y verificamos peri\u00f3dicamente nuestra seguridad.<\/p>\n\n\n\n<h2 class=\"wp-block-heading\">Sus derechos<\/h2>\n\n\n\n<p>Puede solicitar, modificar o eliminar sus datos en cualquier momento. Cancele su suscripci\u00f3n a correos electr\u00f3nicos de marketing a trav\u00e9s del enlace \"Cancelar suscripci\u00f3n\".<\/p>\n\n\n\n<h2 class=\"wp-block-heading\">Pol\u00edtica de ajustes<\/h2>\n\n\n\n<p>A veces cambiamos esta pol\u00edtica. Rev\u00edsala de vez en cuando.<\/p>\n\n\n\n<p>Al usar nuestro sitio, acepta estos t\u00e9rminos. \u00bfTiene alguna pregunta? Env\u00ede un correo electr\u00f3nico a info@agoravape.com.<\/p>\n\n\n\n<p><strong>Gracias por elegirnos <a href=\"https:\/\/agoravape.com\/es\/\" data-type=\"link\" data-id=\"https:\/\/agoravape.com\/\">AgoraVape<\/a>! \ud83d\udead\u2728<\/strong><\/p>\n\n\n\n<p><\/p>","protected":false},"excerpt":{"rendered":"<p>Pol\u00edtica de privacidad de AgoraVape En AgoraVape, tenemos mucho cuidado para proteger su informaci\u00f3n personal. Esta Pol\u00edtica de Privacidad explica c\u00f3mo<\/p>","protected":false},"author":2,"featured_media":0,"parent":0,"menu_order":0,"comment_status":"closed","ping_status":"closed","template":"elementor_header_footer","meta":{"footnotes":""},"class_list":["post-10812","page","type-page","status-publish","hentry"],"_links":{"self":[{"href":"https:\/\/agoravape.com\/es\/wp-json\/wp\/v2\/pages\/10812","targetHints":{"allow":["GET"]}}],"collection":[{"href":"https:\/\/agoravape.com\/es\/wp-json\/wp\/v2\/pages"}],"about":[{"href":"https:\/\/agoravape.com\/es\/wp-json\/wp\/v2\/types\/page"}],"author":[{"embeddable":true,"href":"https:\/\/agoravape.com\/es\/wp-json\/wp\/v2\/users\/2"}],"replies":[{"embeddable":true,"href":"https:\/\/agoravape.com\/es\/wp-json\/wp\/v2\/comments?post=10812"}],"version-history":[{"count":0,"href":"https:\/\/agoravape.com\/es\/wp-json\/wp\/v2\/pages\/10812\/revisions"}],"wp:attachment":[{"href":"https:\/\/agoravape.com\/es\/wp-json\/wp\/v2\/media?parent=10812"}],"curies":[{"name":"wp","href":"https:\/\/api.w.org\/{rel}","templated":true}]}}