{"id":10815,"date":"2025-09-22T23:21:55","date_gmt":"2025-09-22T15:21:55","guid":{"rendered":"https:\/\/green-grasshopper-921422.hostingersite.com\/?page_id=10815"},"modified":"2025-09-24T17:19:42","modified_gmt":"2025-09-24T09:19:42","slug":"preguntas-frecuentes","status":"publish","type":"page","link":"https:\/\/agoravape.com\/es\/faqs\/","title":{"rendered":"Preguntas frecuentes"},"content":{"rendered":"<h1 class=\"wp-block-heading has-text-align-center\">Preguntas frecuentes (FAQ)<\/h1>\n\n\n\n<h2 class=\"wp-block-heading\"><strong>Pago<\/strong><\/h2>\n\n\n<div id=\"rank-math-faq\" class=\"rank-math-block\">\n<ul class=\"rank-math-list\">\n<li id=\"faq-question-1758677760300\" class=\"rank-math-list-item\">\n<h3 class=\"rank-math-question\">\u00bfQu\u00e9 m\u00e9todos de pago aceptan?<\/h3>\n<div class=\"rank-math-answer\">\n\n<p>Aceptamos diversos m\u00e9todos de pago. Por ejemplo, tarjeta de cr\u00e9dito, Trustly, Bancontact, Przelewy24, Multibanco, SEPA, criptomonedas (USDT, BTC, etc.) y m\u00e1s. Consulta la p\u00e1gina de pago para ver todas las opciones.<\/p>\n\n<\/div>\n<\/li>\n<li id=\"faq-question-1758677791437\" class=\"rank-math-list-item\">\n<h3 class=\"rank-math-question\">\u00bfPor qu\u00e9 se rechaz\u00f3 mi pago?<\/h3>\n<div class=\"rank-math-answer\">\n\n<p>Los pagos pueden ser rechazados por varios motivos. Por ejemplo, datos de tarjeta incorrectos, saldo insuficiente o problemas con el servicio de pago. Por favor, revise sus datos o contacte con su banco o proveedor de pagos.<\/p>\n\n<\/div>\n<\/li>\n<li id=\"faq-question-1758677799119\" class=\"rank-math-list-item\">\n<h3 class=\"rank-math-question\">\u00bfC\u00f3mo puedo obtener una factura?<\/h3>\n<div class=\"rank-math-answer\">\n\n<p>\u00bfDesea solicitar una factura? Puede hacerlo durante el proceso de compra. La enviaremos por correo electr\u00f3nico posteriormente.<\/p>\n\n<\/div>\n<\/li>\n<li id=\"faq-question-1758677805392\" class=\"rank-math-list-item\">\n<h3 class=\"rank-math-question\">\u00bfOfrecen la opci\u00f3n de pago contra reembolso (COD)?<\/h3>\n<div class=\"rank-math-answer\">\n\n<p>No, no aceptamos pagos contra reembolso. Debe pagar en l\u00ednea al realizar su pedido.<\/p>\n\n<\/div>\n<\/li>\n<li id=\"faq-question-1758677842806\" class=\"rank-math-list-item\">\n<h3 class=\"rank-math-question\">\u00bfExiste la opci\u00f3n de ingresar un c\u00f3digo de descuento o una tarjeta de regalo?<\/h3>\n<div class=\"rank-math-answer\">\n\n<p>S\u00ed, \u00bftienes un c\u00f3digo o cup\u00f3n? Introduce el c\u00f3digo en la p\u00e1gina de pago para obtener un descuento.<\/p>\n\n<\/div>\n<\/li>\n<li id=\"faq-question-1758677850262\" class=\"rank-math-list-item\">\n<h3 class=\"rank-math-question\">\u00bfEs seguro el pago?<\/h3>\n<div class=\"rank-math-answer\">\n\n<p>Ofrecemos pagos seguros. Utilizamos encriptaci\u00f3n y cumplimos con los est\u00e1ndares PCI.<\/p>\n\n<\/div>\n<\/li>\n<li id=\"faq-question-1758677856599\" class=\"rank-math-list-item\">\n<h3 class=\"rank-math-question\">\u00bfC\u00f3mo puedo recibir una confirmaci\u00f3n del pedido despu\u00e9s de realizar un pago?<\/h3>\n<div class=\"rank-math-answer\">\n\n<p>S\u00ed, inmediatamente despu\u00e9s del pago exitoso recibir\u00e1 un correo electr\u00f3nico con la confirmaci\u00f3n del pedido.<\/p>\n\n<\/div>\n<\/li>\n<li id=\"faq-question-1758677863213\" class=\"rank-math-list-item\">\n<h3 class=\"rank-math-question\">\u00bfC\u00f3mo puedo solicitar una devoluci\u00f3n?<\/h3>\n<div class=\"rank-math-answer\">\n\n<p>Contacte con nuestro equipo de atenci\u00f3n al cliente. Indique los detalles de su pedido. Le ayudaremos seg\u00fan nuestra pol\u00edtica de devoluciones.<\/p>\n\n<\/div>\n<\/li>\n<li id=\"faq-question-1758677871426\" class=\"rank-math-list-item\">\n<h3 class=\"rank-math-question\">\u00bfC\u00f3mo puedo ver mi historial de pedidos despu\u00e9s de realizar un pago?<\/h3>\n<div class=\"rank-math-answer\">\n\n<p>Inicia sesi\u00f3n en tu cuenta. Ve a \"Mi cuenta\". En el historial de pedidos ver\u00e1s todos los pagos y el estado de tus pedidos.<\/p>\n\n<\/div>\n<\/li>\n<\/ul>\n<\/div>\n\n\n<h2 class=\"wp-block-heading\">Env\u00edo<\/h2>\n\n\n<div id=\"rank-math-faq\" class=\"rank-math-block\">\n<ul class=\"rank-math-list\">\n<li id=\"faq-question-1758677890188\" class=\"rank-math-list-item\">\n<h3 class=\"rank-math-question\">\u00bfCu\u00e1l es la pol\u00edtica de env\u00edo?<\/h3>\n<div class=\"rank-math-answer\">\n\n<p>Pa\u00edses a los que podemos realizar env\u00edos\u00a0<strong>DDP<\/strong>\u00a0(<strong>Entrega con derechos pagados<\/strong>) M\u00e9todo, no requiere que usted haga ning\u00fan despacho de aduana y no hay aranceles para usted.<br \/>\u2013 EE. UU. \u2013 UPS Express (excepto Alaska y Haw\u00e1i)<br \/>\u2013 Reino Unido \u2013 DPD Express local<br \/>\u2013 Europa \u2013 UPS Express\/ DPD Express\/ DHL Express<br \/>Listas de pa\u00edses de Europa M\u00e9todo DDP: Alemania, B\u00e9lgica, Luxemburgo, Pa\u00edses Bajos, Rep\u00fablica Checa, Polonia, Croacia, Eslovaquia, Eslovenia, Finlandia, Dinamarca, Suecia, Austria, Francia, Italia, Hungr\u00eda, Bulgaria, Lituania, Estonia, Letonia, Grecia, Irlanda, Portugal, Espa\u00f1a.<br \/>Los env\u00edos a pa\u00edses europeos, excepto el Reino Unido, se procesar\u00e1n en Alemania y se enviar\u00e1n a otros pa\u00edses europeos desde Alemania.<br \/>\u2013 Emiratos \u00c1rabes Unidos (solo Dub\u00e1i)<br \/>\u2013 Sud\u00e1frica<br \/>\u2013 Vietnam<br \/>\u2013 Malasia occidental (excepto la isla de Kalimantan)<\/p>\n<p><strong>Tiempos de env\u00edo para pa\u00edses espec\u00edficos:<\/strong><br \/>\n<table id=\"tablepress-1\" class=\"tablepress tablepress-id-1\">\n<thead>\n<tr class=\"row-1\">\n\t<th class=\"column-1\">PA\u00cdS<\/th><th class=\"column-2\">M\u00c9TODO DE ENV\u00cdO<\/th><th class=\"column-3\">TIEMPO DE ENV\u00cdO<\/th>\n<\/tr>\n<\/thead>\n<tbody class=\"row-striping row-hover\">\n<tr class=\"row-2\">\n\t<td class=\"column-1\">ciervo<\/td><td class=\"column-2\">UPS local terrestre<\/td><td class=\"column-3\">10-15 d\u00edas<\/td>\n<\/tr>\n<tr class=\"row-3\">\n\t<td class=\"column-1\">Reino Unido<\/td><td class=\"column-2\">Expreso local de DPD<\/td><td class=\"column-3\">7-12 d\u00edas<\/td>\n<\/tr>\n<tr class=\"row-4\">\n\t<td class=\"column-1\">Alemania<\/td><td class=\"column-2\">UPS\/DPD\/DHL Alemania<\/td><td class=\"column-3\">8-13 d\u00edas<\/td>\n<\/tr>\n<tr class=\"row-5\">\n\t<td class=\"column-1\">Francia<\/td><td class=\"column-2\">UPS\/DPD\/DHL Alemania<\/td><td class=\"column-3\">8-13 d\u00edas<\/td>\n<\/tr>\n<tr class=\"row-6\">\n\t<td class=\"column-1\">B\u00e9lgica<\/td><td class=\"column-2\">UPS\/DPD\/DHL Alemania<\/td><td class=\"column-3\">8-13 d\u00edas<\/td>\n<\/tr>\n<tr class=\"row-7\">\n\t<td class=\"column-1\">Luxemburgo<\/td><td class=\"column-2\">UPS\/DPD\/DHL Alemania<\/td><td class=\"column-3\">8-13 d\u00edas<\/td>\n<\/tr>\n<tr class=\"row-8\">\n\t<td class=\"column-1\">Pa\u00edses Bajos<\/td><td class=\"column-2\">UPS\/DPD\/DHL Alemania<\/td><td class=\"column-3\">8-13 d\u00edas<\/td>\n<\/tr>\n<tr class=\"row-9\">\n\t<td class=\"column-1\">Rep\u00fablica Checa<\/td><td class=\"column-2\">UPS\/DPD\/DHL Alemania<\/td><td class=\"column-3\">8-13 d\u00edas<\/td>\n<\/tr>\n<tr class=\"row-10\">\n\t<td class=\"column-1\">Polonia<\/td><td class=\"column-2\">UPS\/DPD\/DHL Alemania<\/td><td class=\"column-3\">8-13 d\u00edas<\/td>\n<\/tr>\n<tr class=\"row-11\">\n\t<td class=\"column-1\">Croacia<\/td><td class=\"column-2\">UPS\/DPD\/DHL Alemania<\/td><td class=\"column-3\">8-13 d\u00edas<\/td>\n<\/tr>\n<tr class=\"row-12\">\n\t<td class=\"column-1\">Eslovaquia<\/td><td class=\"column-2\">UPS\/DPD\/DHL Alemania<\/td><td class=\"column-3\">8-13 d\u00edas<\/td>\n<\/tr>\n<tr class=\"row-13\">\n\t<td class=\"column-1\">Eslovenia<\/td><td class=\"column-2\">UPS\/DPD\/DHL Alemania<\/td><td class=\"column-3\">8-13 d\u00edas<\/td>\n<\/tr>\n<tr class=\"row-14\">\n\t<td class=\"column-1\">Finlandia<\/td><td class=\"column-2\">UPS\/DPD\/DHL Alemania<\/td><td class=\"column-3\">8-13 d\u00edas<\/td>\n<\/tr>\n<tr class=\"row-15\">\n\t<td class=\"column-1\">Dinamarca<\/td><td class=\"column-2\">UPS\/DPD\/DHL Alemania<\/td><td class=\"column-3\">8-13 d\u00edas<\/td>\n<\/tr>\n<tr class=\"row-16\">\n\t<td class=\"column-1\">Suecia<\/td><td class=\"column-2\">UPS\/DPD\/DHL Alemania<\/td><td class=\"column-3\">8-13 d\u00edas<\/td>\n<\/tr>\n<tr class=\"row-17\">\n\t<td class=\"column-1\">Austria<\/td><td class=\"column-2\">UPS\/DPD\/DHL Alemania<\/td><td class=\"column-3\">8-13 d\u00edas<\/td>\n<\/tr>\n<tr class=\"row-18\">\n\t<td class=\"column-1\">Italia<\/td><td class=\"column-2\">UPS\/DPD\/DHL Alemania<\/td><td class=\"column-3\">8-13 d\u00edas<\/td>\n<\/tr>\n<tr class=\"row-19\">\n\t<td class=\"column-1\">Hungr\u00eda<\/td><td class=\"column-2\">UPS\/DPD\/DHL Alemania<\/td><td class=\"column-3\">8-13 d\u00edas<\/td>\n<\/tr>\n<tr class=\"row-20\">\n\t<td class=\"column-1\">Lituania<\/td><td class=\"column-2\">UPS\/DPD\/DHL Alemania<\/td><td class=\"column-3\">8-13 d\u00edas<\/td>\n<\/tr>\n<tr class=\"row-21\">\n\t<td class=\"column-1\">Estonia<\/td><td class=\"column-2\">UPS\/DPD\/DHL Alemania<\/td><td class=\"column-3\">8-13 d\u00edas<\/td>\n<\/tr>\n<tr class=\"row-22\">\n\t<td class=\"column-1\">Letonia<\/td><td class=\"column-2\">UPS\/DPD\/DHL Alemania<\/td><td class=\"column-3\">8-13 d\u00edas<\/td>\n<\/tr>\n<tr class=\"row-23\">\n\t<td class=\"column-1\">Grecia<\/td><td class=\"column-2\">UPS\/DPD\/DHL Alemania<\/td><td class=\"column-3\">8-13 d\u00edas<\/td>\n<\/tr>\n<tr class=\"row-24\">\n\t<td class=\"column-1\">Irlanda<\/td><td class=\"column-2\">UPS\/DPD\/DHL Alemania<\/td><td class=\"column-3\">8-13 d\u00edas<\/td>\n<\/tr>\n<tr class=\"row-25\">\n\t<td class=\"column-1\">Portugal<\/td><td class=\"column-2\">UPS\/DPD\/DHL Alemania<\/td><td class=\"column-3\">8-13 d\u00edas<\/td>\n<\/tr>\n<tr class=\"row-26\">\n\t<td class=\"column-1\">Espa\u00f1a<\/td><td class=\"column-2\">UPS\/DPD\/DHL Alemania<\/td><td class=\"column-3\">8-13 d\u00edas<\/td>\n<\/tr>\n<tr class=\"row-27\">\n\t<td class=\"column-1\">Emiratos \u00c1rabes Unidos (Dub\u00e1i)<\/td><td class=\"column-2\">L\u00ednea dedicada de Dub\u00e1i<\/td><td class=\"column-3\">12-18 d\u00edas<\/td>\n<\/tr>\n<tr class=\"row-28\">\n\t<td class=\"column-1\">Sud\u00e1frica<\/td><td class=\"column-2\">L\u00ednea dedicada de Sud\u00e1frica<\/td><td class=\"column-3\">15-25 d\u00edas<\/td>\n<\/tr>\n<tr class=\"row-29\">\n\t<td class=\"column-1\">Vietnam<\/td><td class=\"column-2\">L\u00ednea dedicada de Vietnam<\/td><td class=\"column-3\">3-5 d\u00edas<\/td>\n<\/tr>\n<tr class=\"row-30\">\n\t<td class=\"column-1\">Malasia Occidental<\/td><td class=\"column-2\">L\u00ednea dedicada de Malasia<\/td><td class=\"column-3\">4-8 d\u00edas<\/td>\n<\/tr>\n<\/tbody>\n<\/table>\n<!-- #tablepress-1 from cache --><\/p>\n<p>Otros pa\u00edses<br \/>A excepci\u00f3n de los pa\u00edses enumerados anteriormente, es necesario\u00a0<strong>hacer el despacho de aduanas<\/strong>\u00a0y\u00a0<strong>pagar deberes<\/strong>\u00a0Cuando el paquete llegue a su aduana, con respecto a la cantidad de impuesto que debe pagar, consulte en la aduana local para obtener m\u00e1s detalles.<br \/>Es posible que sus aduanas le exijan que proporcione\u00a0<strong>licencia comercial<\/strong>\u00a0tambi\u00e9n. (si hay alguno)<\/p>\n\n<\/div>\n<\/li>\n<li id=\"faq-question-1758705293446\" class=\"rank-math-list-item\">\n<h3 class=\"rank-math-question\">\u00bfC\u00f3mo se calculan los costos de env\u00edo?<\/h3>\n<div class=\"rank-math-answer\">\n\n<p>Los gastos de env\u00edo suelen calcularse en funci\u00f3n del peso de los art\u00edculos, el destino y el m\u00e9todo de env\u00edo seleccionado. Puedes consultar el coste del env\u00edo durante el proceso de compra.<\/p>\n\n<\/div>\n<\/li>\n<li id=\"faq-question-1758705303927\" class=\"rank-math-list-item\">\n<h3 class=\"rank-math-question\">\u00bfQu\u00e9 debo hacer si mi paquete se pierde o se retrasa?<\/h3>\n<div class=\"rank-math-answer\">\n\n<p>Si su paquete se pierde o sufre un retraso considerable, p\u00f3ngase en contacto con nuestro equipo de atenci\u00f3n al cliente. Investigaremos el problema y le ayudaremos a resolverlo.<\/p>\n\n<\/div>\n<\/li>\n<li id=\"faq-question-1758705315349\" class=\"rank-math-list-item\">\n<h3 class=\"rank-math-question\">\u00bfC\u00f3mo puedo rastrear mi pedido?<\/h3>\n<div class=\"rank-math-answer\">\n\n<p>Puede rastrear su pedido iniciando sesi\u00f3n en su cuenta y accediendo a la secci\u00f3n \"Historial de pedidos\". Tambi\u00e9n le enviamos informaci\u00f3n de seguimiento por correo electr\u00f3nico.<\/p>\n\n<\/div>\n<\/li>\n<li id=\"faq-question-1758705329899\" class=\"rank-math-list-item\">\n<h3 class=\"rank-math-question\">\u00bfDebo pagar derechos de aduana?<\/h3>\n<div class=\"rank-math-answer\">\n\n<p>No es necesario por ahora, excepto en Canad\u00e1 y Dinamarca.<\/p>\n\n<\/div>\n<\/li>\n<li id=\"faq-question-1758705335223\" class=\"rank-math-list-item\">\n<h3 class=\"rank-math-question\">\u00bfCu\u00e1l es el tiempo estimado de env\u00edo?<\/h3>\n<div class=\"rank-math-answer\">\n\n<p>Dependiendo del producto el tiempo de almacenamiento es de 1 a 5 d\u00edas y el tiempo de env\u00edo es de 7 a 15 d\u00edas.<\/p>\n\n<\/div>\n<\/li>\n<\/ul>\n<\/div>\n\n\n<h2 class=\"wp-block-heading\">Seguridad<\/h2>\n\n\n<div id=\"rank-math-faq\" class=\"rank-math-block\">\n<div class=\"rank-math-list\">\n<div id=\"faq-question-1758705372113\" class=\"rank-math-list-item\">\n<h3 class=\"rank-math-question\">\u00bfC\u00f3mo se garantiza la seguridad del sitio web?<\/h3>\n<div class=\"rank-math-answer\">\n\n<p>Empleamos m\u00faltiples capas de medidas de seguridad para proteger sus datos y transacciones, incluido el cifrado de datos, firewalls y auditor\u00edas de seguridad peri\u00f3dicas.<\/p>\n\n<\/div>\n<\/div>\n<div id=\"faq-question-1758705383884\" class=\"rank-math-list-item\">\n<h3 class=\"rank-math-question\">\u00bfC\u00f3mo se protege mi informaci\u00f3n personal?<\/h3>\n<div class=\"rank-math-answer\">\n\n<p>Cumplimos estrictamente con nuestra pol\u00edtica de privacidad y no vendemos ni compartimos su informaci\u00f3n personal. Su informaci\u00f3n se utiliza \u00fanicamente para procesar pedidos y brindar atenci\u00f3n al cliente.<\/p>\n\n<\/div>\n<\/div>\n<div id=\"faq-question-1758705391537\" class=\"rank-math-list-item\">\n<h3 class=\"rank-math-question\">\u00bfEs segura la informaci\u00f3n de pago?<\/h3>\n<div class=\"rank-math-answer\">\n\n<p>Utilizamos un sistema de procesamiento de pagos seguro que cumple con los est\u00e1ndares PCI para garantizar la seguridad de su informaci\u00f3n de pago.<\/p>\n\n<\/div>\n<\/div>\n<div id=\"faq-question-1758705401483\" class=\"rank-math-list-item\">\n<h3 class=\"rank-math-question\">\u00bfC\u00f3mo puedo crear una contrase\u00f1a segura?<\/h3>\n<div class=\"rank-math-answer\">\n\n<p>Crear una contrase\u00f1a segura implica usar una combinaci\u00f3n de letras, n\u00fameros y caracteres especiales, evitando informaci\u00f3n f\u00e1cil de adivinar, como fechas de nacimiento. Cambiar la contrase\u00f1a regularmente tambi\u00e9n es una forma de mejorar la seguridad.<\/p>\n\n<\/div>\n<\/div>\n<div id=\"faq-question-1758705409709\" class=\"rank-math-list-item\">\n<h3 class=\"rank-math-question\">\u00bfC\u00f3mo puedo verificar la autenticidad del sitio web?<\/h3>\n<div class=\"rank-math-answer\">\n\n<p>Comprueba la URL del sitio web para asegurarte de que coincida con la oficial. Adem\u00e1s, busca el certificado SSL, que deber\u00eda indicar que el sitio es seguro.<\/p>\n\n<\/div>\n<\/div>\n<div id=\"faq-question-1758705417995\" class=\"rank-math-list-item\">\n<h3 class=\"rank-math-question\">\u00bfC\u00f3mo puedo reportar una actividad sospechosa?<\/h3>\n<div class=\"rank-math-answer\">\n\n<p>Si detecta alguna actividad sospechosa o problemas de seguridad, p\u00f3ngase en contacto con nuestro servicio de atenci\u00f3n al cliente de inmediato. Investigaremos el problema y tomaremos las medidas necesarias.<\/p>\n\n<\/div>\n<\/div>\n<div id=\"faq-question-1758705426259\" class=\"rank-math-list-item\">\n<h3 class=\"rank-math-question\">\u00bfExisten medidas antiphishing?<\/h3>\n<div class=\"rank-math-answer\">\n\n<p>S\u00ed, hemos implementado medidas antiphishing para ayudar a prevenir actividades fraudulentas en sitios web y correos electr\u00f3nicos maliciosos.<\/p>\n\n<\/div>\n<\/div>\n<\/div>\n<\/div>\n\n\n<h2 class=\"wp-block-heading\">Devoluciones<\/h2>\n\n\n<div id=\"rank-math-faq\" class=\"rank-math-block\">\n<div class=\"rank-math-list\">\n<div id=\"faq-question-1758705453340\" class=\"rank-math-list-item\">\n<h3 class=\"rank-math-question\">Me gustar\u00eda cambiar los art\u00edculos que ped\u00ed. \u00bfQu\u00e9 debo hacer?<\/h3>\n<div class=\"rank-math-answer\">\n\n<p>Puedes modificar tu pedido antes de las 23:00 (PDT -7 GMT) del mismo d\u00eda. Para solicitar cambios, cont\u00e1ctanos en info@agoravape.com.<\/p>\n\n<\/div>\n<\/div>\n<div id=\"faq-question-1758705465220\" class=\"rank-math-list-item\">\n<h3 class=\"rank-math-question\">\u00bfC\u00f3mo devuelvo un producto?<\/h3>\n<div class=\"rank-math-answer\">\n\n<p>Tienes 15 d\u00edas para devolver algo. A partir del d\u00eda en que recibiste el paquete.<\/p>\n<p>Para la devoluci\u00f3n, el art\u00edculo debe estar exactamente igual que cuando lo recibi\u00f3. Sin usar. Las etiquetas deben estar intactas. Tambi\u00e9n debe estar presente el embalaje original. Se requiere el comprobante de compra (factura).<\/p>\n<p>Env\u00ede un correo electr\u00f3nico a info@agoravape.com para iniciar el proceso de devoluci\u00f3n. Si se aprueba, le enviaremos una etiqueta de devoluci\u00f3n e instrucciones de env\u00edo. Los paquetes devueltos sin cita previa ser\u00e1n ignorados.<\/p>\n<p>\u00bfTienes m\u00e1s preguntas? Escr\u00edbenos a info@agoravape.com.<\/p>\n\n<\/div>\n<\/div>\n<\/div>\n<\/div>","protected":false},"excerpt":{"rendered":"<p>Frequently Asked Questions( FAQ ) Payment Shipping Security Returns<\/p>","protected":false},"author":2,"featured_media":0,"parent":0,"menu_order":0,"comment_status":"closed","ping_status":"closed","template":"elementor_header_footer","meta":{"footnotes":""},"class_list":["post-10815","page","type-page","status-publish","hentry"],"_links":{"self":[{"href":"https:\/\/agoravape.com\/es\/wp-json\/wp\/v2\/pages\/10815","targetHints":{"allow":["GET"]}}],"collection":[{"href":"https:\/\/agoravape.com\/es\/wp-json\/wp\/v2\/pages"}],"about":[{"href":"https:\/\/agoravape.com\/es\/wp-json\/wp\/v2\/types\/page"}],"author":[{"embeddable":true,"href":"https:\/\/agoravape.com\/es\/wp-json\/wp\/v2\/users\/2"}],"replies":[{"embeddable":true,"href":"https:\/\/agoravape.com\/es\/wp-json\/wp\/v2\/comments?post=10815"}],"version-history":[{"count":0,"href":"https:\/\/agoravape.com\/es\/wp-json\/wp\/v2\/pages\/10815\/revisions"}],"wp:attachment":[{"href":"https:\/\/agoravape.com\/es\/wp-json\/wp\/v2\/media?parent=10815"}],"curies":[{"name":"wp","href":"https:\/\/api.w.org\/{rel}","templated":true}]}}