{"id":18671,"date":"2025-10-22T21:52:12","date_gmt":"2025-10-22T13:52:12","guid":{"rendered":"https:\/\/green-grasshopper-921422.hostingersite.com\/?page_id=18671"},"modified":"2025-10-23T22:14:58","modified_gmt":"2025-10-23T14:14:58","slug":"acerca-de-nosotros","status":"publish","type":"page","link":"https:\/\/agoravape.com\/es\/about-us\/","title":{"rendered":"Sobre nosotros"},"content":{"rendered":"<div data-elementor-type=\"wp-page\" data-elementor-id=\"18671\" class=\"elementor elementor-18671\">\n\t\t\t\t<div class=\"wd-negative-gap elementor-element elementor-element-f1aa532 e-flex e-con-boxed e-con e-parent\" data-id=\"f1aa532\" data-element_type=\"container\" data-e-type=\"container\">\n\t\t\t\t\t<div class=\"e-con-inner\">\n\t\t\t\t<div class=\"elementor-element elementor-element-bac86b3 wd-el-breadcrumbs text-left elementor-widget elementor-widget-wd_wc_breadcrumb\" data-id=\"bac86b3\" data-element_type=\"widget\" data-e-type=\"widget\" data-widget_type=\"wd_wc_breadcrumb.default\">\n\t\t\t\t<div class=\"elementor-widget-container\">\n\t\t\t\t\t<nav class=\"wd-breadcrumbs woocommerce-breadcrumb\" aria-label=\"Breadcrumb\">\t\t\t\t<span class=\"wd-last\">\n\t\t\t\t\tHogar\t\t\t\t<\/span>\n\t\t\t<\/nav>\t\t\t\t<\/div>\n\t\t\t\t<\/div>\n\t\t\t\t\t<\/div>\n\t\t\t\t<\/div>\n\t\t\t\t<section class=\"wd-negative-gap elementor-section elementor-top-section elementor-element elementor-element-406b757d wd-section-stretch elementor-section-content-middle elementor-section-boxed elementor-section-height-default elementor-section-height-default\" data-id=\"406b757d\" data-element_type=\"section\" data-e-type=\"section\" data-settings=\"{&quot;background_background&quot;:&quot;classic&quot;}\">\n\t\t\t\t\t\t\t<div class=\"elementor-background-overlay\"><\/div>\n\t\t\t\t\t\t\t<div class=\"elementor-container elementor-column-gap-no\">\n\t\t\t\t\t<div class=\"elementor-column elementor-col-50 elementor-top-column elementor-element elementor-element-4a42ef81\" data-id=\"4a42ef81\" data-element_type=\"column\" data-e-type=\"column\" data-settings=\"{&quot;background_background&quot;:&quot;classic&quot;}\">\n\t\t\t<div class=\"elementor-widget-wrap elementor-element-populated\">\n\t\t\t\t\t\t<section class=\"wd-negative-gap elementor-section elementor-inner-section elementor-element elementor-element-737d0425 elementor-section-boxed elementor-section-height-default elementor-section-height-default\" data-id=\"737d0425\" data-element_type=\"section\" data-e-type=\"section\" data-settings=\"{&quot;background_background&quot;:&quot;classic&quot;}\">\n\t\t\t\t\t\t<div class=\"elementor-container elementor-column-gap-default\">\n\t\t\t\t\t<div class=\"elementor-column elementor-col-100 elementor-inner-column elementor-element elementor-element-30e317dc\" data-id=\"30e317dc\" data-element_type=\"column\" data-e-type=\"column\">\n\t\t\t<div class=\"elementor-widget-wrap elementor-element-populated\">\n\t\t\t\t\t\t<div class=\"elementor-element elementor-element-6a04663d wd-width-100 elementor-widget elementor-widget-wd_title\" data-id=\"6a04663d\" data-element_type=\"widget\" data-e-type=\"widget\" data-widget_type=\"wd_title.default\">\n\t\t\t\t<div class=\"elementor-widget-container\">\n\t\t\t\t\t\t\t<div class=\"title-wrapper wd-set-mb reset-last-child wd-title-color-default wd-title-style-default wd-title-size-default text-left\">\n\n\t\t\t\n\t\t\t<div class=\"liner-continer\">\n\t\t\t\t<h4 class=\"woodmart-title-container title wd-fontsize-l\">Sobre nosotros<\/h4> \n\t\t\t\t\t\t\t<\/div>\n\n\t\t\t\t\t<\/div>\n\t\t\t\t\t\t<\/div>\n\t\t\t\t<\/div>\n\t\t\t\t<div class=\"elementor-element elementor-element-3f926e7b elementor-widget elementor-widget-wd_text_block\" data-id=\"3f926e7b\" data-element_type=\"widget\" data-e-type=\"widget\" data-widget_type=\"wd_text_block.default\">\n\t\t\t\t<div class=\"elementor-widget-container\">\n\t\t\t\t\t\t\t<div class=\"wd-text-block reset-last-child text-left\">\n\t\t\t\n\t\t\t<p>Bienvenido a AgoraVape, su principal destino en l\u00ednea para productos de vape desechables. Con m\u00e1s de una d\u00e9cada de experiencia en el sector de los cigarrillos electr\u00f3nicos, nos hemos consolidado como un l\u00edder de confianza que atiende tanto a clientes particulares como a mayoristas de todo el mundo.<\/p><p>Nuestra misi\u00f3n es ser la plataforma de compra \u00fanica definitiva para el mercado de vapeadores desechables. Estamos dedicados a elevar el est\u00e1ndar de la industria mediante la combinaci\u00f3n de una amplia y diversa selecci\u00f3n de productos con un firme compromiso con la calidad y la satisfacci\u00f3n del cliente. Aprovechando nuestra amplia experiencia en el dise\u00f1o, fabricaci\u00f3n y distribuci\u00f3n mundial de cigarrillos electr\u00f3nicos, ofrecemos productos innovadores que ofrecen un rendimiento duradero y sabores ricos y satisfactorios.<\/p><p>En AgoraVape, nos enorgullecemos de ofrecer una variedad sin igual de marcas populares, con opciones para satisfacer todas las preferencias. Nuestra colecci\u00f3n abarca una amplia gama de tama\u00f1os de calada, concentraciones de nicotina, y cientos de sabores. Si usted est\u00e1 buscando un dispositivo compacto y port\u00e1til o un modelo m\u00e1s grande, de alta capacidad, lo encontrar\u00e1 aqu\u00ed.<\/p><p>Nos comprometemos a ofrecer una experiencia de compra fluida y precios competitivos, especialmente a nuestros clientes mayoristas que deseen hacer pedidos al por mayor. Nuestro equipo profesional de atenci\u00f3n al cliente est\u00e1 siempre a su disposici\u00f3n para ayudarle, garantizando un proceso fluido y satisfactorio desde la b\u00fasqueda hasta la entrega.<\/p>\n\t\t\t\t\t<\/div>\n\t\t\t\t\t\t<\/div>\n\t\t\t\t<\/div>\n\t\t\t\t<div class=\"elementor-element elementor-element-6ec283ae elementor-widget elementor-widget-wd_text_block\" data-id=\"6ec283ae\" data-element_type=\"widget\" data-e-type=\"widget\" data-widget_type=\"wd_text_block.default\">\n\t\t\t\t<div class=\"elementor-widget-container\">\n\t\t\t\t\t\t\t<div class=\"wd-text-block reset-last-child text-left\">\n\t\t\t\n\t\t\t<p>Experimente la diferencia de AgoraVape. Le invitamos a explorar nuestra amplia selecci\u00f3n y unirse a nuestra creciente comunidad de clientes satisfechos. Conf\u00ede en nosotros como su socio de confianza para todas sus necesidades de vapeo.<\/p>\n\t\t\t\t\t<\/div>\n\t\t\t\t\t\t<\/div>\n\t\t\t\t<\/div>\n\t\t\t\t<div class=\"elementor-element elementor-element-f445c8c elementor-widget__width-auto elementor-widget elementor-widget-wd_social_buttons\" data-id=\"f445c8c\" data-element_type=\"widget\" data-e-type=\"widget\" data-widget_type=\"wd_social_buttons.default\">\n\t\t\t\t<div class=\"elementor-widget-container\">\n\t\t\t\t\t\t\t\t<div\n\t\t\t\t\t\tclass=\"wd-social-icons wd-style-bordered wd-size-small social-share wd-shape-circle color-scheme-dark text-left\">\n\t\t\t\t\n\t\t\t\t\n\t\t\t\t\t\t\t\t\t<a rel=\"nofollow noopener noreferrer\" href=\"https:\/\/www.facebook.com\/sharer\/sharer.php?u=https:\/\/agoravape.com\/es\/about-us\/\" target=\"_blank\" class=\"wd-social-icon social-facebook\" aria-label=\"Facebook social link\">\n\t\t\t\t\t\t<span class=\"wd-icon\"><\/span>\n\t\t\t\t\t\t\t\t\t\t\t<\/a>\n\t\t\t\t\n\t\t\t\t\t\t\t\t\t<a rel=\"nofollow noopener noreferrer\" href=\"https:\/\/x.com\/share?url=https:\/\/agoravape.com\/es\/about-us\/\" target=\"_blank\" class=\"wd-social-icon social-twitter\" aria-label=\"X social link\">\n\t\t\t\t\t\t<span class=\"wd-icon\"><\/span>\n\t\t\t\t\t\t\t\t\t\t\t<\/a>\n\t\t\t\t\n\t\t\t\t\n\t\t\t\t\n\t\t\t\t\n\t\t\t\t\n\t\t\t\t\n\t\t\t\t\t\t\t\t\t<a rel=\"nofollow noopener noreferrer\" href=\"https:\/\/pinterest.com\/pin\/create\/button\/?url=https:\/\/agoravape.com\/es\/about-us\/&#038;media=https:\/\/agoravape.com\/wp-content\/uploads\/2025\/10\/IQTE-2400-Puffs-Four-in-One-Multi-Flavor-Vape_Agora_vape-3.webp&#038;description=About%20Us\" target=\"_blank\" class=\"wd-social-icon social-pinterest\" aria-label=\"Pinterest social link\">\n\t\t\t\t\t\t<span class=\"wd-icon\"><\/span>\n\t\t\t\t\t\t\t\t\t\t\t<\/a>\n\t\t\t\t\n\t\t\t\t\n\t\t\t\t\t\t\t\t\t<a rel=\"nofollow noopener noreferrer\" href=\"https:\/\/www.linkedin.com\/shareArticle?mini=true&#038;url=https:\/\/agoravape.com\/es\/about-us\/\" target=\"_blank\" class=\"wd-social-icon social-linkedin\" aria-label=\"Linkedin social link\">\n\t\t\t\t\t\t<span class=\"wd-icon\"><\/span>\n\t\t\t\t\t\t\t\t\t\t\t<\/a>\n\t\t\t\t\n\t\t\t\t\n\t\t\t\t\n\t\t\t\t\n\t\t\t\t\n\t\t\t\t\n\t\t\t\t\n\t\t\t\t\n\t\t\t\t\n\t\t\t\t\n\t\t\t\t\n\t\t\t\t\n\t\t\t\t\n\t\t\t\t\n\t\t\t\t\n\t\t\t\t\t\t\t\t\t<a rel=\"nofollow noopener noreferrer\" href=\"https:\/\/telegram.me\/share\/url?url=https:\/\/agoravape.com\/es\/about-us\/\" target=\"_blank\" class=\"wd-social-icon social-tg\" aria-label=\"Telegram social link\">\n\t\t\t\t\t\t<span class=\"wd-icon\"><\/span>\n\t\t\t\t\t\t\t\t\t\t\t<\/a>\n\t\t\t\t\n\t\t\t\t\n\t\t\t<\/div>\n\n\t\t\t\t\t\t<\/div>\n\t\t\t\t<\/div>\n\t\t\t\t\t<\/div>\n\t\t<\/div>\n\t\t\t\t\t<\/div>\n\t\t<\/section>\n\t\t\t\t\t<\/div>\n\t\t<\/div>\n\t\t\t\t<div class=\"elementor-column elementor-col-50 elementor-top-column elementor-element elementor-element-7c04a333\" data-id=\"7c04a333\" data-element_type=\"column\" data-e-type=\"column\">\n\t\t\t<div class=\"elementor-widget-wrap elementor-element-populated\">\n\t\t\t\t\t\t<div class=\"elementor-element elementor-element-5e1f769d elementor-widget elementor-widget-wd_image_or_svg\" data-id=\"5e1f769d\" data-element_type=\"widget\" data-e-type=\"widget\" data-widget_type=\"wd_image_or_svg.default\">\n\t\t\t\t<div class=\"elementor-widget-container\">\n\t\t\t\t\t\n\t\t<div class=\"wd-image text-center\">\n\t\t\t\t\t\t\t\t<img loading=\"lazy\" decoding=\"async\" width=\"580\" height=\"500\" src=\"https:\/\/agoravape.com\/wp-content\/uploads\/2025\/10\/about-agora-vape.jpg\" class=\"attachment-full size-full\" alt=\"\" srcset=\"https:\/\/agoravape.com\/wp-content\/uploads\/2025\/10\/about-agora-vape.jpg 580w, https:\/\/agoravape.com\/wp-content\/uploads\/2025\/10\/about-agora-vape-300x259.jpg 300w\" sizes=\"auto, (max-width: 580px) 100vw, 580px\" \/>\t\t\t\t\t<\/div>\n\n\t\t\t\t\t\t<\/div>\n\t\t\t\t<\/div>\n\t\t\t\t\t<\/div>\n\t\t<\/div>\n\t\t\t\t\t<\/div>\n\t\t<\/section>\n\t\t\t\t<\/div>","protected":false},"excerpt":{"rendered":"<p>\u9996\u9875 About Us Welcome to AgoraVape, your premier online destination for disposable vape products. Drawing on over a decade of<\/p>","protected":false},"author":2,"featured_media":18600,"parent":0,"menu_order":0,"comment_status":"closed","ping_status":"closed","template":"elementor_header_footer","meta":{"footnotes":""},"class_list":["post-18671","page","type-page","status-publish","has-post-thumbnail","hentry"],"_links":{"self":[{"href":"https:\/\/agoravape.com\/es\/wp-json\/wp\/v2\/pages\/18671","targetHints":{"allow":["GET"]}}],"collection":[{"href":"https:\/\/agoravape.com\/es\/wp-json\/wp\/v2\/pages"}],"about":[{"href":"https:\/\/agoravape.com\/es\/wp-json\/wp\/v2\/types\/page"}],"author":[{"embeddable":true,"href":"https:\/\/agoravape.com\/es\/wp-json\/wp\/v2\/users\/2"}],"replies":[{"embeddable":true,"href":"https:\/\/agoravape.com\/es\/wp-json\/wp\/v2\/comments?post=18671"}],"version-history":[{"count":0,"href":"https:\/\/agoravape.com\/es\/wp-json\/wp\/v2\/pages\/18671\/revisions"}],"wp:featuredmedia":[{"embeddable":true,"href":"https:\/\/agoravape.com\/es\/wp-json\/wp\/v2\/media\/18600"}],"wp:attachment":[{"href":"https:\/\/agoravape.com\/es\/wp-json\/wp\/v2\/media?parent=18671"}],"curies":[{"name":"wp","href":"https:\/\/api.w.org\/{rel}","templated":true}]}}