{"id":10852,"date":"2025-10-01T09:29:35","date_gmt":"2025-10-01T01:29:35","guid":{"rendered":"https:\/\/green-grasshopper-921422.hostingersite.com\/?post_type=product&#038;p=10852"},"modified":"2026-01-19T22:09:32","modified_gmt":"2026-01-19T14:09:32","slug":"iqte-50000-puffs-vape-recargable","status":"publish","type":"product","link":"https:\/\/agoravape.com\/es\/product\/iqte-50000-puffs-rechargeable-vape\/","title":{"rendered":"Vape desechable recargable IQTE de 50\u00a0000 inhalaciones | Gran capacidad, carga sencilla"},"content":{"rendered":"<h2 data-v-md-heading=\"so-what-about-iqte-50000-rechargeable-disposable-vapes\" data-v-md-line=\"3\"><img loading=\"lazy\" decoding=\"async\" class=\"aligncenter size-full wp-image-18613\" src=\"https:\/\/agoravape.com\/wp-content\/uploads\/2025\/10\/IQTE-50000-Puffs-Rechargeable-Disposable_Agora_vape-6.webp\" alt=\"\" width=\"2560\" height=\"1785\" srcset=\"https:\/\/agoravape.com\/wp-content\/uploads\/2025\/10\/IQTE-50000-Puffs-Rechargeable-Disposable_Agora_vape-6.webp 2560w, https:\/\/agoravape.com\/wp-content\/uploads\/2025\/10\/IQTE-50000-Puffs-Rechargeable-Disposable_Agora_vape-6-1200x837.webp 1200w, https:\/\/agoravape.com\/wp-content\/uploads\/2025\/10\/IQTE-50000-Puffs-Rechargeable-Disposable_Agora_vape-6-300x209.webp 300w, https:\/\/agoravape.com\/wp-content\/uploads\/2025\/10\/IQTE-50000-Puffs-Rechargeable-Disposable_Agora_vape-6-1024x714.webp 1024w, https:\/\/agoravape.com\/wp-content\/uploads\/2025\/10\/IQTE-50000-Puffs-Rechargeable-Disposable_Agora_vape-6-768x536.webp 768w, https:\/\/agoravape.com\/wp-content\/uploads\/2025\/10\/IQTE-50000-Puffs-Rechargeable-Disposable_Agora_vape-6-1536x1071.webp 1536w, https:\/\/agoravape.com\/wp-content\/uploads\/2025\/10\/IQTE-50000-Puffs-Rechargeable-Disposable_Agora_vape-6-2048x1428.webp 2048w\" sizes=\"auto, (max-width: 2560px) 100vw, 2560px\" \/><\/h2>\n<h2 data-v-md-heading=\"so-what-about-iqte-50000-rechargeable-disposable-vapes\" data-v-md-line=\"3\">\u00bfQu\u00e9 pasa con los vapes desechables recargables IQTE 50000?<\/h2>\n<p data-v-md-line=\"4\">Si est\u00e1s cansado de cambiar tu vaporizador desechable cada pocos d\u00edas, este producto te facilitar\u00e1 la vida. El IQTE 50000 cuenta con una bater\u00eda recargable con capacidad para hasta 50\u00a0000 paquetes, lo que te permite disfrutar f\u00e1cilmente del verdadero valor del e-l\u00edquido.<\/p>\n<p data-v-md-line=\"6\">Si buscas un vaporizador fiable y duradero que se pueda cargar con el cable de carga de tu m\u00f3vil, este producto es la opci\u00f3n ideal. Es f\u00e1cil de usar, c\u00f3modo de llevar y mantiene un sabor consistente en cada uso.<\/p>\n<h2 data-v-md-heading=\"excellent-performance-without-any-complexity\" data-v-md-line=\"8\">Excellent performance without any complexity<\/h2>\n<p data-v-md-line=\"9\">El n\u00facleo atomizador interno ha sido cuidadosamente ajustado para mantener un sabor limpio y estable de principio a fin. Al tercer d\u00eda, no not\u00e9 olor a quemado, e incluso a la mitad del uso, no hubo cortes de energ\u00eda. Cuando la bater\u00eda est\u00e1 baja, se puede cargar a trav\u00e9s de la interfaz tipo C. Quiz\u00e1s pienses que los vaporizadores recargables son problem\u00e1ticos, pero este cigarrillo electr\u00f3nico realmente logra la funcionalidad plug and play.<\/p>\n<h2 data-v-md-heading=\"specification-overview\" data-v-md-line=\"11\">Specification Overview<\/h2>\n<ul data-v-md-line=\"12\">\n<li>Suction frequency: up to 50000 times<\/li>\n<li>Contenido de nicotina: 2% y 5% opcional<\/li>\n<li>Working principle: Activated by inhalation<\/li>\n<li>Charging: Standard Type-C USB interface<\/li>\n<li>Status: Ready to use out of the box<\/li>\n<li>Capacidad de e-l\u00edquido: 50 mililitros<\/li>\n<li>Capacidad de la bater\u00eda: bater\u00eda recargable de 800 mAh<\/li>\n<\/ul>\n<h2 data-v-md-heading=\"full-range-of-flavors\" data-v-md-line=\"20\">Gama completa de sabores<\/h2>\n<ul data-v-md-line=\"21\">\n<li>Watermelon Ice<\/li>\n<li>Strawberry Ice<\/li>\n<li>Pista de hielo azul<\/li>\n<li>Hielo de mentol<\/li>\n<li>Lemon and lime<\/li>\n<li>M\u00e1s sabores para elegir<\/li>\n<\/ul>\n<h2 data-v-md-heading=\"for-you-for-your-business\" data-v-md-line=\"28\">For you, for your business<\/h2>\n<p data-v-md-line=\"29\">Puedes elegir <a class=\"wpil_keyword_link\" title=\"IQTE\" href=\"https:\/\/agoravape.com\/es\/vapear-por-marca\/iqte\/\" data-wpil-keyword-link=\"linked\" data-wpil-monitor-id=\"110\">IQTE<\/a> Vaporizadores desechables recargables de 50 000 caladas para uso personal o para comprar para su tienda. Cajas de cart\u00f3n al por mayor con 200 unidades por caja. El peso bruto de la caja de cart\u00f3n es de 19 kilogramos, con unas dimensiones de 510 \u00d7 293 \u00d7 260 mil\u00edmetros, lo que resulta muy pr\u00e1ctico para planificar el espacio en las estanter\u00edas y el transporte.<\/p>\n<p data-v-md-line=\"31\">Ofrecemos opciones DDP con impuestos pagados a trav\u00e9s de socios de confianza como UPS, DPD y DHL para env\u00edos a toda Europa. Su pedido ser\u00e1 procesado y rastreado para evitar imprevistos en la aduana.<\/p>\n<h2 data-v-md-heading=\"why-do-you-like-it\" data-v-md-line=\"33\">Why do you like it<\/h2>\n<ul data-v-md-line=\"34\">\n<li>Gran capacidad para fumar: mayor duraci\u00f3n de la bater\u00eda, no es necesario reemplazar los vaporizadores con frecuencia.<\/li>\n<li>Selecci\u00f3n del contenido de nicotina: elige 2% o 5% seg\u00fan tu preferencia.<\/li>\n<li>Recargable: puedes utilizar todos los e-l\u00edquidos adquiridos.<\/li>\n<li>Rendimiento estable de la bobina: puede proporcionar un sabor estable y rico en todo momento.<\/li>\n<li>Interfaz tipo C conveniente: cargue utilizando su cable de datos existente.<\/li>\n<\/ul>\n<h2 data-v-md-heading=\"why-choose-to-collaborate-with-agoravape\" data-v-md-line=\"40\">Why choose to collaborate with AgoraVape?<\/h2>\n<p data-v-md-line=\"41\">S\u00f3lo vendemos productos 100% aut\u00e9nticos y no tenemos ninguna duda al respecto. Si usted compra <a class=\"wpil_keyword_link\" href=\"https:\/\/agoravape.com\/es\/marca\/iqte\/\" target=\"_blank\" rel=\"noopener\" title=\"IQTE\" data-wpil-keyword-link=\"linked\" data-wpil-monitor-id=\"7177\">IQTE<\/a> 50000 vapes desechables recargables al por mayor, disfrutar\u00e1 de precios con descuento, soporte de respuesta r\u00e1pida y servicios de entrega r\u00e1pidos y fiables. P\u00f3ngase en contacto con nosotros para comprar productos que sus clientes realmente aman.<\/p>\n<p>&nbsp;<\/p>","protected":false},"excerpt":{"rendered":"<p>El IQTE 50000 ofrece hasta 50.000 caladas para una m\u00e1xima longevidad. Este recargable desechable te asegura disfrutar de cada gota de e-l\u00edquido con un sabor consistente y limpio. Cuenta con una sencilla carga Tipo-C y est\u00e1 disponible en nicotina 2% o 5%. Ya est\u00e1 aqu\u00ed tu vapeador fiable y sin complicaciones.<\/p>","protected":false},"featured_media":18608,"comment_status":"open","ping_status":"closed","template":"","meta":[],"product_brand":[198],"product_cat":[124,185,189,1641,174,175,125,191,180,190],"product_tag":[],"class_list":{"0":"post-10852","1":"product","2":"type-product","3":"status-publish","4":"has-post-thumbnail","6":"product_brand-iqte","7":"product_cat-vape-by-brand","8":"product_cat-10000-puffs-high-capacity","9":"product_cat-20mg-standard-nicotine-vapes","10":"product_cat-50000-puffs","11":"product_cat-fruit-flavors","12":"product_cat-icy-mint","13":"product_cat-iqte","14":"product_cat-rechargeable-disposables","15":"product_cat-vape-by-puff-count","16":"product_cat-vape-by-feature-or-type","18":"first","19":"onbackorder","20":"shipping-taxable","21":"purchasable","22":"product-type-variable","23":"has-default-attributes"},"tiered_pricing_type":"percentage","tiered_pricing_fixed_rules":[],"tiered_pricing_product_settings":{"layout":"default","base_unit_name":{"singular":null,"plural":null},"default_variation":null},"tiered_pricing_minimum_quantity":10,"tiered_pricing_roles_data":[],"tiered_pricing_percentage_rules":{"30":"29","50":"35","100":"40","200":"44","500":"47","1000":"49"},"tiered_pricing_maximum_quantity":null,"tiered_pricing_quantity_step":"10","_links":{"self":[{"href":"https:\/\/agoravape.com\/es\/wp-json\/wp\/v2\/product\/10852","targetHints":{"allow":["GET"]}}],"collection":[{"href":"https:\/\/agoravape.com\/es\/wp-json\/wp\/v2\/product"}],"about":[{"href":"https:\/\/agoravape.com\/es\/wp-json\/wp\/v2\/types\/product"}],"replies":[{"embeddable":true,"href":"https:\/\/agoravape.com\/es\/wp-json\/wp\/v2\/comments?post=10852"}],"version-history":[{"count":5,"href":"https:\/\/agoravape.com\/es\/wp-json\/wp\/v2\/product\/10852\/revisions"}],"predecessor-version":[{"id":29829,"href":"https:\/\/agoravape.com\/es\/wp-json\/wp\/v2\/product\/10852\/revisions\/29829"}],"wp:featuredmedia":[{"embeddable":true,"href":"https:\/\/agoravape.com\/es\/wp-json\/wp\/v2\/media\/18608"}],"wp:attachment":[{"href":"https:\/\/agoravape.com\/es\/wp-json\/wp\/v2\/media?parent=10852"}],"wp:term":[{"taxonomy":"product_brand","embeddable":true,"href":"https:\/\/agoravape.com\/es\/wp-json\/wp\/v2\/product_brand?post=10852"},{"taxonomy":"product_cat","embeddable":true,"href":"https:\/\/agoravape.com\/es\/wp-json\/wp\/v2\/product_cat?post=10852"},{"taxonomy":"product_tag","embeddable":true,"href":"https:\/\/agoravape.com\/es\/wp-json\/wp\/v2\/product_tag?post=10852"}],"curies":[{"name":"wp","href":"https:\/\/api.w.org\/{rel}","templated":true}]}}