{"id":11109,"date":"2025-10-04T21:27:48","date_gmt":"2025-10-04T13:27:48","guid":{"rendered":"https:\/\/green-grasshopper-921422.hostingersite.com\/?post_type=product&#038;p=11109"},"modified":"2026-01-19T22:09:19","modified_gmt":"2026-01-19T14:09:19","slug":"crystal-mary-groove-50k-touch-screen-vape","status":"publish","type":"product","link":"https:\/\/agoravape.com\/es\/product\/crystal-mary-groove-50k-touch-screen-vape\/","title":{"rendered":"Vaporizador inteligente con pantalla t\u00e1ctil Crystal Mary Groove 50K | Crea f\u00e1cilmente un sabor duradero"},"content":{"rendered":"<h2 data-v-md-heading=\"what-are-the-advantages-of-crystal-mary-groove-50k-suction-smart-touchscreen-electronic-cigarette\" data-v-md-line=\"3\">\u00bfCu\u00e1les son las ventajas del vaporizador inteligente con pantalla t\u00e1ctil y succi\u00f3n Crystal Mary Groove 50K?<\/h2>\n<p data-v-md-line=\"4\">Si est\u00e1s cansado de cambiar tus vaporizadores desechables cada pocos d\u00edas, este producto te facilitar\u00e1 la vida. Crystal Mary Groove tiene una capacidad de succi\u00f3n de hasta 50\u00a0000 y est\u00e1 equipado con una pantalla t\u00e1ctil inteligente que te permite ajustar la experiencia de vapeo a tu gusto.<\/p>\n<p data-v-md-line=\"6\">Es ideal para quienes buscan durabilidad sin esfuerzo. Ofrece un sabor n\u00edtido, humo estable y un control sencillo. Quiz\u00e1s pienses que los vaporizadores con tanta capacidad de succi\u00f3n son engorrosos, pero son simples, f\u00e1ciles de usar y refrescantes.<\/p>\n<h2 data-v-md-heading=\"excellent-performance-easy-and-convenient\" data-v-md-line=\"8\">Excellent performance, easy and convenient<\/h2>\n<p data-v-md-line=\"9\">La bobina de doble malla se encarga de la funci\u00f3n principal. Se calienta uniformemente, por lo que cada bocado es tan delicioso como el primero. Cuando la bater\u00eda est\u00e9 baja, puedes cargarlo mediante el cable Tipo C. Puede tener el mismo cable que el de tu tel\u00e9fono, as\u00ed que no tendr\u00e1s que preocuparte por encontrar algo especial.<\/p>\n<h2 data-v-md-heading=\"specification-overview\" data-v-md-line=\"11\">Specification Overview<\/h2>\n<ul data-v-md-line=\"12\">\n<li>Suction frequency: up to 50000 times<\/li>\n<li>Contenido de nicotina: 50 miligramos por mililitro<\/li>\n<li>Principio de funcionamiento: La pantalla t\u00e1ctil ajusta los niveles de nicotina y hielo. Simplemente inhala para activar el vaporizador.<\/li>\n<li>Charging: Standard Type-C USB interface<\/li>\n<li>Status: Ready to use upon unboxing<\/li>\n<\/ul>\n<h2 data-v-md-heading=\"full-range-of-flavors\" data-v-md-line=\"18\">Gama completa de sabores<\/h2>\n<ul data-v-md-line=\"19\">\n<li>Batido de ar\u00e1ndanos<\/li>\n<li>Casa de la Moneda de Miami<\/li>\n<li>Batido de sand\u00eda<\/li>\n<li>Palomitas de ma\u00edz con fresa<\/li>\n<li>Batido de manzana \u00e1cida<\/li>\n<li>Pi\u00f1a y mango agrio<\/li>\n<li>Az\u00facar de lim\u00f3n<\/li>\n<li>Batido de pl\u00e1tano y caramelo<\/li>\n<li>Az\u00facar agria explosiva<\/li>\n<li>Fresa y kiwi refrescante<\/li>\n<\/ul>\n<h2 data-v-md-heading=\"for-you-and-your-business\" data-v-md-line=\"30\">For you and your business<\/h2>\n<p data-v-md-line=\"31\">Comprar para ti es muy sencillo. Solo tienes que elegir tu gusto. Si compras para la tienda, tambi\u00e9n podemos satisfacer tus necesidades. Los cartuchos Crystal Mary Groove 50K est\u00e1n disponibles en paquetes de 5 sabores individuales o en paquetes combinados de 10 sabores.<\/p>\n<p data-v-md-line=\"33\">Ofrecemos servicios de entrega DDP confiables a trav\u00e9s de UPS, DPD y DHL, con env\u00edos a toda Europa. Los aranceles se gestionan con antelaci\u00f3n para evitar problemas aduaneros. El suministro y la concentraci\u00f3n de nicotina pueden variar seg\u00fan el pa\u00eds o la regi\u00f3n. Consulte la normativa local o consulte con nuestro equipo.<\/p>\n<h2 data-v-md-heading=\"why-do-you-like-it\" data-v-md-line=\"35\">Why do you like it<\/h2>\n<ul data-v-md-line=\"36\">\n<li>Succi\u00f3n masiva: hasta 50 000 de capacidad, lo que significa menos pedidos repetidos y menos molestias<\/li>\n<li>Selecci\u00f3n de nicotina: El dispositivo tiene una funci\u00f3n de ajuste incorporada que le permite ajustar la concentraci\u00f3n seg\u00fan sea necesario.<\/li>\n<li>Recargable: la carga tipo C te ayuda a utilizar cada gota de e-l\u00edquido<\/li>\n<li>Bobina de malla: la bobina de malla de doble capa brinda un sabor consistente y un humo suave.<\/li>\n<\/ul>\n<h2 data-v-md-heading=\"why-collaborate-with-agoravape\" data-v-md-line=\"41\">Why collaborate with AgoraVape?<\/h2>\n<p data-v-md-line=\"42\">Solo vendemos productos 100% genuinos y nos responsabilizamos de los productos que vendemos. Los compradores corporativos que adquieran los vaporizadores inteligentes con pantalla t\u00e1ctil Crystal Mary Groove 50K pueden disfrutar de precios de mayoreo con descuento, un equipo de soporte atento y servicios de entrega r\u00e1pidos y confiables. \u00bfDesea comprar un dispositivo con una alta tasa de devoluci\u00f3n de clientes? Cont\u00e1ctenos y estaremos encantados de atenderle.<\/p>\n<p data-v-md-line=\"42\"><img loading=\"lazy\" decoding=\"async\" class=\"aligncenter size-full wp-image-11122\" src=\"https:\/\/agoravape.com\/wp-content\/uploads\/2025\/10\/CRYSTAL-MARY-CM-Groove-50000.webp\" alt=\"\" width=\"1400\" height=\"935\" srcset=\"https:\/\/agoravape.com\/wp-content\/uploads\/2025\/10\/CRYSTAL-MARY-CM-Groove-50000.webp 1400w, https:\/\/agoravape.com\/wp-content\/uploads\/2025\/10\/CRYSTAL-MARY-CM-Groove-50000-1200x801.webp 1200w, https:\/\/agoravape.com\/wp-content\/uploads\/2025\/10\/CRYSTAL-MARY-CM-Groove-50000-300x200.webp 300w, https:\/\/agoravape.com\/wp-content\/uploads\/2025\/10\/CRYSTAL-MARY-CM-Groove-50000-1024x684.webp 1024w, https:\/\/agoravape.com\/wp-content\/uploads\/2025\/10\/CRYSTAL-MARY-CM-Groove-50000-768x513.webp 768w\" sizes=\"auto, (max-width: 1400px) 100vw, 1400px\" \/><\/p>","protected":false},"excerpt":{"rendered":"<p>Te presentamos el Crystal Mary Groove 50K. Consigue hasta 50.000 caladas con este vapeador inteligente. Utilice la pantalla t\u00e1ctil intuitiva para personalizar los niveles de nicotina y hielo para su golpe perfecto. Las bobinas de malla dobles ofrecen un sabor rico y consistente. Recargable mediante Type-C para una experiencia duradera y simplificada.<\/p>","protected":false},"featured_media":11121,"comment_status":"open","ping_status":"closed","template":"","meta":[],"product_brand":[199],"product_cat":[124,185,1641,126,177,174,175,193,191,173,180,190,192],"product_tag":[],"class_list":{"0":"post-11109","1":"product","2":"type-product","3":"status-publish","4":"has-post-thumbnail","6":"product_brand-crystal-mary","7":"product_cat-vape-by-brand","8":"product_cat-10000-puffs-high-capacity","9":"product_cat-50000-puffs","10":"product_cat-crystal-mary","11":"product_cat-dessert-sweets","12":"product_cat-fruit-flavors","13":"product_cat-icy-mint","14":"product_cat-mesh-coil","15":"product_cat-rechargeable-disposables","16":"product_cat-vape-by-flavor-profile","17":"product_cat-vape-by-puff-count","18":"product_cat-vape-by-feature-or-type","19":"product_cat-vapes-with-screens","21":"first","22":"onbackorder","23":"shipping-taxable","24":"purchasable","25":"product-type-variable","26":"has-default-attributes"},"tiered_pricing_type":"percentage","tiered_pricing_fixed_rules":[],"tiered_pricing_product_settings":{"layout":"default","base_unit_name":{"singular":null,"plural":null},"default_variation":null},"tiered_pricing_minimum_quantity":10,"tiered_pricing_roles_data":[],"tiered_pricing_percentage_rules":{"30":"29","50":"35","100":"40","200":"44","500":"47","1000":"49"},"tiered_pricing_maximum_quantity":null,"tiered_pricing_quantity_step":"10","_links":{"self":[{"href":"https:\/\/agoravape.com\/es\/wp-json\/wp\/v2\/product\/11109","targetHints":{"allow":["GET"]}}],"collection":[{"href":"https:\/\/agoravape.com\/es\/wp-json\/wp\/v2\/product"}],"about":[{"href":"https:\/\/agoravape.com\/es\/wp-json\/wp\/v2\/types\/product"}],"replies":[{"embeddable":true,"href":"https:\/\/agoravape.com\/es\/wp-json\/wp\/v2\/comments?post=11109"}],"version-history":[{"count":0,"href":"https:\/\/agoravape.com\/es\/wp-json\/wp\/v2\/product\/11109\/revisions"}],"wp:featuredmedia":[{"embeddable":true,"href":"https:\/\/agoravape.com\/es\/wp-json\/wp\/v2\/media\/11121"}],"wp:attachment":[{"href":"https:\/\/agoravape.com\/es\/wp-json\/wp\/v2\/media?parent=11109"}],"wp:term":[{"taxonomy":"product_brand","embeddable":true,"href":"https:\/\/agoravape.com\/es\/wp-json\/wp\/v2\/product_brand?post=11109"},{"taxonomy":"product_cat","embeddable":true,"href":"https:\/\/agoravape.com\/es\/wp-json\/wp\/v2\/product_cat?post=11109"},{"taxonomy":"product_tag","embeddable":true,"href":"https:\/\/agoravape.com\/es\/wp-json\/wp\/v2\/product_tag?post=11109"}],"curies":[{"name":"wp","href":"https:\/\/api.w.org\/{rel}","templated":true}]}}