{"id":11146,"date":"2025-10-05T10:23:12","date_gmt":"2025-10-05T02:23:12","guid":{"rendered":"https:\/\/green-grasshopper-921422.hostingersite.com\/?post_type=product&#038;p=11146"},"modified":"2026-01-19T22:09:13","modified_gmt":"2026-01-19T14:09:13","slug":"crystal-mary-pulsex-20mg-20000-caladas-vape","status":"publish","type":"product","link":"https:\/\/agoravape.com\/es\/product\/crystal-mary-pulsex-20mg-20000-puffs-vape\/","title":{"rendered":"Crystal Mary PulsEX 20000 inhalaciones, 20 mg de nicotina | Gran capacidad, sabor consistente"},"content":{"rendered":"<h2 data-v-md-heading=\"what-is-the-charm-of-crystal-mary-pulsex-20000-pack-20mg-nicotine-e-cigarette\" data-v-md-line=\"3\">\u00bfCu\u00e1l es el encanto del vaporizador de nicotina Crystal Mary Pulsex 20000 pack 20 mg?<\/h2>\n<p data-v-md-line=\"4\">Si est\u00e1s cansado de los vaporizadores desechables que se agotan al principio, este producto lo cambiar\u00e1 todo. Crystal Mary PulsEX tiene una capacidad de hasta 20\u00a0000 caladas y un contenido de nicotina de 20 miligramos para una experiencia fluida. Es f\u00e1cil de usar y no requiere esfuerzo.<\/p>\n<p data-v-md-line=\"6\">Si buscas un vapeo duradero y suave, sin preocuparte por resistencias ni ajustes, este producto es ideal. Con tantas bocanadas, el sabor se debilita inevitablemente, pero la resistencia de doble malla mantiene la estabilidad desde la primera hasta la \u00faltima.<\/p>\n<h2 data-v-md-heading=\"excellent-performance-easy-and-convenient\" data-v-md-line=\"8\">Excellent performance, easy and convenient<\/h2>\n<p data-v-md-line=\"9\">En el interior, se utilizan bobinas de doble malla para un calentamiento r\u00e1pido y uniforme, garantizando que cada bocado sea tan puro como el primero. Cuando la bater\u00eda est\u00e9 baja, no es necesario desecharla. Simplemente con\u00e9ctela a la corriente. El puerto tipo C usa el mismo cable que la mayor\u00eda de los tel\u00e9fonos m\u00f3viles, lo que facilita su uso.<\/p>\n<h2 data-v-md-heading=\"specification-introduction\" data-v-md-line=\"11\">Specification Introduction<\/h2>\n<ul data-v-md-line=\"12\">\n<li>Frecuencia de succi\u00f3n: hasta 20000 veces<\/li>\n<li>Nicotina: 20 mg (sal de nicotina)<\/li>\n<li>Capacidad de e-l\u00edquido: 18 mililitros<\/li>\n<li>N\u00facleo atomizador: doble malla<\/li>\n<li>Bater\u00eda: bater\u00eda recargable de 820 mAh<\/li>\n<li>Working principle: Activate with just one puff<\/li>\n<li>Charging: Standard Type-C USB interface<\/li>\n<li>Status: Ready to use upon unboxing<\/li>\n<\/ul>\n<h2 data-v-md-heading=\"full-range-of-flavors\" data-v-md-line=\"21\">Gama completa de sabores<\/h2>\n<ul data-v-md-line=\"22\">\n<li>Sabor a ar\u00e1ndano y frambuesa \u00e1cida<\/li>\n<li>Sabor a fruta extra\u00f1a de fresa<\/li>\n<li>Sabor a batido de pi\u00f1a<\/li>\n<li>Ar\u00e1ndanos, frambuesas, sabor a lim\u00f3n.<\/li>\n<li>Sabor a batido de sand\u00eda<\/li>\n<li>Sabor a kiwi, maracuy\u00e1 y guayaba<\/li>\n<li>Sabor a batido de melocot\u00f3n<\/li>\n<li>Sabor a batido de ar\u00e1ndanos<\/li>\n<li>Sabor a az\u00facar arco\u00edris<\/li>\n<li>Banana smoothie<\/li>\n<\/ul>\n<h2 data-v-md-heading=\"to-create-for-you-and-your-business\" data-v-md-line=\"33\">Para crear para usted y su negocio<\/h2>\n<p data-v-md-line=\"34\">Puedes comprar uno para uso diario o llenar tus estanter\u00edas con los productos m\u00e1s vendidos. Ofrecemos cajas al por mayor de 5 unidades de cada sabor, lo que te permite crear f\u00e1cilmente una colecci\u00f3n equilibrada sin gastar de m\u00e1s.<\/p>\n<p data-v-md-line=\"36\">Trabajamos con socios de confianza como UPS, DPD y DHL para ofrecer servicios de entrega DDP, lo que le ahorra las complicaciones de los tr\u00e1mites aduaneros y evita accidentes a su llegada. Debido a las normativas locales, la situaci\u00f3n del suministro puede variar seg\u00fan el pa\u00eds o la regi\u00f3n, por lo que le recomendamos consultar las normativas locales antes de realizar un pedido.<\/p>\n<h2 data-v-md-heading=\"why-do-you-like-it\" data-v-md-line=\"38\">Why do you like it<\/h2>\n<ul data-v-md-line=\"39\">\n<li>Gran capacidad de succi\u00f3n: duradera y de larga duraci\u00f3n, sin necesidad de reemplazo frecuente.<\/li>\n<li>20 mg de nicotina: La concentraci\u00f3n de toda la gama de e-l\u00edquidos es uniforme.<\/li>\n<li>Recargable: Solo necesitas pagar una vez para usar todos los e-l\u00edquidos.<\/li>\n<li>Bobina de malla: puede brindar un sabor estable y rico en todo momento.<\/li>\n<li>Carga tipo C: utilice un cable normal para recargar r\u00e1pidamente.<\/li>\n<\/ul>\n<h2 data-v-md-heading=\"why-choose-to-collaborate-with-agoravape\" data-v-md-line=\"45\">Why choose to collaborate with AgoraVape?<\/h2>\n<p data-v-md-line=\"46\">Solo vendemos productos 100 % genuinos y no tenemos ninguna duda al respecto. Como uno de los distribuidores de vapeo de confianza en Europa, puede disfrutar de precios al por mayor con descuento, atenci\u00f3n al cliente eficiente y entregas r\u00e1pidas DDP para vapeadores Crystal Mary PulsEX de 20\u00a0000 caladas de 20 mg de nicotina. Cont\u00e1ctenos para saber c\u00f3mo tener en stock un dispositivo que valga la pena para sus clientes.<\/p>\n<p><img loading=\"lazy\" decoding=\"async\" class=\"aligncenter size-full wp-image-11170\" src=\"https:\/\/agoravape.com\/wp-content\/uploads\/2025\/10\/crystal-mary-vape.webp\" alt=\"\" width=\"1400\" height=\"650\" srcset=\"https:\/\/agoravape.com\/wp-content\/uploads\/2025\/10\/crystal-mary-vape.webp 1400w, https:\/\/agoravape.com\/wp-content\/uploads\/2025\/10\/crystal-mary-vape-1200x557.webp 1200w, https:\/\/agoravape.com\/wp-content\/uploads\/2025\/10\/crystal-mary-vape-300x139.webp 300w, https:\/\/agoravape.com\/wp-content\/uploads\/2025\/10\/crystal-mary-vape-1024x475.webp 1024w, https:\/\/agoravape.com\/wp-content\/uploads\/2025\/10\/crystal-mary-vape-768x357.webp 768w\" sizes=\"auto, (max-width: 1400px) 100vw, 1400px\" \/><\/p>","protected":false},"excerpt":{"rendered":"<p>Disfruta de hasta 20 000 caladas con el Crystal Mary PulseX. Este vaporizador de alta capacidad ofrece una dosis constante de 20 mg de nicotina y un sabor intenso de principio a fin, gracias a su bobina de doble malla. Es sencillo, recargable mediante Type-C y est\u00e1 dise\u00f1ado para durar. Sin complicaciones, solo sabor duradero.<\/p>","protected":false},"featured_media":11171,"comment_status":"open","ping_status":"closed","template":"","meta":[],"product_brand":[199],"product_cat":[124,185,1636,189,126,174,175,193,191,173,180,190],"product_tag":[],"class_list":{"0":"post-11146","1":"product","2":"type-product","3":"status-publish","4":"has-post-thumbnail","6":"product_brand-crystal-mary","7":"product_cat-vape-by-brand","8":"product_cat-10000-puffs-high-capacity","9":"product_cat-20000-puffs","10":"product_cat-20mg-standard-nicotine-vapes","11":"product_cat-crystal-mary","12":"product_cat-fruit-flavors","13":"product_cat-icy-mint","14":"product_cat-mesh-coil","15":"product_cat-rechargeable-disposables","16":"product_cat-vape-by-flavor-profile","17":"product_cat-vape-by-puff-count","18":"product_cat-vape-by-feature-or-type","20":"first","21":"onbackorder","22":"shipping-taxable","23":"purchasable","24":"product-type-variable","25":"has-default-attributes"},"tiered_pricing_type":"percentage","tiered_pricing_fixed_rules":[],"tiered_pricing_product_settings":{"layout":"default","base_unit_name":{"singular":null,"plural":null},"default_variation":null},"tiered_pricing_minimum_quantity":10,"tiered_pricing_roles_data":[],"tiered_pricing_percentage_rules":{"30":"29","50":"35","100":"40","200":"44","500":"47","1000":"49"},"tiered_pricing_maximum_quantity":null,"tiered_pricing_quantity_step":"10","_links":{"self":[{"href":"https:\/\/agoravape.com\/es\/wp-json\/wp\/v2\/product\/11146","targetHints":{"allow":["GET"]}}],"collection":[{"href":"https:\/\/agoravape.com\/es\/wp-json\/wp\/v2\/product"}],"about":[{"href":"https:\/\/agoravape.com\/es\/wp-json\/wp\/v2\/types\/product"}],"replies":[{"embeddable":true,"href":"https:\/\/agoravape.com\/es\/wp-json\/wp\/v2\/comments?post=11146"}],"version-history":[{"count":0,"href":"https:\/\/agoravape.com\/es\/wp-json\/wp\/v2\/product\/11146\/revisions"}],"wp:featuredmedia":[{"embeddable":true,"href":"https:\/\/agoravape.com\/es\/wp-json\/wp\/v2\/media\/11171"}],"wp:attachment":[{"href":"https:\/\/agoravape.com\/es\/wp-json\/wp\/v2\/media?parent=11146"}],"wp:term":[{"taxonomy":"product_brand","embeddable":true,"href":"https:\/\/agoravape.com\/es\/wp-json\/wp\/v2\/product_brand?post=11146"},{"taxonomy":"product_cat","embeddable":true,"href":"https:\/\/agoravape.com\/es\/wp-json\/wp\/v2\/product_cat?post=11146"},{"taxonomy":"product_tag","embeddable":true,"href":"https:\/\/agoravape.com\/es\/wp-json\/wp\/v2\/product_tag?post=11146"}],"curies":[{"name":"wp","href":"https:\/\/api.w.org\/{rel}","templated":true}]}}