{"id":11193,"date":"2025-10-05T11:44:25","date_gmt":"2025-10-05T03:44:25","guid":{"rendered":"https:\/\/green-grasshopper-921422.hostingersite.com\/?post_type=product&#038;p=11193"},"modified":"2026-01-19T22:09:06","modified_gmt":"2026-01-19T14:09:06","slug":"crystal-mary-cohete-espacial-20000-puffs-vape","status":"publish","type":"product","link":"https:\/\/agoravape.com\/es\/product\/crystal-mary-space-rocket-20000-puffs-vape\/","title":{"rendered":"Vaporizador Crystal Mary Space Rocket de modo dual con 20\u00a0000 puertos | Gran capacidad de vapeo, f\u00e1cil de usar"},"content":{"rendered":"<h2 data-v-md-heading=\"what-are-the-advantages-of-crystal-mary-space-rocket-dual-mode-20000-puff-vapes\" data-v-md-line=\"3\">\u00bfCu\u00e1les son las ventajas de los vaporizadores de modo dual Crystal Mary Space Rocket de 20000 bocanadas?<\/h2>\n<p data-v-md-line=\"4\">Si est\u00e1s cansado de cambiar de vaporizador cada pocos d\u00edas, este producto te facilitar\u00e1 la vida. El vaporizador Crystal Mary Space Rocket tiene una duraci\u00f3n ultralarga y puede cambiar libremente entre el modo normal y el modo mejorado. El modo normal est\u00e1 optimizado para una mayor duraci\u00f3n de la bater\u00eda. El modo mejorado tiene un mayor impacto, pero consume m\u00e1s humo.<\/p>\n<p data-v-md-line=\"6\">Es ideal para quienes buscan un sabor intenso sin esfuerzo. No necesitas men\u00fas ni configuraciones complicadas. Elige tu modo y disfr\u00fatalo al m\u00e1ximo. \u00a1Aqu\u00ed lo tienes!<\/p>\n<h2 data-v-md-heading=\"excellent-performance-easy-and-convenient\" data-v-md-line=\"8\">Excellent performance, easy and convenient<\/h2>\n<p data-v-md-line=\"9\">Dise\u00f1o de doble malla para un manejo sencillo. Las resistencias de 0,4 \u03a9 y 0,8 \u03a9 trabajan juntas para garantizar un sabor puro y consistente de principio a fin. La bater\u00eda se descarga m\u00e1s lentamente y el humo es m\u00e1s suave. Cuando la bater\u00eda est\u00e1 baja, puedes usar la interfaz tipo C para cargarlo. Igual que el cable de tu tel\u00e9fono. F\u00e1cil de usar.<\/p>\n<h2 data-v-md-heading=\"specification-introduction\" data-v-md-line=\"11\">Specification Introduction<\/h2>\n<ul data-v-md-line=\"12\">\n<li>Frecuencia de succi\u00f3n: hasta 20000 veces en modo regular y hasta 12000 veces en modo mejorado<\/li>\n<li>E-liquid capacity: 25 milliliters<\/li>\n<li>N\u00facleo atomizador: 0,4 \u03a9 + 0,8 \u03a9 doble malla<\/li>\n<li>Bater\u00eda: bater\u00eda recargable de 650 mAh<\/li>\n<li>Nicotina: El fabricante no ha especificado la concentraci\u00f3n. Consulte las opciones del producto o consulte con nuestro equipo para conocer la disponibilidad actual.<\/li>\n<li>Principio de funcionamiento: dispositivo de modo dual. Simplemente cambia de modo sin necesidad de configuraciones complejas para empezar a usarlo.<\/li>\n<li>Charging: Standard Type-C USB interface<\/li>\n<li>Status: Ready to use out of the box<\/li>\n<\/ul>\n<h2 data-v-md-heading=\"full-range-of-flavors\" data-v-md-line=\"21\">Gama completa de sabores<\/h2>\n<ul data-v-md-line=\"22\">\n<li>Sabor a ar\u00e1ndano y frambuesa \u00e1cida<\/li>\n<li>Sabor a fruta extra\u00f1a de fresa<\/li>\n<li>Batido de pi\u00f1a<\/li>\n<li>Ar\u00e1ndanos, frambuesas, sabor a lim\u00f3n.<\/li>\n<li>Batido de sand\u00eda<\/li>\n<li>Sabor a kiwi, maracuy\u00e1 y guayaba<\/li>\n<li>Batido de melocot\u00f3n<\/li>\n<li>Batido de ar\u00e1ndanos<\/li>\n<li>Sabor a az\u00facar arco\u00edris<\/li>\n<li>Banana smoothie<\/li>\n<\/ul>\n<h2 data-v-md-heading=\"for-you-and-for-your-business-as-well\" data-v-md-line=\"33\">For you, and for your business as well<\/h2>\n<p data-v-md-line=\"34\">Puedes comprar uno para ti o abastecerlo para tu tienda. Crystal Mary Space Rocket ofrece pedidos al por mayor en cajas de 10 unidades de cada sabor. F\u00e1cil de publicar y vender.<\/p>\n<p data-v-md-line=\"36\">Trabajamos con socios confiables como UPS, DPD y DHL para brindar servicios de entrega DDP, lo que permite procesar las tarifas con anticipaci\u00f3n. La aduana no tendr\u00e1 ning\u00fan problema ni retraso que no pueda explicar a los clientes.<\/p>\n<h2 data-v-md-heading=\"why-do-you-like-it\" data-v-md-line=\"38\">Why do you like it<\/h2>\n<ul data-v-md-line=\"39\">\n<li>Big Mouth Count: Elige un dispositivo resistente y duradero para que tu consumo sea m\u00e1s libre de preocupaciones<\/li>\n<li>Selecci\u00f3n de nicotina: Los diferentes mercados ofrecen distintas opciones y usted puede elegir la que mejor se adapte a sus necesidades.<\/li>\n<li>Recargable: La interfaz tipo C te permite usarlo hasta que se acabe el e-l\u00edquido<\/li>\n<li>Bobina de malla: las bobinas de malla doble proporcionan un sabor estable y una succi\u00f3n suave.<\/li>\n<\/ul>\n<h2 data-v-md-heading=\"why-choose-to-collaborate-with-agoravape\" data-v-md-line=\"44\">Why choose to collaborate with AgoraVape?<\/h2>\n<p data-v-md-line=\"45\">Ofrecemos \u00fanicamente productos 100 % genuinos y creemos firmemente en ello. Los compradores mayoristas que adquieran el paquete de 20\u00a0000 cigarrillos electr\u00f3nicos Crystal Mary Space Rocket de modo dual disfrutar\u00e1n de descuentos, atenci\u00f3n al cliente r\u00e1pida y entregas r\u00e1pidas DDP en Europa. Cont\u00e1ctenos y cree un producto popular que atraer\u00e1 a sus clientes.<\/p>\n<p data-v-md-line=\"45\"><img loading=\"lazy\" decoding=\"async\" class=\"aligncenter size-full wp-image-11226\" src=\"https:\/\/agoravape.com\/wp-content\/uploads\/2025\/10\/CM-Space-Rocket-vape.webp\" alt=\"\" width=\"1400\" height=\"813\" srcset=\"https:\/\/agoravape.com\/wp-content\/uploads\/2025\/10\/CM-Space-Rocket-vape.webp 1400w, https:\/\/agoravape.com\/wp-content\/uploads\/2025\/10\/CM-Space-Rocket-vape-1200x697.webp 1200w, https:\/\/agoravape.com\/wp-content\/uploads\/2025\/10\/CM-Space-Rocket-vape-300x174.webp 300w, https:\/\/agoravape.com\/wp-content\/uploads\/2025\/10\/CM-Space-Rocket-vape-1024x595.webp 1024w, https:\/\/agoravape.com\/wp-content\/uploads\/2025\/10\/CM-Space-Rocket-vape-768x446.webp 768w\" sizes=\"auto, (max-width: 1400px) 100vw, 1400px\" \/><\/p>","protected":false},"excerpt":{"rendered":"<p>\u00bfCansado de cambiar de vaporizador? El Crystal Mary Space Rocket ofrece hasta 20.000 caladas. Cambia entre el modo Regular de larga duraci\u00f3n y el modo Boost. Las dos bobinas de malla proporcionan un sabor puro y consistente. Simple, potente y recargable Tipo-C para una experiencia que dura.<\/p>","protected":false},"featured_media":11216,"comment_status":"open","ping_status":"closed","template":"","meta":[],"product_brand":[199],"product_cat":[124,185,1636,126,174,175,193,191,173,186,180,190],"product_tag":[],"class_list":{"0":"post-11193","1":"product","2":"type-product","3":"status-publish","4":"has-post-thumbnail","6":"product_brand-crystal-mary","7":"product_cat-vape-by-brand","8":"product_cat-10000-puffs-high-capacity","9":"product_cat-20000-puffs","10":"product_cat-crystal-mary","11":"product_cat-fruit-flavors","12":"product_cat-icy-mint","13":"product_cat-mesh-coil","14":"product_cat-rechargeable-disposables","15":"product_cat-vape-by-flavor-profile","16":"product_cat-vape-by-nicotine-strength","17":"product_cat-vape-by-puff-count","18":"product_cat-vape-by-feature-or-type","20":"first","21":"onbackorder","22":"shipping-taxable","23":"purchasable","24":"product-type-variable","25":"has-default-attributes"},"tiered_pricing_type":"percentage","tiered_pricing_fixed_rules":[],"tiered_pricing_product_settings":{"layout":"default","base_unit_name":{"singular":null,"plural":null},"default_variation":null},"tiered_pricing_minimum_quantity":10,"tiered_pricing_roles_data":[],"tiered_pricing_percentage_rules":{"30":"29","50":"35","100":"40","200":"44","500":"47","1000":"49"},"tiered_pricing_maximum_quantity":null,"tiered_pricing_quantity_step":"10","_links":{"self":[{"href":"https:\/\/agoravape.com\/es\/wp-json\/wp\/v2\/product\/11193","targetHints":{"allow":["GET"]}}],"collection":[{"href":"https:\/\/agoravape.com\/es\/wp-json\/wp\/v2\/product"}],"about":[{"href":"https:\/\/agoravape.com\/es\/wp-json\/wp\/v2\/types\/product"}],"replies":[{"embeddable":true,"href":"https:\/\/agoravape.com\/es\/wp-json\/wp\/v2\/comments?post=11193"}],"version-history":[{"count":0,"href":"https:\/\/agoravape.com\/es\/wp-json\/wp\/v2\/product\/11193\/revisions"}],"wp:featuredmedia":[{"embeddable":true,"href":"https:\/\/agoravape.com\/es\/wp-json\/wp\/v2\/media\/11216"}],"wp:attachment":[{"href":"https:\/\/agoravape.com\/es\/wp-json\/wp\/v2\/media?parent=11193"}],"wp:term":[{"taxonomy":"product_brand","embeddable":true,"href":"https:\/\/agoravape.com\/es\/wp-json\/wp\/v2\/product_brand?post=11193"},{"taxonomy":"product_cat","embeddable":true,"href":"https:\/\/agoravape.com\/es\/wp-json\/wp\/v2\/product_cat?post=11193"},{"taxonomy":"product_tag","embeddable":true,"href":"https:\/\/agoravape.com\/es\/wp-json\/wp\/v2\/product_tag?post=11193"}],"curies":[{"name":"wp","href":"https:\/\/api.w.org\/{rel}","templated":true}]}}