{"id":11238,"date":"2025-10-05T15:16:19","date_gmt":"2025-10-05T07:16:19","guid":{"rendered":"https:\/\/green-grasshopper-921422.hostingersite.com\/?post_type=product&#038;p=11238"},"modified":"2026-01-19T22:09:01","modified_gmt":"2026-01-19T14:09:01","slug":"bood-infinity-30000-puffs-vape","status":"publish","type":"product","link":"https:\/\/agoravape.com\/es\/product\/bood-infinity-30000-puffs-vape\/","title":{"rendered":"Vape desechable Bood Infinity 30000 de doble red | Sabor duradero, sin preocupaciones"},"content":{"rendered":"<h2 data-v-md-heading=\"so-what-is-the-special-feature-of-bood-infinity-s-30000-port-dual-network-disposable-vape\" data-v-md-line=\"3\">\u00bfCu\u00e1l es la caracter\u00edstica especial del vaporizador desechable de doble red con 30000 puertos de Bood Infinity?<\/h2>\n<p data-v-md-line=\"4\">Si est\u00e1s cansado de cambiar tus vapeadores desechables cada pocos d\u00edas, este producto te facilitar\u00e1 la vida. Bood Infinity est\u00e1 dise\u00f1ado para un uso prolongado y soporta hasta 30\u00a0000 caladas, lo que te permite mantener un sabor estable durante semanas sin necesidad de cambiar de vapeador con frecuencia.<\/p>\n<p data-v-md-line=\"6\">Es ideal para quienes buscan un vapeo fiable y duradero. Sin men\u00fas ni botones engorrosos. Elige el sabor y la concentraci\u00f3n, y luego inhala. F\u00e1cil de usar.<\/p>\n<h2 data-v-md-heading=\"excellent-performance-no-need-for-complex-operations\" data-v-md-line=\"8\">Excellent performance, no need for complex operations<\/h2>\n<p data-v-md-line=\"9\">La bobina de doble malla se encarga de la tarea principal. Se calienta de manera uniforme, por lo que cada bocado es tan delicioso como el primero y siempre se mantiene consistente. La bater\u00eda de 650 mAh est\u00e1 dise\u00f1ada para un uso continuo, garantizando un uso fluido y sin obstrucciones en todo momento.<\/p>\n<h2 data-v-md-heading=\"specification-overview\" data-v-md-line=\"11\">Specification Overview<\/h2>\n<ul data-v-md-line=\"12\">\n<li>Suction frequency: up to 30000 times<\/li>\n<li>Contenido de nicotina: 0%, 2% y 5%<\/li>\n<li>Working principle: Activated by inhalation<\/li>\n<li>M\u00e9todo de carga: no especificado por el fabricante<\/li>\n<li>Status: Ready to use upon unboxing<\/li>\n<\/ul>\n<h2 data-v-md-heading=\"complete-flavor-series\" data-v-md-line=\"18\">Serie completa de sabores<\/h2>\n<ul data-v-md-line=\"19\">\n<li>Sabor a fresa y sand\u00eda<\/li>\n<li>Sabor a melocot\u00f3n, mango y pi\u00f1a<\/li>\n<li>Sabor a sand\u00eda y menta<\/li>\n<li>Las bayas tienen un sabor fuerte y explosivo.<\/li>\n<li>Sabor a fruta extra\u00f1a de fresa<\/li>\n<li>sabor hawaiano<\/li>\n<li>Sabor a batido de ar\u00e1ndanos<\/li>\n<li>Agua con sabor a ar\u00e1ndanos y lim\u00f3n<\/li>\n<li>Sabor a hielo negro<\/li>\n<li>Sabor Tiffany<\/li>\n<\/ul>\n<h2 data-v-md-heading=\"to-create-for-you-and-your-business\" data-v-md-line=\"30\">Para crear para usted y su negocio<\/h2>\n<p data-v-md-line=\"31\">Si solo desea comprar <a class=\"wpil_keyword_link\" title=\"MENSAJE\" href=\"https:\/\/agoravape.com\/es\/marca\/alimentos\/\" data-wpil-keyword-link=\"linked\" data-wpil-monitor-id=\"104\">Bood<\/a> Vaporizadores desechables Infinity 30000 con doble red para uso personal, se pueden comprar por separado. Si tienes una tienda f\u00edsica o en l\u00ednea, puedes comprar al por mayor 200 cajas de cart\u00f3n, lo que garantiza que las estanter\u00edas est\u00e9n completamente llenas y satisfagan a los clientes.<\/p>\n<p data-v-md-line=\"33\">Trabajamos con socios de confianza como UPS, DPD y DHL para brindar servicios de entrega DDP en toda Europa, de modo que los procedimientos aduaneros se puedan procesar con anticipaci\u00f3n y no haya entregas inesperadas de paquetes.<\/p>\n<h2 data-v-md-heading=\"why-do-you-like-it\" data-v-md-line=\"35\">Why do you like it<\/h2>\n<ul data-v-md-line=\"36\">\n<li>M\u00faltiples bocanadas: duradero y de larga duraci\u00f3n, sin necesidad de comprar nuevos vaporizadores con frecuencia.<\/li>\n<li>Selecci\u00f3n de nicotina: elige la concentraci\u00f3n de nicotina que se adapte a tus h\u00e1bitos diarios<\/li>\n<li>Activaci\u00f3n por inhalaci\u00f3n: Sin necesidad de botones, f\u00e1cil de operar.<\/li>\n<li>Bobinas de doble malla: sabor consistente, succi\u00f3n suave en todo momento<\/li>\n<\/ul>\n<h2 data-v-md-heading=\"why-choose-agoravape\" data-v-md-line=\"41\">\u00bfPor qu\u00e9 elegir AgoraVape?<\/h2>\n<p data-v-md-line=\"42\">Como uno de los distribuidores de vapeo de confianza en Europa, ofrecemos exclusivamente productos 100 % originales. Si es un comprador comercial, recibir\u00e1 precios al por mayor con descuento, soporte confiable y un servicio de entrega r\u00e1pido y confiable para los vapeadores desechables Bood Infinity 30000 de doble malla. Cont\u00e1ctenos para reservar equipos que sus clientes volver\u00e1n a comprar.<\/p>","protected":false},"excerpt":{"rendered":"<p>Disfruta de semanas de sabor constante con el vaporizador Bood Infinity. Su bobina de malla doble ofrece hasta 30 000 caladas de sabor consistente. Con una sencilla activaci\u00f3n por inhalaci\u00f3n y opciones de nicotina de 0%, 2% y 5%, es el desechable definitivo de larga duraci\u00f3n y sin complicaciones.<\/p>","protected":false},"featured_media":11262,"comment_status":"open","ping_status":"closed","template":"","meta":[],"product_brand":[200],"product_cat":[124,187,185,189,1637,127,174,175,193,191,173,186,180,190],"product_tag":[],"class_list":{"0":"post-11238","1":"product","2":"type-product","3":"status-publish","4":"has-post-thumbnail","6":"product_brand-bood","7":"product_cat-vape-by-brand","8":"product_cat-0mg-nicotine-free-vapes","9":"product_cat-10000-puffs-high-capacity","10":"product_cat-20mg-standard-nicotine-vapes","11":"product_cat-30000-puffs","12":"product_cat-bood","13":"product_cat-fruit-flavors","14":"product_cat-icy-mint","15":"product_cat-mesh-coil","16":"product_cat-rechargeable-disposables","17":"product_cat-vape-by-flavor-profile","18":"product_cat-vape-by-nicotine-strength","19":"product_cat-vape-by-puff-count","20":"product_cat-vape-by-feature-or-type","22":"first","23":"onbackorder","24":"shipping-taxable","25":"purchasable","26":"product-type-variable","27":"has-default-attributes"},"tiered_pricing_type":"percentage","tiered_pricing_fixed_rules":[],"tiered_pricing_product_settings":{"layout":"default","base_unit_name":{"singular":null,"plural":null},"default_variation":null},"tiered_pricing_minimum_quantity":10,"tiered_pricing_roles_data":[],"tiered_pricing_percentage_rules":{"100":"40","200":"44","500":"47","1000":"49"},"tiered_pricing_maximum_quantity":null,"tiered_pricing_quantity_step":"10","_links":{"self":[{"href":"https:\/\/agoravape.com\/es\/wp-json\/wp\/v2\/product\/11238","targetHints":{"allow":["GET"]}}],"collection":[{"href":"https:\/\/agoravape.com\/es\/wp-json\/wp\/v2\/product"}],"about":[{"href":"https:\/\/agoravape.com\/es\/wp-json\/wp\/v2\/types\/product"}],"replies":[{"embeddable":true,"href":"https:\/\/agoravape.com\/es\/wp-json\/wp\/v2\/comments?post=11238"}],"version-history":[{"count":0,"href":"https:\/\/agoravape.com\/es\/wp-json\/wp\/v2\/product\/11238\/revisions"}],"wp:featuredmedia":[{"embeddable":true,"href":"https:\/\/agoravape.com\/es\/wp-json\/wp\/v2\/media\/11262"}],"wp:attachment":[{"href":"https:\/\/agoravape.com\/es\/wp-json\/wp\/v2\/media?parent=11238"}],"wp:term":[{"taxonomy":"product_brand","embeddable":true,"href":"https:\/\/agoravape.com\/es\/wp-json\/wp\/v2\/product_brand?post=11238"},{"taxonomy":"product_cat","embeddable":true,"href":"https:\/\/agoravape.com\/es\/wp-json\/wp\/v2\/product_cat?post=11238"},{"taxonomy":"product_tag","embeddable":true,"href":"https:\/\/agoravape.com\/es\/wp-json\/wp\/v2\/product_tag?post=11238"}],"curies":[{"name":"wp","href":"https:\/\/api.w.org\/{rel}","templated":true}]}}