{"id":11309,"date":"2025-10-05T21:01:03","date_gmt":"2025-10-05T13:01:03","guid":{"rendered":"https:\/\/green-grasshopper-921422.hostingersite.com\/?post_type=product&#038;p=11309"},"modified":"2026-01-30T17:39:31","modified_gmt":"2026-01-30T09:39:31","slug":"randm-fumot-tornado-20000-puffs-vape","status":"publish","type":"product","link":"https:\/\/agoravape.com\/es\/product\/randm-fumot-tornado-20000-puffs-vape\/","title":{"rendered":"Vaporizador digital RandM Fumot Tornado de 20\u00a0000 puertos | Gran capacidad, pantalla pr\u00e1ctica"},"content":{"rendered":"<h2 data-v-md-heading=\"what-is-the-randm-fumot-tornado-20000-port-digital-vape-like\" data-v-md-line=\"3\">\u00bfC\u00f3mo es el vaporizador digital RandM Fumot Tornado 20000?<\/h2>\n<p data-v-md-line=\"4\">Si est\u00e1s cansado de los vapeadores desechables que se agotan a mitad de semana, quiz\u00e1s quieras echarle un vistazo a este producto. El RandM Fumot Tornado tiene una capacidad de hasta 20\u00a0000 puertos y est\u00e1 equipado con una pantalla digital clara que muestra los niveles de bater\u00eda y e-l\u00edquido. Olv\u00eddate de adivinar: es f\u00e1cil y pr\u00e1ctico.<\/p>\n<p data-v-md-line=\"6\">Es ideal para quienes buscan un vapeo duradero, con un sabor excelente y un rendimiento estable. Quiz\u00e1s pienses que los vapeadores con tanta capacidad son voluminosos, pero te sorprender\u00e1 lo c\u00f3modos que son para llevar a diario.<\/p>\n<h2 data-v-md-heading=\"excellent-performance-easy-and-convenient\" data-v-md-line=\"8\">Excellent performance, easy and convenient<\/h2>\n<p data-v-md-line=\"9\">Las resistencias de doble malla garantizan un sabor consistente desde el primer bocado hasta el \u00faltimo. La pantalla te permite comprobar con precisi\u00f3n el nivel de bater\u00eda restante y controlarlo todo. Cuando la bater\u00eda est\u00e9 baja, puedes usar el mismo cable de datos que tu tel\u00e9fono para cargarlo mediante el puerto Tipo C. La bater\u00eda de 850 mAh garantiza un suministro de energ\u00eda continuo, mientras que el dep\u00f3sito de aceite de 20 ml permite una succi\u00f3n prolongada.<\/p>\n<h2 data-v-md-heading=\"specification-introduction\" data-v-md-line=\"11\">Specification Introduction<\/h2>\n<ul data-v-md-line=\"12\">\n<li>Frecuencia de succi\u00f3n: hasta 20000 veces<\/li>\n<li>Nicotine content: 0%, 2%, 3%, 5%<\/li>\n<li>Working principle: Activate with just one puff<\/li>\n<li>Charging: Standard Type-C USB interface<\/li>\n<li>Status: Ready to use out of the box<\/li>\n<\/ul>\n<h2 data-v-md-heading=\"full-range-of-flavors\" data-v-md-line=\"18\">Gama completa de sabores<\/h2>\n<ul data-v-md-line=\"19\">\n<li>Caramelos duros de ar\u00e1ndanos y frambuesa<\/li>\n<li>Ar\u00e1ndano baya<\/li>\n<li>Strawberry kiwi fruit<\/li>\n<li>Caramelos arcoiris<\/li>\n<li>Helado de fresa<\/li>\n<li>Hielo de pera<\/li>\n<li>Algod\u00f3n de az\u00facar<\/li>\n<li>Caramelos de frijoles de n\u00facleo blando<\/li>\n<li>Agua de pepino y lim\u00f3n<\/li>\n<li>Leche de coco y pi\u00f1a<\/li>\n<li>Zarzamora<\/li>\n<li>Watermelon Ice<\/li>\n<li>Sand\u00eda fresa<\/li>\n<li>Mixed berries<\/li>\n<li>Mel\u00f3n lichi<\/li>\n<li>Cereza y lima<\/li>\n<li>Pi\u00f1a, Lim\u00f3n Verde, Manzana<\/li>\n<li>Pastel de pl\u00e1tano<\/li>\n<li>Se\u00f1or Azul<\/li>\n<li>Cereza<\/li>\n<li>Blueberries and raspberries<\/li>\n<li>Cherry Cola<\/li>\n<li>Kiwi, passion fruit, guava<\/li>\n<li>Strawberry Ice<\/li>\n<li>Helado de fresa, frambuesa y cereza<\/li>\n<li>Cereza Baya<\/li>\n<li>Ar\u00e1ndanos y bayas \u00e1cidas<\/li>\n<li>Gomitas de osito de ar\u00e1ndanos<\/li>\n<li>Menta fresca<\/li>\n<li>Pista de hielo azul<\/li>\n<li>Hielo de cactus<\/li>\n<li>Uvas rojas y lima<\/li>\n<li>Cola Lim\u00f3n<\/li>\n<li>manzanas de grosella negra<\/li>\n<li>Kiwi de cactus<\/li>\n<li>Coca Cola Ice<\/li>\n<li>Red Bull de fresa<\/li>\n<li>Sand\u00eda frambuesa<\/li>\n<li>Lemon and lime<\/li>\n<\/ul>\n<h2 data-v-md-heading=\"for-you-and-for-your-business-as-well\" data-v-md-line=\"59\">For you, and for your business as well<\/h2>\n<p data-v-md-line=\"60\">Puede comprar <a class=\"wpil_keyword_link\" title=\"Aleatorio\" href=\"https:\/\/agoravape.com\/es\/vapear-por-marca\/randm\/\" data-wpil-keyword-link=\"linked\" data-wpil-monitor-id=\"102\">Aleatorio<\/a> Cartuchos Fumot Tornado 20000 para usted o para a\u00f1adir a su tienda. Ofrecemos cajas al por mayor de 160 unidades para ayudarle a mantener sus estanter\u00edas completamente llenas.<\/p>\n<p data-v-md-line=\"62\">Realizamos env\u00edos a trav\u00e9s de socios de confianza como UPS, DPD y DHL en DDP, previo pago de impuestos, para evitar contratiempos en la aduana. Entrega r\u00e1pida y seguimiento preciso que simplifican todo.<\/p>\n<h2 data-v-md-heading=\"why-do-you-like-it\" data-v-md-line=\"64\">Why do you like it<\/h2>\n<ul data-v-md-line=\"65\">\n<li>Succi\u00f3n masiva: el tiempo de succi\u00f3n es m\u00e1s largo, por lo que no es necesario comprar nuevos con frecuencia.<\/li>\n<li>Selecci\u00f3n de nicotina: elige la concentraci\u00f3n de nicotina que m\u00e1s te convenga.<\/li>\n<li>Recargable: puedes utilizar todos los e-l\u00edquidos adquiridos.<\/li>\n<li>Bobina de malla: obtenga una experiencia estable y deliciosa en todo momento.<\/li>\n<li>Pantalla digital: la bater\u00eda y el e-l\u00edquido son claros a simple vista, lo que hace que nunca te pierdas nada.<\/li>\n<\/ul>\n<h2 data-v-md-heading=\"why-collaborate-with-agoravape\" data-v-md-line=\"71\">Why collaborate with AgoraVape?<\/h2>\n<p data-v-md-line=\"72\">Somos uno de los distribuidores de vaporizadores m\u00e1s confiables de Europa y solo vendemos productos 100 % originales. Para nuestros clientes comerciales, esto significa precios al por mayor, soporte confiable y transporte r\u00e1pido y seguro para los vaporizadores RandM Fumot Tornado 20000 con pantalla digital. Cont\u00e1ctanos para ofrecer a tus clientes un producto verdaderamente confiable.<\/p>","protected":false},"excerpt":{"rendered":"<p>Enjoy up to 20,000 puffs with the RandM Fumot Tornado. Its clear digital screen shows real-time battery and e-liquid levels, so you&#8217;re always in control. This Type-C rechargeable vape uses a dual mesh coil for consistent, rich flavor. Choose from multiple nicotine strengths (0% to 5%).<\/p>","protected":false},"featured_media":11359,"comment_status":"open","ping_status":"closed","template":"","meta":[],"product_brand":[201],"product_cat":[124,187,185,1636,189,176,177,174,175,193,128,191,179,173,186,180,190,192],"product_tag":[],"class_list":{"0":"post-11309","1":"product","2":"type-product","3":"status-publish","4":"has-post-thumbnail","6":"product_brand-randm","7":"product_cat-vape-by-brand","8":"product_cat-0mg-nicotine-free-vapes","9":"product_cat-10000-puffs-high-capacity","10":"product_cat-20000-puffs","11":"product_cat-20mg-standard-nicotine-vapes","12":"product_cat-beverage","13":"product_cat-dessert-sweets","14":"product_cat-fruit-flavors","15":"product_cat-icy-mint","16":"product_cat-mesh-coil","17":"product_cat-randm","18":"product_cat-rechargeable-disposables","19":"product_cat-unique-blends","20":"product_cat-vape-by-flavor-profile","21":"product_cat-vape-by-nicotine-strength","22":"product_cat-vape-by-puff-count","23":"product_cat-vape-by-feature-or-type","24":"product_cat-vapes-with-screens","26":"first","27":"instock","28":"shipping-taxable","29":"purchasable","30":"product-type-variable","31":"has-default-attributes"},"tiered_pricing_type":"percentage","tiered_pricing_fixed_rules":[],"tiered_pricing_product_settings":{"layout":"default","base_unit_name":{"singular":null,"plural":null},"default_variation":null},"tiered_pricing_minimum_quantity":10,"tiered_pricing_roles_data":[],"tiered_pricing_percentage_rules":{"30":"29","50":"35","100":"40","200":"44","500":"47","1000":"49"},"tiered_pricing_maximum_quantity":null,"tiered_pricing_quantity_step":"10","_links":{"self":[{"href":"https:\/\/agoravape.com\/es\/wp-json\/wp\/v2\/product\/11309","targetHints":{"allow":["GET"]}}],"collection":[{"href":"https:\/\/agoravape.com\/es\/wp-json\/wp\/v2\/product"}],"about":[{"href":"https:\/\/agoravape.com\/es\/wp-json\/wp\/v2\/types\/product"}],"replies":[{"embeddable":true,"href":"https:\/\/agoravape.com\/es\/wp-json\/wp\/v2\/comments?post=11309"}],"version-history":[{"count":0,"href":"https:\/\/agoravape.com\/es\/wp-json\/wp\/v2\/product\/11309\/revisions"}],"wp:featuredmedia":[{"embeddable":true,"href":"https:\/\/agoravape.com\/es\/wp-json\/wp\/v2\/media\/11359"}],"wp:attachment":[{"href":"https:\/\/agoravape.com\/es\/wp-json\/wp\/v2\/media?parent=11309"}],"wp:term":[{"taxonomy":"product_brand","embeddable":true,"href":"https:\/\/agoravape.com\/es\/wp-json\/wp\/v2\/product_brand?post=11309"},{"taxonomy":"product_cat","embeddable":true,"href":"https:\/\/agoravape.com\/es\/wp-json\/wp\/v2\/product_cat?post=11309"},{"taxonomy":"product_tag","embeddable":true,"href":"https:\/\/agoravape.com\/es\/wp-json\/wp\/v2\/product_tag?post=11309"}],"curies":[{"name":"wp","href":"https:\/\/api.w.org\/{rel}","templated":true}]}}