{"id":11401,"date":"2025-10-07T09:39:46","date_gmt":"2025-10-07T01:39:46","guid":{"rendered":"https:\/\/green-grasshopper-921422.hostingersite.com\/?post_type=product&#038;p=11401"},"modified":"2026-02-14T17:27:40","modified_gmt":"2026-02-14T16:27:40","slug":"randm-fumot-caja-digital-12000-puffs","status":"publish","type":"product","link":"https:\/\/agoravape.com\/es\/product\/randm-fumot-digital-box-12000-puffs\/","title":{"rendered":"RandM Fumot Digital Box 12000 Puff Vape | Gran contador de caladas con pr\u00e1ctica pantalla digital"},"content":{"rendered":"<h2 data-v-md-heading=\"what-is-the-randm-fumot-digital-box-12000-puff-vape\" data-v-md-line=\"3\">\u00bfQu\u00e9 es el RandM Fumot Digital Box 12000 Puff Vape?<\/h2>\n<p data-v-md-line=\"4\">Si est\u00e1s cansado de usar tus productos desechables demasiado pronto, sigue us\u00e1ndolo. El dispositivo digital RandM Fumot ofrece hasta 12\u00a0000 caladas y muestra el nivel de bater\u00eda y l\u00edquido electr\u00f3nico en una pantalla digital n\u00edtida. Sin especulaciones ni sorpresas.<\/p>\n<p data-v-md-line=\"6\">Si buscas un vapeo sencillo, duradero, delicioso y efectivo, este es ideal. Inhalas el vapor. Cuando la bater\u00eda est\u00e9 baja, puedes cargarlo. \u00a1Listo!<\/p>\n<h2 data-v-md-heading=\"excellent-performance-without-any-complications\" data-v-md-line=\"8\">Excelente rendimiento sin complicaciones.<\/h2>\n<p data-v-md-line=\"9\">Una resistencia de malla de 0,8 \u03a9 en el interior mantiene un sabor uniforme de principio a fin. Esta pintura es muy suave al tacto y el vapor tiene un cuerpo s\u00f3lido que no se vuelve \u00e1spero. Para cargar la bater\u00eda, puedes usar el cable Tipo C. Este es el cable que usan la mayor\u00eda de los tel\u00e9fonos m\u00f3viles, as\u00ed que no necesitas buscar ninguna pista especial. La pantalla digital muestra el nivel de bater\u00eda y el nivel de l\u00edquido electr\u00f3nico, simplificando su uso diario.<\/p>\n<h2 data-v-md-heading=\"quick-specifications\" data-v-md-line=\"11\">Especificaciones r\u00e1pidas<\/h2>\n<p data-v-md-line=\"12\"><strong>Cantidad de bocanadas:<\/strong>\u00a0M\u00e1ximo de 12000 bocanadas<br \/>\n<strong>Nicotina:<\/strong>\u00a0Disponible en 0%, 2%, 3% y 5%<br \/>\n<strong>Principio de funcionamiento:<\/strong>\u00a0Simplemente inhala para activar.<br \/>\n<strong>Cargando:<\/strong>\u00a0Puerto USB tipo C est\u00e1ndar<br \/>\n<strong>Estado:<\/strong>\u00a0Listo para usar nada m\u00e1s sacarlo de la caja<\/p>\n<h2 data-v-md-heading=\"full-flavor-lineup\" data-v-md-line=\"18\">L\u00ednea completa de sabores<\/h2>\n<ul data-v-md-line=\"19\">\n<li>Menta fresca<\/li>\n<li>Watermelon Ice<\/li>\n<li>Grape Ice<\/li>\n<li>Blueberries and raspberries<\/li>\n<li>Sand\u00eda fresa<\/li>\n<li>Fresa y pl\u00e1tano<\/li>\n<li>Helado de mango<\/li>\n<li>Mixed berries<\/li>\n<li>Cherry Cola<\/li>\n<li>Kiwi y guayaba<\/li>\n<li>Adem\u00e1s, hay 49 sabores m\u00e1s de productos disponibles.<\/li>\n<\/ul>\n<h2 data-v-md-heading=\"for-you-and-your-business\" data-v-md-line=\"31\">For you and your business<\/h2>\n<p data-v-md-line=\"32\">Puedes elegir <a class=\"wpil_keyword_link\" title=\"Aleatorio\" href=\"https:\/\/agoravape.com\/es\/vapear-por-marca\/randm\/\" data-wpil-keyword-link=\"linked\" data-wpil-monitor-id=\"101\">Aleatorio<\/a> Fumot Digital Box 12000 Bubble Smoke para uso personal o para vender en tu tienda. Hay 200 cajas de cart\u00f3n al por mayor, lo que facilita el reabastecimiento. Realizamos env\u00edos dentro de la UE a trav\u00e9s de DDP con socios de confianza como UPS, DPD y DHL, por lo que los aranceles se procesan previamente y no habr\u00e1 sorpresas desagradables en la aduana.<\/p>\n<p data-v-md-line=\"34\">Si vende en diferentes pa\u00edses, le recomendamos consultar las normativas locales sobre la concentraci\u00f3n de nicotina y las presentaciones desechables. Nuestro equipo puede recomendarle los productos m\u00e1s vendidos y las opciones de cumplimiento.<\/p>\n<h2 data-v-md-heading=\"why-do-you-like-it\" data-v-md-line=\"36\">Why do you like it<\/h2>\n<p data-v-md-line=\"37\"><strong>Muchas bocanadas:<\/strong>\u00a0Dura m\u00e1s, por lo que no tendr\u00e1s que comprar otros nuevos con frecuencia.<br \/>\n<strong>Selecci\u00f3n de nicotina:<\/strong>\u00a0Elige la potencia adecuada para el uso que le das a tus vaporizadores.<br \/>\n<strong>Recargable:<\/strong>\u00a0Puedes utilizar todos los e-l\u00edquidos que pagas en lugar de llenar media lata.<br \/>\n<strong>Bobina de malla:<\/strong>\u00a0El sabor de cada cigarrillo es limpio y consistente, no s\u00f3lo los primeros.<br \/>\n<strong>Pantalla digital:<\/strong>\u00a0Puede ver f\u00e1cilmente los niveles de bater\u00eda y l\u00edquido electr\u00f3nico de un vistazo, lo que le ayuda a planificar el trabajo de su d\u00eda.<br \/>\n<strong>Carga de tipo C:<\/strong>\u00a0Un solo cable que simplifica la vida.<br \/>\n<strong>Loter\u00eda sin botones:<\/strong>\u00a0Inhale la activaci\u00f3n para comenzar.<\/p>\n<h2 data-v-md-heading=\"why-choose-to-collaborate-with-agoravape\" data-v-md-line=\"45\">Why choose to collaborate with AgoraVape?<\/h2>\n<p data-v-md-line=\"46\">Solo vendemos equipos 100 % originales y lo respaldamos. Para nuestros clientes comerciales, ofrecemos precios al por mayor con descuento, atenci\u00f3n al cliente eficiente y env\u00edo r\u00e1pido DDP a la UE para el vaporizador RandM Fumot Digital Box de 12\u00a0000 caladas. Cont\u00e1ctenos para adquirir un producto desechable confiable y de alto humo para sus clientes.<\/p>","protected":false},"excerpt":{"rendered":"<p>Disfruta de hasta 12 000 caladas con la caja digital RandM Fumot. Su pantalla digital clara muestra los niveles de e-l\u00edquido y bater\u00eda, sin necesidad de hacer conjeturas. Una bobina de malla garantiza un sabor constante de principio a fin, y se recarga f\u00e1cilmente con un cable tipo C est\u00e1ndar. Sencilla, duradera y fiable.<\/p>","protected":false},"featured_media":11541,"comment_status":"open","ping_status":"closed","template":"","meta":[],"product_brand":[201],"product_cat":[124,187,185,1634,189,176,177,1674,174,175,193,128,191,178,179,173,186,180,190,192],"product_tag":[],"class_list":{"0":"post-11401","1":"product","2":"type-product","3":"status-publish","4":"has-post-thumbnail","6":"product_brand-randm","7":"product_cat-vape-by-brand","8":"product_cat-0mg-nicotine-free-vapes","9":"product_cat-10000-puffs-high-capacity","10":"product_cat-12000-puffs","11":"product_cat-20mg-standard-nicotine-vapes","12":"product_cat-beverage","13":"product_cat-dessert-sweets","14":"product_cat-eu-warehouse","15":"product_cat-fruit-flavors","16":"product_cat-icy-mint","17":"product_cat-mesh-coil","18":"product_cat-randm","19":"product_cat-rechargeable-disposables","20":"product_cat-tobacco","21":"product_cat-unique-blends","22":"product_cat-vape-by-flavor-profile","23":"product_cat-vape-by-nicotine-strength","24":"product_cat-vape-by-puff-count","25":"product_cat-vape-by-feature-or-type","26":"product_cat-vapes-with-screens","28":"first","29":"instock","30":"shipping-taxable","31":"purchasable","32":"product-type-variable","33":"has-default-attributes"},"tiered_pricing_type":"percentage","tiered_pricing_fixed_rules":[],"tiered_pricing_product_settings":{"layout":"default","base_unit_name":{"singular":null,"plural":null},"default_variation":null},"tiered_pricing_minimum_quantity":10,"tiered_pricing_roles_data":[],"tiered_pricing_percentage_rules":{"30":"29","50":"35","100":"40","200":"44","500":"47","1000":"49"},"tiered_pricing_maximum_quantity":null,"tiered_pricing_quantity_step":"10","_links":{"self":[{"href":"https:\/\/agoravape.com\/es\/wp-json\/wp\/v2\/product\/11401","targetHints":{"allow":["GET"]}}],"collection":[{"href":"https:\/\/agoravape.com\/es\/wp-json\/wp\/v2\/product"}],"about":[{"href":"https:\/\/agoravape.com\/es\/wp-json\/wp\/v2\/types\/product"}],"replies":[{"embeddable":true,"href":"https:\/\/agoravape.com\/es\/wp-json\/wp\/v2\/comments?post=11401"}],"version-history":[{"count":0,"href":"https:\/\/agoravape.com\/es\/wp-json\/wp\/v2\/product\/11401\/revisions"}],"wp:featuredmedia":[{"embeddable":true,"href":"https:\/\/agoravape.com\/es\/wp-json\/wp\/v2\/media\/11541"}],"wp:attachment":[{"href":"https:\/\/agoravape.com\/es\/wp-json\/wp\/v2\/media?parent=11401"}],"wp:term":[{"taxonomy":"product_brand","embeddable":true,"href":"https:\/\/agoravape.com\/es\/wp-json\/wp\/v2\/product_brand?post=11401"},{"taxonomy":"product_cat","embeddable":true,"href":"https:\/\/agoravape.com\/es\/wp-json\/wp\/v2\/product_cat?post=11401"},{"taxonomy":"product_tag","embeddable":true,"href":"https:\/\/agoravape.com\/es\/wp-json\/wp\/v2\/product_tag?post=11401"}],"curies":[{"name":"wp","href":"https:\/\/api.w.org\/{rel}","templated":true}]}}