{"id":11810,"date":"2025-10-08T14:00:13","date_gmt":"2025-10-08T06:00:13","guid":{"rendered":"https:\/\/green-grasshopper-921422.hostingersite.com\/?post_type=product&#038;p=11810"},"modified":"2026-03-26T13:22:37","modified_gmt":"2026-03-26T12:22:37","slug":"mrvi-growing-60k-3in1-spin-vape","status":"publish","type":"product","link":"https:\/\/agoravape.com\/es\/product\/mrvi-growing-60k-3in1-spin-vape\/","title":{"rendered":"MRVI Growing 60K succi\u00f3n tres en uno vaporizador de sabor giratorio | Tres sabores, listo para usar en cualquier momento, lleno de durabilidad"},"content":{"rendered":"<p><img loading=\"lazy\" decoding=\"async\" class=\"aligncenter size-full wp-image-11853\" src=\"https:\/\/agoravape.com\/wp-content\/uploads\/2025\/10\/mrvi_60000-puffs_Agora_vape-scaled.webp\" alt=\"\" width=\"2560\" height=\"1280\" srcset=\"https:\/\/agoravape.com\/wp-content\/uploads\/2025\/10\/mrvi_60000-puffs_Agora_vape-scaled.webp 2560w, https:\/\/agoravape.com\/wp-content\/uploads\/2025\/10\/mrvi_60000-puffs_Agora_vape-scaled-1200x600.webp 1200w, https:\/\/agoravape.com\/wp-content\/uploads\/2025\/10\/mrvi_60000-puffs_Agora_vape-300x150.webp 300w, https:\/\/agoravape.com\/wp-content\/uploads\/2025\/10\/mrvi_60000-puffs_Agora_vape-1024x512.webp 1024w, https:\/\/agoravape.com\/wp-content\/uploads\/2025\/10\/mrvi_60000-puffs_Agora_vape-768x384.webp 768w, https:\/\/agoravape.com\/wp-content\/uploads\/2025\/10\/mrvi_60000-puffs_Agora_vape-1536x768.webp 1536w, https:\/\/agoravape.com\/wp-content\/uploads\/2025\/10\/mrvi_60000-puffs_Agora_vape-2048x1024.webp 2048w, https:\/\/agoravape.com\/wp-content\/uploads\/2025\/10\/mrvi_60000-puffs_Agora_vape-scaled-1100x550.webp 1100w\" sizes=\"auto, (max-width: 2560px) 100vw, 2560px\" \/><\/p>\n<p>&nbsp;<\/p>\n<h2 data-v-md-heading=\"what-are-the-advantages-of-using-mrvi-growing-60k-to-smoke-a-three-in-one-rotating-flavor-vape\" data-v-md-line=\"3\">\u00bfCu\u00e1les son las ventajas de utilizar MRVI Growing 60K para fumar un vaporizador de sabor rotativo tres en uno?<\/h2>\n<p data-v-md-line=\"4\">Si est\u00e1s cansado de quedarte sin e-l\u00edquido o de cambiar de dispositivo a mitad de semana, este producto te refrescar\u00e1 la mente. MRVI Growing es un vaporizador con capacidad de hasta 60.000 caladas, con tres sabores que puedes cambiar con solo girar el selector. Es como llevar tres cigarrillos desechables sin que parezca voluminoso.<\/p>\n<p data-v-md-line=\"6\">Es ideal para quienes buscan una bater\u00eda de larga duraci\u00f3n, una selecci\u00f3n de sabores sencilla y una comodidad sin esfuerzo. La pantalla muestra claramente el nivel de e-l\u00edquido y bater\u00eda, lo que permite controlar la energ\u00eda restante en cualquier momento. Olv\u00eddate de las dudas y de los accidentes.<\/p>\n<h2 data-v-md-heading=\"excellent-performance-worry-free\" data-v-md-line=\"8\">Excellent performance, worry free<\/h2>\n<p data-v-md-line=\"9\">La bobina de doble malla garantiza una succi\u00f3n suave y constante en todo momento, y el sabor del \u00faltimo bocado es tan delicioso como el del primero. El dise\u00f1o de tres ranuras permite cambiar de sabor en segundos, ideal para quienes no quieren comer el mismo sabor todo el d\u00eda. Cuando la bater\u00eda est\u00e9 baja, puedes usar un cable de datos tipo C para cargarlo. Este cable puede ser el mismo que el de tu tel\u00e9fono. Simple y pr\u00e1ctico.<\/p>\n<h2 data-v-md-heading=\"specification-overview\" data-v-md-line=\"11\">Specification Overview<\/h2>\n<p data-v-md-line=\"12\"><strong>N\u00famero de succiones<\/strong>:hasta 60000 succiones<br \/>\n<strong>Contenido de nicotina<\/strong>:2% o 5%<br \/>\n<strong>Principio de funcionamiento<\/strong>:Gire para cambiar de sabor y luego inhale para activar.<br \/>\n<strong>Cargando<\/strong>: Puerto USB tipo C est\u00e1ndar<br \/>\n<strong>Estado<\/strong>Listo para usar nada m\u00e1s sacarlo de la caja<br \/>\n<strong>n\u00facleo atomizador<\/strong>: Doble malla<br \/>\n<strong>capacidad de e-l\u00edquido<\/strong>:Tres compartimentos de almacenamiento con un total de 48 mililitros.<br \/>\n<strong>Bater\u00eda<\/strong>:650 mAh<br \/>\n<strong>Pantalla de visualizaci\u00f3n<\/strong>: Pantalla dual para e-l\u00edquido y bater\u00eda, con luz indicadora de compartimento de almacenamiento de aceite independiente<br \/>\n<strong>Peso \u00fanico<\/strong>:135 gramos<\/p>\n<h2 data-v-md-heading=\"full-range-of-flavors\" data-v-md-line=\"23\">Gama completa de sabores<\/h2>\n<ul data-v-md-line=\"24\">\n<li>Hielo de sand\u00eda\/Red Bull\/Fresa y kiwi<\/li>\n<li>Hielo de lim\u00f3n, lima, fresa, sand\u00eda y ar\u00e1ndano<\/li>\n<li>Hielo de pi\u00f1a, coco, pl\u00e1tano y ar\u00e1ndanos<\/li>\n<li>Helado de sand\u00eda y frambuesa\/hielo de cola\/hielo de manzana \u00e1cida<\/li>\n<li>Helado de mezcla de frutas tropicales\/Helado de fresa\/Helado de mango<\/li>\n<li>Hielo de fresa, frambuesa y cereza\/Hielo Love 666\/Hielo de az\u00facar y cereza<\/li>\n<li>Hielo de frutos rojos mixtos\/Hielo de caramelo de osito de peluche\/Hielo de melocot\u00f3n<\/li>\n<li>Hielo de uva\/hielo de caramelo de fresa\/hielo de paleta<\/li>\n<\/ul>\n<h2 data-v-md-heading=\"for-you-and-for-your-business-as-well\" data-v-md-line=\"33\">For you, and for your business as well<\/h2>\n<p data-v-md-line=\"34\">Puedes elegir uno para ti o comprarlo para tu tienda. Cada caja contiene 10 unidades, lo que te permite hacer un pedido a un precio razonable. Si necesitas m\u00e1s, la caja completa tiene capacidad para 160.<\/p>\n<p data-v-md-line=\"36\">Trabajamos con socios como UPS, DPD y DHL para ofrecer servicios de entrega DDP en toda Europa, lo que permite procesar las tarifas con antelaci\u00f3n. Su pedido se listar\u00e1 de inmediato sin imprevistos en la aduana.<\/p>\n<h2 data-v-md-heading=\"why-do-you-like-it\" data-v-md-line=\"38\">Why do you like it<\/h2>\n<p data-v-md-line=\"39\"><strong>Succi\u00f3n excesiva<\/strong>:El tiempo de succi\u00f3n es m\u00e1s largo, por lo que no es necesario comprar unos nuevos con frecuencia.<br \/>\n<strong>Tres sabores para elegir<\/strong>:Cambia en cualquier momento si quieres cambiar de sabor.<br \/>\n<strong>Selecci\u00f3n del contenido de nicotina<\/strong>:Elige 2% o 5% seg\u00fan tu preferencia.<br \/>\n<strong>E-l\u00edquido recargable tipo C<\/strong>:Utiliza todo el e-l\u00edquido que compres sin desperdiciarlo.<br \/>\n<strong>N\u00facleo atomizador de doble malla<\/strong>:Proporciona un sabor consistente y una experiencia de succi\u00f3n suave en todo momento.<br \/>\n<strong>Pantalla clara<\/strong>:Comprueba los niveles de e-l\u00edquido y de bater\u00eda de un vistazo.<\/p>\n<h2 data-v-md-heading=\"why-choose-agoravape\" data-v-md-line=\"46\">\u00bfPor qu\u00e9 elegir AgoraVape?<\/h2>\n<p data-v-md-line=\"47\">Solo ofrecemos kits y l\u00edquidos desechables 100 % originales. Los clientes empresariales pueden disfrutar de precios al por mayor altamente competitivos, soporte confiable y entregas DDP r\u00e1pidas y confiables para los vapeadores rotativos de tres sabores MRVI Growing 60K Puffs. Cont\u00e1ctenos para obtener un dispositivo de tres sabores que sus clientes querr\u00e1n recomprar.<\/p>","protected":false},"excerpt":{"rendered":"<p>&nbsp; What are the advantages of using MRVI Growing 60K to smoke a three in one rotating flavor vape? If<\/p>","protected":false},"featured_media":11861,"comment_status":"open","ping_status":"closed","template":"","meta":[],"product_brand":[202],"product_cat":[124,185,189,1642,176,177,195,174,175,193,129,191,173,186,180,190,192],"product_tag":[],"class_list":{"0":"post-11810","1":"product","2":"type-product","3":"status-publish","4":"has-post-thumbnail","6":"product_brand-mrvi","7":"product_cat-vape-by-brand","8":"product_cat-10000-puffs-high-capacity","9":"product_cat-20mg-standard-nicotine-vapes","10":"product_cat-60000-puffs","11":"product_cat-beverage","12":"product_cat-dessert-sweets","13":"product_cat-dual-flavor-switch","14":"product_cat-fruit-flavors","15":"product_cat-icy-mint","16":"product_cat-mesh-coil","17":"product_cat-mrvi","18":"product_cat-rechargeable-disposables","19":"product_cat-vape-by-flavor-profile","20":"product_cat-vape-by-nicotine-strength","21":"product_cat-vape-by-puff-count","22":"product_cat-vape-by-feature-or-type","23":"product_cat-vapes-with-screens","25":"first","26":"instock","27":"shipping-taxable","28":"purchasable","29":"product-type-variable","30":"has-default-attributes"},"tiered_pricing_type":"percentage","tiered_pricing_fixed_rules":[],"tiered_pricing_product_settings":{"layout":"default","base_unit_name":{"singular":null,"plural":null},"default_variation":null},"tiered_pricing_minimum_quantity":10,"tiered_pricing_roles_data":[],"tiered_pricing_percentage_rules":{"30":"29","50":"35","100":"40","200":"44","500":"47","1000":"49"},"tiered_pricing_maximum_quantity":null,"tiered_pricing_quantity_step":"10","_links":{"self":[{"href":"https:\/\/agoravape.com\/es\/wp-json\/wp\/v2\/product\/11810","targetHints":{"allow":["GET"]}}],"collection":[{"href":"https:\/\/agoravape.com\/es\/wp-json\/wp\/v2\/product"}],"about":[{"href":"https:\/\/agoravape.com\/es\/wp-json\/wp\/v2\/types\/product"}],"replies":[{"embeddable":true,"href":"https:\/\/agoravape.com\/es\/wp-json\/wp\/v2\/comments?post=11810"}],"version-history":[{"count":0,"href":"https:\/\/agoravape.com\/es\/wp-json\/wp\/v2\/product\/11810\/revisions"}],"wp:featuredmedia":[{"embeddable":true,"href":"https:\/\/agoravape.com\/es\/wp-json\/wp\/v2\/media\/11861"}],"wp:attachment":[{"href":"https:\/\/agoravape.com\/es\/wp-json\/wp\/v2\/media?parent=11810"}],"wp:term":[{"taxonomy":"product_brand","embeddable":true,"href":"https:\/\/agoravape.com\/es\/wp-json\/wp\/v2\/product_brand?post=11810"},{"taxonomy":"product_cat","embeddable":true,"href":"https:\/\/agoravape.com\/es\/wp-json\/wp\/v2\/product_cat?post=11810"},{"taxonomy":"product_tag","embeddable":true,"href":"https:\/\/agoravape.com\/es\/wp-json\/wp\/v2\/product_tag?post=11810"}],"curies":[{"name":"wp","href":"https:\/\/api.w.org\/{rel}","templated":true}]}}