{"id":11876,"date":"2025-10-08T16:13:37","date_gmt":"2025-10-08T08:13:37","guid":{"rendered":"https:\/\/green-grasshopper-921422.hostingersite.com\/?post_type=product&#038;p=11876"},"modified":"2026-03-26T13:22:26","modified_gmt":"2026-03-26T12:22:26","slug":"mrvi-twins-32000-caladas-dual-flavor-vape","status":"publish","type":"product","link":"https:\/\/agoravape.com\/es\/product\/mrvi-twins-32000-puffs-dual-flavor-vape\/","title":{"rendered":"MRVI Twins 32000 Vaporizador desechable de doble sabor | Dos sabores, grandes tragos, f\u00e1cil de manejar."},"content":{"rendered":"<h2 data-v-md-heading=\"what-are-the-special-features-of-mrvi-twins-32000-dual-flavored-disposable-vape\" data-v-md-line=\"3\"><img loading=\"lazy\" decoding=\"async\" class=\"aligncenter size-full wp-image-11894\" src=\"https:\/\/agoravape.com\/wp-content\/uploads\/2025\/10\/mrvi-32k-puffs_Agora_vape-scaled.webp\" alt=\"\" width=\"2560\" height=\"1707\" srcset=\"https:\/\/agoravape.com\/wp-content\/uploads\/2025\/10\/mrvi-32k-puffs_Agora_vape-scaled.webp 2560w, https:\/\/agoravape.com\/wp-content\/uploads\/2025\/10\/mrvi-32k-puffs_Agora_vape-scaled-1200x800.webp 1200w, https:\/\/agoravape.com\/wp-content\/uploads\/2025\/10\/mrvi-32k-puffs_Agora_vape-300x200.webp 300w, https:\/\/agoravape.com\/wp-content\/uploads\/2025\/10\/mrvi-32k-puffs_Agora_vape-1024x683.webp 1024w, https:\/\/agoravape.com\/wp-content\/uploads\/2025\/10\/mrvi-32k-puffs_Agora_vape-768x512.webp 768w, https:\/\/agoravape.com\/wp-content\/uploads\/2025\/10\/mrvi-32k-puffs_Agora_vape-1536x1024.webp 1536w, https:\/\/agoravape.com\/wp-content\/uploads\/2025\/10\/mrvi-32k-puffs_Agora_vape-2048x1366.webp 2048w\" sizes=\"auto, (max-width: 2560px) 100vw, 2560px\" \/><\/h2>\n<h2 data-v-md-heading=\"what-are-the-special-features-of-mrvi-twins-32000-dual-flavored-disposable-vape\" data-v-md-line=\"3\">\u00bfCu\u00e1les son las caracter\u00edsticas especiales del vaporizador desechable de doble sabor MRVI Twins 32000?<\/h2>\n<p data-v-md-line=\"4\">Si est\u00e1s cansado de los vaporizadores desechables que se estropean en pocos d\u00edas, te recomendamos este producto. MRVI Twins tiene una capacidad de hasta 32\u00a0000 caladas y combina dos sabores en un solo dispositivo, lo que te permite cambiar f\u00e1cilmente de sabor sin tener que llevar un segundo cigarrillo electr\u00f3nico. Est\u00e1 dise\u00f1ado para quienes buscan un sabor duradero y una usabilidad sencilla (sin necesidad de configuraci\u00f3n, f\u00e1cil y pr\u00e1ctico).<\/p>\n<p data-v-md-line=\"6\">A pesar de su enorme boquilla, es c\u00f3modo de sostener y cabe f\u00e1cilmente en el bolsillo. Ofrece un humo estable y una carga c\u00f3moda, para que puedas cogerlo y disfrutarlo al m\u00e1ximo.<\/p>\n<h2 data-v-md-heading=\"excellent-performance-easy-and-convenient\" data-v-md-line=\"8\">Excellent performance, easy and convenient<\/h2>\n<p data-v-md-line=\"9\">La bobina de doble malla es la base de Twins, por lo que cada bocado es tan delicioso como el primer bocado. La bobina de malla se calienta uniformemente, permiti\u00e9ndote disfrutar de un sabor puro y rico de principio a fin. Cuando la bater\u00eda est\u00e9 baja, puedes cargarlo a trav\u00e9s de la interfaz tipo C, y el cable de carga es tan sencillo como el cable de carga del tel\u00e9fono.<\/p>\n<h2 data-v-md-heading=\"specification-introduction\" data-v-md-line=\"11\">Specification Introduction<\/h2>\n<p data-v-md-line=\"12\"><strong>Frecuencia de succi\u00f3n<\/strong>:hasta 32000 veces<br \/>\n<strong>Contenido de nicotina<\/strong>:2% y 5% opcional<br \/>\n<strong>Principio de funcionamiento<\/strong>:Activar con una sola calada<br \/>\n<strong>Cargando<\/strong>: Interfaz USB tipo C est\u00e1ndar<br \/>\n<strong>Estado<\/strong>Listo para usar nada m\u00e1s sacarlo de la caja<\/p>\n<h2 data-v-md-heading=\"multiple-flavor-options\" data-v-md-line=\"18\">Multiple flavor options<\/h2>\n<ul data-v-md-line=\"19\">\n<li>Hielo de pi\u00f1a\/hielo de uva<\/li>\n<li>Helado de pl\u00e1tano\/fresa y kiwi<\/li>\n<li>Batido de mango\/refresco de crema de naranja<\/li>\n<li>Hielo de melocot\u00f3n\/Red Bull<\/li>\n<li>Helado de ar\u00e1ndanos\/hielo de manzana roja<\/li>\n<li>Sand\u00eda con menta y frutos rojos<\/li>\n<li>Hielo de fresa\/Dulces arco\u00edris<\/li>\n<li>Refresco de cereza\/Hielo de ar\u00e1ndanos<\/li>\n<li>Fresa Sand\u00eda\/Ar\u00e1ndano Uva<\/li>\n<li>Triple mel\u00f3n\/refresco helado<\/li>\n<\/ul>\n<h2 data-v-md-heading=\"for-you-and-your-business\" data-v-md-line=\"30\">For you and your business<\/h2>\n<p data-v-md-line=\"31\">Puede comprar MRVI Twins 32000 por separado para uso personal o abastecerse para ofrecer servicios mayoristas a su tienda. El empaque al por mayor contiene 10 unidades por caja, con 160 unidades por caja, lo que simplifica enormemente la planificaci\u00f3n del inventario. Si necesita informaci\u00f3n espec\u00edfica sobre la caja de cart\u00f3n, siempre estamos dispuestos a compartirla con usted.<\/p>\n<p data-v-md-line=\"33\">Realizamos env\u00edos a trav\u00e9s de socios de confianza como UPS, DPD y DHL en DDP despu\u00e9s de impuestos para garantizar plazos de entrega predecibles y evitar problemas aduaneros en toda Europa. El contenido y la concentraci\u00f3n de nicotina pueden variar seg\u00fan el pa\u00eds\/regi\u00f3n, por lo que le recomendamos consultar la normativa local antes de realizar un pedido.<\/p>\n<h2 data-v-md-heading=\"why-do-you-like-it\" data-v-md-line=\"35\">Why do you like it<\/h2>\n<p data-v-md-line=\"36\"><strong>Fumar mucho<\/strong>:Duradero y de larga duraci\u00f3n, no es necesario comprar cigarrillos nuevos con frecuencia.<br \/>\n<strong>Selecci\u00f3n de nicotina<\/strong>:Puedes elegir la concentraci\u00f3n que m\u00e1s te convenga.<br \/>\n<strong>Recargable<\/strong>: significa que puedes utilizar todos los e-l\u00edquidos comprados.<br \/>\n<strong>Bobina de malla<\/strong>Aporta un sabor consistente y rico en todo momento.<\/p>\n<h2 data-v-md-heading=\"why-choose-to-collaborate-with-agoravape\" data-v-md-line=\"41\">Why choose to collaborate with AgoraVape?<\/h2>\n<p data-v-md-line=\"42\">Solo vendemos equipos 100% originales y garantizamos la calidad de los productos que enviamos. Para clientes comerciales, esto significa que el vaporizador MRVI Twins 32000 de doble sabor ofrece precios al por mayor altamente competitivos, soporte confiable y una log\u00edstica r\u00e1pida y segura. Cont\u00e1ctenos para saber c\u00f3mo comprar un dispositivo que satisfaga sus necesidades, tenga un sabor intenso, larga duraci\u00f3n y sea pr\u00e1ctico para el uso diario.<\/p>","protected":false},"excerpt":{"rendered":"<p>&nbsp;<\/p>","protected":false},"featured_media":11886,"comment_status":"open","ping_status":"closed","template":"","meta":[],"product_brand":[202],"product_cat":[124,185,189,176,195,174,175,193,129,191,173,186,180,190],"product_tag":[],"class_list":{"0":"post-11876","1":"product","2":"type-product","3":"status-publish","4":"has-post-thumbnail","6":"product_brand-mrvi","7":"product_cat-vape-by-brand","8":"product_cat-10000-puffs-high-capacity","9":"product_cat-20mg-standard-nicotine-vapes","10":"product_cat-beverage","11":"product_cat-dual-flavor-switch","12":"product_cat-fruit-flavors","13":"product_cat-icy-mint","14":"product_cat-mesh-coil","15":"product_cat-mrvi","16":"product_cat-rechargeable-disposables","17":"product_cat-vape-by-flavor-profile","18":"product_cat-vape-by-nicotine-strength","19":"product_cat-vape-by-puff-count","20":"product_cat-vape-by-feature-or-type","22":"first","23":"instock","24":"shipping-taxable","25":"purchasable","26":"product-type-variable","27":"has-default-attributes"},"tiered_pricing_type":"percentage","tiered_pricing_fixed_rules":[],"tiered_pricing_product_settings":{"layout":"default","base_unit_name":{"singular":null,"plural":null},"default_variation":null},"tiered_pricing_minimum_quantity":10,"tiered_pricing_roles_data":[],"tiered_pricing_percentage_rules":{"30":"29","50":"35","100":"40","200":"44","500":"47","1000":"49"},"tiered_pricing_maximum_quantity":null,"tiered_pricing_quantity_step":"10","_links":{"self":[{"href":"https:\/\/agoravape.com\/es\/wp-json\/wp\/v2\/product\/11876","targetHints":{"allow":["GET"]}}],"collection":[{"href":"https:\/\/agoravape.com\/es\/wp-json\/wp\/v2\/product"}],"about":[{"href":"https:\/\/agoravape.com\/es\/wp-json\/wp\/v2\/types\/product"}],"replies":[{"embeddable":true,"href":"https:\/\/agoravape.com\/es\/wp-json\/wp\/v2\/comments?post=11876"}],"version-history":[{"count":0,"href":"https:\/\/agoravape.com\/es\/wp-json\/wp\/v2\/product\/11876\/revisions"}],"wp:featuredmedia":[{"embeddable":true,"href":"https:\/\/agoravape.com\/es\/wp-json\/wp\/v2\/media\/11886"}],"wp:attachment":[{"href":"https:\/\/agoravape.com\/es\/wp-json\/wp\/v2\/media?parent=11876"}],"wp:term":[{"taxonomy":"product_brand","embeddable":true,"href":"https:\/\/agoravape.com\/es\/wp-json\/wp\/v2\/product_brand?post=11876"},{"taxonomy":"product_cat","embeddable":true,"href":"https:\/\/agoravape.com\/es\/wp-json\/wp\/v2\/product_cat?post=11876"},{"taxonomy":"product_tag","embeddable":true,"href":"https:\/\/agoravape.com\/es\/wp-json\/wp\/v2\/product_tag?post=11876"}],"curies":[{"name":"wp","href":"https:\/\/api.w.org\/{rel}","templated":true}]}}