{"id":11954,"date":"2025-10-08T20:53:04","date_gmt":"2025-10-08T12:53:04","guid":{"rendered":"https:\/\/green-grasshopper-921422.hostingersite.com\/?post_type=product&#038;p=11954"},"modified":"2026-03-21T12:43:57","modified_gmt":"2026-03-21T11:43:57","slug":"mrvi-puffing-15k-puffs-vape-con-pantalla","status":"publish","type":"product","link":"https:\/\/agoravape.com\/es\/product\/mrvi-puffing-15k-puffs-vape-with-screen\/","title":{"rendered":"Vaporizador MRVI Puffing 15K de doble malla con pantalla | Sabor duradero, presentaci\u00f3n pr\u00e1ctica"},"content":{"rendered":"<h2 data-v-md-heading=\"what-is-the-mrvi-puffing-15k-dual-eye-vape-with-screen\" data-v-md-line=\"3\">\u00bfQu\u00e9 es el vaporizador MRVI Puffing 15K de doble ojo con pantalla?<\/h2>\n<p data-v-md-line=\"4\">Si buscas un vaporizador que puedas usar a diario y que tenga un sabor duradero, este es sin duda la mejor opci\u00f3n. El MRVI Puffing 15K cuenta con un atomizador de gran capacidad de 25 ml y un n\u00facleo atomizador de doble ojo, lo que te permite mantener una succi\u00f3n limpia y n\u00edtida hasta el final.<\/p>\n<p data-v-md-line=\"6\">Tambi\u00e9n cuenta con una sencilla pantalla integrada que muestra la cantidad de e-l\u00edquido y la bater\u00eda de un vistazo. Quiz\u00e1s pienses que usar un vaporizador con pantalla es complicado, pero este es muy sencillo. Incluso incluye un cord\u00f3n para transportarlo f\u00e1cilmente.<\/p>\n<h2 data-v-md-heading=\"excellent-performance-easy-and-convenient\" data-v-md-line=\"8\">Excellent performance, easy and convenient<\/h2>\n<p data-v-md-line=\"9\">El dise\u00f1o de doble malla permite un calentamiento r\u00e1pido y uniforme, proporcionando la textura perfecta desde el primer bocado hasta el \u00faltimo. La bater\u00eda de 750 mAh es recargable, as\u00ed que puedes disfrutar f\u00e1cilmente de 25 ml de e-l\u00edquido sin desperdiciarlo. Cuando la bater\u00eda est\u00e9 baja, puedes usar un cable de datos tipo C est\u00e1ndar para conectarlo. La pantalla mostrar\u00e1 el e-l\u00edquido restante y el nivel de bater\u00eda, as\u00ed que ya no tendr\u00e1s que preocuparte por adivinar.<\/p>\n<h2 data-v-md-heading=\"specification-overview\" data-v-md-line=\"11\">Specification Overview<\/h2>\n<ul data-v-md-line=\"12\">\n<li>Suction frequency: up to 15000 times<\/li>\n<li>Contenido de nicotina: 2% y 5% (el suministro espec\u00edfico depende de las regulaciones locales)<\/li>\n<li>Working principle: Activated by inhalation<\/li>\n<li>Charging: Standard Type-C USB interface<\/li>\n<li>Status: Ready to use out of the box<\/li>\n<\/ul>\n<h2 data-v-md-heading=\"multiple-flavor-options\" data-v-md-line=\"18\">Multiple flavor options<\/h2>\n<ul data-v-md-line=\"19\">\n<li>Batido de ar\u00e1ndanos<\/li>\n<li>Batido de pl\u00e1tano<\/li>\n<li>Sand\u00eda fresa<\/li>\n<li>Helado de mel\u00f3n dulce<\/li>\n<li>Batido de manzana roja<\/li>\n<li>Melocot\u00f3n y mango<\/li>\n<li>Chicle de ar\u00e1ndanos<\/li>\n<li>Batido de sand\u00eda<\/li>\n<li>Batido de pi\u00f1a<\/li>\n<li>Lodo explosivo rosa<\/li>\n<\/ul>\n<h2 data-v-md-heading=\"for-you-and-for-your-business-as-well\" data-v-md-line=\"30\">For you, and for your business as well<\/h2>\n<p data-v-md-line=\"31\">\u00bfComprar para ti? F\u00e1cil y c\u00f3modo. Selecciona el sabor y la concentraci\u00f3n para empezar a usarlo. \u00bfA\u00fan est\u00e1s buscando provisiones para la tienda? Tenemos opciones ampliables. MRVI Puffing 15K ofrece cajas interiores de 10 paquetes y cajas exteriores de 160 paquetes. Colaboramos con socios como UPS, DPD y DHL para env\u00edos DDP dentro de Europa, lo que permite procesar los aranceles con antelaci\u00f3n y evitar imprevistos aduaneros.<\/p>\n<h2 data-v-md-heading=\"why-do-you-like-it\" data-v-md-line=\"33\">Why do you like it<\/h2>\n<ul data-v-md-line=\"34\">\n<li>Gran capacidad de succi\u00f3n: hasta 15000 puertos, lo que significa menos recargas y pedidos repetidos.<\/li>\n<li>El contenido de nicotina se puede seleccionar entre 2% o 5% para satisfacer diferentes preferencias y demandas del mercado.<\/li>\n<li>Recargable: utiliza todo el e-l\u00edquido que pagues.<\/li>\n<li>Bobina de malla: la bobina de malla de doble capa proporciona un sabor consistente y una experiencia de succi\u00f3n satisfactoria.<\/li>\n<li>Informaci\u00f3n en pantalla: Comprueba los niveles de bater\u00eda y de e-l\u00edquido de un vistazo.<\/li>\n<\/ul>\n<h2 data-v-md-heading=\"why-choose-to-collaborate-with-agoravape\" data-v-md-line=\"40\">Why choose to collaborate with AgoraVape?<\/h2>\n<p data-v-md-line=\"41\">Solo ofrecemos productos 100 % genuinos de fuentes confiables. Nuestras operaciones en la UE se centran en el cumplimiento normativo, incluyendo la TPD2 (si es necesario) y la verificaci\u00f3n de edad al realizar el pago. Disfruta de pagos seguros, facturas transparentes y entregas con seguimiento en toda Europa. \u00bfNecesitas ayuda con la combinaci\u00f3n de sabores o planes de reposici\u00f3n? Nuestro equipo siempre est\u00e1 listo para brindarte asistencia r\u00e1pida y asesoramiento razonable. Cont\u00e1ctanos de inmediato para pedir el vaporizador MRVI Puffing 15K Puffs Dual Mesh (con filtro) y ofrecer a tus clientes productos confiables y populares.<\/p>","protected":false},"excerpt":{"rendered":"<p>\u00bfQu\u00e9 es el vape MRVI Puffing 15K dual eye con pantalla? Si quieres un vape que se pueda usar<\/p>","protected":false},"featured_media":11977,"comment_status":"open","ping_status":"closed","template":"","meta":[],"product_brand":[202],"product_cat":[124,185,1635,189,177,174,175,193,129,191,173,186,180,190,192],"product_tag":[],"class_list":{"0":"post-11954","1":"product","2":"type-product","3":"status-publish","4":"has-post-thumbnail","6":"product_brand-mrvi","7":"product_cat-vape-by-brand","8":"product_cat-10000-puffs-high-capacity","9":"product_cat-15000-puffs","10":"product_cat-20mg-standard-nicotine-vapes","11":"product_cat-dessert-sweets","12":"product_cat-fruit-flavors","13":"product_cat-icy-mint","14":"product_cat-mesh-coil","15":"product_cat-mrvi","16":"product_cat-rechargeable-disposables","17":"product_cat-vape-by-flavor-profile","18":"product_cat-vape-by-nicotine-strength","19":"product_cat-vape-by-puff-count","20":"product_cat-vape-by-feature-or-type","21":"product_cat-vapes-with-screens","23":"first","24":"instock","25":"shipping-taxable","26":"purchasable","27":"product-type-variable","28":"has-default-attributes"},"tiered_pricing_type":"percentage","tiered_pricing_fixed_rules":[],"tiered_pricing_product_settings":{"layout":"default","base_unit_name":{"singular":null,"plural":null},"default_variation":null},"tiered_pricing_minimum_quantity":10,"tiered_pricing_roles_data":[],"tiered_pricing_percentage_rules":{"30":"29","50":"35","100":"40","200":"44","500":"47","1000":"49"},"tiered_pricing_maximum_quantity":null,"tiered_pricing_quantity_step":"10","_links":{"self":[{"href":"https:\/\/agoravape.com\/es\/wp-json\/wp\/v2\/product\/11954","targetHints":{"allow":["GET"]}}],"collection":[{"href":"https:\/\/agoravape.com\/es\/wp-json\/wp\/v2\/product"}],"about":[{"href":"https:\/\/agoravape.com\/es\/wp-json\/wp\/v2\/types\/product"}],"replies":[{"embeddable":true,"href":"https:\/\/agoravape.com\/es\/wp-json\/wp\/v2\/comments?post=11954"}],"version-history":[{"count":0,"href":"https:\/\/agoravape.com\/es\/wp-json\/wp\/v2\/product\/11954\/revisions"}],"wp:featuredmedia":[{"embeddable":true,"href":"https:\/\/agoravape.com\/es\/wp-json\/wp\/v2\/media\/11977"}],"wp:attachment":[{"href":"https:\/\/agoravape.com\/es\/wp-json\/wp\/v2\/media?parent=11954"}],"wp:term":[{"taxonomy":"product_brand","embeddable":true,"href":"https:\/\/agoravape.com\/es\/wp-json\/wp\/v2\/product_brand?post=11954"},{"taxonomy":"product_cat","embeddable":true,"href":"https:\/\/agoravape.com\/es\/wp-json\/wp\/v2\/product_cat?post=11954"},{"taxonomy":"product_tag","embeddable":true,"href":"https:\/\/agoravape.com\/es\/wp-json\/wp\/v2\/product_tag?post=11954"}],"curies":[{"name":"wp","href":"https:\/\/api.w.org\/{rel}","templated":true}]}}