{"id":11988,"date":"2025-10-08T21:20:18","date_gmt":"2025-10-08T13:20:18","guid":{"rendered":"https:\/\/green-grasshopper-921422.hostingersite.com\/?post_type=product&#038;p=11988"},"modified":"2026-03-26T13:22:37","modified_gmt":"2026-03-26T12:22:37","slug":"mrvi-coming-10000-puffs-display-vape","status":"publish","type":"product","link":"https:\/\/agoravape.com\/es\/product\/mrvi-coming-10000-puffs-display-vape\/","title":{"rendered":"MRVI Coming 10000 vaporizador digital de boca | Pantalla dual inteligente, gran capacidad"},"content":{"rendered":"<h2 data-v-md-heading=\"what-are-the-highlights-of-mrvi-coming-10000-digital-vape\" data-v-md-line=\"3\">\u00bfCu\u00e1les son los aspectos m\u00e1s destacados del vaporizador digital MRVI Coming 10000?<\/h2>\n<p data-v-md-line=\"4\">Si est\u00e1s cansado de los vapeadores desechables que consumen mucha energ\u00eda o tienen una duraci\u00f3n de bater\u00eda impredecible, este vape puede solucionar ambos problemas. MRVI Coming admite hasta 10\u00a0000 puertos y muestra claramente los niveles restantes de bater\u00eda y e-l\u00edquido, permiti\u00e9ndote controlar la energ\u00eda restante en cualquier momento. Evita accidentes y quemaduras en seco.<\/p>\n<p data-v-md-line=\"6\">Es ideal para quienes buscan durabilidad, excelente sabor y tranquilidad. Buscan un dispositivo f\u00e1cil de cargar, con una textura rica y f\u00e1cil de transportar. Y eso es precisamente lo que busca.<\/p>\n<h2 data-v-md-heading=\"excellent-performance-worry-free\" data-v-md-line=\"8\">Excellent performance, worry free<\/h2>\n<p data-v-md-line=\"9\">La resistencia de malla de 0,9 \u03a9 te permite mantener un sabor refrescante y constante desde el primer bocado hasta el \u00faltimo. La bater\u00eda de 650 mAh se carga mediante la interfaz Tipo-C, lo que te permite aprovechar al m\u00e1ximo 19 ml de e-l\u00edquido. Cuando la bater\u00eda se agote, puedes usar el cable de carga de tu tel\u00e9fono para recargarla. Es muy sencillo.<\/p>\n<h2 data-v-md-heading=\"specification-overview\" data-v-md-line=\"11\">Specification Overview<\/h2>\n<ul data-v-md-line=\"12\">\n<li>Frecuencia de succi\u00f3n: hasta 10000 veces<\/li>\n<li>Contenido de nicotina: 2%, 3%, 5%<\/li>\n<li>Working principle: Activated by inhalation<\/li>\n<li>Charging: Standard Type-C USB interface<\/li>\n<li>Status: Ready to use upon unboxing<\/li>\n<\/ul>\n<h2 data-v-md-heading=\"multiple-flavor-options\" data-v-md-line=\"18\">Multiple flavor options<\/h2>\n<ul data-v-md-line=\"19\">\n<li>Sabor a melocot\u00f3n y sand\u00eda<\/li>\n<li>Sabor a hielo de drag\u00f3n negro<\/li>\n<li>Sabor a bayas de burbujas mixtas<\/li>\n<li>Sabor de mam\u00e1 bahama<\/li>\n<li>Sabor a helado de sand\u00eda<\/li>\n<li>Fragancia Liulan<\/li>\n<li>Sabor a helado de fresa<\/li>\n<li>Sabor a helado de ar\u00e1ndanos<\/li>\n<li>Sabor a aloe y mango<\/li>\n<li>Sabor a uva<\/li>\n<\/ul>\n<h2 data-v-md-heading=\"for-you-for-your-career\" data-v-md-line=\"30\">Para ti, para tu carrera<\/h2>\n<p data-v-md-line=\"31\">\u00bfQuieres vapear? Selecciona tu sabor y concentraci\u00f3n de nicotina preferidos para activarlo. Quiz\u00e1s pienses que este vaporizador, con tantas caladas, parece voluminoso, pero pesa solo unos 100 gramos y es muy c\u00f3modo de llevar. Su dise\u00f1o de doble pantalla facilita su uso diario.<\/p>\n<p data-v-md-line=\"33\">Si compra en una tienda f\u00edsica o en l\u00ednea, ofrecemos opciones de venta al por mayor a precios razonables: 10 unidades por caja y 200 unidades por caja. Cada caja pesa unos 20 kilogramos y mide aproximadamente 60 x 32 x 23 cent\u00edmetros, con un transporte eficiente. Ofrecemos servicios de entrega DDP dentro de Europa con socios de confianza como UPS, DPD y DHL para garantizar una entrega r\u00e1pida y evitar problemas aduaneros. Aseg\u00farese de consultar la normativa sobre vapeadores desechables de alto humo en su pa\u00eds\/regi\u00f3n.<\/p>\n<h2 data-v-md-heading=\"why-do-you-like-it\" data-v-md-line=\"35\">Why do you like it<\/h2>\n<ul data-v-md-line=\"36\">\n<li>Succi\u00f3n masiva: hasta 10000 unidades significan menos reemplazos y mayor valor por dispositivo.<\/li>\n<li>Selecci\u00f3n del contenido de nicotina: elija 2%, 3% o 5% seg\u00fan su preferencia.<\/li>\n<li>Recargable: la carga tipo C puede ayudarte a utilizar los 19 mililitros de e-l\u00edquido.<\/li>\n<li>Bobina de malla: Cada bocado tiene una textura suave y consistente.<\/li>\n<li>Pantalla dual inteligente: el nivel de bater\u00eda y el nivel de e-l\u00edquido son claros de un vistazo.<\/li>\n<\/ul>\n<h2 data-v-md-heading=\"why-collaborate-with-agoravape\" data-v-md-line=\"42\">Why collaborate with AgoraVape?<\/h2>\n<p data-v-md-line=\"43\">Solo vendemos productos 100 % genuinos y ofrecemos garant\u00eda de calidad. Para los compradores corporativos, esto significa que el pr\u00f3ximo lanzamiento de 10\u00a0000 vapeadores digitales de MRVI ofrecer\u00e1 precios al por mayor con descuento, soporte confiable y log\u00edstica r\u00e1pida en toda Europa. Cont\u00e1ctenos para conocer un dispositivo que har\u00e1 que sus clientes regresen encantados.<\/p>\n<p><script src=\"chrome-extension:\/\/fpelahbljekknahkcaegamhcndkfpfnc\/iFrame.js\" type=\"text\/javascript\"><\/script><\/p>\n<p><script src=\"chrome-extension:\/\/fpelahbljekknahkcaegamhcndkfpfnc\/iFrame.js\" type=\"text\/javascript\"><\/script><\/p>","protected":false},"excerpt":{"rendered":"<p>&nbsp;<\/p>\n<p><script src=\"chrome-extension:\/\/fpelahbljekknahkcaegamhcndkfpfnc\/iFrame.js\" type=\"text\/javascript\"><\/script><\/p>","protected":false},"featured_media":12000,"comment_status":"open","ping_status":"closed","template":"","meta":[],"product_brand":[202],"product_cat":[124,185,189,174,175,193,129,191,173,186,180,190,192],"product_tag":[],"class_list":{"0":"post-11988","1":"product","2":"type-product","3":"status-publish","4":"has-post-thumbnail","6":"product_brand-mrvi","7":"product_cat-vape-by-brand","8":"product_cat-10000-puffs-high-capacity","9":"product_cat-20mg-standard-nicotine-vapes","10":"product_cat-fruit-flavors","11":"product_cat-icy-mint","12":"product_cat-mesh-coil","13":"product_cat-mrvi","14":"product_cat-rechargeable-disposables","15":"product_cat-vape-by-flavor-profile","16":"product_cat-vape-by-nicotine-strength","17":"product_cat-vape-by-puff-count","18":"product_cat-vape-by-feature-or-type","19":"product_cat-vapes-with-screens","21":"first","22":"instock","23":"shipping-taxable","24":"purchasable","25":"product-type-variable","26":"has-default-attributes"},"tiered_pricing_type":"percentage","tiered_pricing_fixed_rules":[],"tiered_pricing_product_settings":{"layout":"default","base_unit_name":{"singular":null,"plural":null},"default_variation":null},"tiered_pricing_minimum_quantity":10,"tiered_pricing_roles_data":[],"tiered_pricing_percentage_rules":{"30":"29","50":"35","100":"40","200":"44","500":"47","1000":"49"},"tiered_pricing_maximum_quantity":null,"tiered_pricing_quantity_step":"10","_links":{"self":[{"href":"https:\/\/agoravape.com\/es\/wp-json\/wp\/v2\/product\/11988","targetHints":{"allow":["GET"]}}],"collection":[{"href":"https:\/\/agoravape.com\/es\/wp-json\/wp\/v2\/product"}],"about":[{"href":"https:\/\/agoravape.com\/es\/wp-json\/wp\/v2\/types\/product"}],"replies":[{"embeddable":true,"href":"https:\/\/agoravape.com\/es\/wp-json\/wp\/v2\/comments?post=11988"}],"version-history":[{"count":0,"href":"https:\/\/agoravape.com\/es\/wp-json\/wp\/v2\/product\/11988\/revisions"}],"wp:featuredmedia":[{"embeddable":true,"href":"https:\/\/agoravape.com\/es\/wp-json\/wp\/v2\/media\/12000"}],"wp:attachment":[{"href":"https:\/\/agoravape.com\/es\/wp-json\/wp\/v2\/media?parent=11988"}],"wp:term":[{"taxonomy":"product_brand","embeddable":true,"href":"https:\/\/agoravape.com\/es\/wp-json\/wp\/v2\/product_brand?post=11988"},{"taxonomy":"product_cat","embeddable":true,"href":"https:\/\/agoravape.com\/es\/wp-json\/wp\/v2\/product_cat?post=11988"},{"taxonomy":"product_tag","embeddable":true,"href":"https:\/\/agoravape.com\/es\/wp-json\/wp\/v2\/product_tag?post=11988"}],"curies":[{"name":"wp","href":"https:\/\/api.w.org\/{rel}","templated":true}]}}