{"id":12022,"date":"2025-10-09T10:44:23","date_gmt":"2025-10-09T02:44:23","guid":{"rendered":"https:\/\/green-grasshopper-921422.hostingersite.com\/?post_type=product&#038;p=12022"},"modified":"2026-01-19T22:08:48","modified_gmt":"2026-01-19T14:08:48","slug":"fizzy-nova-plus-40000-puffs-led-vape","status":"publish","type":"product","link":"https:\/\/agoravape.com\/es\/product\/fizzy-nova-plus-40000-puffs-led-vape\/","title":{"rendered":"FIZZY Nova Plus 40000 bites | Long lasting taste, equipped with intelligent LED screen"},"content":{"rendered":"<h2 data-v-md-heading=\"what-about-the-fizzy-nova-plus-40000-port-led-screen-vape\" data-v-md-line=\"3\"><img loading=\"lazy\" decoding=\"async\" class=\"aligncenter size-full wp-image-12076\" src=\"https:\/\/agoravape.com\/wp-content\/uploads\/2025\/10\/fizzy-40000plus_Agora_vape.webp\" alt=\"\" width=\"2121\" height=\"1321\" srcset=\"https:\/\/agoravape.com\/wp-content\/uploads\/2025\/10\/fizzy-40000plus_Agora_vape.webp 2121w, https:\/\/agoravape.com\/wp-content\/uploads\/2025\/10\/fizzy-40000plus_Agora_vape-1200x747.webp 1200w, https:\/\/agoravape.com\/wp-content\/uploads\/2025\/10\/fizzy-40000plus_Agora_vape-300x187.webp 300w, https:\/\/agoravape.com\/wp-content\/uploads\/2025\/10\/fizzy-40000plus_Agora_vape-1024x638.webp 1024w, https:\/\/agoravape.com\/wp-content\/uploads\/2025\/10\/fizzy-40000plus_Agora_vape-768x478.webp 768w, https:\/\/agoravape.com\/wp-content\/uploads\/2025\/10\/fizzy-40000plus_Agora_vape-1536x957.webp 1536w, https:\/\/agoravape.com\/wp-content\/uploads\/2025\/10\/fizzy-40000plus_Agora_vape-2048x1276.webp 2048w\" sizes=\"auto, (max-width: 2121px) 100vw, 2121px\" \/><\/h2>\n<h2 data-v-md-heading=\"what-about-the-fizzy-nova-plus-40000-port-led-screen-vape\" data-v-md-line=\"3\">\u00bfQu\u00e9 pasa con el vaporizador con pantalla LED de 40000 puertos FIZZY Nova Plus?<\/h2>\n<p data-v-md-line=\"4\">Si est\u00e1s cansado de cambiar de vapeador desechable cada pocos d\u00edas, este producto puede cambiar tus h\u00e1bitos. FIZZY Nova Plus ofrece una capacidad de hasta 40\u00a0000 puertos y est\u00e1 equipado con una sencilla pantalla LED que te permite controlar el funcionamiento de tu vapeador en cualquier momento. Olv\u00eddate de las suposiciones, todo est\u00e1 claro a simple vista.<\/p>\n<p data-v-md-line=\"6\">Es ideal para quienes buscan durabilidad, un sabor estable y un funcionamiento sin preocupaciones. Ofrece el rendimiento de una bobina de malla y la comodidad de una interfaz tipo C. Es s\u00f3lido y cabe f\u00e1cilmente en un bolsillo. Aunque este producto duradero parezca voluminoso, es sorprendentemente f\u00e1cil de usar a diario.<\/p>\n<h2 data-v-md-heading=\"excellent-performance-easy-and-convenient\" data-v-md-line=\"8\">Excellent performance, easy and convenient<\/h2>\n<p data-v-md-line=\"9\">El n\u00facleo del Nova Plus es un atomizador de malla que garantiza un sabor puro y suave en cada succi\u00f3n, desde la frescura hasta el regusto. La pantalla LED muestra el estado actual en cualquier momento, lo que facilita la planificaci\u00f3n de la carga. Cuando la bater\u00eda est\u00e1 baja, se puede cargar a trav\u00e9s de la interfaz Tipo-C. Es igual que el cable de carga que usas habitualmente en tu tel\u00e9fono, as\u00ed que no tendr\u00e1s que preocuparte por encontrar un cable de carga espec\u00edfico.<\/p>\n<h2 data-v-md-heading=\"specification-introduction\" data-v-md-line=\"11\">Specification Introduction<\/h2>\n<ul data-v-md-line=\"12\">\n<li>Frecuencia de succi\u00f3n: hasta 40000 veces<\/li>\n<li>Nicotina: 2% y 5% opcional (el suministro espec\u00edfico depende de las regulaciones locales)<\/li>\n<li>Working principle: Activated by inhalation<\/li>\n<li>Charging: Standard Type-C USB interface<\/li>\n<li>Status: Ready to use out of the box<\/li>\n<li>Capacidad de e-l\u00edquido: 40 mililitros<\/li>\n<li>Bater\u00eda: 850 mAh<\/li>\n<li>Coil: Mesh coil<\/li>\n<li>Tama\u00f1o y peso: 52,5 \u00d7 24,5 \u00d7 104,3 mil\u00edmetros, 120 gramos<\/li>\n<\/ul>\n<h2 data-v-md-heading=\"full-range-of-flavors\" data-v-md-line=\"22\">Gama completa de sabores<\/h2>\n<ul data-v-md-line=\"23\">\n<li>Batido de fresa<\/li>\n<li>Ar\u00e1ndanos y coco<\/li>\n<li>Strawberry kiwi fruit<\/li>\n<li>Batido de ar\u00e1ndanos<\/li>\n<li>Batido de sand\u00eda<\/li>\n<li>El hombre de la sand\u00eda<\/li>\n<li>Kiwi, passion fruit, guava<\/li>\n<li>Frambuesa y lim\u00f3n<\/li>\n<li>Triple baya<\/li>\n<li>Arena helada de melocot\u00f3n<\/li>\n<li>Uva lima<\/li>\n<li>Blueberry Lemon Water<\/li>\n<\/ul>\n<h2 data-v-md-heading=\"for-you-for-your-business\" data-v-md-line=\"36\">For you, for your business<\/h2>\n<p data-v-md-line=\"37\">Puedes comprar el vaporizador FIZZY Nova Plus 40000 con pantalla LED por separado para uso personal. Si lo compras en tiendas f\u00edsicas o en l\u00ednea, tambi\u00e9n ofrecemos opciones de venta al por mayor. Puedes elegir una caja mediana de 10 unidades o una caja grande de 180 unidades para ajustar tu pedido a tus necesidades.<\/p>\n<p data-v-md-line=\"39\">Ofrecemos servicios de entrega DDP a trav\u00e9s de socios de confianza como UPS, DPD y DHL, para que pueda obtener precios transparentes y evitar problemas aduaneros inesperados en las rutas elegibles. Resumen de cumplimiento: Este dispositivo contiene 40 mililitros de e-l\u00edquido, superando el l\u00edmite de 2 mililitros de la TPD de la UE. Consulte la normativa local antes de realizar un pedido. La opci\u00f3n con un 2 % de nicotina cumple con las restricciones de la UE. La opci\u00f3n con un 5 % de nicotina es adecuada para mercados que permiten el uso de e-l\u00edquidos de mayor concentraci\u00f3n.<\/p>\n<h2 data-v-md-heading=\"why-do-you-like-it\" data-v-md-line=\"41\">Why do you like it<\/h2>\n<ul data-v-md-line=\"42\">\n<li>M\u00faltiples bocanadas: duradero y de larga duraci\u00f3n, sin necesidad de comprar cigarrillos nuevos con frecuencia.<\/li>\n<li>Selecci\u00f3n de concentraci\u00f3n de nicotina: Elija la concentraci\u00f3n de nicotina que se adapte a su gusto y mercado.<\/li>\n<li>Recargable: Utiliza todo el e-l\u00edquido que compres de una sola vez<\/li>\n<li>N\u00facleo atomizador de malla: proporciona una experiencia de succi\u00f3n estable y rica en todo momento.<\/li>\n<li>Pantalla LED: estado claro de un vistazo<\/li>\n<\/ul>\n<h2 data-v-md-heading=\"why-collaborate-with-agoravape\" data-v-md-line=\"48\">Why collaborate with AgoraVape?<\/h2>\n<p data-v-md-line=\"49\">Solo vendemos productos 100% genuinos y no tenemos ninguna duda al respecto. Los clientes B2B que compran los vaporizadores FIZZY Nova Plus 40000 con pantalla LED disfrutan de precios al por mayor con descuento, soporte r\u00e1pido y confiable, y servicios de entrega r\u00e1pidos y confiables. Si desea adquirir un producto confiable y con alta aceptaci\u00f3n, cont\u00e1ctenos.<\/p>\n<p><script src=\"chrome-extension:\/\/fpelahbljekknahkcaegamhcndkfpfnc\/iFrame.js\" type=\"text\/javascript\"><\/script><\/p>\n<p><script src=\"chrome-extension:\/\/fpelahbljekknahkcaegamhcndkfpfnc\/iFrame.js\" type=\"text\/javascript\"><\/script><\/p>\n<p><script src=\"chrome-extension:\/\/fpelahbljekknahkcaegamhcndkfpfnc\/iFrame.js\" type=\"text\/javascript\"><\/script><\/p>","protected":false},"excerpt":{"rendered":"<p>&nbsp;<\/p>\n<p><script src=\"chrome-extension:\/\/fpelahbljekknahkcaegamhcndkfpfnc\/iFrame.js\" type=\"text\/javascript\"><\/script><\/p>","protected":false},"featured_media":12075,"comment_status":"open","ping_status":"closed","template":"","meta":[],"product_brand":[203],"product_cat":[124,185,189,1639,176,130,174,175,193,191,173,186,180,190,192],"product_tag":[],"class_list":{"0":"post-12022","1":"product","2":"type-product","3":"status-publish","4":"has-post-thumbnail","6":"product_brand-fizzy","7":"product_cat-vape-by-brand","8":"product_cat-10000-puffs-high-capacity","9":"product_cat-20mg-standard-nicotine-vapes","10":"product_cat-40000-puffs","11":"product_cat-beverage","12":"product_cat-fizzy","13":"product_cat-fruit-flavors","14":"product_cat-icy-mint","15":"product_cat-mesh-coil","16":"product_cat-rechargeable-disposables","17":"product_cat-vape-by-flavor-profile","18":"product_cat-vape-by-nicotine-strength","19":"product_cat-vape-by-puff-count","20":"product_cat-vape-by-feature-or-type","21":"product_cat-vapes-with-screens","23":"first","24":"onbackorder","25":"shipping-taxable","26":"purchasable","27":"product-type-variable","28":"has-default-attributes"},"tiered_pricing_type":"percentage","tiered_pricing_fixed_rules":[],"tiered_pricing_product_settings":{"layout":"default","base_unit_name":{"singular":null,"plural":null},"default_variation":null},"tiered_pricing_minimum_quantity":10,"tiered_pricing_roles_data":[],"tiered_pricing_percentage_rules":{"50":"35","100":"40","200":"44","500":"47","1000":"49"},"tiered_pricing_maximum_quantity":null,"tiered_pricing_quantity_step":"10","_links":{"self":[{"href":"https:\/\/agoravape.com\/es\/wp-json\/wp\/v2\/product\/12022","targetHints":{"allow":["GET"]}}],"collection":[{"href":"https:\/\/agoravape.com\/es\/wp-json\/wp\/v2\/product"}],"about":[{"href":"https:\/\/agoravape.com\/es\/wp-json\/wp\/v2\/types\/product"}],"replies":[{"embeddable":true,"href":"https:\/\/agoravape.com\/es\/wp-json\/wp\/v2\/comments?post=12022"}],"version-history":[{"count":0,"href":"https:\/\/agoravape.com\/es\/wp-json\/wp\/v2\/product\/12022\/revisions"}],"wp:featuredmedia":[{"embeddable":true,"href":"https:\/\/agoravape.com\/es\/wp-json\/wp\/v2\/media\/12075"}],"wp:attachment":[{"href":"https:\/\/agoravape.com\/es\/wp-json\/wp\/v2\/media?parent=12022"}],"wp:term":[{"taxonomy":"product_brand","embeddable":true,"href":"https:\/\/agoravape.com\/es\/wp-json\/wp\/v2\/product_brand?post=12022"},{"taxonomy":"product_cat","embeddable":true,"href":"https:\/\/agoravape.com\/es\/wp-json\/wp\/v2\/product_cat?post=12022"},{"taxonomy":"product_tag","embeddable":true,"href":"https:\/\/agoravape.com\/es\/wp-json\/wp\/v2\/product_tag?post=12022"}],"curies":[{"name":"wp","href":"https:\/\/api.w.org\/{rel}","templated":true}]}}