{"id":12257,"date":"2025-10-09T15:13:28","date_gmt":"2025-10-09T07:13:28","guid":{"rendered":"https:\/\/green-grasshopper-921422.hostingersite.com\/?post_type=product&#038;p=12257"},"modified":"2026-03-21T12:43:56","modified_gmt":"2026-03-21T11:43:56","slug":"vapme-crystal-7000-puffs-mesh-vape","status":"publish","type":"product","link":"https:\/\/agoravape.com\/es\/product\/vapme-crystal-7000-puffs-mesh-vape\/","title":{"rendered":"Vapme Crystal 7000 Mesh Coil Disposable Vape | Long lasting Taste, Easy to Handle"},"content":{"rendered":"<h2 data-v-md-heading=\"what-are-the-advantages-of-vapme-crystal-7000-mesh-coil-disposable-vapes\" data-v-md-line=\"3\"><img loading=\"lazy\" decoding=\"async\" class=\"aligncenter size-full wp-image-12280\" src=\"https:\/\/agoravape.com\/wp-content\/uploads\/2025\/10\/Vapme-Crystal-7000-Puffs-Mesh-Coil-Disposable-Vape_Agora_vape-13-scaled.webp\" alt=\"\" width=\"2560\" height=\"1707\" srcset=\"https:\/\/agoravape.com\/wp-content\/uploads\/2025\/10\/Vapme-Crystal-7000-Puffs-Mesh-Coil-Disposable-Vape_Agora_vape-13-scaled.webp 2560w, https:\/\/agoravape.com\/wp-content\/uploads\/2025\/10\/Vapme-Crystal-7000-Puffs-Mesh-Coil-Disposable-Vape_Agora_vape-13-scaled-1200x800.webp 1200w, https:\/\/agoravape.com\/wp-content\/uploads\/2025\/10\/Vapme-Crystal-7000-Puffs-Mesh-Coil-Disposable-Vape_Agora_vape-13-300x200.webp 300w, https:\/\/agoravape.com\/wp-content\/uploads\/2025\/10\/Vapme-Crystal-7000-Puffs-Mesh-Coil-Disposable-Vape_Agora_vape-13-1024x683.webp 1024w, https:\/\/agoravape.com\/wp-content\/uploads\/2025\/10\/Vapme-Crystal-7000-Puffs-Mesh-Coil-Disposable-Vape_Agora_vape-13-768x512.webp 768w, https:\/\/agoravape.com\/wp-content\/uploads\/2025\/10\/Vapme-Crystal-7000-Puffs-Mesh-Coil-Disposable-Vape_Agora_vape-13-1536x1024.webp 1536w, https:\/\/agoravape.com\/wp-content\/uploads\/2025\/10\/Vapme-Crystal-7000-Puffs-Mesh-Coil-Disposable-Vape_Agora_vape-13-2048x1365.webp 2048w\" sizes=\"auto, (max-width: 2560px) 100vw, 2560px\" \/><\/h2>\n<h2 data-v-md-heading=\"what-are-the-advantages-of-vapme-crystal-7000-mesh-coil-disposable-vapes\" data-v-md-line=\"3\">What are the advantages of Vapme Crystal 7000 mesh coil disposable vapes?<\/h2>\n<p data-v-md-line=\"4\">If you\u2019re tired of those disposable vapes that consume power quickly or run out within a week, this product will make your life easier. The Vapme Crystal 7000 incorporates a rich flavor into this device that does not require complicated charging, making it durable and long-lasting.<\/p>\n<p data-v-md-line=\"6\">It is suitable for anyone who wants a reliable and stable experience with vapes without the need for complicated settings. No need to inject oil. There are no buttons. Pick it up and you can use it. A capacity of 7000 ports means fewer replacement times, saving you time and trouble.<\/p>\n<h2 data-v-md-heading=\"excellent-performance-without-any-complexity\" data-v-md-line=\"8\">Excellent performance without any complexity<\/h2>\n<p data-v-md-line=\"9\">The secret of this product lies in the 1.0 \u03a9 mesh coil. It can evenly heat the e-liquid, making each bite as delicious as the first bite. There is no burnt smell. The battery level will not decrease on the third day. When the battery is low, you can charge it through Type-C. This is the same as the data cable you use on your phone. Simple and convenient.<\/p>\n<h2 data-v-md-heading=\"specification-introduction\" data-v-md-line=\"11\">Specification Introduction<\/h2>\n<ul data-v-md-line=\"12\">\n<li>Suction frequency: up to 7000 times<\/li>\n<li>Contenido de nicotina: 0%\/2%\/3%\/5%<\/li>\n<li>Working principle: Simply inhale to use<\/li>\n<li>Charging: Type-C USB interface<\/li>\n<li>Capacidad de e-l\u00edquido: 14 mililitros<\/li>\n<li>Bobina: bobina de malla de 1,0 \u03a9<\/li>\n<li>Battery: 650mAh<\/li>\n<li>Status: Ready to use upon unboxing<\/li>\n<\/ul>\n<h2 data-v-md-heading=\"multiple-flavor-options\" data-v-md-line=\"21\">Multiple flavor options<\/h2>\n<ul data-v-md-line=\"22\">\n<li>Blueberry Raspberry<\/li>\n<li>Grape berry<\/li>\n<li>Strawberry Watermelon Bubblegum<\/li>\n<li>Strawberry Raspberry Candy<\/li>\n<li>Strawberry banana<\/li>\n<li>Strawberry mango<\/li>\n<li>Peach mango pineapple<\/li>\n<li>Watermelon ice<\/li>\n<li>Triple mango<\/li>\n<li>Cherry ice<\/li>\n<li>Passionfruit Melon ice<\/li>\n<li>Kiwi Maracuy\u00e1 Guayaba<\/li>\n<li>Strawberry ice<\/li>\n<li>Peach ice<\/li>\n<li>Blue razz lemonade<\/li>\n<li>Strawberry kiwi<\/li>\n<li>Energy drink<\/li>\n<li>Cherry cola<\/li>\n<li>Mixed berries ice<\/li>\n<li>Lemon &amp; Lime<\/li>\n<li>Strawberry grape<\/li>\n<li>Blackcurrant ice<\/li>\n<li>Blueberry Cranberry cherry<\/li>\n<li>Watermelon kiwi ice<\/li>\n<li>Cherry berry<\/li>\n<li>Como<\/li>\n<li>Tropical fruit punch<\/li>\n<li>Mr blue<\/li>\n<li>Double apple<\/li>\n<li>Banana ice<\/li>\n<li>Lady Killa<\/li>\n<li>Watermelon Bull<\/li>\n<li>Pineapple Kiwi Ice<\/li>\n<li>Strawberry Dragonfruit Ice<\/li>\n<li>Watermelon Lemon<\/li>\n<li>Triple Melon Ice<\/li>\n<li>Blueberry Raspberry Peach<\/li>\n<li>Helado de fresa y frambuesa<\/li>\n<li>Watermelon Skittle<\/li>\n<li>Strawberry Gummy Bear<\/li>\n<li>Red Bull de fresa<\/li>\n<li>Drag\u00f3n Negro de Hielo<\/li>\n<li>Grape ice<\/li>\n<\/ul>\n<h2 data-v-md-heading=\"to-create-for-you-and-your-business\" data-v-md-line=\"30\">Para crear para usted y su negocio<\/h2>\n<p data-v-md-line=\"31\">If you are currently trying it out, you can purchase the Vapme Crystal 7000 mesh coil disposable vape separately, or purchase multiple units for future use. If you operate a physical or online store, you can also place wholesale orders. We offer packaging of 200 pieces per box to ensure easy and predictable restocking.<\/p>\n<p data-v-md-line=\"33\">We collaborate with trusted partners such as UPS, DPD, and DHL, and use Delivered Duty Paid (DDP) terms to ensure fast delivery of your order and avoid customs accidents.<\/p>\n<h2 data-v-md-heading=\"why-do-you-like-it\" data-v-md-line=\"35\">Why do you like it<\/h2>\n<ul data-v-md-line=\"36\">\n<li>Gran capacidad para fumar: duradero y de larga duraci\u00f3n, sin necesidad de comprar cigarrillos nuevos con frecuencia.<\/li>\n<li>Nicotine selection: Choose the concentration that best suits you.<\/li>\n<li>Rechargeable: Type-C charging helps you use up all your purchased e-liquid.<\/li>\n<li>Mesh coil: Consistent taste, smooth and unobstructed from start to finish.<\/li>\n<\/ul>\n<h2 data-v-md-heading=\"why-collaborate-with-agoravape\" data-v-md-line=\"41\">Why collaborate with AgoraVape?<\/h2>\n<p data-v-md-line=\"42\">Solo vendemos productos 100 % originales de marcas de confianza. Como uno de los principales distribuidores de vaporizadores en Europa, ofrecemos precios al por mayor con descuento, soporte t\u00e9cnico integral y entrega r\u00e1pida DDP para los vaporizadores desechables Vapme Crystal 7000 con resistencias de malla de succi\u00f3n. Cont\u00e1ctenos para consultar nuestro inventario y ofrecer a sus clientes un vaporizador desechable duradero y que valga la pena recomprar.<\/p>\n<p data-v-md-line=\"42\">\n<p data-v-md-line=\"42\"><img loading=\"lazy\" decoding=\"async\" class=\"aligncenter size-full wp-image-12281\" src=\"https:\/\/agoravape.com\/wp-content\/uploads\/2025\/10\/VAPME-CRYSTAL-7000_04_Agora_vape-scaled.webp\" alt=\"\" width=\"1749\" height=\"2560\" srcset=\"https:\/\/agoravape.com\/wp-content\/uploads\/2025\/10\/VAPME-CRYSTAL-7000_04_Agora_vape-scaled.webp 1749w, https:\/\/agoravape.com\/wp-content\/uploads\/2025\/10\/VAPME-CRYSTAL-7000_04_Agora_vape-scaled-1200x1756.webp 1200w, https:\/\/agoravape.com\/wp-content\/uploads\/2025\/10\/VAPME-CRYSTAL-7000_04_Agora_vape-205x300.webp 205w, https:\/\/agoravape.com\/wp-content\/uploads\/2025\/10\/VAPME-CRYSTAL-7000_04_Agora_vape-699x1024.webp 699w, https:\/\/agoravape.com\/wp-content\/uploads\/2025\/10\/VAPME-CRYSTAL-7000_04_Agora_vape-768x1124.webp 768w, https:\/\/agoravape.com\/wp-content\/uploads\/2025\/10\/VAPME-CRYSTAL-7000_04_Agora_vape-1049x1536.webp 1049w, https:\/\/agoravape.com\/wp-content\/uploads\/2025\/10\/VAPME-CRYSTAL-7000_04_Agora_vape-1399x2048.webp 1399w\" sizes=\"auto, (max-width: 1749px) 100vw, 1749px\" \/><\/p>","protected":false},"excerpt":{"rendered":"<p>What are the advantages of Vapme Crystal 7000 mesh coil disposable vapes? If you\u2019re tired of those disposable vapes that<\/p>","protected":false},"featured_media":12268,"comment_status":"open","ping_status":"closed","template":"","meta":[],"product_brand":[204],"product_cat":[124,187,189,184,176,177,1674,174,175,193,191,179,173,186,180,190,131],"product_tag":[],"class_list":{"0":"post-12257","1":"product","2":"type-product","3":"status-publish","4":"has-post-thumbnail","6":"product_brand-vapme","7":"product_cat-vape-by-brand","8":"product_cat-0mg-nicotine-free-vapes","9":"product_cat-20mg-standard-nicotine-vapes","10":"product_cat-5000-8000-puffs","11":"product_cat-beverage","12":"product_cat-dessert-sweets","13":"product_cat-eu-warehouse","14":"product_cat-fruit-flavors","15":"product_cat-icy-mint","16":"product_cat-mesh-coil","17":"product_cat-rechargeable-disposables","18":"product_cat-unique-blends","19":"product_cat-vape-by-flavor-profile","20":"product_cat-vape-by-nicotine-strength","21":"product_cat-vape-by-puff-count","22":"product_cat-vape-by-feature-or-type","23":"product_cat-vapme","25":"first","26":"instock","27":"shipping-taxable","28":"purchasable","29":"product-type-variable","30":"has-default-attributes"},"tiered_pricing_type":"percentage","tiered_pricing_fixed_rules":[],"tiered_pricing_product_settings":{"layout":"default","base_unit_name":{"singular":null,"plural":null},"default_variation":null},"tiered_pricing_minimum_quantity":10,"tiered_pricing_roles_data":[],"tiered_pricing_percentage_rules":{"50":"35","100":"40","200":"44","500":"47","1000":"49"},"tiered_pricing_maximum_quantity":null,"tiered_pricing_quantity_step":"10","_links":{"self":[{"href":"https:\/\/agoravape.com\/es\/wp-json\/wp\/v2\/product\/12257","targetHints":{"allow":["GET"]}}],"collection":[{"href":"https:\/\/agoravape.com\/es\/wp-json\/wp\/v2\/product"}],"about":[{"href":"https:\/\/agoravape.com\/es\/wp-json\/wp\/v2\/types\/product"}],"replies":[{"embeddable":true,"href":"https:\/\/agoravape.com\/es\/wp-json\/wp\/v2\/comments?post=12257"}],"version-history":[{"count":0,"href":"https:\/\/agoravape.com\/es\/wp-json\/wp\/v2\/product\/12257\/revisions"}],"wp:featuredmedia":[{"embeddable":true,"href":"https:\/\/agoravape.com\/es\/wp-json\/wp\/v2\/media\/12268"}],"wp:attachment":[{"href":"https:\/\/agoravape.com\/es\/wp-json\/wp\/v2\/media?parent=12257"}],"wp:term":[{"taxonomy":"product_brand","embeddable":true,"href":"https:\/\/agoravape.com\/es\/wp-json\/wp\/v2\/product_brand?post=12257"},{"taxonomy":"product_cat","embeddable":true,"href":"https:\/\/agoravape.com\/es\/wp-json\/wp\/v2\/product_cat?post=12257"},{"taxonomy":"product_tag","embeddable":true,"href":"https:\/\/agoravape.com\/es\/wp-json\/wp\/v2\/product_tag?post=12257"}],"curies":[{"name":"wp","href":"https:\/\/api.w.org\/{rel}","templated":true}]}}