{"id":12415,"date":"2025-10-09T21:14:25","date_gmt":"2025-10-09T13:14:25","guid":{"rendered":"https:\/\/green-grasshopper-921422.hostingersite.com\/?post_type=product&#038;p=12415"},"modified":"2026-02-14T17:23:59","modified_gmt":"2026-02-14T16:23:59","slug":"vapme-crystal-30000-caladas-triple-sabor-vape","status":"publish","type":"product","link":"https:\/\/agoravape.com\/es\/product\/vapme-crystal-30000-puffs-triple-flavor-vape\/","title":{"rendered":"Vapme Crystal 30000 Vaporizador de triple sabor tres en uno | Tres sabores, duradero y f\u00e1cil de usar"},"content":{"rendered":"<h2 data-v-md-heading=\"what-are-the-advantages-of-vaping-the-vapme-crystal-30000-triple-flavored-vape\" data-v-md-line=\"3\">What are the advantages of vaping the Vapme Crystal 30000 triple flavored vape?<\/h2>\n<p data-v-md-line=\"4\">If you\u2019re tired of changing devices halfway through the week, then this product is your ideal choice. Vapme Crystal 30000 integrates three different flavors into one device, allowing you to easily switch without carrying a second vape.<\/p>\n<p data-v-md-line=\"6\">It is suitable for anyone who wants to experience a simple, easy-to-use, delicious, and durable vape experience. No need to worry, no need to replenish frequently. Just need a smooth taste and easy charging when needed.<\/p>\n<h2 data-v-md-heading=\"excellent-performance-easy-and-convenient\" data-v-md-line=\"8\">Excellent performance, easy and convenient<\/h2>\n<p data-v-md-line=\"9\">The 0.6 \u03a9 mesh coil ensures smooth smoke flow and consistent taste, making every bite as delicious as the first. The triple oil storage system can accommodate three different flavors, keeping each flavor clear and unique, avoiding confusion. When the battery is low, you can use the existing Type-C data cable for charging. The 650mAh battery is rechargeable, so you can use the purchased e-liquid.<\/p>\n<h2 data-v-md-heading=\"specification-introduction\" data-v-md-line=\"11\">Specification Introduction<\/h2>\n<ul data-v-md-line=\"12\">\n<li>Suction frequency: up to 30000 times<\/li>\n<li>Contenido de nicotina: 0%, 2%, 3% y 5%<\/li>\n<li>Working principle: Activate with just one puff<\/li>\n<li>Charging: Standard Type-C USB interface<\/li>\n<li>Status: Ready to use out of the box<\/li>\n<\/ul>\n<h2 data-v-md-heading=\"full-flavor-series\" data-v-md-line=\"18\">Full flavor series<\/h2>\n<ul data-v-md-line=\"19\">\n<li>Blueberry and raspberry flavor+watermelon ice+strawberry lemonade<\/li>\n<li>Strawberry watermelon flavor+passion fruit melon ice+blueberry raspberry flavor<\/li>\n<li>Cherry Ice+Blueberry Juice Lemon Water+Passion Fruit Melon Ice<\/li>\n<li>Grape ice+strawberry kiwi+peach and pineapple flavor<\/li>\n<li>Strawberry banana flavor+double apple flavor+watermelon ice<\/li>\n<li>Mixed Berry Ice+Peach Pineapple+Raspberry Watermelon Flavor<\/li>\n<li>Strawberry ice+watermelon kiwi ice+cherry ice<\/li>\n<li>Red Bull+Cherry Cola+Peach Flavor<\/li>\n<li>Strawberry raspberry sugar+peach smoothie+kiwi passion fruit guava<\/li>\n<li>Strawberry mango+kiwi passion fruit guava+watermelon smoothie<\/li>\n<li>Tropical fruit bingzhi+strawberry grape+blueberry lemon water<\/li>\n<li>Chicle de fresa y sand\u00eda + batido de cereza y frutos rojos + Red Bull<\/li>\n<li>Se\u00f1or Azul + Dama Asesina + Amor 66<\/li>\n<li>Batido de sand\u00eda, ternera y pi\u00f1a + batido de fresa<\/li>\n<li>Batido de fresa y pitahaya + batido de sand\u00eda y lim\u00f3n + frutas tropicales<\/li>\n<li>Batido triple de mel\u00f3n + batido de ar\u00e1ndanos, frambuesa, melocot\u00f3n y fresa<\/li>\n<li>Batido de fresa y ar\u00e1ndanos + batido de pl\u00e1tano + batido de frutos rojos<\/li>\n<li>Caramelo de sand\u00eda arco\u00edris + Caramelo de fresa + Caramelo de ar\u00e1ndano y frambuesa<\/li>\n<li>Refresco de cereza + Lim\u00f3n y lima + Batido de ar\u00e1ndanos<\/li>\n<li>Helado de fresa Red Bull + Black Dragon + Cherry Berry<\/li>\n<\/ul>\n<h2 data-v-md-heading=\"dedicated-to-you-and-your-company\" data-v-md-line=\"40\">Dedicado a ti y a tu empresa<\/h2>\n<p data-v-md-line=\"41\">Puedes comprar Vapme Crystal 30000 para una persona o abastecer tu tienda. La caja de cart\u00f3n al por mayor contiene 160 unidades, lo que te facilita la planificaci\u00f3n del inventario. Ofrecemos servicios de env\u00edo DDP con impuestos pagados con socios de confianza como UPS, DPD y DHL para garantizarte protecci\u00f3n contra aranceles inesperados.<\/p>\n<p data-v-md-line=\"43\">Si compra para revender, consulte la normativa local antes de publicar. Los productos desechables de gran capacidad pueden estar sujetos a normativas nacionales o regionales espec\u00edficas.<\/p>\n<h2 data-v-md-heading=\"why-do-you-like-it\" data-v-md-line=\"45\">Why do you like it<\/h2>\n<ul data-v-md-line=\"46\">\n<li>Succi\u00f3n masiva: duradera y de larga duraci\u00f3n, sin necesidad de comprar constantemente cartuchos nuevos<\/li>\n<li>Selecci\u00f3n de nicotina: elige la concentraci\u00f3n que se adapte a tu m\u00e9todo de fumar<\/li>\n<li>Recargable: Puedes utilizar todos los e-l\u00edquidos adquiridos<\/li>\n<li>Bobina de malla: proporciona un sabor consistente y rico en todo momento<\/li>\n<li>Sabores triples: puedes cambiar de sabor en cualquier momento sin necesidad de llevar un segundo dispositivo<\/li>\n<\/ul>\n<h2 data-v-md-heading=\"why-collaborate-with-agoravape\" data-v-md-line=\"52\">Why collaborate with AgoraVape?<\/h2>\n<p data-v-md-line=\"53\">Solo vendemos productos 100% genuinos y garantizamos la calidad de nuestros env\u00edos. Si es cliente comercial, puede disfrutar de precios al por mayor con descuento, soporte confiable y entrega r\u00e1pida y confiable de los vaporizadores Vapme Crystal 30000 tres en uno de triple sabor. Cont\u00e1ctenos y nos encargaremos de abastecer a sus clientes para garantizar su satisfacci\u00f3n.<\/p>","protected":false},"excerpt":{"rendered":"<p>What are the advantages of vaping the Vapme Crystal 30000 triple flavored vape? If you\u2019re tired of changing devices halfway<\/p>","protected":false},"featured_media":12487,"comment_status":"open","ping_status":"closed","template":"","meta":[],"product_brand":[204],"product_cat":[124,187,185,189,1637,176,177,195,1674,174,175,193,191,173,186,180,190,131],"product_tag":[],"class_list":{"0":"post-12415","1":"product","2":"type-product","3":"status-publish","4":"has-post-thumbnail","6":"product_brand-vapme","7":"product_cat-vape-by-brand","8":"product_cat-0mg-nicotine-free-vapes","9":"product_cat-10000-puffs-high-capacity","10":"product_cat-20mg-standard-nicotine-vapes","11":"product_cat-30000-puffs","12":"product_cat-beverage","13":"product_cat-dessert-sweets","14":"product_cat-dual-flavor-switch","15":"product_cat-eu-warehouse","16":"product_cat-fruit-flavors","17":"product_cat-icy-mint","18":"product_cat-mesh-coil","19":"product_cat-rechargeable-disposables","20":"product_cat-vape-by-flavor-profile","21":"product_cat-vape-by-nicotine-strength","22":"product_cat-vape-by-puff-count","23":"product_cat-vape-by-feature-or-type","24":"product_cat-vapme","26":"first","27":"instock","28":"shipping-taxable","29":"purchasable","30":"product-type-variable","31":"has-default-attributes"},"tiered_pricing_type":"percentage","tiered_pricing_fixed_rules":[],"tiered_pricing_product_settings":{"layout":"default","base_unit_name":{"singular":null,"plural":null},"default_variation":null},"tiered_pricing_minimum_quantity":10,"tiered_pricing_roles_data":[],"tiered_pricing_percentage_rules":{"50":"35","100":"40","200":"44","500":"47","1000":"49"},"tiered_pricing_maximum_quantity":null,"tiered_pricing_quantity_step":"10","_links":{"self":[{"href":"https:\/\/agoravape.com\/es\/wp-json\/wp\/v2\/product\/12415","targetHints":{"allow":["GET"]}}],"collection":[{"href":"https:\/\/agoravape.com\/es\/wp-json\/wp\/v2\/product"}],"about":[{"href":"https:\/\/agoravape.com\/es\/wp-json\/wp\/v2\/types\/product"}],"replies":[{"embeddable":true,"href":"https:\/\/agoravape.com\/es\/wp-json\/wp\/v2\/comments?post=12415"}],"version-history":[{"count":0,"href":"https:\/\/agoravape.com\/es\/wp-json\/wp\/v2\/product\/12415\/revisions"}],"wp:featuredmedia":[{"embeddable":true,"href":"https:\/\/agoravape.com\/es\/wp-json\/wp\/v2\/media\/12487"}],"wp:attachment":[{"href":"https:\/\/agoravape.com\/es\/wp-json\/wp\/v2\/media?parent=12415"}],"wp:term":[{"taxonomy":"product_brand","embeddable":true,"href":"https:\/\/agoravape.com\/es\/wp-json\/wp\/v2\/product_brand?post=12415"},{"taxonomy":"product_cat","embeddable":true,"href":"https:\/\/agoravape.com\/es\/wp-json\/wp\/v2\/product_cat?post=12415"},{"taxonomy":"product_tag","embeddable":true,"href":"https:\/\/agoravape.com\/es\/wp-json\/wp\/v2\/product_tag?post=12415"}],"curies":[{"name":"wp","href":"https:\/\/api.w.org\/{rel}","templated":true}]}}