{"id":12538,"date":"2025-10-10T09:29:18","date_gmt":"2025-10-10T01:29:18","guid":{"rendered":"https:\/\/green-grasshopper-921422.hostingersite.com\/?post_type=product&#038;p=12538"},"modified":"2026-03-26T13:22:25","modified_gmt":"2026-03-26T12:22:25","slug":"vapme-crystal-20000-puffs-dual-flavor-vape","status":"publish","type":"product","link":"https:\/\/agoravape.com\/es\/product\/vapme-crystal-20000-puffs-dual-flavor-vape\/","title":{"rendered":"Vapme Crystal 20000 Puffs, vaporizador 2 en 1 de doble sabor | Dos sabores, un dispositivo de larga duraci\u00f3n"},"content":{"rendered":"<h2 data-v-md-heading=\"what-are-the-advantages-of-vapme-crystal-20000-in-one-dual-flavor-vape\" data-v-md-line=\"3\">\u00bfCu\u00e1les son las ventajas de Vapme Crystal 20000 en un vaporizador de doble sabor?<\/h2>\n<p data-v-md-line=\"4\">Si est\u00e1 cansado de cambiar frecuentemente de dispositivo debido a un sabor ins\u00edpido o a una bater\u00eda baja, este producto le aportar\u00e1 un soplo de aire fresco. Vapme Crystal 20000 puede proporcionar hasta 20000 caladas y dos sabores en un solo dispositivo, lo que le permite disfrutar de la diversi\u00f3n sin llevar un vape de repuesto.<\/p>\n<p data-v-md-line=\"6\">Si quieres un vapeador desechable fiable, delicioso, recargable y f\u00e1cil de disfrutar, este producto es tu elecci\u00f3n ideal. Sin necesidad de tediosas operaciones o men\u00fas. Simplemente c\u00f3gelo y disfruta de un sabor consistente desde el primer bocado hasta el \u00faltimo.<\/p>\n<h2 data-v-md-heading=\"excellent-performance-easy-and-convenient\" data-v-md-line=\"8\">Excellent performance, easy and convenient<\/h2>\n<p data-v-md-line=\"9\">La bobina de malla de 1,0 \u03a9 te ofrece una gran potencia. Se calienta uniformemente, y cada bocado es tan delicioso como el primero. Cuando la bater\u00eda est\u00e1 baja, simplemente conecte el cable de datos Tipo-C, que puede ser el mismo que el cable utilizado para tel\u00e9fonos m\u00f3viles. Sencillo y c\u00f3modo. Es posible que piense que los dispositivos de gran calibre ser\u00edan problem\u00e1ticos, pero este dispositivo es f\u00e1cil de manejar.<\/p>\n<h2 data-v-md-heading=\"specification-introduction\" data-v-md-line=\"11\">Specification Introduction<\/h2>\n<ul data-v-md-line=\"12\">\n<li>Frecuencia de succi\u00f3n: hasta 20000 veces<\/li>\n<li>Contenido de nicotina: 2% (20 mg\/mL)<\/li>\n<li>Working principle: Activated by inhalation<\/li>\n<li>Charging: Type-C USB interface<\/li>\n<li>Capacidad de e-l\u00edquido: 20 mililitros<\/li>\n<li>N\u00facleo atomizador: malla de 1,0 \u03a9<\/li>\n<li>Bater\u00eda: bater\u00eda recargable de 700 mAh<\/li>\n<li>Status: Ready to use upon unboxing<\/li>\n<\/ul>\n<h2 data-v-md-heading=\"full-range-of-flavors\" data-v-md-line=\"21\">Gama completa de sabores<\/h2>\n<p data-v-md-line=\"22\">A continuaci\u00f3n se indican las combinaciones de sabores duales confirmadas:<\/p>\n<ul data-v-md-line=\"23\">\n<li>Hielo de ar\u00e1ndanos, frambuesas y sand\u00eda<\/li>\n<li>Sand\u00eda con fresas+helado de mel\u00f3n con fruta de la pasi\u00f3n<\/li>\n<li>Hielo de cereza+Azul Agua de lim\u00f3n<\/li>\n<li>Uva Helada+Fresa Kiwi<\/li>\n<li>Fresa Pl\u00e1tano+Doble Manzana<\/li>\n<li>Mixed Berry Ice+Melocot\u00f3n Pi\u00f1a<\/li>\n<li>Hielo de fresa+helado de kiwi y sand\u00eda<\/li>\n<li>Bebida energ\u00e9tica + cereza cola<\/li>\n<li>Fresa frambuesa az\u00facar+melocot\u00f3n hielo<\/li>\n<li>Fresa mango+kiwi+fruta de la pasi\u00f3n guayaba<\/li>\n<\/ul>\n<p data-v-md-line=\"34\">Aqu\u00ed hay bebidas mezcladas de frutas de colores brillantes, cubitos de hielo fr\u00edos y una selecci\u00f3n de nost\u00e1lgicas tiendas de postres. El agua de lim\u00f3n con ar\u00e1ndanos aporta un sabor agridulce, mientras que la cola de cereza aporta una experiencia chispeante de mezcla de cola y cerezas.<\/p>\n<h2 data-v-md-heading=\"for-you-and-for-your-business-as-well\" data-v-md-line=\"36\">For you, and for your business as well<\/h2>\n<p data-v-md-line=\"37\">Usted puede elegir una taza para usted o comprar art\u00edculos para el estante. Ofrecemos Vapme Crystal 20000 dos en uno vapes sabor dual para la compra personal y al por mayor. Los compradores comerciales pueden hacer pedidos al por mayor, con 160 unidades por caja.<\/p>\n<p data-v-md-line=\"39\">Proporcionamos servicios de env\u00edo europeos con impuestos pagados DDP a trav\u00e9s de socios de confianza como UPS, DPD y DHL, por lo que es f\u00e1cil y c\u00f3modo para usted evitar accidentes durante las inspecciones aduaneras.<\/p>\n<h2 data-v-md-heading=\"why-do-you-like-it\" data-v-md-line=\"41\">Why do you like it<\/h2>\n<ul data-v-md-line=\"42\">\n<li>Succi\u00f3n masiva: hasta 20000 inhalaciones, lo que significa menos repeticiones y m\u00e1s tiempo para disfrutar.<\/li>\n<li>Selecci\u00f3n de nicotina: La nicotina 2% es adecuada para aquellos que prefieren experiencias m\u00e1s fuertes y satisfactorias.<\/li>\n<li>Recargable: Utiliza todo el e-l\u00edquido que compres sin desperdiciar ni una gota.<\/li>\n<li>Bobina de malla: Desde el primer bocado hasta el \u00faltimo, el sabor se mantiene consistente y suave como la seda.<\/li>\n<\/ul>\n<h2 data-v-md-heading=\"why-choose-to-collaborate-with-agoravape\" data-v-md-line=\"47\">Why choose to collaborate with AgoraVape?<\/h2>\n<p data-v-md-line=\"48\">S\u00f3lo vendemos 100% productos genuinos con especificaciones claras y fuerte trazabilidad. Nuestros clientes B2B pueden disfrutar de precios al por mayor con descuento, soporte de respuesta r\u00e1pida y servicio r\u00e1pido de entrega a domicilio (DDP) dentro de la Uni\u00f3n Europea al comprar Vapme Crystal 20000 dos en uno dual flavored vapes (DDP). \u00bfQuiere un dispositivo de confianza que haga que sus clientes vuelvan? Bienvenido a preguntar.<\/p>","protected":false},"excerpt":{"rendered":"<p>&nbsp;<\/p>\n<p><script src=\"chrome-extension:\/\/fpelahbljekknahkcaegamhcndkfpfnc\/iFrame.js\" type=\"text\/javascript\"><\/script><\/p>","protected":false},"featured_media":12571,"comment_status":"open","ping_status":"closed","template":"","meta":[],"product_brand":[204],"product_cat":[124,185,1636,189,176,177,195,1674,174,175,193,191,173,186,180,190,131],"product_tag":[],"class_list":{"0":"post-12538","1":"product","2":"type-product","3":"status-publish","4":"has-post-thumbnail","6":"product_brand-vapme","7":"product_cat-vape-by-brand","8":"product_cat-10000-puffs-high-capacity","9":"product_cat-20000-puffs","10":"product_cat-20mg-standard-nicotine-vapes","11":"product_cat-beverage","12":"product_cat-dessert-sweets","13":"product_cat-dual-flavor-switch","14":"product_cat-eu-warehouse","15":"product_cat-fruit-flavors","16":"product_cat-icy-mint","17":"product_cat-mesh-coil","18":"product_cat-rechargeable-disposables","19":"product_cat-vape-by-flavor-profile","20":"product_cat-vape-by-nicotine-strength","21":"product_cat-vape-by-puff-count","22":"product_cat-vape-by-feature-or-type","23":"product_cat-vapme","25":"first","26":"instock","27":"shipping-taxable","28":"purchasable","29":"product-type-variable","30":"has-default-attributes"},"tiered_pricing_type":"percentage","tiered_pricing_fixed_rules":[],"tiered_pricing_product_settings":{"layout":"default","base_unit_name":{"singular":null,"plural":null},"default_variation":null},"tiered_pricing_minimum_quantity":10,"tiered_pricing_roles_data":[],"tiered_pricing_percentage_rules":{"50":"35","100":"40","200":"44","500":"47","1000":"49"},"tiered_pricing_maximum_quantity":null,"tiered_pricing_quantity_step":"10","_links":{"self":[{"href":"https:\/\/agoravape.com\/es\/wp-json\/wp\/v2\/product\/12538","targetHints":{"allow":["GET"]}}],"collection":[{"href":"https:\/\/agoravape.com\/es\/wp-json\/wp\/v2\/product"}],"about":[{"href":"https:\/\/agoravape.com\/es\/wp-json\/wp\/v2\/types\/product"}],"replies":[{"embeddable":true,"href":"https:\/\/agoravape.com\/es\/wp-json\/wp\/v2\/comments?post=12538"}],"version-history":[{"count":0,"href":"https:\/\/agoravape.com\/es\/wp-json\/wp\/v2\/product\/12538\/revisions"}],"wp:featuredmedia":[{"embeddable":true,"href":"https:\/\/agoravape.com\/es\/wp-json\/wp\/v2\/media\/12571"}],"wp:attachment":[{"href":"https:\/\/agoravape.com\/es\/wp-json\/wp\/v2\/media?parent=12538"}],"wp:term":[{"taxonomy":"product_brand","embeddable":true,"href":"https:\/\/agoravape.com\/es\/wp-json\/wp\/v2\/product_brand?post=12538"},{"taxonomy":"product_cat","embeddable":true,"href":"https:\/\/agoravape.com\/es\/wp-json\/wp\/v2\/product_cat?post=12538"},{"taxonomy":"product_tag","embeddable":true,"href":"https:\/\/agoravape.com\/es\/wp-json\/wp\/v2\/product_tag?post=12538"}],"curies":[{"name":"wp","href":"https:\/\/api.w.org\/{rel}","templated":true}]}}