{"id":12654,"date":"2025-10-10T10:30:53","date_gmt":"2025-10-10T02:30:53","guid":{"rendered":"https:\/\/green-grasshopper-921422.hostingersite.com\/?post_type=product&#038;p=12654"},"modified":"2026-03-26T13:22:25","modified_gmt":"2026-03-26T12:22:25","slug":"vapme-digital-12000-puffs-display-vape","status":"publish","type":"product","link":"https:\/\/agoravape.com\/es\/product\/vapme-digital-12000-puffs-display-vape\/","title":{"rendered":"Vapme Digital 12000 Puffs Digital Display Vape | Long-Lasting Flavour, Made Simple"},"content":{"rendered":"<h2 data-v-md-heading=\"what-are-the-highlights-of-vapme-digital-12000-digital-vapes\" data-v-md-line=\"3\">\u00bfCu\u00e1les son los aspectos m\u00e1s destacados de los vapeadores digitales Vapme Digital 12000?<\/h2>\n<p data-v-md-line=\"4\">Si est\u00e1s cansado de los vapeadores desechables que desechas a mitad de semana, definitivamente vale la pena echarle un vistazo a este producto. El Vapme Digital 12000 tiene una gran capacidad de 20 ml de e-l\u00edquido, est\u00e1 equipado con una bater\u00eda recargable de 850 mAh y una pantalla digital clara que muestra simult\u00e1neamente el nivel de bater\u00eda restante y de e-l\u00edquido. F\u00e1cil y pr\u00e1ctico, sin necesidad de adivinar.<\/p>\n<p data-v-md-line=\"6\">Si buscas un vapeo confiable, delicioso y efectivo, este producto es la opci\u00f3n ideal. Seg\u00fan tus h\u00e1bitos de consumo de aceite y tu uso diario, puedes obtener hasta 12\u00a0000 caladas. Quiz\u00e1s pienses que un vape de tanta capacidad es voluminoso, pero este producto es sorprendentemente asequible.<\/p>\n<h2 data-v-md-heading=\"excellent-performance-easy-and-convenient\" data-v-md-line=\"8\">Excellent performance, easy and convenient<\/h2>\n<p data-v-md-line=\"9\">El n\u00facleo del Vapme Digital 12000 incorpora un atomizador de malla de 1.0 \u03a9, lo que garantiza que cada bocado sea tan delicioso como la primera calada. Succi\u00f3n suave y sabor consistente en todo el atomizador. Cuando la bater\u00eda est\u00e1 baja, puedes cargarlo a trav\u00e9s de la interfaz tipo C; el cable de carga puede ser el mismo que el del tel\u00e9fono. Simple y pr\u00e1ctico.<\/p>\n<h2 data-v-md-heading=\"specification-introduction\" data-v-md-line=\"11\">Specification Introduction<\/h2>\n<ul data-v-md-line=\"12\">\n<li>Frecuencia de succi\u00f3n: hasta 12000 veces<\/li>\n<li>Contenido de nicotina: 0%, 2%, 3% o 5%<\/li>\n<li>Working principle: Activate with just one puff<\/li>\n<li>Charging: Standard Type-C USB interface<\/li>\n<li>Status: Ready to use out of the box<\/li>\n<\/ul>\n<h2 data-v-md-heading=\"full-range-of-flavors\" data-v-md-line=\"18\">Gama completa de sabores<\/h2>\n<ul data-v-md-line=\"19\">\n<li>Blueberry Lemon Water<\/li>\n<li>Sand\u00eda fresa<\/li>\n<li>Watermelon Ice<\/li>\n<li>Peach Ice<\/li>\n<li>Mixed berries<\/li>\n<li>Mango, melocot\u00f3n, pi\u00f1a<\/li>\n<li>Strawberry Ice<\/li>\n<li>Cherry Cola<\/li>\n<li>Grape Ice<\/li>\n<li>Blueberries and raspberries<\/li>\n<li>Helado de cereza<\/li>\n<li>Helado de fresa y kiwi<\/li>\n<li>Kiwi, passion fruit, guava<\/li>\n<li>Binji de frutas tropicales<\/li>\n<li>Helado de fresa y pl\u00e1tano<\/li>\n<li>Helado de manzana y bayas<\/li>\n<li>Helado de fruta del drag\u00f3n y fresa<\/li>\n<li>Helado de melocot\u00f3n y ar\u00e1ndanos<\/li>\n<li>Helado de melocot\u00f3n y mango<\/li>\n<li>Hielo de mentol<\/li>\n<\/ul>\n<h2 data-v-md-heading=\"for-you-and-your-business\" data-v-md-line=\"40\">For you and your business<\/h2>\n<p data-v-md-line=\"41\">Puedes comprar el paquete Vapme Digital 12000 para uso personal o para abastecer tu tienda. Cajas de cart\u00f3n al por mayor de 200 unidades por caja, para que puedas planificar f\u00e1cilmente tu inventario y mantener tus estantes llenos.<\/p>\n<p data-v-md-line=\"43\">Realizamos env\u00edos a trav\u00e9s de socios de confianza como UPS, DPD y DHL en DDP a toda Europa, para que su pedido se entregue r\u00e1pidamente y no tenga problemas en la aduana. La normativa para vapeadores desechables de gran capacidad var\u00eda seg\u00fan el pa\u00eds o la regi\u00f3n, as\u00ed que consulte la normativa local o cont\u00e1ctenos para obtener ayuda antes de realizar un pedido.<\/p>\n<h2 data-v-md-heading=\"why-do-you-like-it\" data-v-md-line=\"45\">Why do you like it<\/h2>\n<ul data-v-md-line=\"46\">\n<li>Succi\u00f3n masiva: mayor tiempo de uso, por lo que no es necesario comprar nuevos con frecuencia.<\/li>\n<li>Selecci\u00f3n de nicotina: elige la concentraci\u00f3n adecuada para tu uso diario.<\/li>\n<li>Recargable: utiliza todos los e-l\u00edquidos adquiridos.<\/li>\n<li>Bobina de malla: proporciona un sabor consistente y una experiencia de succi\u00f3n suave en todo momento.<\/li>\n<li>Pantalla digital: proporciona una visi\u00f3n clara de la bater\u00eda y del e-l\u00edquido, manteni\u00e9ndote informado del estado actual en todo momento.<\/li>\n<\/ul>\n<h2 data-v-md-heading=\"why-choose-agoravape\" data-v-md-line=\"52\">\u00bfPor qu\u00e9 elegir AgoraVape?<\/h2>\n<p data-v-md-line=\"53\">Solo vendemos productos 100 % genuinos y garantizamos la calidad de los productos que enviamos. Los clientes empresariales disfrutan de precios al por mayor altamente competitivos, soporte t\u00e9cnico atento y servicios de entrega r\u00e1pidos, rastreables y confidenciales. Ofrecemos m\u00e9todos de pago seguros y, si surge alg\u00fan problema, nuestra pr\u00e1ctica pol\u00edtica de devoluciones le facilita la gesti\u00f3n.<\/p>\n<p data-v-md-line=\"55\">\u00bfListo para comprar Vapme Digital 12000 online en Europa o comprarlo en tu tienda? Cont\u00e1ctanos y te ayudaremos a elegir el sabor y la concentraci\u00f3n de nicotina adecuados para tus clientes.<\/p>","protected":false},"excerpt":{"rendered":"<p>What are the highlights of Vapme Digital 12000 digital vapes? If you are tired of disposable vapes that are scrapped<\/p>","protected":false},"featured_media":12680,"comment_status":"open","ping_status":"closed","template":"","meta":[],"product_brand":[204],"product_cat":[124,187,185,1634,189,176,174,175,193,191,173,186,180,190,192,131],"product_tag":[],"class_list":{"0":"post-12654","1":"product","2":"type-product","3":"status-publish","4":"has-post-thumbnail","6":"product_brand-vapme","7":"product_cat-vape-by-brand","8":"product_cat-0mg-nicotine-free-vapes","9":"product_cat-10000-puffs-high-capacity","10":"product_cat-12000-puffs","11":"product_cat-20mg-standard-nicotine-vapes","12":"product_cat-beverage","13":"product_cat-fruit-flavors","14":"product_cat-icy-mint","15":"product_cat-mesh-coil","16":"product_cat-rechargeable-disposables","17":"product_cat-vape-by-flavor-profile","18":"product_cat-vape-by-nicotine-strength","19":"product_cat-vape-by-puff-count","20":"product_cat-vape-by-feature-or-type","21":"product_cat-vapes-with-screens","22":"product_cat-vapme","24":"first","25":"onbackorder","26":"shipping-taxable","27":"purchasable","28":"product-type-variable","29":"has-default-attributes"},"tiered_pricing_type":"percentage","tiered_pricing_fixed_rules":[],"tiered_pricing_product_settings":{"layout":"default","base_unit_name":{"singular":null,"plural":null},"default_variation":null},"tiered_pricing_minimum_quantity":10,"tiered_pricing_roles_data":[],"tiered_pricing_percentage_rules":{"50":"35","100":"40","200":"44","500":"47","1000":"49"},"tiered_pricing_maximum_quantity":null,"tiered_pricing_quantity_step":"10","_links":{"self":[{"href":"https:\/\/agoravape.com\/es\/wp-json\/wp\/v2\/product\/12654","targetHints":{"allow":["GET"]}}],"collection":[{"href":"https:\/\/agoravape.com\/es\/wp-json\/wp\/v2\/product"}],"about":[{"href":"https:\/\/agoravape.com\/es\/wp-json\/wp\/v2\/types\/product"}],"replies":[{"embeddable":true,"href":"https:\/\/agoravape.com\/es\/wp-json\/wp\/v2\/comments?post=12654"}],"version-history":[{"count":0,"href":"https:\/\/agoravape.com\/es\/wp-json\/wp\/v2\/product\/12654\/revisions"}],"wp:featuredmedia":[{"embeddable":true,"href":"https:\/\/agoravape.com\/es\/wp-json\/wp\/v2\/media\/12680"}],"wp:attachment":[{"href":"https:\/\/agoravape.com\/es\/wp-json\/wp\/v2\/media?parent=12654"}],"wp:term":[{"taxonomy":"product_brand","embeddable":true,"href":"https:\/\/agoravape.com\/es\/wp-json\/wp\/v2\/product_brand?post=12654"},{"taxonomy":"product_cat","embeddable":true,"href":"https:\/\/agoravape.com\/es\/wp-json\/wp\/v2\/product_cat?post=12654"},{"taxonomy":"product_tag","embeddable":true,"href":"https:\/\/agoravape.com\/es\/wp-json\/wp\/v2\/product_tag?post=12654"}],"curies":[{"name":"wp","href":"https:\/\/api.w.org\/{rel}","templated":true}]}}