{"id":12760,"date":"2025-10-10T12:11:45","date_gmt":"2025-10-10T04:11:45","guid":{"rendered":"https:\/\/green-grasshopper-921422.hostingersite.com\/?post_type=product&#038;p=12760"},"modified":"2026-01-13T00:39:22","modified_gmt":"2026-01-12T16:39:22","slug":"atvs-warship-12000-puffs-vape","status":"publish","type":"product","link":"https:\/\/agoravape.com\/es\/product\/atvs-warship-12000-puffs-vape\/","title":{"rendered":"Vape desechable ATVS Warship con resistencia de malla de 12\u00a0000 caladas | Gran sabor, mayor rendimiento"},"content":{"rendered":"<h2 data-v-md-heading=\"what-are-the-highlights-of-the-atvs-warship-12000-port-mesh-coil-disposable-vape\" data-v-md-line=\"3\"><img loading=\"lazy\" decoding=\"async\" class=\"alignright wp-image-12776 size-full\" src=\"https:\/\/agoravape.com\/wp-content\/uploads\/2025\/10\/ATVS-Warship-12000-Puffs-Mesh-Coil-Disposable-Vape_Agora_vape-3.webp\" alt=\"\" width=\"1000\" height=\"644\" srcset=\"https:\/\/agoravape.com\/wp-content\/uploads\/2025\/10\/ATVS-Warship-12000-Puffs-Mesh-Coil-Disposable-Vape_Agora_vape-3.webp 1000w, https:\/\/agoravape.com\/wp-content\/uploads\/2025\/10\/ATVS-Warship-12000-Puffs-Mesh-Coil-Disposable-Vape_Agora_vape-3-300x193.webp 300w, https:\/\/agoravape.com\/wp-content\/uploads\/2025\/10\/ATVS-Warship-12000-Puffs-Mesh-Coil-Disposable-Vape_Agora_vape-3-768x495.webp 768w\" sizes=\"auto, (max-width: 1000px) 100vw, 1000px\" \/><\/h2>\n<h2 data-v-md-heading=\"what-are-the-highlights-of-the-atvs-warship-12000-port-mesh-coil-disposable-vape\" data-v-md-line=\"3\">\u00bfCu\u00e1les son los aspectos m\u00e1s destacados del vaporizador desechable con bobina de malla de 12000 puertos ATVS Warship?<\/h2>\n<p data-v-md-line=\"4\">Si est\u00e1s cansado de los vapes desechables que pierden sabor al principio, entonces vale la pena echarle un vistazo al ATVS Warship 12000. Est\u00e1 dise\u00f1ado para un uso prolongado y promete 12\u00a0000 bocanadas continuas. La resistencia de malla garantiza un sabor puro y consistente en cada calada.<\/p>\n<p data-v-md-line=\"6\">Este vaporizador es ideal para quienes buscan una experiencia de vapeo f\u00e1cil y c\u00f3moda, con un funcionamiento sencillo y un sabor inigualable. No te preocupes. Simplemente elige el sabor, s\u00e1calo de la caja y empieza a usarlo.<\/p>\n<h2 data-v-md-heading=\"excellent-performance-no-need-for-complex-operations\" data-v-md-line=\"8\">Excellent performance, no need for complex operations<\/h2>\n<p data-v-md-line=\"9\">El secreto de este vaporizador reside en su resistencia de malla. Calienta el e-l\u00edquido de forma r\u00e1pida y uniforme, haciendo que tu primer sorbo sea tan suave como el cent\u00e9simo. El olor de una boquilla desechable de gran capacidad puede ser inevitablemente m\u00e1s ligero, pero el dise\u00f1o de malla la mantiene estable. Su capacidad de almacenamiento de 15 mililitros tambi\u00e9n le proporciona soporte, y la robusta carcasa de policarbonato se siente s\u00f3lida y c\u00f3moda al sostenerla en la mano.<\/p>\n<h2 data-v-md-heading=\"specification-overview\" data-v-md-line=\"11\">Specification Overview<\/h2>\n<ul data-v-md-line=\"12\">\n<li>Frecuencia de succi\u00f3n: hasta 12000 veces<\/li>\n<li>Contenido de nicotina: no especificado por el fabricante (cons\u00faltenos para confirmar la situaci\u00f3n del suministro en su regi\u00f3n)<\/li>\n<li>Principio de funcionamiento: No especificado por el fabricante.<\/li>\n<li>M\u00e9todo de carga: no especificado por el fabricante<\/li>\n<li>Capacidad de e-l\u00edquido: 15 mililitros<\/li>\n<li>N\u00facleo atomizador: malla, 0,9 \u03a9<\/li>\n<li>Bater\u00eda: 650 mAh (13450 celdas)<\/li>\n<li>Material: PC (policarbonato)<\/li>\n<li>Status: Ready to use upon unboxing<\/li>\n<\/ul>\n<h2 data-v-md-heading=\"full-range-of-flavors\" data-v-md-line=\"22\">Gama completa de sabores<\/h2>\n<ul data-v-md-line=\"23\">\n<li>Helado de mango<\/li>\n<li>Pista de hielo azul<\/li>\n<li>Helado de fresa y sand\u00eda<\/li>\n<li>Hielo de mentol<\/li>\n<li>Watermelon Ice<\/li>\n<li>Helado de frutas mixtas<\/li>\n<li>Strawberry Ice<\/li>\n<li>Taro Ice<\/li>\n<li>Hielo de granada<\/li>\n<li>Helado de manzana<\/li>\n<li>Hielo de pl\u00e1tano<\/li>\n<li>Refresco con sabor a naranja<\/li>\n<\/ul>\n<h2 data-v-md-heading=\"for-you-and-for-your-business-as-well\" data-v-md-line=\"36\">For you, and for your business as well<\/h2>\n<p data-v-md-line=\"37\">Compre con sencillez. Seleccione el sabor que desee. Si abastece a una tienda o cadena de tiendas, es a\u00fan m\u00e1s sencillo. Ofrecemos cigarrillos ATVS Warship 12000 en cajas al por mayor, con 10 cigarrillos por caja, y tambi\u00e9n ofrecemos cajas de empaquetado m\u00e1s grandes para compradores al por mayor.<\/p>\n<p data-v-md-line=\"39\">Brindamos servicios de entrega DDP en toda Europa a trav\u00e9s de socios confiables como UPS, DPD y DHL, por lo que las tarifas se han procesado previamente y no encontrar\u00e1 ning\u00fan accidente en la aduana.<\/p>\n<h2 data-v-md-heading=\"why-do-you-like-it\" data-v-md-line=\"41\">Why do you like it<\/h2>\n<ul data-v-md-line=\"42\">\n<li>Gran capacidad: hasta 12000 puertos por dispositivo, lo que significa menos recargas temporales y pedidos repetidos<\/li>\n<li>Consistencia de la bobina de malla: desde el primer bocado hasta el \u00faltimo, el sabor es suave y confiable.<\/li>\n<li>Compartimento de almacenamiento de aceite de gran capacidad, c\u00f3modo de usar: 15 mililitros de capacidad de e-l\u00edquido, lo que le permite usarlo durante un per\u00edodo de tiempo m\u00e1s largo entre cambios de equipo.<\/li>\n<li>Succi\u00f3n equilibrada: la bobina de 0,9 \u03a9 proporciona un humo estable y satisfactorio<\/li>\n<\/ul>\n<h2 data-v-md-heading=\"why-choose-to-collaborate-with-agoravape\" data-v-md-line=\"47\">Why choose to collaborate with AgoraVape?<\/h2>\n<p data-v-md-line=\"48\">Solo compramos productos 100% genuinos de marcas reconocidas. Con los vapeadores desechables ATVS Warship 12000 con resistencias de malla, disfrutar\u00e1 de precios al por mayor altamente competitivos, soporte de respuesta r\u00e1pida y servicios de entrega DDP r\u00e1pidos y confiables. \u00bfQuiere tenerlo en stock o necesita una mezcla de sabores popular en su regi\u00f3n? Cont\u00e1ctenos y le ayudaremos a realizar su pedido r\u00e1pidamente.<\/p>\n<p data-v-md-line=\"48\"><img loading=\"lazy\" decoding=\"async\" class=\"aligncenter size-full wp-image-12775\" src=\"https:\/\/agoravape.com\/wp-content\/uploads\/2025\/10\/ATVS-Warship-12000-Puffs-Mesh-Coil-Disposable-Vape_Agora_vape-2.webp\" alt=\"\" width=\"1000\" height=\"646\" srcset=\"https:\/\/agoravape.com\/wp-content\/uploads\/2025\/10\/ATVS-Warship-12000-Puffs-Mesh-Coil-Disposable-Vape_Agora_vape-2.webp 1000w, https:\/\/agoravape.com\/wp-content\/uploads\/2025\/10\/ATVS-Warship-12000-Puffs-Mesh-Coil-Disposable-Vape_Agora_vape-2-300x194.webp 300w, https:\/\/agoravape.com\/wp-content\/uploads\/2025\/10\/ATVS-Warship-12000-Puffs-Mesh-Coil-Disposable-Vape_Agora_vape-2-768x496.webp 768w\" sizes=\"auto, (max-width: 1000px) 100vw, 1000px\" \/><\/p>\n<p data-v-md-line=\"48\"><img loading=\"lazy\" decoding=\"async\" class=\"aligncenter size-full wp-image-12774\" src=\"https:\/\/agoravape.com\/wp-content\/uploads\/2025\/10\/ATVS-Warship-12000-Puffs-Mesh-Coil-Disposable-Vape_Agora_vape-1.webp\" alt=\"\" width=\"1000\" height=\"550\" srcset=\"https:\/\/agoravape.com\/wp-content\/uploads\/2025\/10\/ATVS-Warship-12000-Puffs-Mesh-Coil-Disposable-Vape_Agora_vape-1.webp 1000w, https:\/\/agoravape.com\/wp-content\/uploads\/2025\/10\/ATVS-Warship-12000-Puffs-Mesh-Coil-Disposable-Vape_Agora_vape-1-300x165.webp 300w, https:\/\/agoravape.com\/wp-content\/uploads\/2025\/10\/ATVS-Warship-12000-Puffs-Mesh-Coil-Disposable-Vape_Agora_vape-1-768x422.webp 768w\" sizes=\"auto, (max-width: 1000px) 100vw, 1000px\" \/><\/p>","protected":false},"excerpt":{"rendered":"<p>What are the highlights of the ATVS Warship 12000 port mesh coil disposable vape? If you\u2019re tired of disposable vapes<\/p>","protected":false},"featured_media":12796,"comment_status":"open","ping_status":"closed","template":"","meta":[],"product_brand":[205],"product_cat":[124,185,1634,132,176,174,175,193,191,173,186,180,190],"product_tag":[],"class_list":{"0":"post-12760","1":"product","2":"type-product","3":"status-publish","4":"has-post-thumbnail","6":"product_brand-atvs","7":"product_cat-vape-by-brand","8":"product_cat-10000-puffs-high-capacity","9":"product_cat-12000-puffs","10":"product_cat-atvs","11":"product_cat-beverage","12":"product_cat-fruit-flavors","13":"product_cat-icy-mint","14":"product_cat-mesh-coil","15":"product_cat-rechargeable-disposables","16":"product_cat-vape-by-flavor-profile","17":"product_cat-vape-by-nicotine-strength","18":"product_cat-vape-by-puff-count","19":"product_cat-vape-by-feature-or-type","21":"first","22":"instock","23":"shipping-taxable","24":"purchasable","25":"product-type-variable","26":"has-default-attributes"},"tiered_pricing_type":"percentage","tiered_pricing_fixed_rules":[],"tiered_pricing_product_settings":{"layout":"default","base_unit_name":{"singular":null,"plural":null},"default_variation":null},"tiered_pricing_minimum_quantity":10,"tiered_pricing_roles_data":[],"tiered_pricing_percentage_rules":{"30":"29","50":"35","100":"40","200":"44","500":"47","1000":"49"},"tiered_pricing_maximum_quantity":null,"tiered_pricing_quantity_step":"10","_links":{"self":[{"href":"https:\/\/agoravape.com\/es\/wp-json\/wp\/v2\/product\/12760","targetHints":{"allow":["GET"]}}],"collection":[{"href":"https:\/\/agoravape.com\/es\/wp-json\/wp\/v2\/product"}],"about":[{"href":"https:\/\/agoravape.com\/es\/wp-json\/wp\/v2\/types\/product"}],"replies":[{"embeddable":true,"href":"https:\/\/agoravape.com\/es\/wp-json\/wp\/v2\/comments?post=12760"}],"version-history":[{"count":0,"href":"https:\/\/agoravape.com\/es\/wp-json\/wp\/v2\/product\/12760\/revisions"}],"wp:featuredmedia":[{"embeddable":true,"href":"https:\/\/agoravape.com\/es\/wp-json\/wp\/v2\/media\/12796"}],"wp:attachment":[{"href":"https:\/\/agoravape.com\/es\/wp-json\/wp\/v2\/media?parent=12760"}],"wp:term":[{"taxonomy":"product_brand","embeddable":true,"href":"https:\/\/agoravape.com\/es\/wp-json\/wp\/v2\/product_brand?post=12760"},{"taxonomy":"product_cat","embeddable":true,"href":"https:\/\/agoravape.com\/es\/wp-json\/wp\/v2\/product_cat?post=12760"},{"taxonomy":"product_tag","embeddable":true,"href":"https:\/\/agoravape.com\/es\/wp-json\/wp\/v2\/product_tag?post=12760"}],"curies":[{"name":"wp","href":"https:\/\/api.w.org\/{rel}","templated":true}]}}