{"id":12828,"date":"2025-10-10T15:20:00","date_gmt":"2025-10-10T07:20:00","guid":{"rendered":"https:\/\/green-grasshopper-921422.hostingersite.com\/?post_type=product&#038;p=12828"},"modified":"2025-12-15T21:31:14","modified_gmt":"2025-12-15T13:31:14","slug":"atvs-13000-puffs-vape-recargable","status":"publish","type":"product","link":"https:\/\/agoravape.com\/es\/product\/atvs-13000-puffs-rechargeable-vape\/","title":{"rendered":"Vapeador de malla recargable ATVS 13000 Puffs | Sabor duradero con f\u00e1cil carga tipo C"},"content":{"rendered":"<h2 data-v-md-heading=\"what-about-the-atvs-13000-rechargeable-mesh-coil-vape\" data-v-md-line=\"3\">\u00bfQu\u00e9 pasa con el vaporizador de bobina de malla recargable ATVS 13000?<\/h2>\n<p data-v-md-line=\"4\">Si est\u00e1s cansado de los vapeadores desechables que se agotan en pocos d\u00edas, este es sin duda tu mejor opci\u00f3n. El ATVS 13000 est\u00e1 equipado con una bater\u00eda recargable de 600 mAh y una resistencia de malla, lo que te permite mantener un sabor constante desde el primer bocado hasta el \u00faltimo. Para quienes buscan un vapeador fiable y sin reemplazo, es la opci\u00f3n ideal.<\/p>\n<p data-v-md-line=\"6\">Quiz\u00e1s pienses que este vaporizador, con tantas caladas, es voluminoso, pero su portabilidad te sorprende. Es muy c\u00f3modo de sostener y f\u00e1cil de usar en el d\u00eda a d\u00eda.<\/p>\n<h2 data-v-md-heading=\"excellent-performance-and-easy-operation\" data-v-md-line=\"8\">Excelente rendimiento y f\u00e1cil operaci\u00f3n.<\/h2>\n<p data-v-md-line=\"9\">La resistencia de malla se calienta uniformemente, permiti\u00e9ndote disfrutar de un sabor suave como el primer sorbo con cada bocado. Sin necesidad de configuraciones complicadas. Sin botones, listo para usar. Cuando la bater\u00eda est\u00e1 baja, se puede cargar con el cable tipo C, el mismo que el cable de datos que se usa en la mayor\u00eda de los tel\u00e9fonos m\u00f3viles, lo que facilita la carga.<\/p>\n<h2 data-v-md-heading=\"specification-overview\" data-v-md-line=\"11\">Specification Overview<\/h2>\n<p data-v-md-line=\"12\"><strong>N\u00famero de succiones<\/strong>:hasta 13000 succiones<br \/>\n<strong>capacidad de e-l\u00edquido<\/strong>:12 mililitros<br \/>\n<strong>N\u00facleo atomizador<\/strong>: N\u00facleo atomizador de malla, 0,9 \u03a9<br \/>\n<strong>Bater\u00eda<\/strong>:18250 celdas, 600 mAh<br \/>\n<strong>Principio de funcionamiento<\/strong>:Se activa por inhalaci\u00f3n<br \/>\n<strong>Cargando<\/strong>: Interfaz USB tipo C est\u00e1ndar<br \/>\n<strong>Tama\u00f1o<\/strong>: 41 \u00d7 33 \u00d7 140 mil\u00edmetros<br \/>\n<strong>Estado<\/strong>Listo para usar nada m\u00e1s sacarlo de la caja<br \/>\n<strong>Nicotina<\/strong>Las opciones dependen de su mercado. Cont\u00e1ctenos para confirmar la concentraci\u00f3n actual de nicotina, incluyendo opciones sin nicotina y con sales de nicotina (hasta 20 miligramos, seg\u00fan la situaci\u00f3n espec\u00edfica).<\/p>\n<h2 data-v-md-heading=\"full-flavor-series\" data-v-md-line=\"22\">Full flavor series<\/h2>\n<ul data-v-md-line=\"23\">\n<li>Helado de mango<\/li>\n<li>Pista de hielo azul<\/li>\n<li>Helado de fresa y sand\u00eda<\/li>\n<li>Hielo de mentol<\/li>\n<li>Watermelon Ice<\/li>\n<li>Helado de frutas mixtas<\/li>\n<li>Strawberry Ice<\/li>\n<li>Grape Ice<\/li>\n<li>Hielo de granada<\/li>\n<li>Peach Ice<\/li>\n<li>Coca Cola Ice<\/li>\n<\/ul>\n<h2 data-v-md-heading=\"for-you-for-your-business\" data-v-md-line=\"35\">For you, for your business<\/h2>\n<p data-v-md-line=\"36\">Puede elegir el ATVS 13000 para uso personal, pero tambi\u00e9n es ideal para tiendas de productos desechables y vendedores en l\u00ednea que buscan durabilidad y una alta fidelizaci\u00f3n de clientes. Cada caja mayorista contiene 10 unidades, y la caja grande tiene capacidad para 200 unidades, lo que le permite ampliar f\u00e1cilmente su inventario.<\/p>\n<p data-v-md-line=\"38\">Enviamos nuestros productos a la mayor\u00eda de los destinos europeos a trav\u00e9s de UPS, DPD y DHL (DDP), por lo que podemos prepagar los aranceles y evitar imprevistos con la aduana. Su pedido es rastreable y nuestro equipo de soporte est\u00e1 siempre listo para ayudarle.<\/p>\n<p data-v-md-line=\"40\">Breve explicaci\u00f3n de la conformidad. Este dispositivo tiene una capacidad de 12 mililitros y una alta frecuencia de succi\u00f3n, superando el l\u00edmite de venta al p\u00fablico de las normas TPD en muchos pa\u00edses\/regiones de la UE. Consulte la normativa local antes de publicarlo y le guiaremos para comprender el alcance de la licencia en su mercado.<\/p>\n<h2 data-v-md-heading=\"why-do-you-like-it\" data-v-md-line=\"42\">Why do you like it<\/h2>\n<p data-v-md-line=\"43\"><strong>M\u00e1s tiempos de succi\u00f3n:<\/strong>\u00a0Tiempos de succi\u00f3n m\u00e1s prolongados, sin necesidad de comprar nuevos aspiradores con frecuencia<br \/>\n<strong>Recargable:<\/strong>\u00a0Puedes utilizar todos los e-l\u00edquidos adquiridos<br \/>\n<strong>Bobina de malla<\/strong>:Sabor consistente y succi\u00f3n suave.<br \/>\n<strong>Carga tipo C:<\/strong>\u00a0Igual que el cable de carga utilizado en la mayor\u00eda de los tel\u00e9fonos m\u00f3viles.<br \/>\n<strong>Activaci\u00f3n de succi\u00f3n conveniente:<\/strong>\u00a0No necesita botones, solo inhala<\/p>\n<h2 data-v-md-heading=\"why-collaborate-with-agoravape\" data-v-md-line=\"49\">Why collaborate with AgoraVape?<\/h2>\n<p data-v-md-line=\"50\">Ofrecemos \u00fanicamente productos 100 % genuinos y lo garantizamos con t\u00e9rminos y condiciones claros, m\u00e9todos de pago seguros y un servicio de atenci\u00f3n al cliente r\u00e1pido. Los clientes empresariales que adquieran 13\u00a0000 caladas de vaporizadores de malla recargables ATVS disfrutar\u00e1n de descuentos al por mayor, env\u00edo r\u00e1pido y un servicio de entrega DDP fiable. \u00bfDesea conocer el precio de venta al p\u00fablico o al por mayor? Cont\u00e1ctenos y le proporcionaremos informaci\u00f3n detallada r\u00e1pidamente.<\/p>\n<p data-v-md-line=\"52\">Comprende r\u00e1pidamente el n\u00famero de ciclos de succi\u00f3n. 13\u00a0000 veces es el valor m\u00e1ximo probado en laboratorio, y el valor real variar\u00e1 seg\u00fan la fuerza de succi\u00f3n o el sabor elegido. Esto es solo un par\u00e1metro fiable para la durabilidad del e-l\u00edquido, no una garant\u00eda para todos los usuarios.<\/p>","protected":false},"excerpt":{"rendered":"<p>&nbsp;<\/p>\n<p><script src=\"chrome-extension:\/\/fpelahbljekknahkcaegamhcndkfpfnc\/iFrame.js\" type=\"text\/javascript\"><\/script><\/p>","protected":false},"featured_media":12827,"comment_status":"open","ping_status":"closed","template":"","meta":[],"product_brand":[205],"product_cat":[124,185,132,176,174,175,193,191,173,186,180,190],"product_tag":[],"class_list":{"0":"post-12828","1":"product","2":"type-product","3":"status-publish","4":"has-post-thumbnail","6":"product_brand-atvs","7":"product_cat-vape-by-brand","8":"product_cat-10000-puffs-high-capacity","9":"product_cat-atvs","10":"product_cat-beverage","11":"product_cat-fruit-flavors","12":"product_cat-icy-mint","13":"product_cat-mesh-coil","14":"product_cat-rechargeable-disposables","15":"product_cat-vape-by-flavor-profile","16":"product_cat-vape-by-nicotine-strength","17":"product_cat-vape-by-puff-count","18":"product_cat-vape-by-feature-or-type","20":"first","21":"instock","22":"shipping-taxable","23":"purchasable","24":"product-type-variable","25":"has-default-attributes"},"tiered_pricing_type":"percentage","tiered_pricing_fixed_rules":[],"tiered_pricing_product_settings":{"layout":"default","base_unit_name":{"singular":null,"plural":null},"default_variation":null},"tiered_pricing_minimum_quantity":10,"tiered_pricing_roles_data":[],"tiered_pricing_percentage_rules":{"30":"29","50":"35","100":"40","200":"44","500":"47","1000":"49"},"tiered_pricing_maximum_quantity":null,"tiered_pricing_quantity_step":"10","_links":{"self":[{"href":"https:\/\/agoravape.com\/es\/wp-json\/wp\/v2\/product\/12828","targetHints":{"allow":["GET"]}}],"collection":[{"href":"https:\/\/agoravape.com\/es\/wp-json\/wp\/v2\/product"}],"about":[{"href":"https:\/\/agoravape.com\/es\/wp-json\/wp\/v2\/types\/product"}],"replies":[{"embeddable":true,"href":"https:\/\/agoravape.com\/es\/wp-json\/wp\/v2\/comments?post=12828"}],"version-history":[{"count":0,"href":"https:\/\/agoravape.com\/es\/wp-json\/wp\/v2\/product\/12828\/revisions"}],"wp:featuredmedia":[{"embeddable":true,"href":"https:\/\/agoravape.com\/es\/wp-json\/wp\/v2\/media\/12827"}],"wp:attachment":[{"href":"https:\/\/agoravape.com\/es\/wp-json\/wp\/v2\/media?parent=12828"}],"wp:term":[{"taxonomy":"product_brand","embeddable":true,"href":"https:\/\/agoravape.com\/es\/wp-json\/wp\/v2\/product_brand?post=12828"},{"taxonomy":"product_cat","embeddable":true,"href":"https:\/\/agoravape.com\/es\/wp-json\/wp\/v2\/product_cat?post=12828"},{"taxonomy":"product_tag","embeddable":true,"href":"https:\/\/agoravape.com\/es\/wp-json\/wp\/v2\/product_tag?post=12828"}],"curies":[{"name":"wp","href":"https:\/\/api.w.org\/{rel}","templated":true}]}}