{"id":12858,"date":"2025-10-10T15:33:58","date_gmt":"2025-10-10T07:33:58","guid":{"rendered":"https:\/\/green-grasshopper-921422.hostingersite.com\/?post_type=product&#038;p=12858"},"modified":"2026-01-13T00:44:51","modified_gmt":"2026-01-12T16:44:51","slug":"atvs-15000-puffs-vape-desechable","status":"publish","type":"product","link":"https:\/\/agoravape.com\/es\/product\/atvs-15000-puffs-disposable-vape\/","title":{"rendered":"Vape desechable ATVS de 15\u00a0000 caladas con resistencia de malla | Gran cantidad de caladas, sabor suave"},"content":{"rendered":"<h2 data-v-md-heading=\"what-are-the-special-features-of-atvs-15000-mesh-coil-disposable-vapes\" data-v-md-line=\"3\"><img loading=\"lazy\" decoding=\"async\" class=\"aligncenter size-full wp-image-12855\" src=\"https:\/\/agoravape.com\/wp-content\/uploads\/2025\/10\/ATVS-15000-Puffs-Mesh-Coil-Disposable-Vape_Agora_vape-1.webp\" alt=\"\" width=\"1000\" height=\"477\" srcset=\"https:\/\/agoravape.com\/wp-content\/uploads\/2025\/10\/ATVS-15000-Puffs-Mesh-Coil-Disposable-Vape_Agora_vape-1.webp 1000w, https:\/\/agoravape.com\/wp-content\/uploads\/2025\/10\/ATVS-15000-Puffs-Mesh-Coil-Disposable-Vape_Agora_vape-1-300x143.webp 300w, https:\/\/agoravape.com\/wp-content\/uploads\/2025\/10\/ATVS-15000-Puffs-Mesh-Coil-Disposable-Vape_Agora_vape-1-768x366.webp 768w\" sizes=\"auto, (max-width: 1000px) 100vw, 1000px\" \/><\/h2>\n<h2 data-v-md-heading=\"what-are-the-special-features-of-atvs-15000-mesh-coil-disposable-vapes\" data-v-md-line=\"3\">\u00bfCu\u00e1les son las caracter\u00edsticas especiales de los vaporizadores desechables con bobina de malla ATVS 15000?<\/h2>\n<p data-v-md-line=\"4\">Si est\u00e1s cansado de gastar vapes desechables cuando pruebas sabores por primera vez, entonces este producto lo cambiar\u00e1 todo. ATVS est\u00e1 equipado con bobinas de malla suave que pueden acomodar hasta 15000 bocanadas, lo que le permite mantener un sabor limpio y estable desde el primer bocado hasta el \u00faltimo.<\/p>\n<p data-v-md-line=\"6\">Es adecuado para cualquiera que desee durabilidad y no tenga que preocuparse por el funcionamiento. No necesita men\u00fa ni botones. Es un vape robusto y duradero con excelente sabor, f\u00e1cil de llevar. Usted puede pensar que un vape con una boca tan grande es voluminoso, pero este vape compacto puede caber f\u00e1cilmente en un bolsillo.<\/p>\n<h2 data-v-md-heading=\"excellent-performance-worry-free\" data-v-md-line=\"8\">Excellent performance, worry free<\/h2>\n<p data-v-md-line=\"9\">La bobina de malla es lo m\u00e1s destacado de este producto. Se calienta de manera uniforme, manteniendo el sabor distinto y consistente. Disfrute de un sorbo satisfactorio sin perder el aliento a mitad de camino. Dise\u00f1o de bater\u00eda integrada, duradera y f\u00e1cil de cargar, incluso si la bater\u00eda est\u00e1 baja. Un dispositivo, un cable de conexi\u00f3n, f\u00e1cil de manejar.<\/p>\n<h2 data-v-md-heading=\"specification-introduction\" data-v-md-line=\"11\">Specification Introduction<\/h2>\n<ul data-v-md-line=\"12\">\n<li>Suction frequency: up to 15000 times<\/li>\n<li>Contenido de nicotina: no especificado por el fabricante. P\u00f3ngase en contacto con nosotros para conocer las concentraciones de nicotina disponibles actualmente en su mercado.<\/li>\n<li>Principio de funcionamiento: dise\u00f1o desechable f\u00e1cil de usar, sin botones<\/li>\n<li>Carga: Se puede cargar a trav\u00e9s del puerto USB incorporado. El tipo de interfaz puede variar seg\u00fan el lote<\/li>\n<li>Capacidad de e-l\u00edquido: 15 mililitros<\/li>\n<li>Bobina: Malla, 0,9 \u03a9<\/li>\n<li>Bater\u00eda: 650 mAh (modelo de bater\u00eda 13450)<\/li>\n<li>Material: Carcasa de PC<\/li>\n<li>Tama\u00f1o: 48 \u00d7 24,5 \u00d7 90 mil\u00edmetros<\/li>\n<li>Peso neto: 95,5 gramos<\/li>\n<li>Status: Ready to use upon unboxing<\/li>\n<\/ul>\n<h2 data-v-md-heading=\"full-range-of-flavors\" data-v-md-line=\"24\">Gama completa de sabores<\/h2>\n<ul data-v-md-line=\"25\">\n<li>Helado de mango<\/li>\n<li>Pista de hielo azul<\/li>\n<li>Helado de fresa y sand\u00eda<\/li>\n<li>Hielo de mentol<\/li>\n<li>Watermelon Ice<\/li>\n<li>Helado de frutas mixtas<\/li>\n<li>Strawberry Ice<\/li>\n<li>Grape Ice<\/li>\n<li>Hielo de granada<\/li>\n<li>Peach Ice<\/li>\n<li>Coca Cola Ice<\/li>\n<\/ul>\n<h2 data-v-md-heading=\"for-you-and-for-your-business-as-well\" data-v-md-line=\"37\">For you, and for your business as well<\/h2>\n<p data-v-md-line=\"38\">Comprar para uno mismo es muy sencillo. Elija su sabor favorito y empiece a disfrutarlo. Si gestionas una tienda f\u00edsica o en l\u00ednea, puedes comprar cajas al por mayor de 10 por caja para mantener el inventario limpio y predecible.<\/p>\n<p data-v-md-line=\"40\">Proporcionamos servicios DDP fiables con impuestos pagados a trav\u00e9s de socios como UPS, DPD y DHL para transportar productos a diversas partes de Europa. Esto significa que puede hacer un seguimiento de la mercanc\u00eda y evitar accidentes aduaneros. El embalaje es herm\u00e9tico y nuestro equipo le ayudar\u00e1 a realizar los tr\u00e1mites pertinentes cuando sea necesario.<\/p>\n<h2 data-v-md-heading=\"why-do-you-like-it\" data-v-md-line=\"42\">Why do you like it<\/h2>\n<ul data-v-md-line=\"43\">\n<li>Gran capacidad de aspiraci\u00f3n: hasta 15.000 puertos, lo que significa menos sustituciones y mayor rentabilidad<\/li>\n<li>N\u00facleo atomizador de malla: sabor continuo y rico, sin e-l\u00edquido insuficiente<\/li>\n<li>Recargable: Una vez cargado completamente, se puede utilizar hasta la \u00faltima gota de e-l\u00edquido<\/li>\n<li>Port\u00e1til: compacto y robusto, con gran capacidad<\/li>\n<li>F\u00e1cil de usar: Sin botones, sin necesidad de ajustes, f\u00e1cil de manejar<\/li>\n<\/ul>\n<h2 data-v-md-heading=\"why-choose-to-collaborate-with-agoravape\" data-v-md-line=\"49\">Why choose to collaborate with AgoraVape?<\/h2>\n<p data-v-md-line=\"50\">S\u00f3lo compramos inventario ATVS 100% aut\u00e9ntico para proteger su reputaci\u00f3n y a sus clientes. Como uno de los distribuidores de vape de confianza en Europa, ofrecemos precios al por mayor con descuento, soporte receptivo y servicios de env\u00edo DDP r\u00e1pidos y fiables. Cumplimos las normativas locales y las normas de verificaci\u00f3n de edad (si es necesario). \u00bfEst\u00e1s listo para comprar el vapeador desechable con bobina de malla ATVS 15000? P\u00f3ngase en contacto con nosotros y organizaremos el precio, la selecci\u00f3n de sabores y la pr\u00f3xima fecha de env\u00edo para usted.<\/p>","protected":false},"excerpt":{"rendered":"<p>&nbsp;<\/p>\n<p><script src=\"chrome-extension:\/\/fpelahbljekknahkcaegamhcndkfpfnc\/iFrame.js\" type=\"text\/javascript\"><\/script><\/p>","protected":false},"featured_media":12856,"comment_status":"open","ping_status":"closed","template":"","meta":[],"product_brand":[205],"product_cat":[124,185,1635,132,176,177,174,175,193,191,173,186,180,190],"product_tag":[],"class_list":{"0":"post-12858","1":"product","2":"type-product","3":"status-publish","4":"has-post-thumbnail","6":"product_brand-atvs","7":"product_cat-vape-by-brand","8":"product_cat-10000-puffs-high-capacity","9":"product_cat-15000-puffs","10":"product_cat-atvs","11":"product_cat-beverage","12":"product_cat-dessert-sweets","13":"product_cat-fruit-flavors","14":"product_cat-icy-mint","15":"product_cat-mesh-coil","16":"product_cat-rechargeable-disposables","17":"product_cat-vape-by-flavor-profile","18":"product_cat-vape-by-nicotine-strength","19":"product_cat-vape-by-puff-count","20":"product_cat-vape-by-feature-or-type","22":"first","23":"instock","24":"shipping-taxable","25":"purchasable","26":"product-type-variable","27":"has-default-attributes"},"tiered_pricing_type":"percentage","tiered_pricing_fixed_rules":[],"tiered_pricing_product_settings":{"layout":"default","base_unit_name":{"singular":null,"plural":null},"default_variation":null},"tiered_pricing_minimum_quantity":10,"tiered_pricing_roles_data":[],"tiered_pricing_percentage_rules":{"30":"29","50":"35","100":"40","200":"44","500":"47","1000":"49"},"tiered_pricing_maximum_quantity":null,"tiered_pricing_quantity_step":"10","_links":{"self":[{"href":"https:\/\/agoravape.com\/es\/wp-json\/wp\/v2\/product\/12858","targetHints":{"allow":["GET"]}}],"collection":[{"href":"https:\/\/agoravape.com\/es\/wp-json\/wp\/v2\/product"}],"about":[{"href":"https:\/\/agoravape.com\/es\/wp-json\/wp\/v2\/types\/product"}],"replies":[{"embeddable":true,"href":"https:\/\/agoravape.com\/es\/wp-json\/wp\/v2\/comments?post=12858"}],"version-history":[{"count":0,"href":"https:\/\/agoravape.com\/es\/wp-json\/wp\/v2\/product\/12858\/revisions"}],"wp:featuredmedia":[{"embeddable":true,"href":"https:\/\/agoravape.com\/es\/wp-json\/wp\/v2\/media\/12856"}],"wp:attachment":[{"href":"https:\/\/agoravape.com\/es\/wp-json\/wp\/v2\/media?parent=12858"}],"wp:term":[{"taxonomy":"product_brand","embeddable":true,"href":"https:\/\/agoravape.com\/es\/wp-json\/wp\/v2\/product_brand?post=12858"},{"taxonomy":"product_cat","embeddable":true,"href":"https:\/\/agoravape.com\/es\/wp-json\/wp\/v2\/product_cat?post=12858"},{"taxonomy":"product_tag","embeddable":true,"href":"https:\/\/agoravape.com\/es\/wp-json\/wp\/v2\/product_tag?post=12858"}],"curies":[{"name":"wp","href":"https:\/\/api.w.org\/{rel}","templated":true}]}}