{"id":12906,"date":"2025-10-10T15:53:16","date_gmt":"2025-10-10T07:53:16","guid":{"rendered":"https:\/\/green-grasshopper-921422.hostingersite.com\/?post_type=product&#038;p=12906"},"modified":"2025-12-15T21:31:14","modified_gmt":"2025-12-15T13:31:14","slug":"atvs-25000-puffs-vape-de-alta-potencia","status":"publish","type":"product","link":"https:\/\/agoravape.com\/es\/product\/atvs-25000-puffs-high-power-vape\/","title":{"rendered":"ATVS 25000 Puffs - Vape de alta potencia con doble malla | Gran capacidad, sabor consistente"},"content":{"rendered":"<h2 data-v-md-heading=\"what-about-atvs-25000-dual-network-high-power-vapes\" data-v-md-line=\"3\">\u00bfQu\u00e9 pasa con los vaporizadores de alta potencia de red dual ATVS 25000?<\/h2>\n<p data-v-md-line=\"4\">Si est\u00e1s cansado de los vaporizadores desechables que se estropean en pocos d\u00edas, te recomendamos este producto. El ATVS 25000 est\u00e1 dise\u00f1ado para una carga prolongada y un sabor consistente. Es ideal para quienes buscan un vaporizador fiable, de alta capacidad y sin complicaciones.<\/p>\n<p data-v-md-line=\"6\">Quiz\u00e1s pienses que los vaporizadores con tanta capacidad son voluminosos, pero su portabilidad te sorprende enormemente. Su superficie lisa y dise\u00f1o c\u00f3modo lo hacen muy c\u00f3modo de sostener y f\u00e1cil de transportar.<\/p>\n<h2 data-v-md-heading=\"excellent-performance-worry-free\" data-v-md-line=\"8\">Excellent performance, worry free<\/h2>\n<p data-v-md-line=\"9\">Las resistencias de malla doble integradas mantienen la limpieza con cada succi\u00f3n; aun as\u00ed, el sabor de cada bocado es tan delicioso como el primero. La bater\u00eda es recargable, as\u00ed que no desperdiciar\u00e1s ni una gota de e-l\u00edquido. Cuando la bater\u00eda est\u00e9 baja, puedes usar el cable de datos tipo C que hayas usado en tu tel\u00e9fono para recargarla. No necesitas cargadores especiales: es f\u00e1cil y pr\u00e1ctico.<\/p>\n<h2 data-v-md-heading=\"specification-introduction\" data-v-md-line=\"11\">Specification Introduction<\/h2>\n<ul data-v-md-line=\"12\">\n<li>Frecuencia de succi\u00f3n: hasta 23000 veces<\/li>\n<li>Capacidad de e-l\u00edquido: 20 mililitros<\/li>\n<li>Bater\u00eda: bater\u00eda recargable de 1000 mAh<\/li>\n<li>Bobina: Estructura de doble malla, resistencia 0,4\/0,8 ohmios<\/li>\n<li>Tama\u00f1o: 52 \u00d7 26 \u00d7 99 mil\u00edmetros<\/li>\n<li>Principio de funcionamiento: activaci\u00f3n por succi\u00f3n, simplemente inhalar.<\/li>\n<li>Charging: Type-C USB port<\/li>\n<li>Contenido de nicotina: El suministro var\u00eda seg\u00fan la regi\u00f3n. En la Uni\u00f3n Europea, seg\u00fan las regulaciones TPD\/TRRP, estos vapeadores desechables de alta capacidad no suelen contener nicotina (0 miligramos). Cont\u00e1ctanos para conocer las opciones actuales y las normas de cumplimiento.<\/li>\n<li>Status: Ready to use out of the box<\/li>\n<\/ul>\n<h2 data-v-md-heading=\"full-flavor-series\" data-v-md-line=\"22\">Full flavor series<\/h2>\n<ul data-v-md-line=\"23\">\n<li>Helado de mango<\/li>\n<li>Pista de hielo azul<\/li>\n<li>Hielo de pi\u00f1a<\/li>\n<li>Hielo de mentol<\/li>\n<li>Watermelon Ice<\/li>\n<li>Helado de frutas mixtas<\/li>\n<li>Strawberry Ice<\/li>\n<li>Grape Ice<\/li>\n<li>Hielo de granada<\/li>\n<li>Peach Ice<\/li>\n<li>Coca Cola Ice<\/li>\n<li>Doble helado de manzana<\/li>\n<li>Hielo de lichi<\/li>\n<li>Hielo de pl\u00e1tano y naranja<\/li>\n<li>Hielo de naranja<\/li>\n<\/ul>\n<h2 data-v-md-heading=\"for-you-for-your-business\" data-v-md-line=\"39\">For you, for your business<\/h2>\n<p data-v-md-line=\"40\">Puede comprar los vaporizadores ATVS 25000 de alta potencia de doble red por separado o almacenarlos en su tienda. El embalaje al por mayor incluye 10 unidades por caja y 200 unidades por caja exterior, con un peso bruto aproximado de 22 kilogramos por caja. Realizamos env\u00edos dentro de Europa mediante DDP con socios de confianza como UPS, DPD y DHL, por lo que los aranceles aduaneros ya est\u00e1n gestionados y no habr\u00e1 incidentes inesperados.<\/p>\n<p data-v-md-line=\"42\">Si necesita un suministro continuo, le ayudaremos a planificar la capacidad y el sabor que mejor se adapten a su clientela. Nuestros precios transparentes y env\u00edos r\u00e1pidos garantizan una buena venta en sus estanter\u00edas.<\/p>\n<h2 data-v-md-heading=\"why-do-you-like-it\" data-v-md-line=\"44\">Why do you like it<\/h2>\n<ul data-v-md-line=\"45\">\n<li>Gran capacidad: duradero y de larga duraci\u00f3n, sin necesidad de compras frecuentes.<\/li>\n<li>Selecci\u00f3n de nicotina: Las opciones dependen de las tendencias del mercado y usted puede elegir la nicotina que se adapte a su regi\u00f3n y preferencias.<\/li>\n<li>Recargable: Puedes utilizar todos los e-l\u00edquidos adquiridos<\/li>\n<li>N\u00facleo atomizador de malla: puede brindar un sabor consistente y rico en todo momento.<\/li>\n<\/ul>\n<h2 data-v-md-heading=\"why-collaborate-with-agoravape\" data-v-md-line=\"50\">Why collaborate with AgoraVape?<\/h2>\n<p data-v-md-line=\"51\">Solo vendemos productos 100 % originales de canales confiables. Para clientes comerciales, esto significa que los vaporizadores ATVS 25000 de doble malla de alta potencia ofrecen precios de mayorista con descuento, soporte confiable y transporte r\u00e1pido y seguro dentro de Europa. Si desea comprar un vaporizador desechable de gran capacidad, sus clientes sin duda volver\u00e1n. Cont\u00e1ctenos.<\/p>\n<p data-v-md-line=\"53\">Explicaci\u00f3n sobre el cumplimiento de la UE: La TPD\/TRRP de la UE limita la cantidad de nicotina en l\u00edquidos desechables para vapear a 2 mililitros. Por lo tanto, la versi\u00f3n con nicotina de los l\u00edquidos para vapear de alta capacidad no cumple con la normativa en la mayor\u00eda de los mercados de la UE. Muchos minoristas ofrecen versiones sin nicotina. Si tiene alguna duda, consulte con nuestro equipo y le recomendaremos opciones adecuadas para su pa\u00eds o regi\u00f3n.<\/p>","protected":false},"excerpt":{"rendered":"<p>&nbsp;<\/p>\n<p><script src=\"chrome-extension:\/\/fpelahbljekknahkcaegamhcndkfpfnc\/iFrame.js\" type=\"text\/javascript\"><\/script><\/p>","protected":false},"featured_media":12926,"comment_status":"open","ping_status":"closed","template":"","meta":[],"product_brand":[205],"product_cat":[124,185,132,176,174,175,193,191,173,186,180,190],"product_tag":[],"class_list":{"0":"post-12906","1":"product","2":"type-product","3":"status-publish","4":"has-post-thumbnail","6":"product_brand-atvs","7":"product_cat-vape-by-brand","8":"product_cat-10000-puffs-high-capacity","9":"product_cat-atvs","10":"product_cat-beverage","11":"product_cat-fruit-flavors","12":"product_cat-icy-mint","13":"product_cat-mesh-coil","14":"product_cat-rechargeable-disposables","15":"product_cat-vape-by-flavor-profile","16":"product_cat-vape-by-nicotine-strength","17":"product_cat-vape-by-puff-count","18":"product_cat-vape-by-feature-or-type","20":"first","21":"instock","22":"shipping-taxable","23":"purchasable","24":"product-type-variable","25":"has-default-attributes"},"tiered_pricing_type":"percentage","tiered_pricing_fixed_rules":[],"tiered_pricing_product_settings":{"layout":"default","base_unit_name":{"singular":null,"plural":null},"default_variation":null},"tiered_pricing_minimum_quantity":10,"tiered_pricing_roles_data":[],"tiered_pricing_percentage_rules":{"30":"29","50":"35","100":"40","200":"44","500":"47","1000":"49"},"tiered_pricing_maximum_quantity":null,"tiered_pricing_quantity_step":"10","_links":{"self":[{"href":"https:\/\/agoravape.com\/es\/wp-json\/wp\/v2\/product\/12906","targetHints":{"allow":["GET"]}}],"collection":[{"href":"https:\/\/agoravape.com\/es\/wp-json\/wp\/v2\/product"}],"about":[{"href":"https:\/\/agoravape.com\/es\/wp-json\/wp\/v2\/types\/product"}],"replies":[{"embeddable":true,"href":"https:\/\/agoravape.com\/es\/wp-json\/wp\/v2\/comments?post=12906"}],"version-history":[{"count":0,"href":"https:\/\/agoravape.com\/es\/wp-json\/wp\/v2\/product\/12906\/revisions"}],"wp:featuredmedia":[{"embeddable":true,"href":"https:\/\/agoravape.com\/es\/wp-json\/wp\/v2\/media\/12926"}],"wp:attachment":[{"href":"https:\/\/agoravape.com\/es\/wp-json\/wp\/v2\/media?parent=12906"}],"wp:term":[{"taxonomy":"product_brand","embeddable":true,"href":"https:\/\/agoravape.com\/es\/wp-json\/wp\/v2\/product_brand?post=12906"},{"taxonomy":"product_cat","embeddable":true,"href":"https:\/\/agoravape.com\/es\/wp-json\/wp\/v2\/product_cat?post=12906"},{"taxonomy":"product_tag","embeddable":true,"href":"https:\/\/agoravape.com\/es\/wp-json\/wp\/v2\/product_tag?post=12906"}],"curies":[{"name":"wp","href":"https:\/\/api.w.org\/{rel}","templated":true}]}}