{"id":13100,"date":"2025-10-10T20:32:14","date_gmt":"2025-10-10T12:32:14","guid":{"rendered":"https:\/\/green-grasshopper-921422.hostingersite.com\/?post_type=product&#038;p=13100"},"modified":"2026-03-26T13:22:23","modified_gmt":"2026-03-26T12:22:23","slug":"waspe-digital-box-12000-puffs-lcd-vape","status":"publish","type":"product","link":"https:\/\/agoravape.com\/es\/product\/waspe-digital-box-12000-puffs-lcd-vape\/","title":{"rendered":"Waspe Digital Box - Vapeador con pantalla LCD (12\u00a0000 caladas) | Sabor duradero, f\u00e1cil de usar"},"content":{"rendered":"<h2 data-v-md-heading=\"what-are-the-advantages-of-waspe-digital-box-12000-lcd-screen-vapes\" data-v-md-line=\"3\">\u00bfCu\u00e1les son las ventajas de los vaporizadores con pantalla LCD Waspe Digital Box 12000?<\/h2>\n<p data-v-md-line=\"4\">Si est\u00e1s cansado de los vapeadores desechables que se agotan al principio, este producto te facilitar\u00e1 mucho la semana. El Waspe Digital Box cuenta con una bater\u00eda recargable con capacidad para hasta 12\u00a0000 caladas, lo que te permite usar 20 mililitros de e-l\u00edquido.<\/p>\n<p data-v-md-line=\"6\">Est\u00e1 dise\u00f1ado para quienes desean disfrutar de vapeos confiables, deliciosos y sin esfuerzo. Solo da una calada para activarlo. La pantalla LCD te permite ver la situaci\u00f3n de un vistazo, sin necesidad de preocuparte por la carga.<\/p>\n<h2 data-v-md-heading=\"excellent-performance-easy-and-convenient\" data-v-md-line=\"8\">Excellent performance, easy and convenient<\/h2>\n<p data-v-md-line=\"9\">La bobina de malla es la base de este dispositivo. Por eso, cada bocado es tan delicioso como el primer bocado. Cuando la bater\u00eda est\u00e9 baja, puedes usar el cable de datos tipo C que probablemente ya tengas en tu tel\u00e9fono para conectarlo. La pantalla mostrar\u00e1 r\u00e1pidamente las actualizaciones de estado, lo que te permitir\u00e1 controlarlo todo sin preocuparte por la configuraci\u00f3n.<\/p>\n<h2 data-v-md-heading=\"specification-introduction\" data-v-md-line=\"11\">Specification Introduction<\/h2>\n<ul data-v-md-line=\"12\">\n<li>Frecuencia de succi\u00f3n: hasta 12000 veces<\/li>\n<li>Nicotine content: 0%, 2%, 3%, 5%<\/li>\n<li>Working principle: Activate with just one puff<\/li>\n<li>M\u00e9todo de carga: Interfaz USB tipo C est\u00e1ndar<\/li>\n<li>Status: Ready to use out of the box<\/li>\n<li>Capacidad de e-l\u00edquido: 20 mililitros<\/li>\n<li>Battery: 650mAh rechargeable battery<\/li>\n<li>N\u00facleo atomizador: malla, 0,8 \u03a9<\/li>\n<li>Pantalla de visualizaci\u00f3n: Pantalla LCD<\/li>\n<\/ul>\n<h2 data-v-md-heading=\"full-range-of-flavors\" data-v-md-line=\"22\">Gama completa de sabores<\/h2>\n<ul data-v-md-line=\"23\">\n<li>Watermelon Ice<\/li>\n<li>Pista de hielo azul<\/li>\n<li>Grape Ice<\/li>\n<li>Sand\u00eda fresa<\/li>\n<li>Mixed berries<\/li>\n<li>Donas de fresa<\/li>\n<li>Blueberries and raspberries<\/li>\n<li>Fresa, frambuesa, cereza<\/li>\n<li>Sand\u00eda, Mango, Melocot\u00f3n<\/li>\n<li>Jugo de pera al vino tinto<\/li>\n<\/ul>\n<h2 data-v-md-heading=\"to-create-for-you-and-your-business\" data-v-md-line=\"34\">Para crear para usted y su negocio<\/h2>\n<p data-v-md-line=\"35\">\u00a1Hoy te elegir\u00e9 uno! Si tienes una tienda, puedes vender al por mayor cajas de 10 unidades y cajas exteriores de 200 unidades. Cada caja tiene un peso bruto de 18,5 kilogramos y unas dimensiones de 690 \u00d7 313 \u00d7 220 mil\u00edmetros.<\/p>\n<p data-v-md-line=\"37\">Trabajamos con socios de confianza como UPS, DPD y DHL para ofrecer servicios completos de env\u00edo DDP a Europa, garantizando as\u00ed que no tendr\u00e1 ning\u00fan problema en la aduana. El documento es claro. Entrega r\u00e1pida. Desde el pago hasta la entrega a domicilio, todas las operaciones son claras a simple vista.<\/p>\n<h2 data-v-md-heading=\"why-do-you-like-it\" data-v-md-line=\"39\">Why do you like it<\/h2>\n<ul data-v-md-line=\"40\">\n<li>M\u00faltiples bocanadas: duradero y de larga duraci\u00f3n, sin necesidad de comprar cigarrillos nuevos con frecuencia.<\/li>\n<li>Selecci\u00f3n de concentraci\u00f3n de nicotina: elige la concentraci\u00f3n adecuada para tu d\u00eda.<\/li>\n<li>Recargable: Te quedar\u00e1s sin e-l\u00edquido cada vez que lo compres.<\/li>\n<li>N\u00facleo atomizador de malla: desde el primer bocado hasta el \u00faltimo bocado, el sabor se mantiene constante.<\/li>\n<li>Pantalla LCD: el estado es claro de un vistazo, todo est\u00e1 bajo control.<\/li>\n<\/ul>\n<h2 data-v-md-heading=\"why-choose-to-collaborate-with-agoravape\" data-v-md-line=\"46\">Why choose to collaborate with AgoraVape?<\/h2>\n<p data-v-md-line=\"47\">Solo vendemos productos 100% genuinos y no tenemos ninguna duda al respecto. Los clientes empresariales que compren el vaporizador Waspe Digital Box 12000 con pantalla LCD disfrutar\u00e1n de precios al por mayor con descuento, atenci\u00f3n al cliente amable y servicios de entrega r\u00e1pidos y confiables. \u00bfDesea verificar la autenticidad o realizar pedidos al por mayor? Cont\u00e1ctenos y gestionaremos el inventario para garantizar una alta tasa de devoluci\u00f3n.<\/p>","protected":false},"excerpt":{"rendered":"<p>\u00bfCu\u00e1les son las ventajas de los vapeadores Waspe Digital Box 12000 con pantalla LCD? Si est\u00e1 cansado de los vapeadores desechables que<\/p>","protected":false},"featured_media":13116,"comment_status":"open","ping_status":"closed","template":"","meta":[],"product_brand":[206],"product_cat":[124,187,185,1634,189,174,175,193,191,179,173,186,180,190,192,133],"product_tag":[],"class_list":{"0":"post-13100","1":"product","2":"type-product","3":"status-publish","4":"has-post-thumbnail","6":"product_brand-waspe","7":"product_cat-vape-by-brand","8":"product_cat-0mg-nicotine-free-vapes","9":"product_cat-10000-puffs-high-capacity","10":"product_cat-12000-puffs","11":"product_cat-20mg-standard-nicotine-vapes","12":"product_cat-fruit-flavors","13":"product_cat-icy-mint","14":"product_cat-mesh-coil","15":"product_cat-rechargeable-disposables","16":"product_cat-unique-blends","17":"product_cat-vape-by-flavor-profile","18":"product_cat-vape-by-nicotine-strength","19":"product_cat-vape-by-puff-count","20":"product_cat-vape-by-feature-or-type","21":"product_cat-vapes-with-screens","22":"product_cat-waspe","24":"first","25":"onbackorder","26":"shipping-taxable","27":"purchasable","28":"product-type-variable","29":"has-default-attributes"},"tiered_pricing_type":"percentage","tiered_pricing_fixed_rules":[],"tiered_pricing_product_settings":{"layout":"default","base_unit_name":{"singular":null,"plural":null},"default_variation":null},"tiered_pricing_minimum_quantity":10,"tiered_pricing_roles_data":[],"tiered_pricing_percentage_rules":{"50":"35","100":"40","200":"44","500":"47","1000":"49"},"tiered_pricing_maximum_quantity":null,"tiered_pricing_quantity_step":"10","_links":{"self":[{"href":"https:\/\/agoravape.com\/es\/wp-json\/wp\/v2\/product\/13100","targetHints":{"allow":["GET"]}}],"collection":[{"href":"https:\/\/agoravape.com\/es\/wp-json\/wp\/v2\/product"}],"about":[{"href":"https:\/\/agoravape.com\/es\/wp-json\/wp\/v2\/types\/product"}],"replies":[{"embeddable":true,"href":"https:\/\/agoravape.com\/es\/wp-json\/wp\/v2\/comments?post=13100"}],"version-history":[{"count":0,"href":"https:\/\/agoravape.com\/es\/wp-json\/wp\/v2\/product\/13100\/revisions"}],"wp:featuredmedia":[{"embeddable":true,"href":"https:\/\/agoravape.com\/es\/wp-json\/wp\/v2\/media\/13116"}],"wp:attachment":[{"href":"https:\/\/agoravape.com\/es\/wp-json\/wp\/v2\/media?parent=13100"}],"wp:term":[{"taxonomy":"product_brand","embeddable":true,"href":"https:\/\/agoravape.com\/es\/wp-json\/wp\/v2\/product_brand?post=13100"},{"taxonomy":"product_cat","embeddable":true,"href":"https:\/\/agoravape.com\/es\/wp-json\/wp\/v2\/product_cat?post=13100"},{"taxonomy":"product_tag","embeddable":true,"href":"https:\/\/agoravape.com\/es\/wp-json\/wp\/v2\/product_tag?post=13100"}],"curies":[{"name":"wp","href":"https:\/\/api.w.org\/{rel}","templated":true}]}}