{"id":13280,"date":"2025-10-11T13:19:38","date_gmt":"2025-10-11T05:19:38","guid":{"rendered":"https:\/\/green-grasshopper-921422.hostingersite.com\/?post_type=product&#038;p=13280"},"modified":"2026-01-13T01:12:14","modified_gmt":"2026-01-12T17:12:14","slug":"sfog-vopk-tripe-60k-puffs-3-en-1-vape","status":"publish","type":"product","link":"https:\/\/agoravape.com\/es\/product\/sfog-vopk-tripe-60k-puffs-3-in-1-vape\/","title":{"rendered":"SFOG VOPK Tripe 60K Puffs 3-in-1 Flavor Vape | Triple Flavours, Easy Switching, Long-Lasting Use"},"content":{"rendered":"<h2 data-v-md-heading=\"what-is-the-charm-of-using-sfog-vopk-tripe-60k-three-in-one-vape\" data-v-md-line=\"3\"><img loading=\"lazy\" decoding=\"async\" class=\"aligncenter size-full wp-image-13304\" src=\"https:\/\/agoravape.com\/wp-content\/uploads\/2025\/10\/SFOG-VOPK-Tripe-60K-Puffs-3-in-1-Flavor-Vape_Agora_vape-11-scaled.webp\" alt=\"\" width=\"2560\" height=\"1707\" srcset=\"https:\/\/agoravape.com\/wp-content\/uploads\/2025\/10\/SFOG-VOPK-Tripe-60K-Puffs-3-in-1-Flavor-Vape_Agora_vape-11-scaled.webp 2560w, https:\/\/agoravape.com\/wp-content\/uploads\/2025\/10\/SFOG-VOPK-Tripe-60K-Puffs-3-in-1-Flavor-Vape_Agora_vape-11-scaled-1200x800.webp 1200w, https:\/\/agoravape.com\/wp-content\/uploads\/2025\/10\/SFOG-VOPK-Tripe-60K-Puffs-3-in-1-Flavor-Vape_Agora_vape-11-300x200.webp 300w, https:\/\/agoravape.com\/wp-content\/uploads\/2025\/10\/SFOG-VOPK-Tripe-60K-Puffs-3-in-1-Flavor-Vape_Agora_vape-11-1024x683.webp 1024w, https:\/\/agoravape.com\/wp-content\/uploads\/2025\/10\/SFOG-VOPK-Tripe-60K-Puffs-3-in-1-Flavor-Vape_Agora_vape-11-768x512.webp 768w, https:\/\/agoravape.com\/wp-content\/uploads\/2025\/10\/SFOG-VOPK-Tripe-60K-Puffs-3-in-1-Flavor-Vape_Agora_vape-11-1536x1024.webp 1536w, https:\/\/agoravape.com\/wp-content\/uploads\/2025\/10\/SFOG-VOPK-Tripe-60K-Puffs-3-in-1-Flavor-Vape_Agora_vape-11-2048x1365.webp 2048w\" sizes=\"auto, (max-width: 2560px) 100vw, 2560px\" \/><\/h2>\n<h2 data-v-md-heading=\"what-is-the-charm-of-using-sfog-vopk-tripe-60k-three-in-one-vape\" data-v-md-line=\"3\">\u00bfCu\u00e1l es el encanto de utilizar el vaporizador tres en uno SFOG VOPK Tripe 60K?<\/h2>\n<p data-v-md-line=\"4\">Si est\u00e1s cansado de los vapeadores desechables, se agotan r\u00e1pidamente o te aburres despu\u00e9s de un d\u00eda de uso, este producto lo cambiar\u00e1 todo. El SFOG VOPK Tripe tiene capacidad para hasta 60\u00a0000 caladas en un solo dispositivo y ofrece tres sabores diferentes. Puedes cambiar de sabor en cualquier momento sin cambiar cartuchos ni llevar cartuchos de repuesto.<\/p>\n<p data-v-md-line=\"6\">Si buscas un vapeo confiable, delicioso y sin preocupaciones, Tripe es la opci\u00f3n ideal. Ya seas quien viaja al trabajo, entusiasta de festivales de m\u00fasica o quien trabaja en turnos nocturnos, cualquiera que busque una bater\u00eda de larga duraci\u00f3n, facilidad de uso y una variedad de opciones en su bolsillo puede elegirlo. Quiz\u00e1s pienses que un dispositivo de 60.000 bocados es complicado, pero Tripe lo hace f\u00e1cil y pr\u00e1ctico al levantar y girar r\u00e1pidamente el interruptor de sabor.<\/p>\n<h2 data-v-md-heading=\"excellent-performance-easy-and-convenient\" data-v-md-line=\"8\">Excellent performance, easy and convenient<\/h2>\n<p data-v-md-line=\"9\">Se utilizan tres resistencias de malla de 0,9 \u03a9 junto con un atomizador independiente para mantener la pureza y la potencia de cada sabor. Esta estructura de malla hace que cada inhalaci\u00f3n sea tan deliciosa como la primera. La pantalla dual muestra el nivel de bater\u00eda y la cantidad de e-l\u00edquido de cada sabor, lo que te permite saber el nivel actual de la bater\u00eda en cualquier momento. Cuando la bater\u00eda est\u00e9 baja, puedes usar el cable de datos tipo C est\u00e1ndar que ya tengas para cargarlo. Es muy sencillo.<\/p>\n<h2 data-v-md-heading=\"specification-overview\" data-v-md-line=\"11\">Specification Overview<\/h2>\n<ul data-v-md-line=\"12\">\n<li>Frecuencia de succi\u00f3n: hasta 60000 veces<\/li>\n<li>Nicotina: Las opciones var\u00edan seg\u00fan la regi\u00f3n; verifique las concentraciones disponibles al momento de pagar o consulte a nuestro equipo.<\/li>\n<li>Working principle: Activated by inhalation<\/li>\n<li>Charging: Standard Type-C USB interface<\/li>\n<li>Status: Ready to use out of the box<\/li>\n<\/ul>\n<p data-v-md-line=\"18\">Otros detalles:<\/p>\n<ul data-v-md-line=\"19\">\n<li>Capacidad de e-l\u00edquido: 54 mililitros en total<\/li>\n<li>Bater\u00eda: bater\u00eda recargable de 650 mAh<\/li>\n<li>Bobina: 0,9 \u03a9 \u00d7 3 bobinas de malla<\/li>\n<li>Cambio de sabor: Levante y gire el selector<\/li>\n<li>Pantalla de visualizaci\u00f3n: visualizaci\u00f3n en pantalla dual del nivel de bater\u00eda y del nivel del tanque de combustible independiente<\/li>\n<\/ul>\n<h2 data-v-md-heading=\"full-range-of-flavors\" data-v-md-line=\"25\">Gama completa de sabores<\/h2>\n<p data-v-md-line=\"26\">Cada opci\u00f3n contiene tres sabores:<\/p>\n<ul data-v-md-line=\"27\">\n<li>Helado de sand\u00eda\/Helado de triple mel\u00f3n\/Helado de fresa<\/li>\n<li>Fresa Pl\u00e1tano\/Frambuesa Sand\u00eda\/Pi\u00f1a Coco<\/li>\n<li>Melocot\u00f3n Baya\/Ar\u00e1ndano Hielo\/Sand\u00eda Melocot\u00f3n Mango<\/li>\n<li>Hielo de pi\u00f1a \u00e1cida\/fresa Red Bull\/grosella negra<\/li>\n<li>Kiwi Maracuy\u00e1\/Fresa Cereza\/Amor 66<\/li>\n<li>Doble helado de manzana\/fruta tropical\/chicle de fresa y sand\u00eda<\/li>\n<li>Red Bull de uva helada, fresa, kiwi y sand\u00eda<\/li>\n<li>Fresa sand\u00eda\/ar\u00e1ndano frambuesa\/lim\u00f3n lima<\/li>\n<li>Pl\u00e1tano Pi\u00f1a\/Red Bull Hielo\/Fresa Mango<\/li>\n<li>Gomitas de osito de peluche\/cola de vainilla y fresa\/malvaviscos de ar\u00e1ndanos<\/li>\n<\/ul>\n<h2 data-v-md-heading=\"for-you-and-for-your-business-as-well\" data-v-md-line=\"38\">For you, and for your business as well<\/h2>\n<p data-v-md-line=\"39\">Puedes comprar un art\u00edculo por separado para uso personal o almacenarlo en tu tienda. Cada caja mayorista contiene 10 unidades. Cada caja contiene 160 unidades, con un peso bruto de 21 kilogramos y unas dimensiones de 508 \u00d7 413 \u00d7 273 mil\u00edmetros. Esto facilita la planificaci\u00f3n del espacio en los estantes y el transporte.<\/p>\n<p data-v-md-line=\"41\">Ofrecemos servicios DDP despu\u00e9s del pago de impuestos a trav\u00e9s de socios de confianza como UPS, DPD y DHL, y realizamos env\u00edos a toda Europa. Disfrute de una entrega r\u00e1pida y evite problemas aduaneros.<\/p>\n<h2 data-v-md-heading=\"why-do-you-like-it\" data-v-md-line=\"43\">Why do you like it<\/h2>\n<ul data-v-md-line=\"44\">\n<li>Capacidad ultra grande: hasta 60 000 de capacidad significa menos tiempos de recarga y menos visitas a la tienda.<\/li>\n<li>Tres sabores para cambiar libremente: puedes cambiar de sabor en cuesti\u00f3n de segundos, por lo que no sentir\u00e1s fatiga gustativa.<\/li>\n<li>C\u00f3modo dise\u00f1o recargable: la carga tipo C le permite terminar cada gota de e-l\u00edquido.<\/li>\n<li>La consistencia de la bobina de malla: desde el primer bocado hasta el \u00faltimo bocado, puede brindar una succi\u00f3n suave y un sabor estable.<\/li>\n<\/ul>\n<h2 data-v-md-heading=\"why-choose-agoravape\" data-v-md-line=\"49\">\u00bfPor qu\u00e9 elegir AgoraVape?<\/h2>\n<p data-v-md-line=\"50\">Compramos productos 100 % genuinos y ofrecemos garant\u00eda. Quienes adquieran los vaporizadores SFOG VOPK Tripe 60K de capacidad tres en uno disfrutar\u00e1n de precios al por mayor con descuento, un servicio de atenci\u00f3n al cliente atento y entregas r\u00e1pidas y fiables en la UE. Cont\u00e1ctenos para descubrir c\u00f3mo crear un dispositivo que valga la pena recomprar para sus clientes.<\/p>","protected":false},"excerpt":{"rendered":"<p>&nbsp;<\/p>\n<p><script src=\"chrome-extension:\/\/fpelahbljekknahkcaegamhcndkfpfnc\/iFrame.js\" type=\"text\/javascript\"><\/script><\/p>\n<p><script src=\"chrome-extension:\/\/fpelahbljekknahkcaegamhcndkfpfnc\/iFrame.js\" type=\"text\/javascript\"><\/script><\/p>\n<p><script src=\"chrome-extension:\/\/fpelahbljekknahkcaegamhcndkfpfnc\/iFrame.js\" type=\"text\/javascript\"><\/script><\/p>\n<p><script src=\"chrome-extension:\/\/fpelahbljekknahkcaegamhcndkfpfnc\/iFrame.js\" type=\"text\/javascript\"><\/script><\/p>","protected":false},"featured_media":13294,"comment_status":"open","ping_status":"closed","template":"","meta":[],"product_brand":[208],"product_cat":[124,185,189,1642,176,177,195,174,175,193,191,135,173,186,180,190,192],"product_tag":[],"class_list":{"0":"post-13280","1":"product","2":"type-product","3":"status-publish","4":"has-post-thumbnail","6":"product_brand-sfog","7":"product_cat-vape-by-brand","8":"product_cat-10000-puffs-high-capacity","9":"product_cat-20mg-standard-nicotine-vapes","10":"product_cat-60000-puffs","11":"product_cat-beverage","12":"product_cat-dessert-sweets","13":"product_cat-dual-flavor-switch","14":"product_cat-fruit-flavors","15":"product_cat-icy-mint","16":"product_cat-mesh-coil","17":"product_cat-rechargeable-disposables","18":"product_cat-sfog","19":"product_cat-vape-by-flavor-profile","20":"product_cat-vape-by-nicotine-strength","21":"product_cat-vape-by-puff-count","22":"product_cat-vape-by-feature-or-type","23":"product_cat-vapes-with-screens","25":"first","26":"instock","27":"shipping-taxable","28":"purchasable","29":"product-type-variable","30":"has-default-attributes"},"tiered_pricing_type":"percentage","tiered_pricing_fixed_rules":[],"tiered_pricing_product_settings":{"layout":"default","base_unit_name":{"singular":null,"plural":null},"default_variation":null},"tiered_pricing_minimum_quantity":10,"tiered_pricing_roles_data":[],"tiered_pricing_percentage_rules":{"30":"29","50":"35","100":"40","200":"44","500":"47","1000":"49"},"tiered_pricing_maximum_quantity":null,"tiered_pricing_quantity_step":"10","_links":{"self":[{"href":"https:\/\/agoravape.com\/es\/wp-json\/wp\/v2\/product\/13280","targetHints":{"allow":["GET"]}}],"collection":[{"href":"https:\/\/agoravape.com\/es\/wp-json\/wp\/v2\/product"}],"about":[{"href":"https:\/\/agoravape.com\/es\/wp-json\/wp\/v2\/types\/product"}],"replies":[{"embeddable":true,"href":"https:\/\/agoravape.com\/es\/wp-json\/wp\/v2\/comments?post=13280"}],"version-history":[{"count":0,"href":"https:\/\/agoravape.com\/es\/wp-json\/wp\/v2\/product\/13280\/revisions"}],"wp:featuredmedia":[{"embeddable":true,"href":"https:\/\/agoravape.com\/es\/wp-json\/wp\/v2\/media\/13294"}],"wp:attachment":[{"href":"https:\/\/agoravape.com\/es\/wp-json\/wp\/v2\/media?parent=13280"}],"wp:term":[{"taxonomy":"product_brand","embeddable":true,"href":"https:\/\/agoravape.com\/es\/wp-json\/wp\/v2\/product_brand?post=13280"},{"taxonomy":"product_cat","embeddable":true,"href":"https:\/\/agoravape.com\/es\/wp-json\/wp\/v2\/product_cat?post=13280"},{"taxonomy":"product_tag","embeddable":true,"href":"https:\/\/agoravape.com\/es\/wp-json\/wp\/v2\/product_tag?post=13280"}],"curies":[{"name":"wp","href":"https:\/\/api.w.org\/{rel}","templated":true}]}}