{"id":13317,"date":"2025-10-11T14:46:10","date_gmt":"2025-10-11T06:46:10","guid":{"rendered":"https:\/\/green-grasshopper-921422.hostingersite.com\/?post_type=product&#038;p=13317"},"modified":"2025-12-15T21:31:08","modified_gmt":"2025-12-15T13:31:08","slug":"sfog-gazzbar-triple-60k-puffs-vape","status":"publish","type":"product","link":"https:\/\/agoravape.com\/es\/product\/sfog-gazzbar-triple-60k-puffs-vape\/","title":{"rendered":"SFOG Gazzbar Triple 60K Puffs 3-in-1 Disposable Vape | Triple Flavours, Simple Charging"},"content":{"rendered":"<h2 data-v-md-heading=\"what-is-the-charm-of-sfog-gazzbar-triple-60k-disposable-vape\" data-v-md-line=\"3\">What is the charm of SFOG Gazzbar Triple 60K disposable vape?<\/h2>\n<p data-v-md-line=\"4\">If you want a durable and fresh disposable vape, this product is your ideal choice. Gazzbar Triple combines three flavors in one, allowing you to switch anytime during the day without carrying multiple vapes. This vape is easy to operate and requires no effort, designed to allow you to enjoy the fun brought by vapes from morning till night.<\/p>\n<p data-v-md-line=\"6\">You may think that owning so many vapes would be complicated, but the fact is not so. The screen displays the battery level and e-liquid level, and can be charged using the Type-C interface. Simply lift and rotate to switch flavors. No menu required, easy to get started.<\/p>\n<h2 data-v-md-heading=\"excellent-performance-and-easy-operation\" data-v-md-line=\"8\">Excelente rendimiento y f\u00e1cil operaci\u00f3n.<\/h2>\n<p data-v-md-line=\"9\">The mesh coil is located at its core, helping to maintain consistent taste. You won\u2019t encounter the low point where you feel great after just a few bites and then completely lose interest. When the battery is low, you can directly plug in the Type-C data cable commonly used on your phone. It\u2019s simple.<\/p>\n<h2 data-v-md-heading=\"specification-overview\" data-v-md-line=\"11\">Specification Overview<\/h2>\n<p data-v-md-line=\"12\"><strong>N\u00famero de succiones<\/strong>:hasta 60000 succiones<br \/>\n<strong>Contenido de nicotina<\/strong>: 2% (20mg\/mL), specific supply may vary depending on the market<br \/>\n<strong>Principio de funcionamiento<\/strong>: Simply inhale to use<br \/>\n<strong>Cargando<\/strong>: Interfaz USB tipo C est\u00e1ndar<br \/>\n<strong>Estado<\/strong>Listo para usar al desempaquetarlo<br \/>\n<strong>capacidad de e-l\u00edquido<\/strong>: A total of 60 milliliters<br \/>\n<strong>Bater\u00eda<\/strong>:Bater\u00eda recargable de 650 mAh<br \/>\n<strong>n\u00facleo atomizador<\/strong>: 1.0 \u03a9\u00d7 3 mesh holes<br \/>\n<strong>Pantalla de visualizaci\u00f3n<\/strong>: LED battery and e-liquid indicator light<br \/>\n<strong>3-in-1 function<\/strong>: Lift and rotate to switch between three flavors<\/p>\n<h2 data-v-md-heading=\"complete-flavor-lineup\" data-v-md-line=\"23\">L\u00ednea completa de sabores<\/h2>\n<ul data-v-md-line=\"24\">\n<li>Watermelon ice, Red Bull, Strawberry kiwi<\/li>\n<li>Lemon, lime, strawberry, watermelon, blue ice cream<\/li>\n<li>Strawberry banana, raspberry, watermelon, lemon lime<\/li>\n<li>Strawberry kiwi with sour mango pineapple with Red Bull<\/li>\n<li>Tropical fruits paired with strawberries, watermelons, and lemon peaches<\/li>\n<li>Pineapple coconut with strawberry, banana with blueberry juice<\/li>\n<li>Strawberry and raspberry paired with triple sweet melon and sour mango and pineapple<\/li>\n<li>Raspberry watermelon with mango peach with strawberry kiwi<\/li>\n<li>Strawberry Vanilla Cola with Blueberries Raspberry with Lemon Lime<\/li>\n<li>Watermelon ice with strawberry ice cream and triple sweet melon<\/li>\n<\/ul>\n<h2 data-v-md-heading=\"for-you-and-your-business\" data-v-md-line=\"35\">For you and your business<\/h2>\n<p data-v-md-line=\"36\">You can pick up the goods separately for personal use. If you run a store, we can help you stock up in bulk through UPS, DPD, and DHL using DDP shipping with tax payment, to avoid unexpected customs fees when you enter the door. The number of packaging boxes may vary by batch and market. Please consult our current carton size and wholesale price.<\/p>\n<p data-v-md-line=\"38\">Aviso para compradores europeos. La capacidad nominal es de 60 mililitros, con un contenido de nicotina del 2%, lo cual no cumple con las restricciones de la TPD\/TRRP de la UE para vapeadores desechables con nicotina. Estos vapeadores desechables tienen un l\u00edmite de capacidad de 2 mililitros y un contenido de nicotina de 20 miligramos por mililitro. La disponibilidad de las versiones con nicotina puede variar seg\u00fan el pa\u00eds\/regi\u00f3n. Si necesita productos de vapeo que cumplan con los est\u00e1ndares de la TPD, cont\u00e1ctenos y le recomendaremos productos alternativos que cumplan con los est\u00e1ndares.<\/p>\n<h2 data-v-md-heading=\"why-do-you-like-it\" data-v-md-line=\"40\">Why do you like it<\/h2>\n<p data-v-md-line=\"41\"><strong>Ciclos de succi\u00f3n m\u00faltiples:<\/strong>\u00a0Mayor duraci\u00f3n de la bater\u00eda, sin necesidad de reemplazarla cada pocos d\u00edas.<br \/>\n<strong>Tres sabores:<\/strong>\u00a0Cambia de sabor en cualquier momento sin necesidad de llevar dispositivos adicionales.<br \/>\n<strong>Bater\u00eda recargable:<\/strong>\u00a0Podr\u00e1s utilizar el e-l\u00edquido adquirido sin tener que tirar el dispositivo medio usado.<br \/>\n<strong>Bobina de malla:<\/strong>\u00a0Always maintain consistent taste.<br \/>\n<strong>Indicador de pantalla:<\/strong>\u00a0Puede ver f\u00e1cilmente los niveles restantes de bater\u00eda y de e-l\u00edquido de un vistazo.<\/p>\n<h2 data-v-md-heading=\"why-collaborate-with-agoravape\" data-v-md-line=\"47\">Why collaborate with AgoraVape?<\/h2>\n<p data-v-md-line=\"48\">Solo vendemos productos originales con especificaciones transparentes. Si tiene una empresa, le ofrecemos precios al por mayor altamente competitivos, soporte de respuesta r\u00e1pida y servicios de entrega DDP r\u00e1pidos y fiables en toda Europa. Cont\u00e1ctenos para pedir el vaporizador desechable 3 en 1 SFOG Gazzbar Triple 60K Puffs o cons\u00faltenos sobre alternativas compatibles con TPD que se adapten a su mercado.<\/p>","protected":false},"excerpt":{"rendered":"<p>&nbsp;<\/p>\n<p><script src=\"chrome-extension:\/\/fpelahbljekknahkcaegamhcndkfpfnc\/iFrame.js\" type=\"text\/javascript\"><\/script><\/p>\n<p><script src=\"chrome-extension:\/\/fpelahbljekknahkcaegamhcndkfpfnc\/iFrame.js\" type=\"text\/javascript\"><\/script><\/p>\n<p><script src=\"chrome-extension:\/\/fpelahbljekknahkcaegamhcndkfpfnc\/iFrame.js\" type=\"text\/javascript\"><\/script><\/p>\n<p><script src=\"chrome-extension:\/\/fpelahbljekknahkcaegamhcndkfpfnc\/iFrame.js\" type=\"text\/javascript\"><\/script><\/p>","protected":false},"featured_media":13338,"comment_status":"open","ping_status":"closed","template":"","meta":[],"product_brand":[208],"product_cat":[124,185,189,176,195,174,175,193,191,135,173,186,180,190],"product_tag":[],"class_list":{"0":"post-13317","1":"product","2":"type-product","3":"status-publish","4":"has-post-thumbnail","6":"product_brand-sfog","7":"product_cat-vape-by-brand","8":"product_cat-10000-puffs-high-capacity","9":"product_cat-20mg-standard-nicotine-vapes","10":"product_cat-beverage","11":"product_cat-dual-flavor-switch","12":"product_cat-fruit-flavors","13":"product_cat-icy-mint","14":"product_cat-mesh-coil","15":"product_cat-rechargeable-disposables","16":"product_cat-sfog","17":"product_cat-vape-by-flavor-profile","18":"product_cat-vape-by-nicotine-strength","19":"product_cat-vape-by-puff-count","20":"product_cat-vape-by-feature-or-type","22":"first","23":"instock","24":"shipping-taxable","25":"purchasable","26":"product-type-variable","27":"has-default-attributes"},"tiered_pricing_type":"percentage","tiered_pricing_fixed_rules":[],"tiered_pricing_product_settings":{"layout":"default","base_unit_name":{"singular":null,"plural":null},"default_variation":null},"tiered_pricing_minimum_quantity":10,"tiered_pricing_roles_data":[],"tiered_pricing_percentage_rules":{"30":"29","50":"35","100":"40","200":"44","500":"47","1000":"49"},"tiered_pricing_maximum_quantity":null,"tiered_pricing_quantity_step":"10","_links":{"self":[{"href":"https:\/\/agoravape.com\/es\/wp-json\/wp\/v2\/product\/13317","targetHints":{"allow":["GET"]}}],"collection":[{"href":"https:\/\/agoravape.com\/es\/wp-json\/wp\/v2\/product"}],"about":[{"href":"https:\/\/agoravape.com\/es\/wp-json\/wp\/v2\/types\/product"}],"replies":[{"embeddable":true,"href":"https:\/\/agoravape.com\/es\/wp-json\/wp\/v2\/comments?post=13317"}],"version-history":[{"count":0,"href":"https:\/\/agoravape.com\/es\/wp-json\/wp\/v2\/product\/13317\/revisions"}],"wp:featuredmedia":[{"embeddable":true,"href":"https:\/\/agoravape.com\/es\/wp-json\/wp\/v2\/media\/13338"}],"wp:attachment":[{"href":"https:\/\/agoravape.com\/es\/wp-json\/wp\/v2\/media?parent=13317"}],"wp:term":[{"taxonomy":"product_brand","embeddable":true,"href":"https:\/\/agoravape.com\/es\/wp-json\/wp\/v2\/product_brand?post=13317"},{"taxonomy":"product_cat","embeddable":true,"href":"https:\/\/agoravape.com\/es\/wp-json\/wp\/v2\/product_cat?post=13317"},{"taxonomy":"product_tag","embeddable":true,"href":"https:\/\/agoravape.com\/es\/wp-json\/wp\/v2\/product_tag?post=13317"}],"curies":[{"name":"wp","href":"https:\/\/api.w.org\/{rel}","templated":true}]}}