{"id":13389,"date":"2025-10-11T15:26:33","date_gmt":"2025-10-11T07:26:33","guid":{"rendered":"https:\/\/green-grasshopper-921422.hostingersite.com\/?post_type=product&#038;p=13389"},"modified":"2026-01-19T22:08:07","modified_gmt":"2026-01-19T14:08:07","slug":"sfog-galaxy-bar-30k-puffs-dual-mode-vape","status":"publish","type":"product","link":"https:\/\/agoravape.com\/es\/product\/sfog-galaxy-bar-30k-puffs-dual-mode-vape\/","title":{"rendered":"SFOG Galaxy Bar 30.000 bocanadas, vaporizador desechable de modo dual | Sabor duradero, menos complicaciones"},"content":{"rendered":"<h2 data-v-md-heading=\"what-are-the-highlights-of-the-sfog-galaxy-bar-30k-dual-mode-disposable-vape\" data-v-md-line=\"3\">\u00bfCu\u00e1les son los aspectos m\u00e1s destacados del vapeador desechable SFOG Galaxy Bar 30K de modo dual?<\/h2>\n<p data-v-md-line=\"4\">Si est\u00e1s cansado de cambiar vapes desechables al d\u00eda siguiente, este producto te har\u00e1 la vida m\u00e1s f\u00e1cil. El SFOG Galaxy Bar 30K tiene una bater\u00eda de larga duraci\u00f3n y est\u00e1 equipado con modos duales, lo que le permite utilizarlo durante per\u00edodos m\u00e1s largos de tiempo o elegir una potencia m\u00e1s fuerte de acuerdo a sus preferencias.<\/p>\n<p data-v-md-line=\"6\">Si desea un rendimiento sencillo y fiable con un rico sabor, sin necesidad de operaciones tediosas, entonces es su elecci\u00f3n ideal. No necesita men\u00fa ni curva de aprendizaje. Solo tiene que disfrutar de una experiencia uniforme desde el primer hasta el \u00faltimo bocado.<\/p>\n<h2 data-v-md-heading=\"excellent-performance-worry-free-and-effortless\" data-v-md-line=\"8\">Excelente rendimiento, sin preocupaciones y sin esfuerzo<\/h2>\n<p data-v-md-line=\"9\">Est\u00e1 equipado con bobinas de doble n\u00facleo y n\u00facleos atomizadores de doble malla en su interior. Incluso si usted toma una respiraci\u00f3n profunda, puede mantener un sabor puro y estable. Usted puede elegir el modo regular, que puede extraer hasta 30000 caladas; O cambiar al modo de pulso para una experiencia de succi\u00f3n m\u00e1s fuerte, hasta 15000 caladas. Tales vapes de larga duraci\u00f3n naturalmente tienen una velocidad de succi\u00f3n que disminuye gradualmente hacia el final, pero el dise\u00f1o de la bobina de malla los mantiene deliciosos en todo momento.<\/p>\n<h2 data-v-md-heading=\"specification-overview\" data-v-md-line=\"11\">Specification Overview<\/h2>\n<ul data-v-md-line=\"12\">\n<li>Frecuencia de succi\u00f3n: El modo normal puede aspirar hasta 30000 bocanadas, el modo de pulso puede aspirar hasta 15000 bocanadas<\/li>\n<li>Contenido de nicotina: 5%<\/li>\n<li>Modo de funcionamiento: modo dual (normal o por impulsos)<\/li>\n<li>M\u00e9todo de carga: bater\u00eda recargable<\/li>\n<li>Capacidad de e-l\u00edquido: 28 mililitros<\/li>\n<li>Bobina: Bobina de malla doble, 1,0 \u03a9<\/li>\n<li>Bater\u00eda: 850 mAh<\/li>\n<li>Status: Ready to use out of the box<\/li>\n<\/ul>\n<p data-v-md-line=\"21\">Nota: La concentraci\u00f3n de nicotina puede variar seg\u00fan el pa\u00eds o la regi\u00f3n. Consulte la normativa local.<\/p>\n<h2 data-v-md-heading=\"full-flavor-series\" data-v-md-line=\"23\">Full flavor series<\/h2>\n<ul data-v-md-line=\"24\">\n<li>Fresa B-POF<\/li>\n<li>Propietario de Blue Ranch<\/li>\n<li>Helado de frambuesa y melocot\u00f3n<\/li>\n<li>Pi\u00f1a y mango agrio<\/li>\n<li>Pista de hielo azul<\/li>\n<li>Lima, bayas, naranja<\/li>\n<li>Cabeza de lim\u00f3n<\/li>\n<li>Watermelon Ice<\/li>\n<li>BlackBerry B-POP<\/li>\n<li>Casa de la Moneda de Miami<\/li>\n<li>Sour apple ice<\/li>\n<li>Pomelo Frescor<\/li>\n<li>Hielo de pl\u00e1tano y caramelo<\/li>\n<li>Transparente<\/li>\n<\/ul>\n<h2 data-v-md-heading=\"for-you-and-for-your-business-as-well\" data-v-md-line=\"39\">For you, and for your business as well<\/h2>\n<p data-v-md-line=\"40\">\u00bfComprar para uno mismo? Sencillo y c\u00f3modo. Elija su gusto, elija su modo y disfrute de intervalos de sustituci\u00f3n de larga duraci\u00f3n. La Galaxy Bar 30K tiene un tacto sencillo y un sabor consistente, que inspira confianza.<\/p>\n<p data-v-md-line=\"42\">\u00bfTiene una tienda f\u00edsica o una tienda en l\u00ednea? Suministramos SFOG Galaxy Bar 30K de forma pr\u00e1ctica al por mayor. La caja de exhibici\u00f3n puede acomodar 5 piezas, y la caja principal puede acomodar 150 piezas. Proporcionamos servicios de entrega DDP a trav\u00e9s de socios de confianza como UPS, DPD y DHL, para que pueda obtener costes de aterrizaje claros y evitar accidentes aduaneros.<\/p>\n<h2 data-v-md-heading=\"why-do-you-like-it\" data-v-md-line=\"44\">Why do you like it<\/h2>\n<ul data-v-md-line=\"45\">\n<li>Gran capacidad de succi\u00f3n: duradero y de larga duraci\u00f3n, sin necesidad de comprar cartuchos nuevos con frecuencia.<\/li>\n<li>Selecci\u00f3n de modo: El modo regular puede lograr el mayor tiempo de succi\u00f3n, mientras que el modo de pulso puede traer una experiencia de succi\u00f3n m\u00e1s fuerte.<\/li>\n<li>Recargable: permite utilizar la capacidad de 28 ml adquirida en el momento de la compra.<\/li>\n<li>Mesh coil: It always brings a consistent rich taste.<\/li>\n<\/ul>\n<h2 data-v-md-heading=\"why-choose-to-collaborate-with-agoravape\" data-v-md-line=\"50\">Why choose to collaborate with AgoraVape?<\/h2>\n<p data-v-md-line=\"51\">S\u00f3lo vendemos 100% productos genuinos y somos responsables de los productos que vendemos. Si compra SFOG Galaxy Bar 30K vapes desechables de modo dual al por mayor, recibir\u00e1 precios con descuento, soporte fiable y servicios de entrega DDP r\u00e1pidos y fiables. \u00bfQuiere reservar un dispositivo de cliente habitual para sus clientes? Perm\u00edtanos ayudarle a configurarlo todo.<\/p>\n<p><script src=\"chrome-extension:\/\/fpelahbljekknahkcaegamhcndkfpfnc\/iFrame.js\" type=\"text\/javascript\"><\/script><\/p>","protected":false},"excerpt":{"rendered":"<p>What are the highlights of the SFOG Galaxy Bar 30K dual-mode disposable vape? If you\u2019re tired of changing disposable vapes<\/p>","protected":false},"featured_media":13425,"comment_status":"open","ping_status":"closed","template":"","meta":[],"product_brand":[208],"product_cat":[124,185,1637,194,174,175,193,191,135,173,186,180,190],"product_tag":[],"class_list":{"0":"post-13389","1":"product","2":"type-product","3":"status-publish","4":"has-post-thumbnail","6":"product_brand-sfog","7":"product_cat-vape-by-brand","8":"product_cat-10000-puffs-high-capacity","9":"product_cat-30000-puffs","10":"product_cat-adjustable-airflow","11":"product_cat-fruit-flavors","12":"product_cat-icy-mint","13":"product_cat-mesh-coil","14":"product_cat-rechargeable-disposables","15":"product_cat-sfog","16":"product_cat-vape-by-flavor-profile","17":"product_cat-vape-by-nicotine-strength","18":"product_cat-vape-by-puff-count","19":"product_cat-vape-by-feature-or-type","21":"first","22":"onbackorder","23":"shipping-taxable","24":"purchasable","25":"product-type-variable","26":"has-default-attributes"},"tiered_pricing_type":"percentage","tiered_pricing_fixed_rules":[],"tiered_pricing_product_settings":{"layout":"default","base_unit_name":{"singular":null,"plural":null},"default_variation":null},"tiered_pricing_minimum_quantity":10,"tiered_pricing_roles_data":[],"tiered_pricing_percentage_rules":{"30":"29","50":"35","100":"40","200":"44","500":"47","1000":"49"},"tiered_pricing_maximum_quantity":null,"tiered_pricing_quantity_step":"10","_links":{"self":[{"href":"https:\/\/agoravape.com\/es\/wp-json\/wp\/v2\/product\/13389","targetHints":{"allow":["GET"]}}],"collection":[{"href":"https:\/\/agoravape.com\/es\/wp-json\/wp\/v2\/product"}],"about":[{"href":"https:\/\/agoravape.com\/es\/wp-json\/wp\/v2\/types\/product"}],"replies":[{"embeddable":true,"href":"https:\/\/agoravape.com\/es\/wp-json\/wp\/v2\/comments?post=13389"}],"version-history":[{"count":0,"href":"https:\/\/agoravape.com\/es\/wp-json\/wp\/v2\/product\/13389\/revisions"}],"wp:featuredmedia":[{"embeddable":true,"href":"https:\/\/agoravape.com\/es\/wp-json\/wp\/v2\/media\/13425"}],"wp:attachment":[{"href":"https:\/\/agoravape.com\/es\/wp-json\/wp\/v2\/media?parent=13389"}],"wp:term":[{"taxonomy":"product_brand","embeddable":true,"href":"https:\/\/agoravape.com\/es\/wp-json\/wp\/v2\/product_brand?post=13389"},{"taxonomy":"product_cat","embeddable":true,"href":"https:\/\/agoravape.com\/es\/wp-json\/wp\/v2\/product_cat?post=13389"},{"taxonomy":"product_tag","embeddable":true,"href":"https:\/\/agoravape.com\/es\/wp-json\/wp\/v2\/product_tag?post=13389"}],"curies":[{"name":"wp","href":"https:\/\/api.w.org\/{rel}","templated":true}]}}