{"id":13445,"date":"2025-10-11T15:43:42","date_gmt":"2025-10-11T07:43:42","guid":{"rendered":"https:\/\/green-grasshopper-921422.hostingersite.com\/?post_type=product&#038;p=13445"},"modified":"2026-01-19T22:08:00","modified_gmt":"2026-01-19T14:08:00","slug":"sfog-face-bar-18000-caladas-shisha-vape","status":"publish","type":"product","link":"https:\/\/agoravape.com\/es\/product\/sfog-face-bar-18000-puffs-shisha-vape\/","title":{"rendered":"SFOG Face Bar 18000 caladas, estilo shisha, vaporizador DTL | Nubes grandes, f\u00e1cil de usar"},"content":{"rendered":"<h2 data-v-md-heading=\"what-exactly-is-the-sfog-face-bar-18000-mouth-hookah-style-dtl-vape\" data-v-md-line=\"3\">\u00bfQu\u00e9 es exactamente el vaporizador DTL estilo hookah con boca SFOG Face Bar 18000?<\/h2>\n<p data-v-md-line=\"4\">Si est\u00e1s cansado de cambiar tu e-l\u00edquido desechable cada pocos d\u00edas, este producto te facilitar\u00e1 mucho la semana. El SFOG Face Bar cuenta con un dise\u00f1o de succi\u00f3n pulmonar estilo cachimba, con una capacidad m\u00e1xima de 18\u00a0000 caladas. La inhalaci\u00f3n es suave y abierta, y se siente m\u00e1s parecida a una cachimba que a una boquilla ajustada.<\/p>\n<p data-v-md-line=\"6\">Si buscas un vaporizador duradero, con un sabor estable y que no requiera un uso excesivo, este producto es la opci\u00f3n ideal. La resistencia de malla mantiene un sabor equilibrado. La capacidad de 25 ml de e-l\u00edquido y la bater\u00eda de 800 mAh te permiten afrontar f\u00e1cilmente un d\u00eda ajetreado sin necesidad de cambiar las bater\u00edas de repuesto con frecuencia.<\/p>\n<h2 data-v-md-heading=\"excellent-performance-and-easy-operation\" data-v-md-line=\"8\">Excelente rendimiento y f\u00e1cil operaci\u00f3n.<\/h2>\n<p data-v-md-line=\"9\">El n\u00facleo del Face Bar incorpora una bobina de malla, lo que garantiza que cada succi\u00f3n sea tan suave como la primera vez. No se quema ni se corta la luz repentinamente. Cuando la bater\u00eda est\u00e9 baja, simplemente c\u00e1rguelo por USB. Use el mismo cable de datos que el tel\u00e9fono. Simple y pr\u00e1ctico.<\/p>\n<h2 data-v-md-heading=\"specification-introduction\" data-v-md-line=\"11\">Specification Introduction<\/h2>\n<ul data-v-md-line=\"12\">\n<li>Frecuencia de succi\u00f3n: hasta 18000 veces<\/li>\n<li>Nicotina: 0,5% de sal de nicotina<\/li>\n<li>Working principle: Activated by inhalation<\/li>\n<li>M\u00e9todo de carga: carga USB<\/li>\n<li>E-liquid capacity: 25 milliliters<\/li>\n<li>Bobina: Bobina de malla, 0,6 \u03a9<\/li>\n<li>Bater\u00eda: 800 mAh<\/li>\n<li>Status: Ready to use upon unboxing<\/li>\n<\/ul>\n<h2 data-v-md-heading=\"full-range-of-flavors\" data-v-md-line=\"21\">Gama completa de sabores<\/h2>\n<ul data-v-md-line=\"22\">\n<li>Doble sabor a manzana<\/li>\n<li>chicle de menta<\/li>\n<li>Sabor fresco y refrescante.<\/li>\n<li>Sabor a helado de bayas<\/li>\n<li>Sabor a menta<\/li>\n<li>Diversi\u00f3n con sart\u00e9n de fresa<\/li>\n<li>Blueberry Gum<\/li>\n<li>Agua de lim\u00f3n y frambuesa azul<\/li>\n<li>Sabor a uva y menta<\/li>\n<\/ul>\n<h2 data-v-md-heading=\"for-you-for-your-business\" data-v-md-line=\"32\">For you, for your business<\/h2>\n<p data-v-md-line=\"33\">Puede comprar una unidad para uso personal o almacenarla en su tienda. Caja de exhibici\u00f3n para minoristas, 10 unidades por caja. La caja de cart\u00f3n est\u00e1ndar tiene capacidad para 200 unidades, lo que facilita su traslado. El tama\u00f1o de la caja es de 182 \u00d7 76 \u00d7 136 mil\u00edmetros. El tama\u00f1o de la caja exterior es de 395 \u00d7 380 \u00d7 292 mil\u00edmetros y pesa aproximadamente 21 kilogramos.<\/p>\n<p data-v-md-line=\"35\">Realizamos env\u00edos a toda Europa a trav\u00e9s de socios de confianza como UPS, DPD y DHL con entrega con derechos pagados (DDP), lo que garantiza que no haya imprevistos en la aduana. Disfruta de una entrega trazable y puntualidad garantizada.<\/p>\n<h2 data-v-md-heading=\"why-do-you-like-it\" data-v-md-line=\"37\">Why do you like it<\/h2>\n<ul data-v-md-line=\"38\">\n<li>Mayor tiempo de succi\u00f3n: mayor tiempo de succi\u00f3n, por lo que no es necesario comprar nuevos con frecuencia.<\/li>\n<li>Selecci\u00f3n de nicotina: la sal de nicotina al 0,5% aporta un sabor m\u00e1s ligero, adecuado para una experiencia DTL relajada.<\/li>\n<li>Recargable: Puedes utilizar todo el e-l\u00edquido que compres.<\/li>\n<li>Bobina de malla: desde el primer bocado hasta el \u00faltimo, el sabor se mantiene constante.<\/li>\n<\/ul>\n<h2 data-v-md-heading=\"why-choose-to-collaborate-with-agoravape\" data-v-md-line=\"43\">Why choose to collaborate with AgoraVape?<\/h2>\n<p data-v-md-line=\"44\">Solo vendemos productos 100% genuinos, para que pueda obtener una aut\u00e9ntica barra facial SFOG con un rendimiento que cumpla con sus expectativas. Nuestros clientes B2B disfrutan de precios al por mayor con descuento, un soporte conveniente y servicios r\u00e1pidos de entrega DDP. Cumplimos con las regulaciones de la UE sobre verificaci\u00f3n de edad y conformidad de productos. Una concentraci\u00f3n de nicotina del 0,5 % cumple con el l\u00edmite de TPD2. Utilizamos una pasarela de pago segura y mantenemos la transparencia de precios, para que no tenga que preocuparse por las comisiones. \u00bfDesea reservar un cigarrillo de agua desechable DTL que sus clientes disfrutar\u00e1n como clientes habituales? No dude en consultarnos.<\/p>","protected":false},"excerpt":{"rendered":"<p>What exactly is the SFOG Face Bar 18000 mouth hookah style DTL vape? If you\u2019re tired of changing disposable e-liquid<\/p>","protected":false},"featured_media":13468,"comment_status":"open","ping_status":"closed","template":"","meta":[],"product_brand":[208],"product_cat":[124,185,174,175,193,191,135,173,186,180,190],"product_tag":[],"class_list":{"0":"post-13445","1":"product","2":"type-product","3":"status-publish","4":"has-post-thumbnail","6":"product_brand-sfog","7":"product_cat-vape-by-brand","8":"product_cat-10000-puffs-high-capacity","9":"product_cat-fruit-flavors","10":"product_cat-icy-mint","11":"product_cat-mesh-coil","12":"product_cat-rechargeable-disposables","13":"product_cat-sfog","14":"product_cat-vape-by-flavor-profile","15":"product_cat-vape-by-nicotine-strength","16":"product_cat-vape-by-puff-count","17":"product_cat-vape-by-feature-or-type","19":"first","20":"onbackorder","21":"shipping-taxable","22":"purchasable","23":"product-type-variable","24":"has-default-attributes"},"tiered_pricing_type":"percentage","tiered_pricing_fixed_rules":[],"tiered_pricing_product_settings":{"layout":"default","base_unit_name":{"singular":null,"plural":null},"default_variation":null},"tiered_pricing_minimum_quantity":10,"tiered_pricing_roles_data":[],"tiered_pricing_percentage_rules":{"30":"29","50":"35","100":"40","200":"44","500":"47","1000":"49"},"tiered_pricing_maximum_quantity":null,"tiered_pricing_quantity_step":"10","_links":{"self":[{"href":"https:\/\/agoravape.com\/es\/wp-json\/wp\/v2\/product\/13445","targetHints":{"allow":["GET"]}}],"collection":[{"href":"https:\/\/agoravape.com\/es\/wp-json\/wp\/v2\/product"}],"about":[{"href":"https:\/\/agoravape.com\/es\/wp-json\/wp\/v2\/types\/product"}],"replies":[{"embeddable":true,"href":"https:\/\/agoravape.com\/es\/wp-json\/wp\/v2\/comments?post=13445"}],"version-history":[{"count":0,"href":"https:\/\/agoravape.com\/es\/wp-json\/wp\/v2\/product\/13445\/revisions"}],"wp:featuredmedia":[{"embeddable":true,"href":"https:\/\/agoravape.com\/es\/wp-json\/wp\/v2\/media\/13468"}],"wp:attachment":[{"href":"https:\/\/agoravape.com\/es\/wp-json\/wp\/v2\/media?parent=13445"}],"wp:term":[{"taxonomy":"product_brand","embeddable":true,"href":"https:\/\/agoravape.com\/es\/wp-json\/wp\/v2\/product_brand?post=13445"},{"taxonomy":"product_cat","embeddable":true,"href":"https:\/\/agoravape.com\/es\/wp-json\/wp\/v2\/product_cat?post=13445"},{"taxonomy":"product_tag","embeddable":true,"href":"https:\/\/agoravape.com\/es\/wp-json\/wp\/v2\/product_tag?post=13445"}],"curies":[{"name":"wp","href":"https:\/\/api.w.org\/{rel}","templated":true}]}}