{"id":13481,"date":"2025-10-11T16:02:13","date_gmt":"2025-10-11T08:02:13","guid":{"rendered":"https:\/\/green-grasshopper-921422.hostingersite.com\/?post_type=product&#038;p=13481"},"modified":"2026-01-19T22:07:55","modified_gmt":"2026-01-19T14:07:55","slug":"sfog-s89-15000-bocanadas-vape","status":"publish","type":"product","link":"https:\/\/agoravape.com\/es\/product\/sfog-s89-15000-puffs-vape\/","title":{"rendered":"SFOG S89 - Vape desechable con resistencia de malla de 15\u00a0000 caladas | Sabor duradero sin complicaciones"},"content":{"rendered":"<h2 data-v-md-heading=\"what-are-the-advantages-of-sfog-s89-15000-port-mesh-coil-disposable-vapes\" data-v-md-line=\"3\">\u00bfCu\u00e1les son las ventajas de los vaporizadores desechables de bobina de malla de 15000 puertos SFOG S89?<\/h2>\n<p data-v-md-line=\"4\">Si est\u00e1s cansado de los vapes desechables que usas entre semana, te recomendamos este producto. El SFOG S89 tiene una capacidad de 25 mililitros y ofrece hasta 15\u00a0000 bocanadas. Utiliza una resistencia de malla de 1,0 \u03a9, por lo que el sabor se mantiene puro y consistente desde el primer bocado hasta el \u00faltimo.<\/p>\n<p data-v-md-line=\"6\">Si buscas un vaporizador fiable, duradero y sin complicaciones, este producto es la opci\u00f3n ideal. Elige tu sabor preferido. Abre la caja. \u00a1Disfr\u00fatalo al m\u00e1ximo! Quiz\u00e1s pienses que este tipo de dispositivo con bater\u00eda de larga duraci\u00f3n es voluminoso, pero la bater\u00eda recargable de 600 mAh te permite llevarlo f\u00e1cilmente en el bolsillo.<\/p>\n<h2 data-v-md-heading=\"excellent-performance-convenient-operation\" data-v-md-line=\"8\">Excelente rendimiento, operaci\u00f3n conveniente.<\/h2>\n<p data-v-md-line=\"9\">La resistencia de malla calienta el e-l\u00edquido de manera uniforme, permiti\u00e9ndote disfrutar de un sabor intenso y una succi\u00f3n suave en todo momento. No requiere precalentamiento y no se desprende aceite. Cuando la bater\u00eda est\u00e9 baja, simplemente c\u00e1rgalo para seguir us\u00e1ndolo, maximizando su capacidad de 25 mililitros.<\/p>\n<h2 data-v-md-heading=\"specification-introduction\" data-v-md-line=\"11\">Specification Introduction<\/h2>\n<ul data-v-md-line=\"12\">\n<li>Suction frequency: up to 15000 times<\/li>\n<li>E-liquid capacity: 25 milliliters<\/li>\n<li>Nicotine: 5% nicotine salt<\/li>\n<li>Bobina: bobina de malla de 1,0 \u03a9<\/li>\n<li>Bater\u00eda: bater\u00eda recargable de 600 mAh<\/li>\n<li>Principio de funcionamiento: Dise\u00f1o simple de una sola vez, sin necesidad de configuraci\u00f3n.<\/li>\n<li>Status: Ready to use upon unboxing<\/li>\n<li>Embalaje: 10 piezas por caja de presentaci\u00f3n. 200 piezas por caja.<\/li>\n<\/ul>\n<h2 data-v-md-heading=\"full-range-of-flavors\" data-v-md-line=\"21\">Gama completa de sabores<\/h2>\n<ul data-v-md-line=\"22\">\n<li>Strawberry Ice<\/li>\n<li>Peach Ice<\/li>\n<li>Melocot\u00f3n y mango<\/li>\n<li>Mixed berries<\/li>\n<li>Agua de lim\u00f3n rosa<\/li>\n<li>Sand\u00eda fresa<\/li>\n<li>Watermelon Ice<\/li>\n<li>Grape Ice<\/li>\n<li>Cereza<\/li>\n<li>Blueberries and raspberries<\/li>\n<\/ul>\n<h2 data-v-md-heading=\"for-you-for-your-business\" data-v-md-line=\"33\">For you, for your business<\/h2>\n<p data-v-md-line=\"34\">Puedes comprar vaporizadores desechables SFOG S89 con resistencia de malla de 15000 para uso personal o para a\u00f1adir inventario a tu tienda. Ofrecemos cajas de exhibici\u00f3n en paquetes de 10 para asegurar una presentaci\u00f3n ordenada de los productos. Si necesitas comprar al por mayor, elige una caja grande de 200 unidades para un reabastecimiento eficiente.<\/p>\n<p data-v-md-line=\"36\">Brindamos servicios de entrega DDP despu\u00e9s del pago de impuestos a trav\u00e9s de socios confiables como UPS, DPD y DHL, lo que garantiza que su pedido no sufrir\u00e1 ning\u00fan accidente durante el despacho de aduana.<\/p>\n<h2 data-v-md-heading=\"why-do-you-like-it\" data-v-md-line=\"38\">Why do you like it<\/h2>\n<ul data-v-md-line=\"39\">\n<li>Capacidad ultra grande: hasta 15 000 puertos, lo que significa menos reemplazos y mayor rentabilidad<\/li>\n<li>Nicotina satisfactoria: 5% de sal de nicotina para un sabor fuerte<\/li>\n<li>Recargable: Puedes utilizar todos los e-l\u00edquidos adquiridos<\/li>\n<li>Bobina de malla: mantiene una textura consistente con cada succi\u00f3n<\/li>\n<\/ul>\n<h2 data-v-md-heading=\"why-choose-to-collaborate-with-agoravape\" data-v-md-line=\"44\">Why choose to collaborate with AgoraVape?<\/h2>\n<p data-v-md-line=\"45\">Solo ofrecemos productos 100 % genuinos, para que pueda comprar con tranquilidad. Para nuestros clientes comerciales, esto significa que los vaporizadores desechables SFOG S89 con resistencia de malla de 15\u00a0000 puertos ofrecen precios de mayoreo con descuento, soporte t\u00e9cnico confiable y entrega r\u00e1pida y confiable. Si desea comprar un dispositivo que nuestros clientes volver\u00e1n a usar, cont\u00e1ctenos.<\/p>\n<p><script src=\"chrome-extension:\/\/fpelahbljekknahkcaegamhcndkfpfnc\/iFrame.js\" type=\"text\/javascript\"><\/script><\/p>","protected":false},"excerpt":{"rendered":"<p>What are the advantages of SFOG S89 15000 port mesh coil disposable vapes? If you are tired of disposable vapes<\/p>","protected":false},"featured_media":13503,"comment_status":"open","ping_status":"closed","template":"","meta":[],"product_brand":[208],"product_cat":[124,185,1635,174,175,193,191,135,173,186,180,190],"product_tag":[],"class_list":{"0":"post-13481","1":"product","2":"type-product","3":"status-publish","4":"has-post-thumbnail","6":"product_brand-sfog","7":"product_cat-vape-by-brand","8":"product_cat-10000-puffs-high-capacity","9":"product_cat-15000-puffs","10":"product_cat-fruit-flavors","11":"product_cat-icy-mint","12":"product_cat-mesh-coil","13":"product_cat-rechargeable-disposables","14":"product_cat-sfog","15":"product_cat-vape-by-flavor-profile","16":"product_cat-vape-by-nicotine-strength","17":"product_cat-vape-by-puff-count","18":"product_cat-vape-by-feature-or-type","20":"first","21":"onbackorder","22":"shipping-taxable","23":"purchasable","24":"product-type-variable","25":"has-default-attributes"},"tiered_pricing_type":"percentage","tiered_pricing_fixed_rules":[],"tiered_pricing_product_settings":{"layout":"default","base_unit_name":{"singular":null,"plural":null},"default_variation":null},"tiered_pricing_minimum_quantity":10,"tiered_pricing_roles_data":[],"tiered_pricing_percentage_rules":{"30":"29","50":"35","100":"40","200":"44","500":"47","1000":"49"},"tiered_pricing_maximum_quantity":null,"tiered_pricing_quantity_step":"10","_links":{"self":[{"href":"https:\/\/agoravape.com\/es\/wp-json\/wp\/v2\/product\/13481","targetHints":{"allow":["GET"]}}],"collection":[{"href":"https:\/\/agoravape.com\/es\/wp-json\/wp\/v2\/product"}],"about":[{"href":"https:\/\/agoravape.com\/es\/wp-json\/wp\/v2\/types\/product"}],"replies":[{"embeddable":true,"href":"https:\/\/agoravape.com\/es\/wp-json\/wp\/v2\/comments?post=13481"}],"version-history":[{"count":0,"href":"https:\/\/agoravape.com\/es\/wp-json\/wp\/v2\/product\/13481\/revisions"}],"wp:featuredmedia":[{"embeddable":true,"href":"https:\/\/agoravape.com\/es\/wp-json\/wp\/v2\/media\/13503"}],"wp:attachment":[{"href":"https:\/\/agoravape.com\/es\/wp-json\/wp\/v2\/media?parent=13481"}],"wp:term":[{"taxonomy":"product_brand","embeddable":true,"href":"https:\/\/agoravape.com\/es\/wp-json\/wp\/v2\/product_brand?post=13481"},{"taxonomy":"product_cat","embeddable":true,"href":"https:\/\/agoravape.com\/es\/wp-json\/wp\/v2\/product_cat?post=13481"},{"taxonomy":"product_tag","embeddable":true,"href":"https:\/\/agoravape.com\/es\/wp-json\/wp\/v2\/product_tag?post=13481"}],"curies":[{"name":"wp","href":"https:\/\/api.w.org\/{rel}","templated":true}]}}